{"id":17183,"date":"2025-08-01T10:34:12","date_gmt":"2025-08-01T08:34:12","guid":{"rendered":"https:\/\/keluvo.com\/se\/product\/krok-med-sugkopp\/"},"modified":"2025-08-01T11:01:49","modified_gmt":"2025-08-01T09:01:49","slug":"krok-med-sugkopp","status":"publish","type":"product","link":"https:\/\/keluvo.com\/se\/product\/krok-med-sugkopp\/","title":{"rendered":"Krok med sugkopp"},"content":{"rendered":"<p style=\"text-align: center;\" data-start=\"0\" data-end=\"82\"><strong>\ud83c\udfd5\ufe0f F\u00e4st enkelt t\u00e4lt, markiser eller utrustning med dessa kraftfulla sugkoppskrokar!<\/strong><\/p>\n<p style=\"text-align: center;\" data-start=\"84\" data-end=\"400\">Dessa sugkoppskrokar \u00e4r perfekta f\u00f6r camping, bilresor eller vardagsbruk. De \u00e4r utformade f\u00f6r att f\u00e4sta ordentligt p\u00e5 alla sl\u00e4ta ytor och hj\u00e4lper dig att f\u00e4sta t\u00e4lt, presenningar eller utrustning utan att borra eller skada ditt fordon. De \u00e4r l\u00e4tta men \u00e4nd\u00e5 starka och passar utm\u00e4rkt f\u00f6r utomhusbruk eller till och med inomhus i k\u00f6ket eller badrummet.<\/p>\n<p data-start=\"84\" data-end=\"400\"><img decoding=\"async\" class=\"size-full wp-image-28730 aligncenter\" src=\"https:\/\/keluvo.com\/template\/wp-content\/uploads\/sites\/5\/2025\/07\/072116-ezgif.com-video-to-webp-converter.webp\" alt=\"\" \/><\/p>\n<h2 style=\"text-align: center;\" data-start=\"407\" data-end=\"429\">\ud83c\udf1f Huvudf\u00f6rdelar<\/h2>\n<p data-start=\"432\" data-end=\"489\">\ud83e\uddf2 Starkt Suggrepp &#8211; H\u00e5ller Stadigt Utan Tools<\/p>\n<p data-start=\"492\" data-end=\"545\">\ud83c\udfd5\ufe0f Perfekt F\u00f6r T\u00e4lt, Markiser, Presenningar Och Utrustning<\/p>\n<p data-start=\"548\" data-end=\"602\">\ud83d\udc36 Fungerar \u00c4ven Som Koppelankare F\u00f6r Husdjur Under Promenader<\/p>\n<p data-start=\"605\" data-end=\"660\">\ud83e\uddf0 L\u00e4tt Att Installera Och Ta Bort &#8211; Inga Ytskador<\/p>\n<p data-start=\"663\" data-end=\"717\">\ud83d\udcaa H\u00e5llbar ABS + Nylon &#8211; Byggd F\u00f6r L\u00e5ngvarig Anv\u00e4ndning<\/p>\n<p data-start=\"663\" data-end=\"717\"><img decoding=\"async\" class=\"size-full wp-image-28735 aligncenter\" src=\"https:\/\/keluvo.com\/template\/wp-content\/uploads\/sites\/5\/2025\/07\/09991123-dfbf-4f6d-8a2e-843006a2a91f.webp\" alt=\"\" \/><\/p>\n<h2 style=\"text-align: center;\" data-start=\"724\" data-end=\"743\">\ud83e\udded Hur Man Anv\u00e4nder<\/h2>\n<ol data-start=\"744\" data-end=\"1036\">\n<li data-start=\"744\" data-end=\"797\">\n<p data-start=\"747\" data-end=\"797\">Se till att ytan \u00e4r ren, torr och sl\u00e4t.<\/p>\n<\/li>\n<li data-start=\"798\" data-end=\"852\">\n<p data-start=\"801\" data-end=\"852\">Tryck sugkoppen stadigt mot ytan.<\/p>\n<\/li>\n<li data-start=\"853\" data-end=\"912\">\n<p data-start=\"856\" data-end=\"912\">Dra sp\u00e4nnet ned\u00e5t f\u00f6r att l\u00e5sa sugkoppen p\u00e5 plats.<\/p>\n<\/li>\n<li data-start=\"913\" data-end=\"969\">\n<p data-start=\"916\" data-end=\"969\">F\u00e4st ditt rep, din rem eller krok i nylon\u00f6glan.<\/p>\n<\/li>\n<li data-start=\"970\" data-end=\"1036\">\n<p data-start=\"973\" data-end=\"1036\">F\u00f6r att ta bort den, lyft sp\u00e4nnet och dra f\u00f6rsiktigt av sugkoppen.<\/p>\n<\/li>\n<\/ol>\n<h2 style=\"text-align: center;\" data-start=\"1043\" data-end=\"1067\">\ud83d\udccf Produktdetaljer<\/h2>\n<ul data-start=\"1068\" data-end=\"1287\">\n<li data-start=\"1068\" data-end=\"1107\">\n<p data-start=\"1070\" data-end=\"1107\">Material: ABS-Plast + Nylonrem<\/p>\n<\/li>\n<li data-start=\"1108\" data-end=\"1124\">\n<p data-start=\"1110\" data-end=\"1124\">F\u00e4rg: Svart<\/p>\n<\/li>\n<li data-start=\"1125\" data-end=\"1146\">\n<p data-start=\"1127\" data-end=\"1146\">Storlek: 15 x 6.5 cm<\/p>\n<\/li>\n<li data-start=\"1147\" data-end=\"1231\">\n<p data-start=\"1149\" data-end=\"1231\">Anv\u00e4ndning: L\u00e4mplig f\u00f6r bilar, t\u00e4lt, presenningar, solsegel, k\u00f6k, badrum och mycket mer<\/p>\n<\/li>\n<li data-start=\"1232\" data-end=\"1287\">\n<p data-start=\"1234\" data-end=\"1287\">Kompatibilitet: Fungerar b\u00e4st p\u00e5 sl\u00e4ta, rena ytor<\/p>\n<\/li>\n<\/ul>\n<h2 style=\"text-align: center;\" data-start=\"1294\" data-end=\"1319\">\ud83d\udce6 I Paketet Ing\u00e5r<\/h2>\n<ul data-start=\"1320\" data-end=\"1369\">\n<li data-start=\"1320\" data-end=\"1369\">\n<p data-start=\"1322\" data-end=\"1369\">2, 4x Sugkoppskrokar.<\/p>\n<\/li>\n<\/ul>\n","protected":false},"excerpt":{"rendered":"<p>\ud83c\udfd5\ufe0f F\u00e4st enkelt t\u00e4lt, markiser eller utrustning med dessa kraftfulla sugkoppskrokar! Dessa sugkoppskrokar \u00e4r perfekta f\u00f6r camping, bilresor eller vardagsbruk. [&hellip;]<\/p>\n","protected":false},"featured_media":17179,"comment_status":"open","ping_status":"closed","template":"","meta":{"site-sidebar-layout":"default","site-content-layout":"","ast-site-content-layout":"default","site-content-style":"default","site-sidebar-style":"default","ast-global-header-display":"","ast-banner-title-visibility":"","ast-main-header-display":"","ast-hfb-above-header-display":"","ast-hfb-below-header-display":"","ast-hfb-mobile-header-display":"","site-post-title":"","ast-breadcrumbs-content":"","ast-featured-img":"","footer-sml-layout":"","theme-transparent-header-meta":"default","adv-header-id-meta":"","stick-header-meta":"","header-above-stick-meta":"","header-main-stick-meta":"","header-below-stick-meta":"","astra-migrate-meta-layouts":"set","ast-page-background-enabled":"default","ast-page-background-meta":{"desktop":{"background-color":"var(--ast-global-color-4)","background-image":"","background-repeat":"repeat","background-position":"center center","background-size":"auto","background-attachment":"scroll","background-type":"","background-media":"","overlay-type":"","overlay-color":"","overlay-opacity":"","overlay-gradient":""},"tablet":{"background-color":"","background-image":"","background-repeat":"repeat","background-position":"center center","background-size":"auto","background-attachment":"scroll","background-type":"","background-media":"","overlay-type":"","overlay-color":"","overlay-opacity":"","overlay-gradient":""},"mobile":{"background-color":"","background-image":"","background-repeat":"repeat","background-position":"center center","background-size":"auto","background-attachment":"scroll","background-type":"","background-media":"","overlay-type":"","overlay-color":"","overlay-opacity":"","overlay-gradient":""}},"ast-content-background-meta":{"desktop":{"background-color":"var(--ast-global-color-5)","background-image":"","background-repeat":"repeat","background-position":"center center","background-size":"auto","background-attachment":"scroll","background-type":"","background-media":"","overlay-type":"","overlay-color":"","overlay-opacity":"","overlay-gradient":""},"tablet":{"background-color":"var(--ast-global-color-5)","background-image":"","background-repeat":"repeat","background-position":"center center","background-size":"auto","background-attachment":"scroll","background-type":"","background-media":"","overlay-type":"","overlay-color":"","overlay-opacity":"","overlay-gradient":""},"mobile":{"background-color":"var(--ast-global-color-5)","background-image":"","background-repeat":"repeat","background-position":"center center","background-size":"auto","background-attachment":"scroll","background-type":"","background-media":"","overlay-type":"","overlay-color":"","overlay-opacity":"","overlay-gradient":""}}},"product_brand":[],"product_cat":[15],"product_tag":[],"class_list":{"0":"post-17183","1":"product","2":"type-product","3":"status-publish","4":"has-post-thumbnail","6":"product_cat-uncategorized","7":"pa_32246_gfwzx1xb-2-st","8":"pa_32246_gfwzx1xb-4-st","9":"desktop-align-left","10":"tablet-align-left","11":"mobile-align-left","13":"first","14":"instock","15":"shipping-taxable","16":"purchasable","17":"product-type-variable"},"_links":{"self":[{"href":"https:\/\/keluvo.com\/se\/wp-json\/wp\/v2\/product\/17183","targetHints":{"allow":["GET"]}}],"collection":[{"href":"https:\/\/keluvo.com\/se\/wp-json\/wp\/v2\/product"}],"about":[{"href":"https:\/\/keluvo.com\/se\/wp-json\/wp\/v2\/types\/product"}],"replies":[{"embeddable":true,"href":"https:\/\/keluvo.com\/se\/wp-json\/wp\/v2\/comments?post=17183"}],"wp:featuredmedia":[{"embeddable":true,"href":"https:\/\/keluvo.com\/se\/wp-json\/wp\/v2\/media\/17179"}],"wp:attachment":[{"href":"https:\/\/keluvo.com\/se\/wp-json\/wp\/v2\/media?parent=17183"}],"wp:term":[{"taxonomy":"product_brand","embeddable":true,"href":"https:\/\/keluvo.com\/se\/wp-json\/wp\/v2\/product_brand?post=17183"},{"taxonomy":"product_cat","embeddable":true,"href":"https:\/\/keluvo.com\/se\/wp-json\/wp\/v2\/product_cat?post=17183"},{"taxonomy":"product_tag","embeddable":true,"href":"https:\/\/keluvo.com\/se\/wp-json\/wp\/v2\/product_tag?post=17183"}],"curies":[{"name":"wp","href":"https:\/\/api.w.org\/{rel}","templated":true}]}}