{"id":17132,"date":"2025-08-01T10:31:05","date_gmt":"2025-08-01T08:31:05","guid":{"rendered":"https:\/\/keluvo.com\/se\/product\/oppnare-for-burk\/"},"modified":"2025-08-01T10:31:09","modified_gmt":"2025-08-01T08:31:09","slug":"oppnare-for-burk","status":"publish","type":"product","link":"https:\/\/keluvo.com\/se\/product\/oppnare-for-burk\/","title":{"rendered":"\u00d6ppnare f\u00f6r burk"},"content":{"rendered":"<p style=\"text-align: center\" data-start=\"90\" data-end=\"135\"><strong>\ud83d\udcaa Vrid Upp Alla Burkar \u2014 Ingen Sm\u00e4rta, Ingen Kamp!<\/strong><\/p>\n<p style=\"text-align: center\" data-start=\"137\" data-end=\"306\">S\u00e4g adj\u00f6 till fastnade burklock! Den h\u00e4r justerbara burk\u00f6ppnaren g\u00f6r det enkelt att \u00f6ppna burkar, oavsett om du har svaga h\u00e4nder, artrit eller bara ett envist lock som inte vill r\u00f6ra sig.<\/p>\n<p data-start=\"137\" data-end=\"306\"><img decoding=\"async\" class=\"size-full wp-image-28675 aligncenter\" src=\"https:\/\/keluvo.com\/template\/wp-content\/uploads\/sites\/5\/2025\/07\/ezgif.com-crop_15_480x480.webp\" alt=\"\" \/><\/p>\n<h2 style=\"text-align: center\" data-start=\"308\" data-end=\"328\"><strong>\u2705 Huvudf\u00f6rdelar<\/strong><\/h2>\n<p data-start=\"331\" data-end=\"384\">\ud83d\udd27 Justerbar f\u00f6r att passa burklock fr\u00e5n 2,5 cm till 9.5 cm<\/p>\n<p data-start=\"387\" data-end=\"439\">\ud83e\uddf2 Starka t\u00e4nder i rostfritt st\u00e5l greppar locken s\u00e4kert<\/p>\n<p data-start=\"442\" data-end=\"488\">\ud83d\udca1 L\u00e4tt att anv\u00e4nda &#8211; bara kl\u00e4m fast, vrid och \u00f6ppna<\/p>\n<p data-start=\"491\" data-end=\"532\">\ud83e\uddfc Rostfria och h\u00e5llbara material<\/p>\n<p data-start=\"535\" data-end=\"586\">\ud83e\uddfa Kompakt och l\u00e4tt att f\u00f6rvara i en l\u00e5da eller shelf<\/p>\n<p data-start=\"535\" data-end=\"586\"><img decoding=\"async\" class=\"size-full wp-image-28676 aligncenter\" src=\"https:\/\/keluvo.com\/template\/wp-content\/uploads\/sites\/5\/2025\/07\/ezgif.com-crop_16_480x480.webp\" alt=\"\" \/><\/p>\n<h2 style=\"text-align: center\" data-start=\"588\" data-end=\"607\"><strong>\ud83d\udee0\ufe0f Hur Man Anv\u00e4nder<\/strong><\/h2>\n<ol data-start=\"608\" data-end=\"726\">\n<li data-start=\"608\" data-end=\"651\">\n<p data-start=\"611\" data-end=\"651\">Justera \u00f6ppnaren s\u00e5 att den passar lockstorleken.<\/p>\n<\/li>\n<li data-start=\"652\" data-end=\"686\">\n<p data-start=\"655\" data-end=\"686\">Kl\u00e4m fast t\u00e4nderna p\u00e5 locket.<\/p>\n<\/li>\n<li data-start=\"687\" data-end=\"726\">\n<p data-start=\"690\" data-end=\"726\">Vrid p\u00e5 handtaget &#8211; klart med en vridning!<\/p>\n<\/li>\n<\/ol>\n<h2 style=\"text-align: center\" data-start=\"728\" data-end=\"751\"><strong>\ud83d\udccf Produktdetaljer<\/strong><\/h2>\n<ul data-start=\"752\" data-end=\"883\">\n<li data-start=\"752\" data-end=\"805\">\n<p data-start=\"754\" data-end=\"805\">Material: Rostfritt st\u00e5l + robust plasthandtag<\/p>\n<\/li>\n<li data-start=\"806\" data-end=\"834\">\n<p data-start=\"808\" data-end=\"834\">Storlek: 8,2 x 6,5 x 7,5 cm<\/p>\n<\/li>\n<li data-start=\"835\" data-end=\"851\">\n<p data-start=\"837\" data-end=\"851\">Vikt: 110 g<\/p>\n<\/li>\n<\/ul>\n<h2 style=\"text-align: center\" data-start=\"885\" data-end=\"909\"><strong>\ud83d\udce6 I Paketet Ing\u00e5r<\/strong><\/h2>\n<ul data-start=\"910\" data-end=\"935\">\n<li data-start=\"910\" data-end=\"935\">\n<p data-start=\"912\" data-end=\"935\">1x burk\u00f6ppnare.<\/p>\n<\/li>\n<\/ul>\n","protected":false},"excerpt":{"rendered":"<p>\ud83d\udcaa Vrid Upp Alla Burkar \u2014 Ingen Sm\u00e4rta, Ingen Kamp! S\u00e4g adj\u00f6 till fastnade burklock! Den h\u00e4r justerbara burk\u00f6ppnaren g\u00f6r [&hellip;]<\/p>\n","protected":false},"featured_media":17128,"comment_status":"open","ping_status":"closed","template":"","meta":{"site-sidebar-layout":"default","site-content-layout":"","ast-site-content-layout":"default","site-content-style":"default","site-sidebar-style":"default","ast-global-header-display":"","ast-banner-title-visibility":"","ast-main-header-display":"","ast-hfb-above-header-display":"","ast-hfb-below-header-display":"","ast-hfb-mobile-header-display":"","site-post-title":"","ast-breadcrumbs-content":"","ast-featured-img":"","footer-sml-layout":"","theme-transparent-header-meta":"default","adv-header-id-meta":"","stick-header-meta":"","header-above-stick-meta":"","header-main-stick-meta":"","header-below-stick-meta":"","astra-migrate-meta-layouts":"set","ast-page-background-enabled":"default","ast-page-background-meta":{"desktop":{"background-color":"var(--ast-global-color-4)","background-image":"","background-repeat":"repeat","background-position":"center center","background-size":"auto","background-attachment":"scroll","background-type":"","background-media":"","overlay-type":"","overlay-color":"","overlay-opacity":"","overlay-gradient":""},"tablet":{"background-color":"","background-image":"","background-repeat":"repeat","background-position":"center center","background-size":"auto","background-attachment":"scroll","background-type":"","background-media":"","overlay-type":"","overlay-color":"","overlay-opacity":"","overlay-gradient":""},"mobile":{"background-color":"","background-image":"","background-repeat":"repeat","background-position":"center center","background-size":"auto","background-attachment":"scroll","background-type":"","background-media":"","overlay-type":"","overlay-color":"","overlay-opacity":"","overlay-gradient":""}},"ast-content-background-meta":{"desktop":{"background-color":"var(--ast-global-color-5)","background-image":"","background-repeat":"repeat","background-position":"center center","background-size":"auto","background-attachment":"scroll","background-type":"","background-media":"","overlay-type":"","overlay-color":"","overlay-opacity":"","overlay-gradient":""},"tablet":{"background-color":"var(--ast-global-color-5)","background-image":"","background-repeat":"repeat","background-position":"center center","background-size":"auto","background-attachment":"scroll","background-type":"","background-media":"","overlay-type":"","overlay-color":"","overlay-opacity":"","overlay-gradient":""},"mobile":{"background-color":"var(--ast-global-color-5)","background-image":"","background-repeat":"repeat","background-position":"center center","background-size":"auto","background-attachment":"scroll","background-type":"","background-media":"","overlay-type":"","overlay-color":"","overlay-opacity":"","overlay-gradient":""}}},"product_brand":[],"product_cat":[1001],"product_tag":[],"class_list":{"0":"post-17132","1":"product","2":"type-product","3":"status-publish","4":"has-post-thumbnail","6":"product_cat-household-goods","7":"pa_40540_2m85adoe-gron","8":"pa_40540_2m85adoe-vit","9":"desktop-align-left","10":"tablet-align-left","11":"mobile-align-left","13":"first","14":"instock","15":"shipping-taxable","16":"purchasable","17":"product-type-variable"},"_links":{"self":[{"href":"https:\/\/keluvo.com\/se\/wp-json\/wp\/v2\/product\/17132","targetHints":{"allow":["GET"]}}],"collection":[{"href":"https:\/\/keluvo.com\/se\/wp-json\/wp\/v2\/product"}],"about":[{"href":"https:\/\/keluvo.com\/se\/wp-json\/wp\/v2\/types\/product"}],"replies":[{"embeddable":true,"href":"https:\/\/keluvo.com\/se\/wp-json\/wp\/v2\/comments?post=17132"}],"wp:featuredmedia":[{"embeddable":true,"href":"https:\/\/keluvo.com\/se\/wp-json\/wp\/v2\/media\/17128"}],"wp:attachment":[{"href":"https:\/\/keluvo.com\/se\/wp-json\/wp\/v2\/media?parent=17132"}],"wp:term":[{"taxonomy":"product_brand","embeddable":true,"href":"https:\/\/keluvo.com\/se\/wp-json\/wp\/v2\/product_brand?post=17132"},{"taxonomy":"product_cat","embeddable":true,"href":"https:\/\/keluvo.com\/se\/wp-json\/wp\/v2\/product_cat?post=17132"},{"taxonomy":"product_tag","embeddable":true,"href":"https:\/\/keluvo.com\/se\/wp-json\/wp\/v2\/product_tag?post=17132"}],"curies":[{"name":"wp","href":"https:\/\/api.w.org\/{rel}","templated":true}]}}