{"id":17023,"date":"2025-07-30T19:14:09","date_gmt":"2025-07-30T17:14:09","guid":{"rendered":"https:\/\/keluvo.com\/se\/product\/armband\/"},"modified":"2025-07-30T19:14:14","modified_gmt":"2025-07-30T17:14:14","slug":"armband","status":"publish","type":"product","link":"https:\/\/keluvo.com\/se\/product\/armband\/","title":{"rendered":"Armband"},"content":{"rendered":"<p style=\"text-align: center\" data-start=\"151\" data-end=\"436\"><strong data-start=\"151\" data-end=\"201\">B\u00e4r Din Tro Med Elegans Och Styrka. \ud83c\udf19<\/strong><\/p>\n<p style=\"text-align: center\" data-start=\"151\" data-end=\"436\">Detta handgjorda armband b\u00e4r den mest kraftfulla versen i Koranen, fint graverad i ett str\u00e5lande guldpl\u00e4terat band. Det \u00e4r mer \u00e4n bara ett smycke &#8211; det \u00e4r en personlig p\u00e5minnelse om skydd, v\u00e4gledning och kontakt. Perfekt som en daglig b\u00e4rbar f\u00f6r dig sj\u00e4lv eller en hj\u00e4rtlig g\u00e5va till n\u00e5gon du \u00e4lskar.<\/p>\n<p data-start=\"151\" data-end=\"436\"><img decoding=\"async\" class=\"size-full wp-image-29447 aligncenter\" src=\"https:\/\/keluvo.com\/template\/wp-content\/uploads\/sites\/5\/2025\/07\/mercil4.webp\" alt=\"\" \/><\/p>\n<h2 style=\"text-align: center\" data-section-id=\"1unko7z\" data-start=\"527\" data-end=\"547\">Huvudf\u00f6rdelar \ud83d\udcab<\/h2>\n<p data-start=\"549\" data-end=\"1096\">\ud83c\udf1f Kraftfull andlig mening &#8211; Inneh\u00e5ller Ayatul Kursi-vers, k\u00e4nd f\u00f6r skydd och fred.<\/p>\n<p data-start=\"549\" data-end=\"1096\">\ud83d\udc9b Elegant vardagsstil &#8211; Minimal, guldpl\u00e4terad design passar enkelt med alla kl\u00e4der.<\/p>\n<p data-start=\"549\" data-end=\"1096\">\ud83d\udca7 Vattent\u00e4t och fl\u00e4ckfri &#8211; B\u00e4r den dagligen utan bekymmer &#8211; duscha, be, upprepa.<\/p>\n<p data-start=\"549\" data-end=\"1096\">\ud83c\udf81 En vacker g\u00e5va av tro &#8211; Levereras redo att ge bort i en premiuml\u00e5da.<\/p>\n<p data-start=\"549\" data-end=\"1096\">\ud83d\udd04 En storlek passar alla &#8211; Justerbar \u00f6ppen manschett passar alla handledsstorlekar bekv\u00e4mt.<\/p>\n<p data-start=\"549\" data-end=\"1096\">\ud83d\udee1\ufe0f H\u00e5llbar och l\u00e5ngvarig &#8211; Bas i rostfritt st\u00e5l s\u00e4kerst\u00e4ller att den inte bleknar eller g\u00e5r s\u00f6nder.<\/p>\n<p data-start=\"549\" data-end=\"1096\"><img decoding=\"async\" class=\"size-full wp-image-29450 aligncenter\" src=\"https:\/\/keluvo.com\/template\/wp-content\/uploads\/sites\/5\/2025\/07\/realbadmanwomangopan.webp\" alt=\"\" \/><\/p>\n<h2 style=\"text-align: center\" data-section-id=\"1mg1eh3\" data-start=\"1103\" data-end=\"1123\">Hur Man B\u00e4r \ud83e\uddd5<\/h2>\n<ol data-start=\"1125\" data-end=\"1343\">\n<li data-start=\"1125\" data-end=\"1173\">\n<p data-start=\"1128\" data-end=\"1173\">Skjut f\u00f6rsiktigt den \u00f6ppna manschetten p\u00e5 din handled.<\/p>\n<\/li>\n<li data-start=\"1174\" data-end=\"1219\">\n<p data-start=\"1177\" data-end=\"1219\">Justera f\u00f6r en s\u00e4ker och bekv\u00e4m passform.<\/p>\n<\/li>\n<li data-start=\"1220\" data-end=\"1288\">\n<p data-start=\"1223\" data-end=\"1288\">B\u00e4r den dagligen som en p\u00e5minnelse om styrka, tro och skydd.<\/p>\n<\/li>\n<li data-start=\"1289\" data-end=\"1343\">\n<p data-start=\"1292\" data-end=\"1343\">F\u00f6rvara i l\u00e5dan n\u00e4r den inte anv\u00e4nds f\u00f6r att bevara glansen.<\/p>\n<\/li>\n<\/ol>\n<h2 style=\"text-align: center\" data-section-id=\"1uoa4jh\" data-start=\"1350\" data-end=\"1372\">Produktdetaljer \ud83d\udccf<\/h2>\n<ul data-start=\"1374\" data-end=\"1583\">\n<li data-start=\"1374\" data-end=\"1430\">\n<p data-start=\"1376\" data-end=\"1430\">Material: 100% rostfritt st\u00e5l med 18K guldpl\u00e4tering<\/p>\n<\/li>\n<li data-start=\"1431\" data-end=\"1476\">\n<p data-start=\"1433\" data-end=\"1476\">Storlek: En storlek passar alla (justerbar manschett)<\/p>\n<\/li>\n<li data-start=\"1477\" data-end=\"1511\">\n<p data-start=\"1479\" data-end=\"1511\">Vattenavvisande och blekningsbest\u00e4ndig<\/p>\n<\/li>\n<li data-start=\"1535\" data-end=\"1583\">\n<p data-start=\"1537\" data-end=\"1583\">Gravering: Hela Ayatul Kursi-versen p\u00e5 arabiska<\/p>\n<\/li>\n<\/ul>\n<h2 style=\"text-align: center\" data-section-id=\"168ap4\" data-start=\"1590\" data-end=\"1613\">Paketet Inneh\u00e5ller \ud83d\udce6<\/h2>\n<ul data-start=\"1615\" data-end=\"1673\">\n<li data-start=\"1615\" data-end=\"1643\">\n<p data-start=\"1617\" data-end=\"1643\">1x armband<\/p>\n<\/li>\n<li data-start=\"1644\" data-end=\"1673\">\n<p data-start=\"1646\" data-end=\"1673\">1x premium presentf\u00f6rpackning.<\/p>\n<\/li>\n<\/ul>\n","protected":false},"excerpt":{"rendered":"<p>B\u00e4r Din Tro Med Elegans Och Styrka. \ud83c\udf19 Detta handgjorda armband b\u00e4r den mest kraftfulla versen i Koranen, fint graverad [&hellip;]<\/p>\n","protected":false},"featured_media":17019,"comment_status":"open","ping_status":"closed","template":"","meta":{"site-sidebar-layout":"default","site-content-layout":"","ast-site-content-layout":"default","site-content-style":"default","site-sidebar-style":"default","ast-global-header-display":"","ast-banner-title-visibility":"","ast-main-header-display":"","ast-hfb-above-header-display":"","ast-hfb-below-header-display":"","ast-hfb-mobile-header-display":"","site-post-title":"","ast-breadcrumbs-content":"","ast-featured-img":"","footer-sml-layout":"","theme-transparent-header-meta":"default","adv-header-id-meta":"","stick-header-meta":"","header-above-stick-meta":"","header-main-stick-meta":"","header-below-stick-meta":"","astra-migrate-meta-layouts":"set","ast-page-background-enabled":"default","ast-page-background-meta":{"desktop":{"background-color":"var(--ast-global-color-4)","background-image":"","background-repeat":"repeat","background-position":"center center","background-size":"auto","background-attachment":"scroll","background-type":"","background-media":"","overlay-type":"","overlay-color":"","overlay-opacity":"","overlay-gradient":""},"tablet":{"background-color":"","background-image":"","background-repeat":"repeat","background-position":"center center","background-size":"auto","background-attachment":"scroll","background-type":"","background-media":"","overlay-type":"","overlay-color":"","overlay-opacity":"","overlay-gradient":""},"mobile":{"background-color":"","background-image":"","background-repeat":"repeat","background-position":"center center","background-size":"auto","background-attachment":"scroll","background-type":"","background-media":"","overlay-type":"","overlay-color":"","overlay-opacity":"","overlay-gradient":""}},"ast-content-background-meta":{"desktop":{"background-color":"var(--ast-global-color-5)","background-image":"","background-repeat":"repeat","background-position":"center center","background-size":"auto","background-attachment":"scroll","background-type":"","background-media":"","overlay-type":"","overlay-color":"","overlay-opacity":"","overlay-gradient":""},"tablet":{"background-color":"var(--ast-global-color-5)","background-image":"","background-repeat":"repeat","background-position":"center center","background-size":"auto","background-attachment":"scroll","background-type":"","background-media":"","overlay-type":"","overlay-color":"","overlay-opacity":"","overlay-gradient":""},"mobile":{"background-color":"var(--ast-global-color-5)","background-image":"","background-repeat":"repeat","background-position":"center center","background-size":"auto","background-attachment":"scroll","background-type":"","background-media":"","overlay-type":"","overlay-color":"","overlay-opacity":"","overlay-gradient":""}}},"product_brand":[],"product_cat":[993],"product_tag":[],"class_list":{"0":"post-17023","1":"product","2":"type-product","3":"status-publish","4":"has-post-thumbnail","6":"product_cat-footwear-accessories","7":"pa_48244_djb0yh0n-guld","8":"pa_48244_djb0yh0n-silver","9":"desktop-align-left","10":"tablet-align-left","11":"mobile-align-left","13":"first","14":"instock","15":"shipping-taxable","16":"purchasable","17":"product-type-variable"},"_links":{"self":[{"href":"https:\/\/keluvo.com\/se\/wp-json\/wp\/v2\/product\/17023","targetHints":{"allow":["GET"]}}],"collection":[{"href":"https:\/\/keluvo.com\/se\/wp-json\/wp\/v2\/product"}],"about":[{"href":"https:\/\/keluvo.com\/se\/wp-json\/wp\/v2\/types\/product"}],"replies":[{"embeddable":true,"href":"https:\/\/keluvo.com\/se\/wp-json\/wp\/v2\/comments?post=17023"}],"wp:featuredmedia":[{"embeddable":true,"href":"https:\/\/keluvo.com\/se\/wp-json\/wp\/v2\/media\/17019"}],"wp:attachment":[{"href":"https:\/\/keluvo.com\/se\/wp-json\/wp\/v2\/media?parent=17023"}],"wp:term":[{"taxonomy":"product_brand","embeddable":true,"href":"https:\/\/keluvo.com\/se\/wp-json\/wp\/v2\/product_brand?post=17023"},{"taxonomy":"product_cat","embeddable":true,"href":"https:\/\/keluvo.com\/se\/wp-json\/wp\/v2\/product_cat?post=17023"},{"taxonomy":"product_tag","embeddable":true,"href":"https:\/\/keluvo.com\/se\/wp-json\/wp\/v2\/product_tag?post=17023"}],"curies":[{"name":"wp","href":"https:\/\/api.w.org\/{rel}","templated":true}]}}