{"id":16494,"date":"2025-07-25T14:23:43","date_gmt":"2025-07-25T12:23:43","guid":{"rendered":"https:\/\/keluvo.com\/se\/product\/vaskorganisator\/"},"modified":"2025-07-25T14:24:22","modified_gmt":"2025-07-25T12:24:22","slug":"vaskorganisator","status":"publish","type":"product","link":"https:\/\/keluvo.com\/se\/product\/vaskorganisator\/","title":{"rendered":"V\u00e4skorganisat\u00f6r"},"content":{"rendered":"<p style=\"text-align: center\" data-start=\"94\" data-end=\"159\"><strong data-start=\"94\" data-end=\"159\">H\u00e5ll Dina V\u00e4skor Snygga, Organiserade Och Alltid Inom R\u00e4ckh\u00e5ll! \ud83d\udc5c\ud83e\ude9d<\/strong><\/p>\n<p style=\"text-align: center\" data-start=\"161\" data-end=\"334\">Dessa smarta halkfria v\u00e4skh\u00e5llare \u00e4r den perfekta l\u00f6sningen p\u00e5 r\u00f6riga garderober och trassliga v\u00e4skremmar. H\u00e4ng upp dina v\u00e4skor, halsdukar eller accessoarer utan att ta upp extra utrymme!<\/p>\n<p data-start=\"161\" data-end=\"334\"><img decoding=\"async\" class=\"size-full wp-image-26913 aligncenter\" src=\"https:\/\/keluvo.com\/template\/wp-content\/uploads\/sites\/5\/2025\/07\/0bb8ddf95ac9f7e9df27008165d3f667a839754b.gif\" alt=\"\" \/><\/p>\n<h2 style=\"text-align: center\" data-start=\"336\" data-end=\"357\"><strong>Huvudf\u00f6rdelar<\/strong><\/h2>\n<p data-start=\"360\" data-end=\"407\">\ud83e\uddf5 Sparar utrymme i garderoben och h\u00e5ller v\u00e4skorna i form<\/p>\n<p data-start=\"410\" data-end=\"473\">\ud83e\uddf2 Halkfri design h\u00e5ller f\u00f6rem\u00e5len s\u00e4kert p\u00e5 plats &#8211; de varken glider eller faller<\/p>\n<p data-start=\"476\" data-end=\"532\">\ud83e\udde5 Perfekt f\u00f6r handv\u00e4skor, v\u00e4skor, halsdukar, b\u00e4lten med mera<\/p>\n<p data-start=\"535\" data-end=\"588\">\ud83c\udf08 Finns i flera roliga f\u00e4rger som matchar din stil<\/p>\n<p data-start=\"591\" data-end=\"648\">\ud83e\uddfc Sl\u00e4ta kanter skyddar remmarna fr\u00e5n att skrynklas eller skadas<\/p>\n<p data-start=\"591\" data-end=\"648\"><img decoding=\"async\" class=\"size-full wp-image-26912 aligncenter\" src=\"https:\/\/keluvo.com\/template\/wp-content\/uploads\/sites\/5\/2025\/07\/a98e94addd28a080ad8ca8d16f9b6e9943fd5223.avif\" alt=\"\" \/><\/p>\n<h2 style=\"text-align: center\" data-start=\"650\" data-end=\"668\"><strong>Hur Man Anv\u00e4nder<\/strong><\/h2>\n<ol data-start=\"669\" data-end=\"802\">\n<li data-start=\"669\" data-end=\"708\">\n<p data-start=\"672\" data-end=\"708\">H\u00e4ng den \u00f6ver en garderobsst\u00e5ng eller ett st\u00e4ll.<\/p>\n<\/li>\n<li data-start=\"709\" data-end=\"756\">\n<p data-start=\"712\" data-end=\"756\">H\u00e4ng din v\u00e4ska, halsduk eller b\u00e4lte p\u00e5 \u00f6glan.<\/p>\n<\/li>\n<li data-start=\"757\" data-end=\"802\">\n<p data-start=\"760\" data-end=\"802\">Njut av en snygg garderob utan r\u00f6ran!<\/p>\n<\/li>\n<\/ol>\n<h2 style=\"text-align: center\" data-start=\"804\" data-end=\"827\"><strong>Produktdetaljer<\/strong><\/h2>\n<ul data-start=\"828\" data-end=\"1001\">\n<li data-start=\"828\" data-end=\"857\">\n<p data-start=\"830\" data-end=\"857\">Material: H\u00e5llbar plast<\/p>\n<\/li>\n<li data-start=\"858\" data-end=\"891\">\n<p data-start=\"860\" data-end=\"891\">Storlek: 10,5 cm x 3,8 cm x 10,5 cm<\/p>\n<\/li>\n<li data-start=\"952\" data-end=\"1001\">\n<p data-start=\"954\" data-end=\"1001\">Design: U-formad krok med halks\u00e4ker kurva<\/p>\n<\/li>\n<\/ul>\n<h2 style=\"text-align: center\" data-start=\"1003\" data-end=\"1027\"><strong>F\u00f6rpackningen Inneh\u00e5ller<\/strong><\/h2>\n<ul data-start=\"1028\" data-end=\"1081\">\n<li data-start=\"1028\" data-end=\"1081\">\n<p data-start=\"1030\" data-end=\"1081\">5, 10x v\u00e4skarrang\u00f6rer.<\/p>\n<\/li>\n<\/ul>\n","protected":false},"excerpt":{"rendered":"<p>H\u00e5ll Dina V\u00e4skor Snygga, Organiserade Och Alltid Inom R\u00e4ckh\u00e5ll! \ud83d\udc5c\ud83e\ude9d Dessa smarta halkfria v\u00e4skh\u00e5llare \u00e4r den perfekta l\u00f6sningen p\u00e5 r\u00f6riga [&hellip;]<\/p>\n","protected":false},"featured_media":16490,"comment_status":"open","ping_status":"closed","template":"","meta":{"site-sidebar-layout":"default","site-content-layout":"","ast-site-content-layout":"default","site-content-style":"default","site-sidebar-style":"default","ast-global-header-display":"","ast-banner-title-visibility":"","ast-main-header-display":"","ast-hfb-above-header-display":"","ast-hfb-below-header-display":"","ast-hfb-mobile-header-display":"","site-post-title":"","ast-breadcrumbs-content":"","ast-featured-img":"","footer-sml-layout":"","theme-transparent-header-meta":"default","adv-header-id-meta":"","stick-header-meta":"","header-above-stick-meta":"","header-main-stick-meta":"","header-below-stick-meta":"","astra-migrate-meta-layouts":"set","ast-page-background-enabled":"default","ast-page-background-meta":{"desktop":{"background-color":"var(--ast-global-color-4)","background-image":"","background-repeat":"repeat","background-position":"center center","background-size":"auto","background-attachment":"scroll","background-type":"","background-media":"","overlay-type":"","overlay-color":"","overlay-opacity":"","overlay-gradient":""},"tablet":{"background-color":"","background-image":"","background-repeat":"repeat","background-position":"center center","background-size":"auto","background-attachment":"scroll","background-type":"","background-media":"","overlay-type":"","overlay-color":"","overlay-opacity":"","overlay-gradient":""},"mobile":{"background-color":"","background-image":"","background-repeat":"repeat","background-position":"center center","background-size":"auto","background-attachment":"scroll","background-type":"","background-media":"","overlay-type":"","overlay-color":"","overlay-opacity":"","overlay-gradient":""}},"ast-content-background-meta":{"desktop":{"background-color":"var(--ast-global-color-5)","background-image":"","background-repeat":"repeat","background-position":"center center","background-size":"auto","background-attachment":"scroll","background-type":"","background-media":"","overlay-type":"","overlay-color":"","overlay-opacity":"","overlay-gradient":""},"tablet":{"background-color":"var(--ast-global-color-5)","background-image":"","background-repeat":"repeat","background-position":"center center","background-size":"auto","background-attachment":"scroll","background-type":"","background-media":"","overlay-type":"","overlay-color":"","overlay-opacity":"","overlay-gradient":""},"mobile":{"background-color":"var(--ast-global-color-5)","background-image":"","background-repeat":"repeat","background-position":"center center","background-size":"auto","background-attachment":"scroll","background-type":"","background-media":"","overlay-type":"","overlay-color":"","overlay-opacity":"","overlay-gradient":""}}},"product_brand":[],"product_cat":[1001],"product_tag":[],"class_list":{"0":"post-16494","1":"product","2":"type-product","3":"status-publish","4":"has-post-thumbnail","6":"product_cat-household-goods","7":"pa_38140_azn1phcn-gra","8":"pa_38140_azn1phcn-gron","9":"pa_38140_azn1phcn-gul","10":"pa_38140_azn1phcn-lila","11":"pa_38140_azn1phcn-rosa","12":"pa_38140_azn1phcn-svart","13":"pa_38140_azn1phcn-vit","14":"pa_38140_w4u32zag-5-st","15":"pa_38140_w4u32zag-10-st","16":"desktop-align-left","17":"tablet-align-left","18":"mobile-align-left","20":"first","21":"instock","22":"shipping-taxable","23":"purchasable","24":"product-type-variable","25":"has-default-attributes"},"_links":{"self":[{"href":"https:\/\/keluvo.com\/se\/wp-json\/wp\/v2\/product\/16494","targetHints":{"allow":["GET"]}}],"collection":[{"href":"https:\/\/keluvo.com\/se\/wp-json\/wp\/v2\/product"}],"about":[{"href":"https:\/\/keluvo.com\/se\/wp-json\/wp\/v2\/types\/product"}],"replies":[{"embeddable":true,"href":"https:\/\/keluvo.com\/se\/wp-json\/wp\/v2\/comments?post=16494"}],"wp:featuredmedia":[{"embeddable":true,"href":"https:\/\/keluvo.com\/se\/wp-json\/wp\/v2\/media\/16490"}],"wp:attachment":[{"href":"https:\/\/keluvo.com\/se\/wp-json\/wp\/v2\/media?parent=16494"}],"wp:term":[{"taxonomy":"product_brand","embeddable":true,"href":"https:\/\/keluvo.com\/se\/wp-json\/wp\/v2\/product_brand?post=16494"},{"taxonomy":"product_cat","embeddable":true,"href":"https:\/\/keluvo.com\/se\/wp-json\/wp\/v2\/product_cat?post=16494"},{"taxonomy":"product_tag","embeddable":true,"href":"https:\/\/keluvo.com\/se\/wp-json\/wp\/v2\/product_tag?post=16494"}],"curies":[{"name":"wp","href":"https:\/\/api.w.org\/{rel}","templated":true}]}}