{"id":16457,"date":"2025-07-25T14:22:21","date_gmt":"2025-07-25T12:22:21","guid":{"rendered":"https:\/\/keluvo.com\/se\/product\/sjalvhaftande-folie\/"},"modified":"2025-07-25T14:58:24","modified_gmt":"2025-07-25T12:58:24","slug":"sjalvhaftande-folie","status":"publish","type":"product","link":"https:\/\/keluvo.com\/se\/product\/sjalvhaftande-folie\/","title":{"rendered":"Sj\u00e4lvh\u00e4ftande folie"},"content":{"rendered":"<p style=\"text-align: center;\"><strong data-start=\"88\" data-end=\"154\">H\u00e5ll Ditt K\u00f6k Fl\u00e4ckfritt Och Skyddat &#8211; Utan Att Det Blir R\u00f6rigt! \ud83e\uddfd\u2728<\/strong><\/p>\n<p style=\"text-align: center;\">Den h\u00e4r sj\u00e4lvh\u00e4ftande folien \u00e4r en game-changer f\u00f6r varje k\u00f6k. Den skyddar dina b\u00e4nkskivor, sk\u00e5p och l\u00e5dor fr\u00e5n olja, v\u00e4rme och vatten &#8211; samtidigt som den ser snygg och modern ut!<\/p>\n<p><img decoding=\"async\" class=\"size-full wp-image-26877 aligncenter\" src=\"https:\/\/keluvo.com\/template\/wp-content\/uploads\/sites\/5\/2025\/07\/07026-ezgif.com-video-to-webp-converter.webp\" alt=\"\" \/><\/p>\n<h2 style=\"text-align: center;\" data-start=\"344\" data-end=\"366\">\ud83d\udee1\ufe0f Huvudf\u00f6rdelar<\/h2>\n<p data-start=\"369\" data-end=\"410\">\ud83d\udca7 Vattent\u00e4t och oljebest\u00e4ndig yta<\/p>\n<p data-start=\"413\" data-end=\"457\">\ud83d\udd25 V\u00e4rmebest\u00e4ndig f\u00f6r s\u00e4ker anv\u00e4ndning n\u00e4ra spisar<\/p>\n<p data-start=\"460\" data-end=\"506\">\ud83e\uddfc L\u00e4tt att torka av med bara en fuktig cloth<\/p>\n<p data-start=\"509\" data-end=\"576\">\u2702\ufe0f Tillskuren design som passar \u00f6verallt &#8211; b\u00e4nkskivor, l\u00e5dor, hyllor<\/p>\n<p data-start=\"579\" data-end=\"629\">\ud83d\udcaa Starkt h\u00e4ft\u00e4mne som h\u00e5ller sig p\u00e5 plats, ingen avskalning<\/p>\n<p data-start=\"579\" data-end=\"629\"><img decoding=\"async\" class=\"size-full wp-image-26880 aligncenter\" src=\"https:\/\/keluvo.com\/template\/wp-content\/uploads\/sites\/5\/2025\/07\/ALUMAX24054__74ec21d4.webp\" alt=\"\" \/><\/p>\n<h2 style=\"text-align: center;\" data-start=\"631\" data-end=\"649\">\ud83e\uddf0 Hur Man Anv\u00e4nder Den<\/h2>\n<ol data-start=\"650\" data-end=\"801\">\n<li data-start=\"650\" data-end=\"704\">\n<p data-start=\"653\" data-end=\"704\">Reng\u00f6r ytan d\u00e4r du ska applicera folien.<\/p>\n<\/li>\n<li data-start=\"705\" data-end=\"747\">\n<p data-start=\"708\" data-end=\"747\">Klipp till folien i \u00f6nskad storlek.<\/p>\n<\/li>\n<li data-start=\"748\" data-end=\"801\">\n<p data-start=\"751\" data-end=\"801\">Dra av och klistra fast &#8211; sl\u00e4ta ut den f\u00f6r en perfekt finish!<\/p>\n<\/li>\n<\/ol>\n<h2 style=\"text-align: center;\" data-start=\"803\" data-end=\"826\">\ud83d\udccf Produktdetaljer<\/h2>\n<ul data-start=\"827\" data-end=\"908\">\n<li data-start=\"827\" data-end=\"860\">\n<p data-start=\"829\" data-end=\"860\"><strong>Material<\/strong>: Aluminiumfolie + PET<\/p>\n<\/li>\n<li data-start=\"861\" data-end=\"883\">\n<p data-start=\"863\" data-end=\"883\"><strong>Storlek<\/strong>:\u00a0<span style=\"font-size: 16px;\">40cm x 300cm, <\/span><span style=\"font-size: 16px;\">40cm x 500cm, <\/span>40cm x 1m, 60cm x 1m.<\/p>\n<\/li>\n<\/ul>\n<h2 style=\"text-align: center;\" data-start=\"910\" data-end=\"934\">\ud83d\udce6 Paketet Inneh\u00e5ller<\/h2>\n<ul data-start=\"935\" data-end=\"980\">\n<li data-start=\"935\" data-end=\"980\">\n<p data-start=\"937\" data-end=\"980\">1x rulle sj\u00e4lvh\u00e4ftande folie.<\/p>\n<\/li>\n<\/ul>\n","protected":false},"excerpt":{"rendered":"<p>H\u00e5ll Ditt K\u00f6k Fl\u00e4ckfritt Och Skyddat &#8211; Utan Att Det Blir R\u00f6rigt! \ud83e\uddfd\u2728 Den h\u00e4r sj\u00e4lvh\u00e4ftande folien \u00e4r en game-changer [&hellip;]<\/p>\n","protected":false},"featured_media":16453,"comment_status":"open","ping_status":"closed","template":"","meta":{"site-sidebar-layout":"default","site-content-layout":"","ast-site-content-layout":"default","site-content-style":"default","site-sidebar-style":"default","ast-global-header-display":"","ast-banner-title-visibility":"","ast-main-header-display":"","ast-hfb-above-header-display":"","ast-hfb-below-header-display":"","ast-hfb-mobile-header-display":"","site-post-title":"","ast-breadcrumbs-content":"","ast-featured-img":"","footer-sml-layout":"","theme-transparent-header-meta":"default","adv-header-id-meta":"","stick-header-meta":"","header-above-stick-meta":"","header-main-stick-meta":"","header-below-stick-meta":"","astra-migrate-meta-layouts":"set","ast-page-background-enabled":"default","ast-page-background-meta":{"desktop":{"background-color":"var(--ast-global-color-4)","background-image":"","background-repeat":"repeat","background-position":"center center","background-size":"auto","background-attachment":"scroll","background-type":"","background-media":"","overlay-type":"","overlay-color":"","overlay-opacity":"","overlay-gradient":""},"tablet":{"background-color":"","background-image":"","background-repeat":"repeat","background-position":"center center","background-size":"auto","background-attachment":"scroll","background-type":"","background-media":"","overlay-type":"","overlay-color":"","overlay-opacity":"","overlay-gradient":""},"mobile":{"background-color":"","background-image":"","background-repeat":"repeat","background-position":"center center","background-size":"auto","background-attachment":"scroll","background-type":"","background-media":"","overlay-type":"","overlay-color":"","overlay-opacity":"","overlay-gradient":""}},"ast-content-background-meta":{"desktop":{"background-color":"var(--ast-global-color-5)","background-image":"","background-repeat":"repeat","background-position":"center center","background-size":"auto","background-attachment":"scroll","background-type":"","background-media":"","overlay-type":"","overlay-color":"","overlay-opacity":"","overlay-gradient":""},"tablet":{"background-color":"var(--ast-global-color-5)","background-image":"","background-repeat":"repeat","background-position":"center center","background-size":"auto","background-attachment":"scroll","background-type":"","background-media":"","overlay-type":"","overlay-color":"","overlay-opacity":"","overlay-gradient":""},"mobile":{"background-color":"var(--ast-global-color-5)","background-image":"","background-repeat":"repeat","background-position":"center center","background-size":"auto","background-attachment":"scroll","background-type":"","background-media":"","overlay-type":"","overlay-color":"","overlay-opacity":"","overlay-gradient":""}}},"product_brand":[],"product_cat":[1001],"product_tag":[],"class_list":{"0":"post-16457","1":"product","2":"type-product","3":"status-publish","4":"has-post-thumbnail","6":"product_cat-household-goods","7":"pa_44579_2dfwznr5-40-cm-x-300-cm","8":"pa_44579_2dfwznr5-40-cm-x-500-cm","9":"pa_44579_2dfwznr5-40cm-x-1m","10":"pa_44579_2dfwznr5-60cm-x-1m","11":"pa_44579_5npjc56e-guld","12":"pa_44579_5npjc56e-silver","13":"pa_44579_gzkjjvlf-a","14":"pa_44579_gzkjjvlf-b","15":"desktop-align-left","16":"tablet-align-left","17":"mobile-align-left","19":"first","20":"instock","21":"shipping-taxable","22":"purchasable","23":"product-type-variable","24":"has-default-attributes"},"_links":{"self":[{"href":"https:\/\/keluvo.com\/se\/wp-json\/wp\/v2\/product\/16457","targetHints":{"allow":["GET"]}}],"collection":[{"href":"https:\/\/keluvo.com\/se\/wp-json\/wp\/v2\/product"}],"about":[{"href":"https:\/\/keluvo.com\/se\/wp-json\/wp\/v2\/types\/product"}],"replies":[{"embeddable":true,"href":"https:\/\/keluvo.com\/se\/wp-json\/wp\/v2\/comments?post=16457"}],"wp:featuredmedia":[{"embeddable":true,"href":"https:\/\/keluvo.com\/se\/wp-json\/wp\/v2\/media\/16453"}],"wp:attachment":[{"href":"https:\/\/keluvo.com\/se\/wp-json\/wp\/v2\/media?parent=16457"}],"wp:term":[{"taxonomy":"product_brand","embeddable":true,"href":"https:\/\/keluvo.com\/se\/wp-json\/wp\/v2\/product_brand?post=16457"},{"taxonomy":"product_cat","embeddable":true,"href":"https:\/\/keluvo.com\/se\/wp-json\/wp\/v2\/product_cat?post=16457"},{"taxonomy":"product_tag","embeddable":true,"href":"https:\/\/keluvo.com\/se\/wp-json\/wp\/v2\/product_tag?post=16457"}],"curies":[{"name":"wp","href":"https:\/\/api.w.org\/{rel}","templated":true}]}}