{"id":16437,"date":"2025-07-25T14:20:47","date_gmt":"2025-07-25T12:20:47","guid":{"rendered":"https:\/\/keluvo.com\/se\/product\/rostborttagningsspray\/"},"modified":"2025-07-25T14:57:31","modified_gmt":"2025-07-25T12:57:31","slug":"rostborttagningsspray","status":"publish","type":"product","link":"https:\/\/keluvo.com\/se\/product\/rostborttagningsspray\/","title":{"rendered":"Rostborttagningsspray"},"content":{"rendered":"<p style=\"text-align: center;\" data-start=\"95\" data-end=\"139\"><strong data-start=\"95\" data-end=\"139\">F\u00e5 Dina F\u00e4lgar Att Skina Som Nya Igen! \ud83d\ude97\u2728<\/strong><\/p>\n<p style=\"text-align: center;\" data-start=\"141\" data-end=\"315\">S\u00e4g adj\u00f6 till ful rost och \u00e5terst\u00e4ll den fabriksnya glansen. Detta rostborttagningsmedel \u00e4r ditt hemliga vapen f\u00f6r att reng\u00f6ra, skydda och f\u00f6rvandla dina f\u00e4lgar och din lack p\u00e5 bara n\u00e5gra minuter!<\/p>\n<p data-start=\"141\" data-end=\"315\"><img decoding=\"async\" class=\"size-full wp-image-26856 aligncenter\" src=\"https:\/\/keluvo.com\/template\/wp-content\/uploads\/sites\/5\/2025\/07\/16923331924593.webp\" alt=\"\" \/><\/p>\n<h2 style=\"text-align: center;\" data-start=\"317\" data-end=\"338\"><strong>Huvudf\u00f6rdelar<\/strong><\/h2>\n<p data-start=\"341\" data-end=\"394\">\ud83e\uddfc Tar snabbt bort rost fr\u00e5n f\u00e4lgar och m\u00e5lade ytor<\/p>\n<p data-start=\"397\" data-end=\"435\">\u2728 \u00c5terst\u00e4ller glans och original finish<\/p>\n<p data-start=\"438\" data-end=\"494\">\ud83d\udee1\ufe0f L\u00e4mnar en skyddande bel\u00e4ggning f\u00f6r att f\u00f6rhindra framtida rost<\/p>\n<p data-start=\"497\" data-end=\"548\">\ud83e\uddf4 Skonsam mot alla typer av billack och material<\/p>\n<p data-start=\"551\" data-end=\"600\">\ud83d\udd27 Perfekt f\u00f6r bil\u00e4lskare, g\u00f6r-det-sj\u00e4lvare och proffs<\/p>\n<p data-start=\"551\" data-end=\"600\"><img decoding=\"async\" class=\"size-full wp-image-26858 aligncenter\" src=\"https:\/\/keluvo.com\/template\/wp-content\/uploads\/sites\/5\/2025\/07\/a670559b-643e-425e-8ec4-cc026d1d91ba.webp\" alt=\"\" \/><\/p>\n<h2 style=\"text-align: center;\" data-start=\"602\" data-end=\"620\"><strong>Anv\u00e4ndning<\/strong><\/h2>\n<ol data-start=\"621\" data-end=\"776\">\n<li data-start=\"621\" data-end=\"652\">\n<p data-start=\"624\" data-end=\"652\">St\u00e4da och torka ytan.<\/p>\n<\/li>\n<li data-start=\"653\" data-end=\"708\">\n<p data-start=\"656\" data-end=\"708\">Spraya rostborttagaren direkt p\u00e5 de drabbade omr\u00e5dena.<\/p>\n<\/li>\n<li data-start=\"709\" data-end=\"743\">\n<p data-start=\"712\" data-end=\"743\">L\u00e5t det sitta i n\u00e5gra minuter.<\/p>\n<\/li>\n<li data-start=\"744\" data-end=\"776\">\n<p data-start=\"747\" data-end=\"776\">Torka rent med en trasa-klart!<\/p>\n<\/li>\n<\/ol>\n<h2 style=\"text-align: center;\" data-start=\"778\" data-end=\"801\"><strong>Produktdetaljer<\/strong><\/h2>\n<ul data-start=\"802\" data-end=\"886\">\n<li data-start=\"802\" data-end=\"817\">\n<p data-start=\"804\" data-end=\"817\">Typ: Spray<\/p>\n<\/li>\n<li data-start=\"818\" data-end=\"835\">\n<p data-start=\"820\" data-end=\"835\">Inneh\u00e5ll: 50ml<\/p>\n<\/li>\n<li data-start=\"836\" data-end=\"886\">\n<p data-start=\"838\" data-end=\"886\">S\u00e4ker f\u00f6r hjul, lack och de flesta bilmaterial<\/p>\n<\/li>\n<\/ul>\n<h2 style=\"text-align: center;\" data-start=\"888\" data-end=\"912\"><strong>Paketet Inneh\u00e5ller<\/strong><\/h2>\n<ul data-start=\"913\" data-end=\"974\">\n<li data-start=\"913\" data-end=\"974\">\n<p data-start=\"915\" data-end=\"974\">1, 2, 3x flaskor rostborttagningsmedel.<\/p>\n<\/li>\n<\/ul>\n","protected":false},"excerpt":{"rendered":"<p>F\u00e5 Dina F\u00e4lgar Att Skina Som Nya Igen! \ud83d\ude97\u2728 S\u00e4g adj\u00f6 till ful rost och \u00e5terst\u00e4ll den fabriksnya glansen. Detta [&hellip;]<\/p>\n","protected":false},"featured_media":16433,"comment_status":"open","ping_status":"closed","template":"","meta":{"site-sidebar-layout":"default","site-content-layout":"","ast-site-content-layout":"default","site-content-style":"default","site-sidebar-style":"default","ast-global-header-display":"","ast-banner-title-visibility":"","ast-main-header-display":"","ast-hfb-above-header-display":"","ast-hfb-below-header-display":"","ast-hfb-mobile-header-display":"","site-post-title":"","ast-breadcrumbs-content":"","ast-featured-img":"","footer-sml-layout":"","theme-transparent-header-meta":"default","adv-header-id-meta":"","stick-header-meta":"","header-above-stick-meta":"","header-main-stick-meta":"","header-below-stick-meta":"","astra-migrate-meta-layouts":"set","ast-page-background-enabled":"default","ast-page-background-meta":{"desktop":{"background-color":"var(--ast-global-color-4)","background-image":"","background-repeat":"repeat","background-position":"center center","background-size":"auto","background-attachment":"scroll","background-type":"","background-media":"","overlay-type":"","overlay-color":"","overlay-opacity":"","overlay-gradient":""},"tablet":{"background-color":"","background-image":"","background-repeat":"repeat","background-position":"center center","background-size":"auto","background-attachment":"scroll","background-type":"","background-media":"","overlay-type":"","overlay-color":"","overlay-opacity":"","overlay-gradient":""},"mobile":{"background-color":"","background-image":"","background-repeat":"repeat","background-position":"center center","background-size":"auto","background-attachment":"scroll","background-type":"","background-media":"","overlay-type":"","overlay-color":"","overlay-opacity":"","overlay-gradient":""}},"ast-content-background-meta":{"desktop":{"background-color":"var(--ast-global-color-5)","background-image":"","background-repeat":"repeat","background-position":"center center","background-size":"auto","background-attachment":"scroll","background-type":"","background-media":"","overlay-type":"","overlay-color":"","overlay-opacity":"","overlay-gradient":""},"tablet":{"background-color":"var(--ast-global-color-5)","background-image":"","background-repeat":"repeat","background-position":"center center","background-size":"auto","background-attachment":"scroll","background-type":"","background-media":"","overlay-type":"","overlay-color":"","overlay-opacity":"","overlay-gradient":""},"mobile":{"background-color":"var(--ast-global-color-5)","background-image":"","background-repeat":"repeat","background-position":"center center","background-size":"auto","background-attachment":"scroll","background-type":"","background-media":"","overlay-type":"","overlay-color":"","overlay-opacity":"","overlay-gradient":""}}},"product_brand":[],"product_cat":[998],"product_tag":[],"class_list":{"0":"post-16437","1":"product","2":"type-product","3":"status-publish","4":"has-post-thumbnail","6":"product_cat-automotive-products","7":"pa_27968_htl7o6rp-1-st","8":"pa_27968_htl7o6rp-2-st","9":"pa_27968_htl7o6rp-3-st","10":"desktop-align-left","11":"tablet-align-left","12":"mobile-align-left","14":"first","15":"instock","16":"shipping-taxable","17":"purchasable","18":"product-type-variable"},"_links":{"self":[{"href":"https:\/\/keluvo.com\/se\/wp-json\/wp\/v2\/product\/16437","targetHints":{"allow":["GET"]}}],"collection":[{"href":"https:\/\/keluvo.com\/se\/wp-json\/wp\/v2\/product"}],"about":[{"href":"https:\/\/keluvo.com\/se\/wp-json\/wp\/v2\/types\/product"}],"replies":[{"embeddable":true,"href":"https:\/\/keluvo.com\/se\/wp-json\/wp\/v2\/comments?post=16437"}],"wp:featuredmedia":[{"embeddable":true,"href":"https:\/\/keluvo.com\/se\/wp-json\/wp\/v2\/media\/16433"}],"wp:attachment":[{"href":"https:\/\/keluvo.com\/se\/wp-json\/wp\/v2\/media?parent=16437"}],"wp:term":[{"taxonomy":"product_brand","embeddable":true,"href":"https:\/\/keluvo.com\/se\/wp-json\/wp\/v2\/product_brand?post=16437"},{"taxonomy":"product_cat","embeddable":true,"href":"https:\/\/keluvo.com\/se\/wp-json\/wp\/v2\/product_cat?post=16437"},{"taxonomy":"product_tag","embeddable":true,"href":"https:\/\/keluvo.com\/se\/wp-json\/wp\/v2\/product_tag?post=16437"}],"curies":[{"name":"wp","href":"https:\/\/api.w.org\/{rel}","templated":true}]}}