{"id":16405,"date":"2025-07-25T14:19:08","date_gmt":"2025-07-25T12:19:08","guid":{"rendered":"https:\/\/keluvo.com\/se\/product\/knivslipare\/"},"modified":"2025-07-25T14:56:28","modified_gmt":"2025-07-25T12:56:28","slug":"knivslipare","status":"publish","type":"product","link":"https:\/\/keluvo.com\/se\/product\/knivslipare\/","title":{"rendered":"Knivslipare"},"content":{"rendered":"<p style=\"text-align: center;\" data-start=\"95\" data-end=\"152\"><strong data-start=\"95\" data-end=\"152\">Slipa Dina Knivar P\u00e5 N\u00e5gra Sekunder &#8211; N\u00e4r Som Helst, Var Som Helst! \ud83d\udd2a\u26a1<\/strong><\/p>\n<p style=\"text-align: center;\" data-start=\"154\" data-end=\"325\">Den h\u00e4r kompakta knivslipen ger sl\u00f6a knivar nytt liv med bara n\u00e5gra svep. Oavsett om du \u00e4r i k\u00f6ket eller tr\u00e4dg\u00e5rden kan du njuta av knivskarpa verktyg utan kr\u00e5ngel.<\/p>\n<p data-start=\"154\" data-end=\"325\"><img decoding=\"async\" class=\"size-full wp-image-26816 aligncenter\" src=\"https:\/\/keluvo.com\/template\/wp-content\/uploads\/sites\/5\/2025\/07\/gif_860709ed-3727-416a-960c-38c27f4f94bc_480x480.webp\" alt=\"\" \/><\/p>\n<h2 style=\"text-align: center;\" data-start=\"327\" data-end=\"347\"><strong>Huvudf\u00f6rdelar<\/strong><\/h2>\n<p data-start=\"350\" data-end=\"412\">\ud83d\udc8e Tillverkad med slitstarka, diamantslipade blad av volframkarbid<\/p>\n<p data-start=\"415\" data-end=\"463\">\ud83e\udde4 S\u00e4ker att anv\u00e4nda med skyddande plasth\u00f6lje<\/p>\n<p data-start=\"466\" data-end=\"534\">\ud83e\ude93 Slipar k\u00f6ksknivar, tr\u00e4dg\u00e5rdsredskap, s\u00e5gar, saxar med mera<\/p>\n<p data-start=\"537\" data-end=\"574\">\ud83e\uddfd Rostbest\u00e4ndig och l\u00e4tt att reng\u00f6ra<\/p>\n<p data-start=\"577\" data-end=\"636\">\ud83e\uddf3 L\u00e4tt och b\u00e4rbar &#8211; perfekt f\u00f6r hemmet eller p\u00e5 spr\u00e5ng use<\/p>\n<p data-start=\"577\" data-end=\"636\"><img decoding=\"async\" class=\"size-full wp-image-26818 aligncenter\" src=\"https:\/\/keluvo.com\/template\/wp-content\/uploads\/sites\/5\/2025\/07\/3_cc5139e4-d0f6-4a1d-9ff1-c30c200f8913.webp\" alt=\"\" \/><\/p>\n<h2 style=\"text-align: center;\" data-start=\"638\" data-end=\"657\"><strong>Hur Man Anv\u00e4nder<\/strong><\/h2>\n<ol data-start=\"658\" data-end=\"815\">\n<li data-start=\"658\" data-end=\"703\">\n<p data-start=\"661\" data-end=\"703\">H\u00e5ll sliparen stadigt i handtaget.<\/p>\n<\/li>\n<li data-start=\"704\" data-end=\"762\">\n<p data-start=\"707\" data-end=\"762\">F\u00f6r kniven eller bladet genom sk\u00e5ran 3-4 g\u00e5nger.<\/p>\n<\/li>\n<li data-start=\"763\" data-end=\"815\">\n<p data-start=\"766\" data-end=\"815\">Klart! Ditt blad \u00e4r skarpt och redo att anv\u00e4ndas igen.<\/p>\n<\/li>\n<\/ol>\n<h2 style=\"text-align: center;\" data-start=\"817\" data-end=\"840\"><strong>Produktdetaljer<\/strong><\/h2>\n<ul data-start=\"841\" data-end=\"955\">\n<li data-start=\"841\" data-end=\"889\">\n<p data-start=\"843\" data-end=\"889\"><strong>Material<\/strong>: ABS-plast + blad av volframst\u00e5l<\/p>\n<\/li>\n<li data-start=\"913\" data-end=\"941\">\n<p data-start=\"915\" data-end=\"941\"><strong>Storlek<\/strong>: 14 cm x 2 cm x 5,5 cm<\/p>\n<\/li>\n<li data-start=\"942\" data-end=\"955\">\n<p data-start=\"944\" data-end=\"955\"><strong>Vikt<\/strong>: 40 g<\/p>\n<\/li>\n<\/ul>\n<h2 style=\"text-align: center;\" data-start=\"957\" data-end=\"981\"><strong>I Paketet Ing\u00e5r<\/strong><\/h2>\n<ul data-start=\"982\" data-end=\"1033\">\n<li data-start=\"982\" data-end=\"1033\">\n<p data-start=\"984\" data-end=\"1033\">1x b\u00e4rbar knivslip.<\/p>\n<\/li>\n<\/ul>\n","protected":false},"excerpt":{"rendered":"<p>Slipa Dina Knivar P\u00e5 N\u00e5gra Sekunder &#8211; N\u00e4r Som Helst, Var Som Helst! \ud83d\udd2a\u26a1 Den h\u00e4r kompakta knivslipen ger sl\u00f6a [&hellip;]<\/p>\n","protected":false},"featured_media":16401,"comment_status":"open","ping_status":"closed","template":"","meta":{"site-sidebar-layout":"default","site-content-layout":"","ast-site-content-layout":"default","site-content-style":"default","site-sidebar-style":"default","ast-global-header-display":"","ast-banner-title-visibility":"","ast-main-header-display":"","ast-hfb-above-header-display":"","ast-hfb-below-header-display":"","ast-hfb-mobile-header-display":"","site-post-title":"","ast-breadcrumbs-content":"","ast-featured-img":"","footer-sml-layout":"","theme-transparent-header-meta":"default","adv-header-id-meta":"","stick-header-meta":"","header-above-stick-meta":"","header-main-stick-meta":"","header-below-stick-meta":"","astra-migrate-meta-layouts":"set","ast-page-background-enabled":"default","ast-page-background-meta":{"desktop":{"background-color":"var(--ast-global-color-4)","background-image":"","background-repeat":"repeat","background-position":"center center","background-size":"auto","background-attachment":"scroll","background-type":"","background-media":"","overlay-type":"","overlay-color":"","overlay-opacity":"","overlay-gradient":""},"tablet":{"background-color":"","background-image":"","background-repeat":"repeat","background-position":"center center","background-size":"auto","background-attachment":"scroll","background-type":"","background-media":"","overlay-type":"","overlay-color":"","overlay-opacity":"","overlay-gradient":""},"mobile":{"background-color":"","background-image":"","background-repeat":"repeat","background-position":"center center","background-size":"auto","background-attachment":"scroll","background-type":"","background-media":"","overlay-type":"","overlay-color":"","overlay-opacity":"","overlay-gradient":""}},"ast-content-background-meta":{"desktop":{"background-color":"var(--ast-global-color-5)","background-image":"","background-repeat":"repeat","background-position":"center center","background-size":"auto","background-attachment":"scroll","background-type":"","background-media":"","overlay-type":"","overlay-color":"","overlay-opacity":"","overlay-gradient":""},"tablet":{"background-color":"var(--ast-global-color-5)","background-image":"","background-repeat":"repeat","background-position":"center center","background-size":"auto","background-attachment":"scroll","background-type":"","background-media":"","overlay-type":"","overlay-color":"","overlay-opacity":"","overlay-gradient":""},"mobile":{"background-color":"var(--ast-global-color-5)","background-image":"","background-repeat":"repeat","background-position":"center center","background-size":"auto","background-attachment":"scroll","background-type":"","background-media":"","overlay-type":"","overlay-color":"","overlay-opacity":"","overlay-gradient":""}}},"product_brand":[],"product_cat":[1001],"product_tag":[],"class_list":{"0":"post-16405","1":"product","2":"type-product","3":"status-publish","4":"has-post-thumbnail","6":"product_cat-household-goods","7":"desktop-align-left","8":"tablet-align-left","9":"mobile-align-left","11":"first","12":"instock","13":"shipping-taxable","14":"purchasable","15":"product-type-simple"},"_links":{"self":[{"href":"https:\/\/keluvo.com\/se\/wp-json\/wp\/v2\/product\/16405","targetHints":{"allow":["GET"]}}],"collection":[{"href":"https:\/\/keluvo.com\/se\/wp-json\/wp\/v2\/product"}],"about":[{"href":"https:\/\/keluvo.com\/se\/wp-json\/wp\/v2\/types\/product"}],"replies":[{"embeddable":true,"href":"https:\/\/keluvo.com\/se\/wp-json\/wp\/v2\/comments?post=16405"}],"wp:featuredmedia":[{"embeddable":true,"href":"https:\/\/keluvo.com\/se\/wp-json\/wp\/v2\/media\/16401"}],"wp:attachment":[{"href":"https:\/\/keluvo.com\/se\/wp-json\/wp\/v2\/media?parent=16405"}],"wp:term":[{"taxonomy":"product_brand","embeddable":true,"href":"https:\/\/keluvo.com\/se\/wp-json\/wp\/v2\/product_brand?post=16405"},{"taxonomy":"product_cat","embeddable":true,"href":"https:\/\/keluvo.com\/se\/wp-json\/wp\/v2\/product_cat?post=16405"},{"taxonomy":"product_tag","embeddable":true,"href":"https:\/\/keluvo.com\/se\/wp-json\/wp\/v2\/product_tag?post=16405"}],"curies":[{"name":"wp","href":"https:\/\/api.w.org\/{rel}","templated":true}]}}