{"id":16358,"date":"2025-07-25T14:16:56","date_gmt":"2025-07-25T12:16:56","guid":{"rendered":"https:\/\/keluvo.com\/se\/product\/hundleksak\/"},"modified":"2025-07-25T14:17:12","modified_gmt":"2025-07-25T12:17:12","slug":"hundleksak","status":"publish","type":"product","link":"https:\/\/keluvo.com\/se\/product\/hundleksak\/","title":{"rendered":"Hundleksak"},"content":{"rendered":"<p style=\"text-align: center\" data-start=\"97\" data-end=\"176\"><strong>\ud83e\udd81 Din hunds nya favoritlekv\u00e4n &#8211; den r\u00f6r sig, sjunger och f\u00e5r svansarna att vifta!<\/strong><\/p>\n<p style=\"text-align: center\" data-start=\"178\" data-end=\"368\">Denna bed\u00e5rande interaktiva hundleksak hoppar, vickar och g\u00f6r ljud f\u00f6r att h\u00e5lla din hund underh\u00e5llen i timmar. Den \u00e4r utformad f\u00f6r att v\u00e4cka nyfikenhet och gl\u00e4dje och \u00e4r den perfekta presenten f\u00f6r husdjur i alla storlekar!<\/p>\n<p data-start=\"178\" data-end=\"368\"><img decoding=\"async\" class=\"size-full wp-image-26760 aligncenter\" src=\"https:\/\/keluvo.com\/template\/wp-content\/uploads\/sites\/5\/2025\/07\/db6de277-db6a-4db9-bc79-4680f4a2bb21.gif\" alt=\"\" \/><\/p>\n<h2 style=\"text-align: center\" data-start=\"370\" data-end=\"391\"><strong>\ud83d\udc3e Huvudf\u00f6rdelar<\/strong><\/h2>\n<p data-start=\"394\" data-end=\"439\">\ud83c\udfb5 Spelar musik och ljud f\u00f6r att f\u00e5nga uppm\u00e4rksamheten<\/p>\n<p data-start=\"442\" data-end=\"493\">\ud83e\udd2a Vickar, skakar och dansar f\u00f6r att g\u00f6ra din valp upphetsad<\/p>\n<p data-start=\"496\" data-end=\"546\">\ud83e\udde0 Uppmuntrar till aktiv lek och mental stimulans<\/p>\n<p data-start=\"549\" data-end=\"607\">\ud83d\udc36 Mjukt plyschmaterial &#8211; perfekt f\u00f6r gos och tuggande<\/p>\n<p data-start=\"610\" data-end=\"647\">\ud83d\udd0b USB-laddningsbar och l\u00e4tt att reng\u00f6ra<\/p>\n<p data-start=\"610\" data-end=\"647\"><img decoding=\"async\" class=\"size-full wp-image-26761 aligncenter\" src=\"https:\/\/keluvo.com\/template\/wp-content\/uploads\/sites\/5\/2025\/07\/61c42eac-b3b6-462f-a994-09dfff537301.gif\" alt=\"\" \/><\/p>\n<h2 style=\"text-align: center\" data-start=\"649\" data-end=\"669\"><strong>\ud83e\uddb4 S\u00e5 fungerar den<\/strong><\/h2>\n<ol data-start=\"670\" data-end=\"852\">\n<li data-start=\"670\" data-end=\"723\">\n<p data-start=\"673\" data-end=\"723\">Tryck p\u00e5 knappen f\u00f6r att aktivera r\u00f6relse och ljud.<\/p>\n<\/li>\n<li data-start=\"724\" data-end=\"773\">\n<p data-start=\"727\" data-end=\"773\">L\u00e5t ditt husdjur jaga, bita eller gosa med leksaken.<\/p>\n<\/li>\n<li data-start=\"774\" data-end=\"852\">\n<p data-start=\"777\" data-end=\"852\">leksaken stannar automatiskt efter 10 sekunder &#8211; redo f\u00f6r n\u00e4sta runda av skoj!<\/p>\n<\/li>\n<\/ol>\n<h2 style=\"text-align: center\" data-start=\"854\" data-end=\"877\"><strong>\ud83d\udcd0 Produktdetaljer<\/strong><\/h2>\n<ul data-start=\"878\" data-end=\"1048\">\n<li data-start=\"878\" data-end=\"900\">\n<p data-start=\"880\" data-end=\"900\">Storlek: ca 30 cm<\/p>\n<\/li>\n<li data-start=\"950\" data-end=\"982\">\n<p data-start=\"952\" data-end=\"982\">Laddning: USB-kabel ing\u00e5r<\/p>\n<\/li>\n<li data-start=\"983\" data-end=\"1018\">\n<p data-start=\"985\" data-end=\"1018\">Batteri: Uppladdningsbart (via USB)<\/p>\n<\/li>\n<li data-start=\"1019\" data-end=\"1048\">\n<p data-start=\"1021\" data-end=\"1048\">Material: Mjukt plyschmaterial<\/p>\n<\/li>\n<\/ul>\n<h2 style=\"text-align: center\" data-start=\"1050\" data-end=\"1074\"><strong>\ud83d\udce6 I paketet ing\u00e5r<\/strong><\/h2>\n<ul data-start=\"1075\" data-end=\"1157\">\n<li data-start=\"1075\" data-end=\"1107\">\n<p data-start=\"1077\" data-end=\"1107\">1x hundleksak<\/p>\n<\/li>\n<li data-start=\"1108\" data-end=\"1133\">\n<p data-start=\"1110\" data-end=\"1133\">1x USB-laddningskabel<\/p>\n<\/li>\n<li data-start=\"1134\" data-end=\"1157\">\n<p data-start=\"1136\" data-end=\"1157\">1x bruksanvisning.<\/p>\n<\/li>\n<\/ul>\n","protected":false},"excerpt":{"rendered":"<p>\ud83e\udd81 Din hunds nya favoritlekv\u00e4n &#8211; den r\u00f6r sig, sjunger och f\u00e5r svansarna att vifta! Denna bed\u00e5rande interaktiva hundleksak hoppar, [&hellip;]<\/p>\n","protected":false},"featured_media":16354,"comment_status":"open","ping_status":"closed","template":"","meta":{"site-sidebar-layout":"default","site-content-layout":"","ast-site-content-layout":"default","site-content-style":"default","site-sidebar-style":"default","ast-global-header-display":"","ast-banner-title-visibility":"","ast-main-header-display":"","ast-hfb-above-header-display":"","ast-hfb-below-header-display":"","ast-hfb-mobile-header-display":"","site-post-title":"","ast-breadcrumbs-content":"","ast-featured-img":"","footer-sml-layout":"","theme-transparent-header-meta":"default","adv-header-id-meta":"","stick-header-meta":"","header-above-stick-meta":"","header-main-stick-meta":"","header-below-stick-meta":"","astra-migrate-meta-layouts":"set","ast-page-background-enabled":"default","ast-page-background-meta":{"desktop":{"background-color":"var(--ast-global-color-4)","background-image":"","background-repeat":"repeat","background-position":"center center","background-size":"auto","background-attachment":"scroll","background-type":"","background-media":"","overlay-type":"","overlay-color":"","overlay-opacity":"","overlay-gradient":""},"tablet":{"background-color":"","background-image":"","background-repeat":"repeat","background-position":"center center","background-size":"auto","background-attachment":"scroll","background-type":"","background-media":"","overlay-type":"","overlay-color":"","overlay-opacity":"","overlay-gradient":""},"mobile":{"background-color":"","background-image":"","background-repeat":"repeat","background-position":"center center","background-size":"auto","background-attachment":"scroll","background-type":"","background-media":"","overlay-type":"","overlay-color":"","overlay-opacity":"","overlay-gradient":""}},"ast-content-background-meta":{"desktop":{"background-color":"var(--ast-global-color-5)","background-image":"","background-repeat":"repeat","background-position":"center center","background-size":"auto","background-attachment":"scroll","background-type":"","background-media":"","overlay-type":"","overlay-color":"","overlay-opacity":"","overlay-gradient":""},"tablet":{"background-color":"var(--ast-global-color-5)","background-image":"","background-repeat":"repeat","background-position":"center center","background-size":"auto","background-attachment":"scroll","background-type":"","background-media":"","overlay-type":"","overlay-color":"","overlay-opacity":"","overlay-gradient":""},"mobile":{"background-color":"var(--ast-global-color-5)","background-image":"","background-repeat":"repeat","background-position":"center center","background-size":"auto","background-attachment":"scroll","background-type":"","background-media":"","overlay-type":"","overlay-color":"","overlay-opacity":"","overlay-gradient":""}}},"product_brand":[],"product_cat":[997],"product_tag":[],"class_list":{"0":"post-16358","1":"product","2":"type-product","3":"status-publish","4":"has-post-thumbnail","6":"product_cat-pets-products","7":"pa_31869_c56rf23x-bla-gris","8":"pa_31869_c56rf23x-hamster","9":"pa_31869_c56rf23x-kanin","10":"pa_31869_c56rf23x-lejon","11":"pa_31869_c56rf23x-rod-gris","12":"pa_31869_c56rf23x-tiger","13":"pa_31869_c56rf23x-valp","14":"desktop-align-left","15":"tablet-align-left","16":"mobile-align-left","18":"first","19":"instock","20":"shipping-taxable","21":"purchasable","22":"product-type-variable"},"_links":{"self":[{"href":"https:\/\/keluvo.com\/se\/wp-json\/wp\/v2\/product\/16358","targetHints":{"allow":["GET"]}}],"collection":[{"href":"https:\/\/keluvo.com\/se\/wp-json\/wp\/v2\/product"}],"about":[{"href":"https:\/\/keluvo.com\/se\/wp-json\/wp\/v2\/types\/product"}],"replies":[{"embeddable":true,"href":"https:\/\/keluvo.com\/se\/wp-json\/wp\/v2\/comments?post=16358"}],"wp:featuredmedia":[{"embeddable":true,"href":"https:\/\/keluvo.com\/se\/wp-json\/wp\/v2\/media\/16354"}],"wp:attachment":[{"href":"https:\/\/keluvo.com\/se\/wp-json\/wp\/v2\/media?parent=16358"}],"wp:term":[{"taxonomy":"product_brand","embeddable":true,"href":"https:\/\/keluvo.com\/se\/wp-json\/wp\/v2\/product_brand?post=16358"},{"taxonomy":"product_cat","embeddable":true,"href":"https:\/\/keluvo.com\/se\/wp-json\/wp\/v2\/product_cat?post=16358"},{"taxonomy":"product_tag","embeddable":true,"href":"https:\/\/keluvo.com\/se\/wp-json\/wp\/v2\/product_tag?post=16358"}],"curies":[{"name":"wp","href":"https:\/\/api.w.org\/{rel}","templated":true}]}}