{"id":16312,"date":"2025-07-25T14:14:52","date_gmt":"2025-07-25T12:14:52","guid":{"rendered":"https:\/\/keluvo.com\/se\/product\/fogfyllmedel-150ml\/"},"modified":"2025-07-25T14:26:52","modified_gmt":"2025-07-25T12:26:52","slug":"fogfyllmedel-150ml","status":"publish","type":"product","link":"https:\/\/keluvo.com\/se\/product\/fogfyllmedel-150ml\/","title":{"rendered":"Fogfyllmedel (150ml)"},"content":{"rendered":"<p style=\"text-align: center;\" data-start=\"121\" data-end=\"168\"><strong>\ud83e\uddf1 Fixa Kakelgap P\u00e5 N\u00e5gra Sekunder \u2013 Inga Verktyg Eller R\u00f6ra!<\/strong><\/p>\n<p style=\"text-align: center;\" data-start=\"170\" data-end=\"324\">Tr\u00f6tt p\u00e5 smutsiga, spruckna eller m\u00f6gliga injekteringslinjer? Denna l\u00e4ttanv\u00e4nda fogfyllare \u00e5terst\u00e4ller dina kakelplattor och f\u00e5r dina golv och v\u00e4ggar att se helt nya ut!<\/p>\n<p data-start=\"170\" data-end=\"324\"><img decoding=\"async\" class=\"size-full wp-image-26262 aligncenter\" src=\"https:\/\/keluvo.com\/template\/wp-content\/uploads\/sites\/5\/2025\/07\/07026-ezgif.com-video-to-webp-converter-1.webp\" alt=\"\" \/><\/p>\n<h2 style=\"text-align: center;\" data-start=\"326\" data-end=\"346\">\u2728 Huvudf\u00f6rdelar<\/h2>\n<p data-start=\"349\" data-end=\"388\">\ud83e\uddfd Fyller luckor snabbt och t\u00e4tar dem ordentligt<\/p>\n<p data-start=\"391\" data-end=\"431\">\ud83d\udca7 Vattent\u00e4t och m\u00f6gelresistent formula<\/p>\n<p data-start=\"434\" data-end=\"473\">\ud83c\udfaf Precist munstycke f\u00f6r ren applicering<\/p>\n<p data-start=\"476\" data-end=\"527\">\ud83c\udfe0 Perfekt f\u00f6r badrum, k\u00f6k, golv och v\u00e4ggar<\/p>\n<p data-start=\"530\" data-end=\"600\">\ud83c\udfa8 Finns i vitt, svart, silver, guld och gr\u00e5tt f\u00f6r att matcha alla tile<\/p>\n<p data-start=\"530\" data-end=\"600\"><img decoding=\"async\" class=\"size-full wp-image-26267 aligncenter\" src=\"https:\/\/keluvo.com\/template\/wp-content\/uploads\/sites\/5\/2025\/07\/Sff8514e66495444bba08fc74dfc003edj.jpg_960x960q75.jpg_.avif\" alt=\"\" \/><\/p>\n<h2 style=\"text-align: center;\" data-start=\"602\" data-end=\"621\">\ud83d\udee0\ufe0f Hur Man Anv\u00e4nder<\/h2>\n<ol data-start=\"622\" data-end=\"777\">\n<li data-start=\"622\" data-end=\"644\">\n<p data-start=\"625\" data-end=\"644\">Reng\u00f6r luckan.<\/p>\n<\/li>\n<li data-start=\"645\" data-end=\"710\">\n<p data-start=\"648\" data-end=\"710\">Pressa in spacklet direkt i springan med det spetsiga munstycket.<\/p>\n<\/li>\n<li data-start=\"711\" data-end=\"755\">\n<p data-start=\"714\" data-end=\"755\">J\u00e4mna ut det med fingret eller ett verktyg.<\/p>\n<\/li>\n<li data-start=\"756\" data-end=\"777\">\n<p data-start=\"759\" data-end=\"777\">L\u00e5t torka &#8211; klart!<\/p>\n<\/li>\n<\/ol>\n<h2 style=\"text-align: center;\" data-start=\"779\" data-end=\"802\">\ud83d\udcd0 Produktdetaljer<\/h2>\n<ul data-start=\"803\" data-end=\"912\">\n<li data-start=\"803\" data-end=\"842\">\n<p data-start=\"805\" data-end=\"842\">Starkt h\u00e4ft\u00e4mne f\u00f6r l\u00e5ngvarigt f\u00e4ste<\/p>\n<\/li>\n<li data-start=\"843\" data-end=\"875\">\n<p data-start=\"845\" data-end=\"875\">Vatten- och fl\u00e4ckbest\u00e4ndig<\/p>\n<\/li>\n<li data-start=\"876\" data-end=\"912\">\n<p data-start=\"878\" data-end=\"912\">Torkar snabbt med en j\u00e4mn yta<\/p>\n<\/li>\n<\/ul>\n<h2 style=\"text-align: center;\" data-start=\"914\" data-end=\"938\">\ud83d\udce6 F\u00f6rpackningen Inneh\u00e5ller<\/h2>\n<ul data-start=\"939\" data-end=\"994\">\n<li data-start=\"939\" data-end=\"994\">\n<p data-start=\"941\" data-end=\"994\">1, 2, 3x fogmassa (150ml)<\/p>\n<\/li>\n<\/ul>\n","protected":false},"excerpt":{"rendered":"<p>\ud83e\uddf1 Fixa Kakelgap P\u00e5 N\u00e5gra Sekunder \u2013 Inga Verktyg Eller R\u00f6ra! Tr\u00f6tt p\u00e5 smutsiga, spruckna eller m\u00f6gliga injekteringslinjer? Denna l\u00e4ttanv\u00e4nda [&hellip;]<\/p>\n","protected":false},"featured_media":16308,"comment_status":"open","ping_status":"closed","template":"","meta":{"site-sidebar-layout":"default","site-content-layout":"","ast-site-content-layout":"default","site-content-style":"default","site-sidebar-style":"default","ast-global-header-display":"","ast-banner-title-visibility":"","ast-main-header-display":"","ast-hfb-above-header-display":"","ast-hfb-below-header-display":"","ast-hfb-mobile-header-display":"","site-post-title":"","ast-breadcrumbs-content":"","ast-featured-img":"","footer-sml-layout":"","theme-transparent-header-meta":"default","adv-header-id-meta":"","stick-header-meta":"","header-above-stick-meta":"","header-main-stick-meta":"","header-below-stick-meta":"","astra-migrate-meta-layouts":"set","ast-page-background-enabled":"default","ast-page-background-meta":{"desktop":{"background-color":"var(--ast-global-color-4)","background-image":"","background-repeat":"repeat","background-position":"center center","background-size":"auto","background-attachment":"scroll","background-type":"","background-media":"","overlay-type":"","overlay-color":"","overlay-opacity":"","overlay-gradient":""},"tablet":{"background-color":"","background-image":"","background-repeat":"repeat","background-position":"center center","background-size":"auto","background-attachment":"scroll","background-type":"","background-media":"","overlay-type":"","overlay-color":"","overlay-opacity":"","overlay-gradient":""},"mobile":{"background-color":"","background-image":"","background-repeat":"repeat","background-position":"center center","background-size":"auto","background-attachment":"scroll","background-type":"","background-media":"","overlay-type":"","overlay-color":"","overlay-opacity":"","overlay-gradient":""}},"ast-content-background-meta":{"desktop":{"background-color":"var(--ast-global-color-5)","background-image":"","background-repeat":"repeat","background-position":"center center","background-size":"auto","background-attachment":"scroll","background-type":"","background-media":"","overlay-type":"","overlay-color":"","overlay-opacity":"","overlay-gradient":""},"tablet":{"background-color":"var(--ast-global-color-5)","background-image":"","background-repeat":"repeat","background-position":"center center","background-size":"auto","background-attachment":"scroll","background-type":"","background-media":"","overlay-type":"","overlay-color":"","overlay-opacity":"","overlay-gradient":""},"mobile":{"background-color":"var(--ast-global-color-5)","background-image":"","background-repeat":"repeat","background-position":"center center","background-size":"auto","background-attachment":"scroll","background-type":"","background-media":"","overlay-type":"","overlay-color":"","overlay-opacity":"","overlay-gradient":""}}},"product_brand":[],"product_cat":[15],"product_tag":[],"class_list":{"0":"post-16312","1":"product","2":"type-product","3":"status-publish","4":"has-post-thumbnail","6":"product_cat-uncategorized","7":"pa_20966_36qr7tom-gra","8":"pa_20966_36qr7tom-guld","9":"pa_20966_36qr7tom-silver","10":"pa_20966_36qr7tom-svart","11":"pa_20966_36qr7tom-vit","12":"pa_20966_p8a2skj5-1-st","13":"pa_20966_p8a2skj5-2-st","14":"pa_20966_p8a2skj5-3-st","15":"desktop-align-left","16":"tablet-align-left","17":"mobile-align-left","19":"first","20":"instock","21":"shipping-taxable","22":"purchasable","23":"product-type-variable","24":"has-default-attributes"},"_links":{"self":[{"href":"https:\/\/keluvo.com\/se\/wp-json\/wp\/v2\/product\/16312","targetHints":{"allow":["GET"]}}],"collection":[{"href":"https:\/\/keluvo.com\/se\/wp-json\/wp\/v2\/product"}],"about":[{"href":"https:\/\/keluvo.com\/se\/wp-json\/wp\/v2\/types\/product"}],"replies":[{"embeddable":true,"href":"https:\/\/keluvo.com\/se\/wp-json\/wp\/v2\/comments?post=16312"}],"wp:featuredmedia":[{"embeddable":true,"href":"https:\/\/keluvo.com\/se\/wp-json\/wp\/v2\/media\/16308"}],"wp:attachment":[{"href":"https:\/\/keluvo.com\/se\/wp-json\/wp\/v2\/media?parent=16312"}],"wp:term":[{"taxonomy":"product_brand","embeddable":true,"href":"https:\/\/keluvo.com\/se\/wp-json\/wp\/v2\/product_brand?post=16312"},{"taxonomy":"product_cat","embeddable":true,"href":"https:\/\/keluvo.com\/se\/wp-json\/wp\/v2\/product_cat?post=16312"},{"taxonomy":"product_tag","embeddable":true,"href":"https:\/\/keluvo.com\/se\/wp-json\/wp\/v2\/product_tag?post=16312"}],"curies":[{"name":"wp","href":"https:\/\/api.w.org\/{rel}","templated":true}]}}