{"id":16240,"date":"2025-07-25T14:12:22","date_gmt":"2025-07-25T12:12:22","guid":{"rendered":"https:\/\/keluvo.com\/se\/product\/armband-set\/"},"modified":"2025-07-25T14:12:29","modified_gmt":"2025-07-25T12:12:29","slug":"armband-set","status":"publish","type":"product","link":"https:\/\/keluvo.com\/se\/product\/armband-set\/","title":{"rendered":"Armband set"},"content":{"rendered":"<p style=\"text-align: center\" data-start=\"101\" data-end=\"250\"><strong>\ud83d\udee1\ufe0f Kanalisera Din Inre Krigare Med Varje Outfit!<\/strong><\/p>\n<p style=\"text-align: center\" data-start=\"101\" data-end=\"250\">K\u00e4nn kraften fr\u00e5n de nordiska gudarna runt handleden med detta dj\u00e4rva och robusta armbandsset. The Vikings Warrior Bracelets \u00e4r skapade f\u00f6r dem som g\u00e5r med styrka och stil. Tillverkade av h\u00e5llbart rostfritt st\u00e5l och premiump\u00e4rlor, varje del har Viking-inspirerad design som kr\u00e4ver uppm\u00e4rksamhet.<\/p>\n<p data-start=\"101\" data-end=\"250\"><img decoding=\"async\" class=\"size-full wp-image-26211 aligncenter\" src=\"https:\/\/keluvo.com\/template\/wp-content\/uploads\/sites\/5\/2025\/07\/07024-ezgif.com-video-to-webp-converter.webp\" alt=\"\" \/><\/p>\n<h2 style=\"text-align: center\" data-start=\"460\" data-end=\"487\"><strong>\u2728 Varf\u00f6r Du Kommer Att \u00c4lska Det<\/strong><\/h2>\n<p data-start=\"490\" data-end=\"538\">\ud83e\uddff Inneh\u00e5ller 2 p\u00e4rlarmband + 1 manschett bangle<\/p>\n<p data-start=\"541\" data-end=\"606\">\ud83d\udee0\ufe0f Tillverkad av h\u00f6gkvalitativt rostfritt st\u00e5l &#8211; ingen rost, ingen blekning<\/p>\n<p data-start=\"609\" data-end=\"648\">\u26a1 Ger en or\u00e4dd touch till alla outfit<\/p>\n<p data-start=\"651\" data-end=\"704\">\ud83e\uddd4\u200d\u2642\ufe0f Perfekt som present eller f\u00f6r att uppgradera din personliga stil<\/p>\n<p data-start=\"707\" data-end=\"754\">\ud83d\udd12 Byggt f\u00f6r att h\u00e5lla och vara bekv\u00e4mt hela dagen<\/p>\n<h2 style=\"text-align: center\" data-start=\"756\" data-end=\"911\"><strong>\ud83d\udce6 Hur Man Anv\u00e4nder<\/strong><\/h2>\n<ol>\n<li data-start=\"756\" data-end=\"911\">Slipa de p\u00e4rlbestr\u00f6dda armbanden \u00f6ver handleden och f\u00e4st manschettarmbandet.<\/li>\n<li data-start=\"756\" data-end=\"911\">Stapla dem tillsammans eller b\u00e4r dem separat &#8211; din stil, dina regler.<\/li>\n<\/ol>\n<h2 style=\"text-align: center\" data-start=\"913\" data-end=\"938\"><strong>\ud83d\udccf Produktdetaljer<\/strong><\/h2>\n<ul data-start=\"939\" data-end=\"1077\">\n<li data-start=\"939\" data-end=\"994\">\n<p data-start=\"941\" data-end=\"994\">3-delat set: 2 x p\u00e4rlarmband + 1 x cuff bangle<\/p>\n<\/li>\n<li data-start=\"1014\" data-end=\"1059\">\n<p data-start=\"1016\" data-end=\"1059\">Material: Rostfritt st\u00e5l + premiump\u00e4rlor<\/p>\n<\/li>\n<li data-start=\"1060\" data-end=\"1077\">\n<p data-start=\"1062\" data-end=\"1077\">Unisexdesign<\/p>\n<\/li>\n<\/ul>\n<h2 style=\"text-align: center\" data-start=\"1079\" data-end=\"1105\"><strong>\ud83c\udf81 Paketet Inneh\u00e5ller<\/strong><\/h2>\n<ul data-start=\"1106\" data-end=\"1154\">\n<li data-start=\"1106\" data-end=\"1154\">\n<p data-start=\"1108\" data-end=\"1154\">1 x armbandsset (totalt 3 st).<\/p>\n<\/li>\n<\/ul>\n","protected":false},"excerpt":{"rendered":"<p>\ud83d\udee1\ufe0f Kanalisera Din Inre Krigare Med Varje Outfit! K\u00e4nn kraften fr\u00e5n de nordiska gudarna runt handleden med detta dj\u00e4rva och [&hellip;]<\/p>\n","protected":false},"featured_media":16236,"comment_status":"open","ping_status":"closed","template":"","meta":{"site-sidebar-layout":"default","site-content-layout":"","ast-site-content-layout":"default","site-content-style":"default","site-sidebar-style":"default","ast-global-header-display":"","ast-banner-title-visibility":"","ast-main-header-display":"","ast-hfb-above-header-display":"","ast-hfb-below-header-display":"","ast-hfb-mobile-header-display":"","site-post-title":"","ast-breadcrumbs-content":"","ast-featured-img":"","footer-sml-layout":"","theme-transparent-header-meta":"default","adv-header-id-meta":"","stick-header-meta":"","header-above-stick-meta":"","header-main-stick-meta":"","header-below-stick-meta":"","astra-migrate-meta-layouts":"set","ast-page-background-enabled":"default","ast-page-background-meta":{"desktop":{"background-color":"var(--ast-global-color-4)","background-image":"","background-repeat":"repeat","background-position":"center center","background-size":"auto","background-attachment":"scroll","background-type":"","background-media":"","overlay-type":"","overlay-color":"","overlay-opacity":"","overlay-gradient":""},"tablet":{"background-color":"","background-image":"","background-repeat":"repeat","background-position":"center center","background-size":"auto","background-attachment":"scroll","background-type":"","background-media":"","overlay-type":"","overlay-color":"","overlay-opacity":"","overlay-gradient":""},"mobile":{"background-color":"","background-image":"","background-repeat":"repeat","background-position":"center center","background-size":"auto","background-attachment":"scroll","background-type":"","background-media":"","overlay-type":"","overlay-color":"","overlay-opacity":"","overlay-gradient":""}},"ast-content-background-meta":{"desktop":{"background-color":"var(--ast-global-color-5)","background-image":"","background-repeat":"repeat","background-position":"center center","background-size":"auto","background-attachment":"scroll","background-type":"","background-media":"","overlay-type":"","overlay-color":"","overlay-opacity":"","overlay-gradient":""},"tablet":{"background-color":"var(--ast-global-color-5)","background-image":"","background-repeat":"repeat","background-position":"center center","background-size":"auto","background-attachment":"scroll","background-type":"","background-media":"","overlay-type":"","overlay-color":"","overlay-opacity":"","overlay-gradient":""},"mobile":{"background-color":"var(--ast-global-color-5)","background-image":"","background-repeat":"repeat","background-position":"center center","background-size":"auto","background-attachment":"scroll","background-type":"","background-media":"","overlay-type":"","overlay-color":"","overlay-opacity":"","overlay-gradient":""}}},"product_brand":[],"product_cat":[993],"product_tag":[],"class_list":{"0":"post-16240","1":"product","2":"type-product","3":"status-publish","4":"has-post-thumbnail","6":"product_cat-footwear-accessories","7":"pa_38245_0gxgoizn-dodskalle","8":"pa_38245_0gxgoizn-klo","9":"pa_38245_0gxgoizn-krigare","10":"desktop-align-left","11":"tablet-align-left","12":"mobile-align-left","14":"first","15":"instock","16":"shipping-taxable","17":"purchasable","18":"product-type-variable"},"_links":{"self":[{"href":"https:\/\/keluvo.com\/se\/wp-json\/wp\/v2\/product\/16240","targetHints":{"allow":["GET"]}}],"collection":[{"href":"https:\/\/keluvo.com\/se\/wp-json\/wp\/v2\/product"}],"about":[{"href":"https:\/\/keluvo.com\/se\/wp-json\/wp\/v2\/types\/product"}],"replies":[{"embeddable":true,"href":"https:\/\/keluvo.com\/se\/wp-json\/wp\/v2\/comments?post=16240"}],"wp:featuredmedia":[{"embeddable":true,"href":"https:\/\/keluvo.com\/se\/wp-json\/wp\/v2\/media\/16236"}],"wp:attachment":[{"href":"https:\/\/keluvo.com\/se\/wp-json\/wp\/v2\/media?parent=16240"}],"wp:term":[{"taxonomy":"product_brand","embeddable":true,"href":"https:\/\/keluvo.com\/se\/wp-json\/wp\/v2\/product_brand?post=16240"},{"taxonomy":"product_cat","embeddable":true,"href":"https:\/\/keluvo.com\/se\/wp-json\/wp\/v2\/product_cat?post=16240"},{"taxonomy":"product_tag","embeddable":true,"href":"https:\/\/keluvo.com\/se\/wp-json\/wp\/v2\/product_tag?post=16240"}],"curies":[{"name":"wp","href":"https:\/\/api.w.org\/{rel}","templated":true}]}}