{"id":16235,"date":"2025-07-25T14:11:55","date_gmt":"2025-07-25T12:11:55","guid":{"rendered":"https:\/\/keluvo.com\/se\/product\/balte-for-fettreducering\/"},"modified":"2025-07-25T14:11:55","modified_gmt":"2025-07-25T12:11:55","slug":"balte-for-fettreducering","status":"publish","type":"product","link":"https:\/\/keluvo.com\/se\/product\/balte-for-fettreducering\/","title":{"rendered":"B\u00e4lte f\u00f6r fettreducering"},"content":{"rendered":"<p style=\"text-align: center\" data-start=\"91\" data-end=\"308\"><strong>\ud83d\udd25 Br\u00e4nn fett &amp; skulptera din kropp &#8211; medan du sitter i soffan!<\/strong><\/p>\n<p style=\"text-align: center\" data-start=\"91\" data-end=\"308\">Fettreduceringsb\u00e4ltet anv\u00e4nder smart muskelstimulering (EMS) f\u00f6r att hj\u00e4lpa till att minska bukfett, tona din k\u00e4rna och definiera dina magmuskler utan intensiva tr\u00e4ningspass eller strikta dieter. B\u00e4r det under dina kl\u00e4der n\u00e4r som helst &#8211; p\u00e5 jobbet, n\u00e4r du promenerar eller kopplar av hemma!<\/p>\n<p data-start=\"91\" data-end=\"308\"><img decoding=\"async\" class=\"size-full wp-image-26204 aligncenter\" src=\"https:\/\/keluvo.com\/template\/wp-content\/uploads\/sites\/5\/2025\/07\/07023-ezgif.com-video-to-webp-converter.webp\" alt=\"\" \/><\/p>\n<h2 style=\"text-align: center\" data-start=\"391\" data-end=\"412\">\u2728 Huvudf\u00f6rdelar<\/h2>\n<p data-start=\"415\" data-end=\"476\">\ud83d\udcaa Tonar magmusklerna, minskar bukfettet och definierar midjan<\/p>\n<p data-start=\"479\" data-end=\"531\">\ud83d\udd0b EMS-teknik aktiverar musklerna utan anstr\u00e4ngning<\/p>\n<p data-start=\"534\" data-end=\"582\">\ud83e\uddcd Smal design f\u00f6r diskret anv\u00e4ndning under kl\u00e4derna<\/p>\n<p data-start=\"585\" data-end=\"629\">\u23f1 Justerbar intensitet med 6 effektniv\u00e5er<\/p>\n<p data-start=\"632\" data-end=\"677\">\ud83e\uddd8\u200d\u2642\ufe0f Perfekt f\u00f6r m\u00e4n och kvinnor &#8211; inget gym beh\u00f6vs<\/p>\n<p data-start=\"632\" data-end=\"677\"><img decoding=\"async\" class=\"size-full wp-image-26205 aligncenter\" src=\"https:\/\/keluvo.com\/template\/wp-content\/uploads\/sites\/5\/2025\/07\/573724ad-4591-49db-b9ab-16caa499d987.webp\" alt=\"\" \/><\/p>\n<h2 style=\"text-align: center\" data-start=\"679\" data-end=\"698\">\ud83d\udd27 Hur man anv\u00e4nder<\/h2>\n<ol data-start=\"699\" data-end=\"840\">\n<li data-start=\"699\" data-end=\"738\">\n<p data-start=\"702\" data-end=\"738\">F\u00e4st b\u00e4ltet runt midjan.<\/p>\n<\/li>\n<li data-start=\"739\" data-end=\"789\">\n<p data-start=\"742\" data-end=\"789\">V\u00e4lj \u00f6nskat l\u00e4ge och intensitetsniv\u00e5.<\/p>\n<\/li>\n<li data-start=\"790\" data-end=\"840\">\n<p data-start=\"793\" data-end=\"840\">Koppla av medan fettreduceringsb\u00e4ltet arbetar med dina muskler \u00e5t dig!<\/p>\n<\/li>\n<\/ol>\n<h2 style=\"text-align: center\" data-start=\"842\" data-end=\"866\">\ud83d\udccf Produktdetaljer<\/h2>\n<ul data-start=\"867\" data-end=\"1008\">\n<li data-start=\"924\" data-end=\"953\">\n<p data-start=\"926\" data-end=\"953\">B\u00e4ltets storlek: 19,5 x 18,5 cm<\/p>\n<\/li>\n<li data-start=\"954\" data-end=\"977\">\n<p data-start=\"956\" data-end=\"977\">Intensitetsniv\u00e5er: 6<\/p>\n<\/li>\n<li data-start=\"978\" data-end=\"1008\">\n<p data-start=\"980\" data-end=\"1008\">Laddning: USB-laddningsbart<\/p>\n<\/li>\n<\/ul>\n<h2 style=\"text-align: center\" data-start=\"1010\" data-end=\"1035\">\ud83d\udce6 Paketet inneh\u00e5ller<\/h2>\n<ul data-start=\"1036\" data-end=\"1110\">\n<li data-start=\"1036\" data-end=\"1069\">\n<p data-start=\"1038\" data-end=\"1069\">1x fettreduceringsb\u00e4lte<\/p>\n<\/li>\n<li data-start=\"1070\" data-end=\"1091\">\n<p data-start=\"1072\" data-end=\"1091\">1x laddningskabel<\/p>\n<\/li>\n<li data-start=\"1092\" data-end=\"1110\">\n<p data-start=\"1094\" data-end=\"1110\">1x anv\u00e4ndarmanual.<\/p>\n<\/li>\n<\/ul>\n","protected":false},"excerpt":{"rendered":"<p>\ud83d\udd25 Br\u00e4nn fett &amp; skulptera din kropp &#8211; medan du sitter i soffan! Fettreduceringsb\u00e4ltet anv\u00e4nder smart muskelstimulering (EMS) f\u00f6r att [&hellip;]<\/p>\n","protected":false},"featured_media":16231,"comment_status":"open","ping_status":"closed","template":"","meta":{"site-sidebar-layout":"default","site-content-layout":"","ast-site-content-layout":"default","site-content-style":"default","site-sidebar-style":"default","ast-global-header-display":"","ast-banner-title-visibility":"","ast-main-header-display":"","ast-hfb-above-header-display":"","ast-hfb-below-header-display":"","ast-hfb-mobile-header-display":"","site-post-title":"","ast-breadcrumbs-content":"","ast-featured-img":"","footer-sml-layout":"","theme-transparent-header-meta":"default","adv-header-id-meta":"","stick-header-meta":"","header-above-stick-meta":"","header-main-stick-meta":"","header-below-stick-meta":"","astra-migrate-meta-layouts":"set","ast-page-background-enabled":"default","ast-page-background-meta":{"desktop":{"background-color":"var(--ast-global-color-4)","background-image":"","background-repeat":"repeat","background-position":"center center","background-size":"auto","background-attachment":"scroll","background-type":"","background-media":"","overlay-type":"","overlay-color":"","overlay-opacity":"","overlay-gradient":""},"tablet":{"background-color":"","background-image":"","background-repeat":"repeat","background-position":"center center","background-size":"auto","background-attachment":"scroll","background-type":"","background-media":"","overlay-type":"","overlay-color":"","overlay-opacity":"","overlay-gradient":""},"mobile":{"background-color":"","background-image":"","background-repeat":"repeat","background-position":"center center","background-size":"auto","background-attachment":"scroll","background-type":"","background-media":"","overlay-type":"","overlay-color":"","overlay-opacity":"","overlay-gradient":""}},"ast-content-background-meta":{"desktop":{"background-color":"var(--ast-global-color-5)","background-image":"","background-repeat":"repeat","background-position":"center center","background-size":"auto","background-attachment":"scroll","background-type":"","background-media":"","overlay-type":"","overlay-color":"","overlay-opacity":"","overlay-gradient":""},"tablet":{"background-color":"var(--ast-global-color-5)","background-image":"","background-repeat":"repeat","background-position":"center center","background-size":"auto","background-attachment":"scroll","background-type":"","background-media":"","overlay-type":"","overlay-color":"","overlay-opacity":"","overlay-gradient":""},"mobile":{"background-color":"var(--ast-global-color-5)","background-image":"","background-repeat":"repeat","background-position":"center center","background-size":"auto","background-attachment":"scroll","background-type":"","background-media":"","overlay-type":"","overlay-color":"","overlay-opacity":"","overlay-gradient":""}}},"product_brand":[],"product_cat":[993,999],"product_tag":[],"class_list":{"0":"post-16235","1":"product","2":"type-product","3":"status-publish","4":"has-post-thumbnail","6":"product_cat-footwear-accessories","7":"product_cat-sporting-goods","8":"desktop-align-left","9":"tablet-align-left","10":"mobile-align-left","12":"first","13":"instock","14":"shipping-taxable","15":"purchasable","16":"product-type-simple"},"_links":{"self":[{"href":"https:\/\/keluvo.com\/se\/wp-json\/wp\/v2\/product\/16235","targetHints":{"allow":["GET"]}}],"collection":[{"href":"https:\/\/keluvo.com\/se\/wp-json\/wp\/v2\/product"}],"about":[{"href":"https:\/\/keluvo.com\/se\/wp-json\/wp\/v2\/types\/product"}],"replies":[{"embeddable":true,"href":"https:\/\/keluvo.com\/se\/wp-json\/wp\/v2\/comments?post=16235"}],"wp:featuredmedia":[{"embeddable":true,"href":"https:\/\/keluvo.com\/se\/wp-json\/wp\/v2\/media\/16231"}],"wp:attachment":[{"href":"https:\/\/keluvo.com\/se\/wp-json\/wp\/v2\/media?parent=16235"}],"wp:term":[{"taxonomy":"product_brand","embeddable":true,"href":"https:\/\/keluvo.com\/se\/wp-json\/wp\/v2\/product_brand?post=16235"},{"taxonomy":"product_cat","embeddable":true,"href":"https:\/\/keluvo.com\/se\/wp-json\/wp\/v2\/product_cat?post=16235"},{"taxonomy":"product_tag","embeddable":true,"href":"https:\/\/keluvo.com\/se\/wp-json\/wp\/v2\/product_tag?post=16235"}],"curies":[{"name":"wp","href":"https:\/\/api.w.org\/{rel}","templated":true}]}}