{"id":16186,"date":"2025-07-25T14:08:53","date_gmt":"2025-07-25T12:08:53","guid":{"rendered":"https:\/\/keluvo.com\/se\/product\/exfolierande-kuddar\/"},"modified":"2025-07-25T14:23:24","modified_gmt":"2025-07-25T12:23:24","slug":"exfolierande-kuddar","status":"publish","type":"product","link":"https:\/\/keluvo.com\/se\/product\/exfolierande-kuddar\/","title":{"rendered":"Exfolierande kuddar"},"content":{"rendered":"<p style=\"text-align: center;\" data-start=\"0\" data-end=\"87\"><strong data-start=\"0\" data-end=\"87\">\ud83e\uddd6\u200d\u2640\ufe0fReveal Lenare, Gl\u00f6dande Hud P\u00e5 N\u00e5gra Sekunder Med Dessa Exfolierande Pads Med Kojic!<\/strong><\/p>\n<p style=\"text-align: center;\" data-start=\"89\" data-end=\"411\">Dessa skonsamma men kraftfulla exfolierande pads \u00e4r fyllda med antioxidantrik kojic f\u00f6r att reng\u00f6ra, sl\u00e4ta ut och fr\u00e4scha upp huden utan kladd. De \u00e4r utformade f\u00f6r daglig anv\u00e4ndning och avl\u00e4gsnar d\u00f6da hudceller och orenheter samtidigt som de hj\u00e4lper till att balansera olja och f\u00f6rb\u00e4ttra hudstrukturen &#8211; perfekt f\u00f6r alla som vill ha en klarare och mer str\u00e5lande hy.<\/p>\n<p data-start=\"89\" data-end=\"411\"><img decoding=\"async\" class=\"size-full wp-image-26739 aligncenter\" src=\"https:\/\/keluvo.com\/template\/wp-content\/uploads\/sites\/5\/2025\/07\/71KhTXw7h5L._AC_SX679_-1.jpg\" alt=\"\" \/><\/p>\n<h2 style=\"text-align: center;\" data-start=\"418\" data-end=\"440\">\ud83c\udf1f Huvudf\u00f6rdelar<\/h2>\n<p data-start=\"443\" data-end=\"497\">\ud83e\uddfc <strong data-start=\"446\" data-end=\"465\">Dubbelsidiga Pads<\/strong> exfolierar och reng\u00f6r p\u00e5 en g\u00e5ng<\/p>\n<p data-start=\"500\" data-end=\"556\">\ud83c\udf3f <strong data-start=\"503\" data-end=\"525\">Inneh\u00e5ller Kojic<\/strong> f\u00f6r uppljusande och lugnande effekt<\/p>\n<p data-start=\"559\" data-end=\"609\">\u2728 <strong data-start=\"561\" data-end=\"586\">F\u00f6rb\u00e4ttrar Hudens Struktur<\/strong> och minskar oljighet<\/p>\n<p data-start=\"612\" data-end=\"665\">\ud83d\udeab <strong data-start=\"615\" data-end=\"637\">Inga Starka Kemikalier<\/strong> \u2013 s\u00e4ker f\u00f6r alla hudtyper<\/p>\n<p data-start=\"668\" data-end=\"728\">\ud83e\uddd6 <strong data-start=\"671\" data-end=\"697\">Smutsfri &amp; Bekv\u00e4m<\/strong> \u2013 bara greppa, svep och glow<\/p>\n<p data-start=\"731\" data-end=\"779\">\ud83e\uddea <strong data-start=\"734\" data-end=\"758\">Dermatologiskt Testad<\/strong> f\u00f6r daglig s\u00e4ker anv\u00e4ndning<\/p>\n<p data-start=\"731\" data-end=\"779\"><img decoding=\"async\" class=\"size-full wp-image-26742 aligncenter\" src=\"https:\/\/keluvo.com\/template\/wp-content\/uploads\/sites\/5\/2025\/07\/d36e9eee-c69e-45e6-8320-df4a79ce5d74.417eee4d267f2f784e5c6665a5b6533e.webp\" alt=\"\" \/><\/p>\n<h2 style=\"text-align: center;\">\ud83e\udded Hur Man Anv\u00e4nder<\/h2>\n<ol data-start=\"806\" data-end=\"1104\">\n<li data-start=\"806\" data-end=\"843\">\n<p data-start=\"809\" data-end=\"843\">Ta en pad fr\u00e5n beh\u00e5llaren.<\/p>\n<\/li>\n<li data-start=\"844\" data-end=\"923\">\n<p data-start=\"847\" data-end=\"923\">Anv\u00e4nd mikrofibersidan f\u00f6r att f\u00f6rsiktigt exfoliera ditt ansikte i cirkul\u00e4ra r\u00f6relser.<\/p>\n<\/li>\n<li data-start=\"924\" data-end=\"984\">\n<p data-start=\"927\" data-end=\"984\">V\u00e4nd till den sl\u00e4ta sidan f\u00f6r att torka bort resterande rester.<\/p>\n<\/li>\n<li data-start=\"985\" data-end=\"1048\">\n<p data-start=\"988\" data-end=\"1048\">Sk\u00f6lj inte &#8211; l\u00e5t huden absorbera den \u00e5terst\u00e5ende essensen.<\/p>\n<\/li>\n<li data-start=\"1049\" data-end=\"1104\">\n<p data-start=\"1052\" data-end=\"1104\">F\u00f6lj upp med din favoritfuktighetskr\u00e4m eller serum.<\/p>\n<\/li>\n<\/ol>\n<h2 style=\"text-align: center;\" data-start=\"1111\" data-end=\"1135\">\ud83d\udccf Produktdetaljer<\/h2>\n<ul data-start=\"1136\" data-end=\"1399\">\n<li data-start=\"1136\" data-end=\"1203\">\n<p data-start=\"1138\" data-end=\"1203\"><strong>Hudv\u00e4nlig<\/strong>: L\u00e4mplig f\u00f6r alla hudtyper, inklusive k\u00e4nsliga<\/p>\n<\/li>\n<li data-start=\"1204\" data-end=\"1268\">\n<p data-start=\"1206\" data-end=\"1268\"><strong>Textur<\/strong>: Dubbelsidig pad (exfolierande mikrofiber + mjuk sida)<\/p>\n<\/li>\n<li data-start=\"1269\" data-end=\"1324\">\n<p data-start=\"1271\" data-end=\"1324\"><strong>Huvudingrediens<\/strong>: Kojic f\u00f6r uppljusande och balanserande effekt<\/p>\n<\/li>\n<li data-start=\"1325\" data-end=\"1346\">\n<p data-start=\"1327\" data-end=\"1346\"><strong>Kvantitet<\/strong>: I en f\u00f6rpackning med 40 pads<\/p>\n<\/li>\n<li data-start=\"1347\" data-end=\"1399\">\n<p data-start=\"1349\" data-end=\"1399\"><strong>Anv\u00e4ndning<\/strong>: Idealisk f\u00f6r daglig exfoliering och oljekontroll<\/p>\n<\/li>\n<\/ul>\n<h2 style=\"text-align: center;\" data-start=\"1406\" data-end=\"1431\">\ud83d\udce6 F\u00f6rpackningen Inneh\u00e5ller<\/h2>\n<ul data-start=\"1432\" data-end=\"1467\">\n<li data-start=\"1432\" data-end=\"1467\">\n<p data-start=\"1434\" data-end=\"1467\">1, 2, 3x f\u00f6rpackning\/ar med exfolierande pads.<\/p>\n<\/li>\n<\/ul>\n","protected":false},"excerpt":{"rendered":"<p>\ud83e\uddd6\u200d\u2640\ufe0fReveal Lenare, Gl\u00f6dande Hud P\u00e5 N\u00e5gra Sekunder Med Dessa Exfolierande Pads Med Kojic! Dessa skonsamma men kraftfulla exfolierande pads \u00e4r [&hellip;]<\/p>\n","protected":false},"featured_media":16182,"comment_status":"open","ping_status":"closed","template":"","meta":{"site-sidebar-layout":"default","site-content-layout":"","ast-site-content-layout":"default","site-content-style":"default","site-sidebar-style":"default","ast-global-header-display":"","ast-banner-title-visibility":"","ast-main-header-display":"","ast-hfb-above-header-display":"","ast-hfb-below-header-display":"","ast-hfb-mobile-header-display":"","site-post-title":"","ast-breadcrumbs-content":"","ast-featured-img":"","footer-sml-layout":"","theme-transparent-header-meta":"default","adv-header-id-meta":"","stick-header-meta":"","header-above-stick-meta":"","header-main-stick-meta":"","header-below-stick-meta":"","astra-migrate-meta-layouts":"set","ast-page-background-enabled":"default","ast-page-background-meta":{"desktop":{"background-color":"var(--ast-global-color-4)","background-image":"","background-repeat":"repeat","background-position":"center center","background-size":"auto","background-attachment":"scroll","background-type":"","background-media":"","overlay-type":"","overlay-color":"","overlay-opacity":"","overlay-gradient":""},"tablet":{"background-color":"","background-image":"","background-repeat":"repeat","background-position":"center center","background-size":"auto","background-attachment":"scroll","background-type":"","background-media":"","overlay-type":"","overlay-color":"","overlay-opacity":"","overlay-gradient":""},"mobile":{"background-color":"","background-image":"","background-repeat":"repeat","background-position":"center center","background-size":"auto","background-attachment":"scroll","background-type":"","background-media":"","overlay-type":"","overlay-color":"","overlay-opacity":"","overlay-gradient":""}},"ast-content-background-meta":{"desktop":{"background-color":"var(--ast-global-color-5)","background-image":"","background-repeat":"repeat","background-position":"center center","background-size":"auto","background-attachment":"scroll","background-type":"","background-media":"","overlay-type":"","overlay-color":"","overlay-opacity":"","overlay-gradient":""},"tablet":{"background-color":"var(--ast-global-color-5)","background-image":"","background-repeat":"repeat","background-position":"center center","background-size":"auto","background-attachment":"scroll","background-type":"","background-media":"","overlay-type":"","overlay-color":"","overlay-opacity":"","overlay-gradient":""},"mobile":{"background-color":"var(--ast-global-color-5)","background-image":"","background-repeat":"repeat","background-position":"center center","background-size":"auto","background-attachment":"scroll","background-type":"","background-media":"","overlay-type":"","overlay-color":"","overlay-opacity":"","overlay-gradient":""}}},"product_brand":[],"product_cat":[992],"product_tag":[],"class_list":{"0":"post-16186","1":"product","2":"type-product","3":"status-publish","4":"has-post-thumbnail","6":"product_cat-beauty-and-hygiene-products","7":"pa_37418_v7lcr5m1-1-forpackning","8":"pa_37418_v7lcr5m1-2-forpackningar","9":"pa_37418_v7lcr5m1-3-forpackningar","10":"desktop-align-left","11":"tablet-align-left","12":"mobile-align-left","14":"first","15":"instock","16":"shipping-taxable","17":"purchasable","18":"product-type-variable"},"_links":{"self":[{"href":"https:\/\/keluvo.com\/se\/wp-json\/wp\/v2\/product\/16186","targetHints":{"allow":["GET"]}}],"collection":[{"href":"https:\/\/keluvo.com\/se\/wp-json\/wp\/v2\/product"}],"about":[{"href":"https:\/\/keluvo.com\/se\/wp-json\/wp\/v2\/types\/product"}],"replies":[{"embeddable":true,"href":"https:\/\/keluvo.com\/se\/wp-json\/wp\/v2\/comments?post=16186"}],"wp:featuredmedia":[{"embeddable":true,"href":"https:\/\/keluvo.com\/se\/wp-json\/wp\/v2\/media\/16182"}],"wp:attachment":[{"href":"https:\/\/keluvo.com\/se\/wp-json\/wp\/v2\/media?parent=16186"}],"wp:term":[{"taxonomy":"product_brand","embeddable":true,"href":"https:\/\/keluvo.com\/se\/wp-json\/wp\/v2\/product_brand?post=16186"},{"taxonomy":"product_cat","embeddable":true,"href":"https:\/\/keluvo.com\/se\/wp-json\/wp\/v2\/product_cat?post=16186"},{"taxonomy":"product_tag","embeddable":true,"href":"https:\/\/keluvo.com\/se\/wp-json\/wp\/v2\/product_tag?post=16186"}],"curies":[{"name":"wp","href":"https:\/\/api.w.org\/{rel}","templated":true}]}}