{"id":16133,"date":"2025-07-25T14:06:10","date_gmt":"2025-07-25T12:06:10","guid":{"rendered":"https:\/\/keluvo.com\/se\/product\/lampa\/"},"modified":"2025-07-25T14:06:15","modified_gmt":"2025-07-25T12:06:15","slug":"lampa","status":"publish","type":"product","link":"https:\/\/keluvo.com\/se\/product\/lampa\/","title":{"rendered":"Lampa"},"content":{"rendered":"<p style=\"text-align: center\" data-start=\"106\" data-end=\"174\"><strong>\ud83d\udca1 En Lampa Som Blandar Elegans Med Atmosf\u00e4r.<\/strong><\/p>\n<p style=\"text-align: center\" data-start=\"176\" data-end=\"359\">Med sin eleganta, minimalistiska design och varma sken f\u00f6rvandlar den h\u00e4r lampan alla rum till ett mysigt och modernt utrymme. Perfekt f\u00f6r matbord, nattduksbord eller avkopplande kv\u00e4llar.<\/p>\n<p data-start=\"176\" data-end=\"359\"><img decoding=\"async\" class=\"size-full wp-image-26671 aligncenter\" src=\"https:\/\/keluvo.com\/template\/wp-content\/uploads\/sites\/5\/2025\/07\/UnnamedLEDLamp2_480x480.webp\" alt=\"\" \/><\/p>\n<h2 style=\"text-align: center\" data-start=\"361\" data-end=\"381\"><strong>\u2728 Huvudf\u00f6rdelar<\/strong><\/h2>\n<p data-start=\"384\" data-end=\"446\">\ud83c\udf1f I\u00f6gonfallande triangul\u00e4r ljusform f\u00f6r ett mjukt, upp\u00e5triktat sken<\/p>\n<p data-start=\"449\" data-end=\"501\">\ud83c\udfa8 Elegant och modern design som passar alla inredningsstilar<\/p>\n<p data-start=\"504\" data-end=\"551\">\ud83d\udd0b Sladdl\u00f6s och uppladdningsbar &#8211; ta med den \u00f6verallt<\/p>\n<p data-start=\"554\" data-end=\"608\">\ud83d\udd06 Justerbar ljusstyrka f\u00f6r varje hum\u00f6r eller tid p\u00e5 day<\/p>\n<p data-start=\"611\" data-end=\"679\">\ud83d\udd6f\ufe0f Skapar en lugn, intim atmosf\u00e4r &#8211; perfekt f\u00f6r matsal eller sovrum<\/p>\n<p data-start=\"611\" data-end=\"679\"><img decoding=\"async\" class=\"size-full wp-image-26670 aligncenter\" src=\"https:\/\/keluvo.com\/template\/wp-content\/uploads\/sites\/5\/2025\/07\/TriLightFlex2_480x480.webp\" alt=\"\" \/><\/p>\n<h2 style=\"text-align: center\" data-start=\"681\" data-end=\"699\"><strong>\ud83d\udd0c Hur Man Anv\u00e4nder<\/strong><\/h2>\n<ol data-start=\"700\" data-end=\"812\">\n<li data-start=\"700\" data-end=\"718\">\n<p data-start=\"703\" data-end=\"718\">Ladda via USB.<\/p>\n<\/li>\n<li data-start=\"719\" data-end=\"759\">\n<p data-start=\"722\" data-end=\"759\">Tryck f\u00f6r att sl\u00e5 p\u00e5 och justera ljusstyrkan.<\/p>\n<\/li>\n<li data-start=\"760\" data-end=\"812\">\n<p data-start=\"763\" data-end=\"812\">njut av upp till 12 timmars varmt, flimmerfritt ljus!<\/p>\n<\/li>\n<\/ol>\n<h2 style=\"text-align: center\" data-start=\"814\" data-end=\"837\"><strong>\ud83d\udcd0 Produktdetaljer<\/strong><\/h2>\n<ul data-start=\"838\" data-end=\"1009\">\n<li data-start=\"838\" data-end=\"858\">\n<p data-start=\"840\" data-end=\"858\">Storlek: 139 x 195 mm<\/p>\n<\/li>\n<li data-start=\"859\" data-end=\"886\">\n<p data-start=\"861\" data-end=\"886\">Ljusf\u00e4rg: varmvit<\/p>\n<\/li>\n<li data-start=\"887\" data-end=\"921\">\n<p data-start=\"889\" data-end=\"921\">Material: matt ABS + aluminium<\/p>\n<\/li>\n<li data-start=\"922\" data-end=\"966\">\n<p data-start=\"924\" data-end=\"966\">Power: USB-laddningsbar (kabel ing\u00e5r)<\/p>\n<\/li>\n<li data-start=\"967\" data-end=\"1009\">\n<p data-start=\"969\" data-end=\"1009\">Drifttid: upp till 12 timmar p\u00e5 en full laddning<\/p>\n<\/li>\n<\/ul>\n<h2 style=\"text-align: center\" data-start=\"1011\" data-end=\"1035\"><strong>\ud83d\udce6 Paketet Inneh\u00e5ller<\/strong><\/h2>\n<ul data-start=\"1036\" data-end=\"1104\">\n<li data-start=\"1036\" data-end=\"1062\">\n<p data-start=\"1038\" data-end=\"1062\">1x lampa<\/p>\n<\/li>\n<li data-start=\"1063\" data-end=\"1088\">\n<p data-start=\"1065\" data-end=\"1088\">1x USB-laddningskabel<\/p>\n<\/li>\n<li data-start=\"1089\" data-end=\"1104\">\n<p data-start=\"1091\" data-end=\"1104\">1x anv\u00e4ndarhandbok.<\/p>\n<\/li>\n<\/ul>\n","protected":false},"excerpt":{"rendered":"<p>\ud83d\udca1 En Lampa Som Blandar Elegans Med Atmosf\u00e4r. Med sin eleganta, minimalistiska design och varma sken f\u00f6rvandlar den h\u00e4r lampan [&hellip;]<\/p>\n","protected":false},"featured_media":16129,"comment_status":"open","ping_status":"closed","template":"","meta":{"site-sidebar-layout":"default","site-content-layout":"","ast-site-content-layout":"default","site-content-style":"default","site-sidebar-style":"default","ast-global-header-display":"","ast-banner-title-visibility":"","ast-main-header-display":"","ast-hfb-above-header-display":"","ast-hfb-below-header-display":"","ast-hfb-mobile-header-display":"","site-post-title":"","ast-breadcrumbs-content":"","ast-featured-img":"","footer-sml-layout":"","theme-transparent-header-meta":"default","adv-header-id-meta":"","stick-header-meta":"","header-above-stick-meta":"","header-main-stick-meta":"","header-below-stick-meta":"","astra-migrate-meta-layouts":"set","ast-page-background-enabled":"default","ast-page-background-meta":{"desktop":{"background-color":"var(--ast-global-color-4)","background-image":"","background-repeat":"repeat","background-position":"center center","background-size":"auto","background-attachment":"scroll","background-type":"","background-media":"","overlay-type":"","overlay-color":"","overlay-opacity":"","overlay-gradient":""},"tablet":{"background-color":"","background-image":"","background-repeat":"repeat","background-position":"center center","background-size":"auto","background-attachment":"scroll","background-type":"","background-media":"","overlay-type":"","overlay-color":"","overlay-opacity":"","overlay-gradient":""},"mobile":{"background-color":"","background-image":"","background-repeat":"repeat","background-position":"center center","background-size":"auto","background-attachment":"scroll","background-type":"","background-media":"","overlay-type":"","overlay-color":"","overlay-opacity":"","overlay-gradient":""}},"ast-content-background-meta":{"desktop":{"background-color":"var(--ast-global-color-5)","background-image":"","background-repeat":"repeat","background-position":"center center","background-size":"auto","background-attachment":"scroll","background-type":"","background-media":"","overlay-type":"","overlay-color":"","overlay-opacity":"","overlay-gradient":""},"tablet":{"background-color":"var(--ast-global-color-5)","background-image":"","background-repeat":"repeat","background-position":"center center","background-size":"auto","background-attachment":"scroll","background-type":"","background-media":"","overlay-type":"","overlay-color":"","overlay-opacity":"","overlay-gradient":""},"mobile":{"background-color":"var(--ast-global-color-5)","background-image":"","background-repeat":"repeat","background-position":"center center","background-size":"auto","background-attachment":"scroll","background-type":"","background-media":"","overlay-type":"","overlay-color":"","overlay-opacity":"","overlay-gradient":""}}},"product_brand":[],"product_cat":[1001],"product_tag":[],"class_list":{"0":"post-16133","1":"product","2":"type-product","3":"status-publish","4":"has-post-thumbnail","6":"product_cat-household-goods","7":"pa_31442_cws5tujw-svart","8":"pa_31442_cws5tujw-vit","9":"desktop-align-left","10":"tablet-align-left","11":"mobile-align-left","13":"first","14":"instock","15":"shipping-taxable","16":"purchasable","17":"product-type-variable"},"_links":{"self":[{"href":"https:\/\/keluvo.com\/se\/wp-json\/wp\/v2\/product\/16133","targetHints":{"allow":["GET"]}}],"collection":[{"href":"https:\/\/keluvo.com\/se\/wp-json\/wp\/v2\/product"}],"about":[{"href":"https:\/\/keluvo.com\/se\/wp-json\/wp\/v2\/types\/product"}],"replies":[{"embeddable":true,"href":"https:\/\/keluvo.com\/se\/wp-json\/wp\/v2\/comments?post=16133"}],"wp:featuredmedia":[{"embeddable":true,"href":"https:\/\/keluvo.com\/se\/wp-json\/wp\/v2\/media\/16129"}],"wp:attachment":[{"href":"https:\/\/keluvo.com\/se\/wp-json\/wp\/v2\/media?parent=16133"}],"wp:term":[{"taxonomy":"product_brand","embeddable":true,"href":"https:\/\/keluvo.com\/se\/wp-json\/wp\/v2\/product_brand?post=16133"},{"taxonomy":"product_cat","embeddable":true,"href":"https:\/\/keluvo.com\/se\/wp-json\/wp\/v2\/product_cat?post=16133"},{"taxonomy":"product_tag","embeddable":true,"href":"https:\/\/keluvo.com\/se\/wp-json\/wp\/v2\/product_tag?post=16133"}],"curies":[{"name":"wp","href":"https:\/\/api.w.org\/{rel}","templated":true}]}}