{"id":16105,"date":"2025-07-25T14:04:36","date_gmt":"2025-07-25T12:04:36","guid":{"rendered":"https:\/\/keluvo.com\/se\/product\/nagelkit\/"},"modified":"2025-09-13T13:34:10","modified_gmt":"2025-09-13T10:34:10","slug":"nagelkit","status":"publish","type":"product","link":"https:\/\/keluvo.com\/se\/product\/nagelkit\/","title":{"rendered":"Nagelkit"},"content":{"rendered":"<p style=\"text-align: center\" data-start=\"0\" data-end=\"68\"><strong data-start=\"0\" data-end=\"68\">\ud83d\udc85Skapa salongsv\u00e4rdiga naglar hemma med det h\u00e4r allt-i-ett-nagelsatsen!<\/strong><\/p>\n<p style=\"text-align: center\" data-start=\"70\" data-end=\"343\">Oavsett om du \u00e4r nyb\u00f6rjare eller proffs ger den h\u00e4r nagelsatsen dig allt du beh\u00f6ver f\u00f6r att skapa l\u00e5nga, gl\u00e4nsande och vackra naglar i din favoritstil. Med 7 livfulla UV-gelf\u00e4rger, f\u00f6rl\u00e4ngningsformar, verktyg och till och med en mini UV-lampa \u00e4r det perfekt f\u00f6r snabba DIY-manikyr som varar.<\/p>\n<p data-start=\"70\" data-end=\"343\"><img decoding=\"async\" class=\"size-full wp-image-26637 aligncenter\" src=\"https:\/\/keluvo.com\/template\/wp-content\/uploads\/sites\/5\/2025\/07\/f5d25f42-747a-405b-a5e5-40dc00a9bf7b.webp\" alt=\"\" \/><\/p>\n<h2 style=\"text-align: center\" data-start=\"350\" data-end=\"372\">\ud83c\udf1f Huvudf\u00f6rdelar<\/h2>\n<p data-start=\"375\" data-end=\"424\">\ud83c\udfa8 <strong data-start=\"378\" data-end=\"397\">7 UV-gelf\u00e4rger<\/strong> f\u00f6r o\u00e4ndliga nageldesigner<\/p>\n<p data-start=\"427\" data-end=\"489\">\ud83d\udc85 <strong data-start=\"430\" data-end=\"458\">100 nagelf\u00f6rl\u00e4ngningsformar<\/strong> f\u00f6r att forma din perfekta l\u00e4ngd<\/p>\n<p data-start=\"492\" data-end=\"554\">\ud83e\uddf4 <strong data-start=\"495\" data-end=\"516\">Naturlig hartsgel<\/strong> \u2013 s\u00e4ker, luktfri och nagelv\u00e4nlig<\/p>\n<p data-start=\"557\" data-end=\"599\">\u2728 <strong data-start=\"559\" data-end=\"581\">L\u00e5ngvarig glans<\/strong> och stark h\u00e5llfasthet<\/p>\n<p data-start=\"602\" data-end=\"643\">\ud83c\udf08 <strong data-start=\"605\" data-end=\"620\">L\u00e4tt att anv\u00e4nda<\/strong> \u2013 \u00e4ven f\u00f6r nyb\u00f6rjare<\/p>\n<p data-start=\"646\" data-end=\"716\">\ud83d\udd27 <strong data-start=\"649\" data-end=\"670\">Komplett verktygssats<\/strong> inklusive mini UV-lampa, filer, borste &amp; mer<\/p>\n<p data-start=\"646\" data-end=\"716\"><img decoding=\"async\" class=\"size-full wp-image-26636 aligncenter\" src=\"https:\/\/keluvo.com\/template\/wp-content\/uploads\/sites\/5\/2025\/07\/3462a375-5b3c-4e4a-9e3c-1dd7b37a2130.webp\" alt=\"\" \/><\/p>\n<h2 style=\"text-align: center\" data-start=\"723\" data-end=\"742\">\ud83e\udded Hur man anv\u00e4nder<\/h2>\n<ol data-start=\"743\" data-end=\"1093\">\n<li data-start=\"743\" data-end=\"811\">\n<p data-start=\"746\" data-end=\"811\"><strong data-start=\"746\" data-end=\"765\">F\u00f6rbered dina naglar<\/strong> genom att reng\u00f6ra och forma dem med filen.<\/p>\n<\/li>\n<li data-start=\"812\" data-end=\"871\">\n<p data-start=\"815\" data-end=\"871\"><strong data-start=\"815\" data-end=\"834\">Applicera baslim<\/strong> och placera nagelf\u00f6rl\u00e4ngningsformen.<\/p>\n<\/li>\n<li data-start=\"872\" data-end=\"930\">\n<p data-start=\"875\" data-end=\"930\"><strong data-start=\"875\" data-end=\"892\">Anv\u00e4nd penseln<\/strong> f\u00f6r att applicera \u00f6nskad UV-gelf\u00e4rg.<\/p>\n<\/li>\n<li data-start=\"931\" data-end=\"975\">\n<p data-start=\"934\" data-end=\"975\"><strong data-start=\"934\" data-end=\"949\">Torka gelen<\/strong> under mini UV-lampan.<\/p>\n<\/li>\n<li data-start=\"976\" data-end=\"1042\">\n<p data-start=\"979\" data-end=\"1042\"><strong data-start=\"979\" data-end=\"1012\">Avsluta med f\u00f6rseglingsskiktet<\/strong> f\u00f6r ett glansigt, h\u00e5llbart utseande.<\/p>\n<\/li>\n<li data-start=\"1043\" data-end=\"1093\">\n<p data-start=\"1046\" data-end=\"1093\"><strong data-start=\"1046\" data-end=\"1058\">Reng\u00f6r<\/strong> med den medf\u00f6ljande nagelreng\u00f6raren.<\/p>\n<\/li>\n<\/ol>\n<h2 style=\"text-align: center\" data-start=\"1100\" data-end=\"1124\">\ud83d\udccf Produktdetaljer<\/h2>\n<ul data-start=\"1125\" data-end=\"1343\">\n<li data-start=\"1125\" data-end=\"1166\">\n<p data-start=\"1127\" data-end=\"1166\">Geltyp: UV, tillverkad av naturligt harts<\/p>\n<\/li>\n<li data-start=\"1167\" data-end=\"1194\">\n<p data-start=\"1169\" data-end=\"1194\">F\u00e4rger: 7 f\u00e4rgalternativ<\/p>\n<\/li>\n<li data-start=\"1195\" data-end=\"1245\">\n<p data-start=\"1197\" data-end=\"1245\">Anv\u00e4ndning: L\u00e4mplig f\u00f6r nagelf\u00f6rl\u00e4ngningar av glasfiber<\/p>\n<\/li>\n<li data-start=\"1246\" data-end=\"1305\">\n<p data-start=\"1248\" data-end=\"1305\">Skicklighetsniv\u00e5: Perfekt f\u00f6r b\u00e5de nyb\u00f6rjare och proffs<\/p>\n<\/li>\n<li data-start=\"1306\" data-end=\"1343\">\n<p data-start=\"1308\" data-end=\"1343\">Torkmetod: UV-lampa (ing\u00e5r)<\/p>\n<\/li>\n<\/ul>\n<h2 style=\"text-align: center\" data-start=\"1350\" data-end=\"1375\">\ud83d\udce6 Paketet inneh\u00e5ller<\/h2>\n<ul data-start=\"1376\" data-end=\"1522\">\n<li data-start=\"1376\" data-end=\"1389\">\n<p data-start=\"1378\" data-end=\"1389\">3x UV-gel<\/p>\n<\/li>\n<li data-start=\"1390\" data-end=\"1419\">\n<p data-start=\"1392\" data-end=\"1419\">100x nagelf\u00f6rl\u00e4ngningsformar<\/p>\n<\/li>\n<li data-start=\"1420\" data-end=\"1436\">\n<p data-start=\"1422\" data-end=\"1436\">1x nagelfil<\/p>\n<\/li>\n<li data-start=\"1437\" data-end=\"1449\">\n<p data-start=\"1439\" data-end=\"1449\">1x borste<\/p>\n<\/li>\n<li data-start=\"1450\" data-end=\"1464\">\n<p data-start=\"1452\" data-end=\"1464\">1x reng\u00f6ringsmedel<\/p>\n<\/li>\n<li data-start=\"1465\" data-end=\"1481\">\n<p data-start=\"1467\" data-end=\"1481\">1x baslim<\/p>\n<\/li>\n<li data-start=\"1482\" data-end=\"1502\">\n<p data-start=\"1484\" data-end=\"1502\">1x t\u00e4tningsskikt<\/p>\n<\/li>\n<li data-start=\"1503\" data-end=\"1522\">\n<p data-start=\"1505\" data-end=\"1522\">1x mini UV-lampa.<\/p>\n<\/li>\n<\/ul>\n","protected":false},"excerpt":{"rendered":"<p>\ud83d\udc85Skapa salongsv\u00e4rdiga naglar hemma med det h\u00e4r allt-i-ett-nagelsatsen! Oavsett om du \u00e4r nyb\u00f6rjare eller proffs ger den h\u00e4r nagelsatsen dig [&hellip;]<\/p>\n","protected":false},"featured_media":16101,"comment_status":"open","ping_status":"closed","template":"","meta":{"site-sidebar-layout":"default","site-content-layout":"","ast-site-content-layout":"default","site-content-style":"default","site-sidebar-style":"default","ast-global-header-display":"","ast-banner-title-visibility":"","ast-main-header-display":"","ast-hfb-above-header-display":"","ast-hfb-below-header-display":"","ast-hfb-mobile-header-display":"","site-post-title":"","ast-breadcrumbs-content":"","ast-featured-img":"","footer-sml-layout":"","theme-transparent-header-meta":"default","adv-header-id-meta":"","stick-header-meta":"","header-above-stick-meta":"","header-main-stick-meta":"","header-below-stick-meta":"","astra-migrate-meta-layouts":"set","ast-page-background-enabled":"default","ast-page-background-meta":{"desktop":{"background-color":"var(--ast-global-color-4)","background-image":"","background-repeat":"repeat","background-position":"center center","background-size":"auto","background-attachment":"scroll","background-type":"","background-media":"","overlay-type":"","overlay-color":"","overlay-opacity":"","overlay-gradient":""},"tablet":{"background-color":"","background-image":"","background-repeat":"repeat","background-position":"center center","background-size":"auto","background-attachment":"scroll","background-type":"","background-media":"","overlay-type":"","overlay-color":"","overlay-opacity":"","overlay-gradient":""},"mobile":{"background-color":"","background-image":"","background-repeat":"repeat","background-position":"center center","background-size":"auto","background-attachment":"scroll","background-type":"","background-media":"","overlay-type":"","overlay-color":"","overlay-opacity":"","overlay-gradient":""}},"ast-content-background-meta":{"desktop":{"background-color":"var(--ast-global-color-5)","background-image":"","background-repeat":"repeat","background-position":"center center","background-size":"auto","background-attachment":"scroll","background-type":"","background-media":"","overlay-type":"","overlay-color":"","overlay-opacity":"","overlay-gradient":""},"tablet":{"background-color":"var(--ast-global-color-5)","background-image":"","background-repeat":"repeat","background-position":"center center","background-size":"auto","background-attachment":"scroll","background-type":"","background-media":"","overlay-type":"","overlay-color":"","overlay-opacity":"","overlay-gradient":""},"mobile":{"background-color":"var(--ast-global-color-5)","background-image":"","background-repeat":"repeat","background-position":"center center","background-size":"auto","background-attachment":"scroll","background-type":"","background-media":"","overlay-type":"","overlay-color":"","overlay-opacity":"","overlay-gradient":""}}},"product_brand":[],"product_cat":[992],"product_tag":[],"class_list":{"0":"post-16105","1":"product","2":"type-product","3":"status-publish","4":"has-post-thumbnail","6":"product_cat-beauty-and-hygiene-products","7":"pa_18131_7h3iodc9-a","8":"pa_18131_7h3iodc9-b","9":"pa_18131_7h3iodc9-c","10":"pa_18131_7h3iodc9-d","11":"pa_18131_7h3iodc9-e","12":"pa_18131_7h3iodc9-f","13":"desktop-align-left","14":"tablet-align-left","15":"mobile-align-left","17":"first","18":"instock","19":"shipping-taxable","20":"purchasable","21":"product-type-variable"},"_links":{"self":[{"href":"https:\/\/keluvo.com\/se\/wp-json\/wp\/v2\/product\/16105","targetHints":{"allow":["GET"]}}],"collection":[{"href":"https:\/\/keluvo.com\/se\/wp-json\/wp\/v2\/product"}],"about":[{"href":"https:\/\/keluvo.com\/se\/wp-json\/wp\/v2\/types\/product"}],"replies":[{"embeddable":true,"href":"https:\/\/keluvo.com\/se\/wp-json\/wp\/v2\/comments?post=16105"}],"wp:featuredmedia":[{"embeddable":true,"href":"https:\/\/keluvo.com\/se\/wp-json\/wp\/v2\/media\/16101"}],"wp:attachment":[{"href":"https:\/\/keluvo.com\/se\/wp-json\/wp\/v2\/media?parent=16105"}],"wp:term":[{"taxonomy":"product_brand","embeddable":true,"href":"https:\/\/keluvo.com\/se\/wp-json\/wp\/v2\/product_brand?post=16105"},{"taxonomy":"product_cat","embeddable":true,"href":"https:\/\/keluvo.com\/se\/wp-json\/wp\/v2\/product_cat?post=16105"},{"taxonomy":"product_tag","embeddable":true,"href":"https:\/\/keluvo.com\/se\/wp-json\/wp\/v2\/product_tag?post=16105"}],"curies":[{"name":"wp","href":"https:\/\/api.w.org\/{rel}","templated":true}]}}