{"id":16089,"date":"2025-07-25T14:02:43","date_gmt":"2025-07-25T12:02:43","guid":{"rendered":"https:\/\/keluvo.com\/se\/product\/platskarare\/"},"modified":"2025-12-04T16:10:10","modified_gmt":"2025-12-04T14:10:10","slug":"platskarare","status":"publish","type":"product","link":"https:\/\/keluvo.com\/se\/product\/platskarare\/","title":{"rendered":"Pl\u00e5tsk\u00e4rare"},"content":{"rendered":"<p style=\"text-align: center;\" data-start=\"102\" data-end=\"166\"><strong>\u2699\ufe0f F\u00f6rvandla Din Borr Till En Precisionsmetallsk\u00e4rare \u2013 Utan Anstr\u00e4ngning!<\/strong><\/p>\n<p style=\"text-align: center;\" data-start=\"168\" data-end=\"321\">Denna pl\u00e5tsk\u00e4rare f\u00f6rvandlar alla standardborrmaskiner till en kraftfull pl\u00e5tsk\u00e4rare. Rena, sl\u00e4ta snitt varje g\u00e5ng &#8211; inga grader, gnistor eller stress!<\/p>\n<p data-start=\"168\" data-end=\"321\"><img fetchpriority=\"high\" decoding=\"async\" class=\" wp-image-26580 aligncenter\" src=\"https:\/\/keluvo.com\/template\/wp-content\/uploads\/sites\/5\/2025\/07\/9199f098abd1be52e9016bce7b2a6b2e7cc7e325.webp\" alt=\"\" width=\"417\" height=\"521\" \/><\/p>\n<h2 style=\"text-align: center;\" data-start=\"323\" data-end=\"344\"><strong>\ud83e\uddf0 Huvudsakliga f\u00f6rdelar<\/strong><\/h2>\n<p data-start=\"347\" data-end=\"408\">\u2702\ufe0f Sk\u00e4r genom pl\u00e5t, j\u00e4rn, koppar, aluminium och mycket mer<\/p>\n<p data-start=\"411\" data-end=\"477\">\ud83d\udd27 Passar de flesta sladdl\u00f6sa eller elektriska borrmaskiner (inga specialverktyg beh\u00f6vs)<\/p>\n<p data-start=\"480\" data-end=\"527\">\ud83d\udca8 Snabba, gradfria snitt utan buller eller gnistor<\/p>\n<p data-start=\"480\" data-end=\"527\">\ud83e\udded Exakta b\u00f6jda och raka snitt blir enkelt<\/p>\n<p data-start=\"581\" data-end=\"639\">\ud83d\udcaa H\u00e5llbar och byggd f\u00f6r att h\u00e5lla &#8211; perfekt f\u00f6r proffs och andra DIYers<\/p>\n<p data-start=\"581\" data-end=\"639\"><img decoding=\"async\" class=\" wp-image-26579 aligncenter\" src=\"https:\/\/keluvo.com\/template\/wp-content\/uploads\/sites\/5\/2025\/07\/9bd77a750b6a26f597e5c86658e5329a7e0951b3.webp\" alt=\"\" width=\"418\" height=\"583\" \/><\/p>\n<h2 style=\"text-align: center;\" data-start=\"641\" data-end=\"660\"><strong>\ud83d\udee0\ufe0f Hur Man Anv\u00e4nder<\/strong><\/h2>\n<ol data-start=\"661\" data-end=\"794\">\n<li data-start=\"661\" data-end=\"702\">\n<p data-start=\"664\" data-end=\"702\">F\u00e4st adapterhuvudet p\u00e5 din borrmaskin.<\/p>\n<\/li>\n<li data-start=\"703\" data-end=\"740\">\n<p data-start=\"706\" data-end=\"740\">Tryck in avtryckaren och styr kapningen &#8211; s\u00e5 d\u00e4r ja!<\/p>\n<\/li>\n<\/ol>\n<h2 style=\"text-align: center;\" data-start=\"796\" data-end=\"819\"><strong>\ud83d\udcd0 Produktdetaljer<\/strong><\/h2>\n<ul data-start=\"820\" data-end=\"934\">\n<li data-start=\"820\" data-end=\"849\">\n<p data-start=\"822\" data-end=\"849\">Kompatibel med de flesta borrmaskiner<\/p>\n<\/li>\n<li data-start=\"850\" data-end=\"884\">\n<p data-start=\"852\" data-end=\"884\">Kapar materialtjocklek: 0,8-2 mm<\/p>\n<\/li>\n<li data-start=\"885\" data-end=\"934\">\n<p data-start=\"887\" data-end=\"934\">Inklusive sk\u00e4rhuvud, skiftnyckel och instruktioner<\/p>\n<\/li>\n<\/ul>\n<h2 style=\"text-align: center;\" data-start=\"936\" data-end=\"960\"><strong>\ud83d\udce6 Paketet Inneh\u00e5ller<\/strong><\/h2>\n<ul data-start=\"961\" data-end=\"1017\">\n<li data-start=\"961\" data-end=\"987\">\n<p data-start=\"963\" data-end=\"987\">1x pl\u00e5tkap<\/p>\n<\/li>\n<li data-start=\"961\" data-end=\"987\">\n<p data-start=\"963\" data-end=\"987\">1x anv\u00e4ndarhandbok<\/p>\n<\/li>\n<li data-start=\"961\" data-end=\"987\">F\u00e4stverktyg<\/li>\n<\/ul>\n","protected":false},"excerpt":{"rendered":"<p>\u2699\ufe0f F\u00f6rvandla Din Borr Till En Precisionsmetallsk\u00e4rare \u2013 Utan Anstr\u00e4ngning! Denna pl\u00e5tsk\u00e4rare f\u00f6rvandlar alla standardborrmaskiner till en kraftfull pl\u00e5tsk\u00e4rare. Rena, [&hellip;]<\/p>\n","protected":false},"featured_media":16085,"comment_status":"open","ping_status":"closed","template":"","meta":{"site-sidebar-layout":"default","site-content-layout":"","ast-site-content-layout":"default","site-content-style":"default","site-sidebar-style":"default","ast-global-header-display":"","ast-banner-title-visibility":"","ast-main-header-display":"","ast-hfb-above-header-display":"","ast-hfb-below-header-display":"","ast-hfb-mobile-header-display":"","site-post-title":"","ast-breadcrumbs-content":"","ast-featured-img":"","footer-sml-layout":"","theme-transparent-header-meta":"default","adv-header-id-meta":"","stick-header-meta":"","header-above-stick-meta":"","header-main-stick-meta":"","header-below-stick-meta":"","astra-migrate-meta-layouts":"set","ast-page-background-enabled":"default","ast-page-background-meta":{"desktop":{"background-color":"var(--ast-global-color-4)","background-image":"","background-repeat":"repeat","background-position":"center center","background-size":"auto","background-attachment":"scroll","background-type":"","background-media":"","overlay-type":"","overlay-color":"","overlay-opacity":"","overlay-gradient":""},"tablet":{"background-color":"","background-image":"","background-repeat":"repeat","background-position":"center center","background-size":"auto","background-attachment":"scroll","background-type":"","background-media":"","overlay-type":"","overlay-color":"","overlay-opacity":"","overlay-gradient":""},"mobile":{"background-color":"","background-image":"","background-repeat":"repeat","background-position":"center center","background-size":"auto","background-attachment":"scroll","background-type":"","background-media":"","overlay-type":"","overlay-color":"","overlay-opacity":"","overlay-gradient":""}},"ast-content-background-meta":{"desktop":{"background-color":"var(--ast-global-color-5)","background-image":"","background-repeat":"repeat","background-position":"center center","background-size":"auto","background-attachment":"scroll","background-type":"","background-media":"","overlay-type":"","overlay-color":"","overlay-opacity":"","overlay-gradient":""},"tablet":{"background-color":"var(--ast-global-color-5)","background-image":"","background-repeat":"repeat","background-position":"center center","background-size":"auto","background-attachment":"scroll","background-type":"","background-media":"","overlay-type":"","overlay-color":"","overlay-opacity":"","overlay-gradient":""},"mobile":{"background-color":"var(--ast-global-color-5)","background-image":"","background-repeat":"repeat","background-position":"center center","background-size":"auto","background-attachment":"scroll","background-type":"","background-media":"","overlay-type":"","overlay-color":"","overlay-opacity":"","overlay-gradient":""}}},"product_brand":[],"product_cat":[996],"product_tag":[],"class_list":{"0":"post-16089","1":"product","2":"type-product","3":"status-publish","4":"has-post-thumbnail","6":"product_cat-tools","7":"desktop-align-left","8":"tablet-align-left","9":"mobile-align-left","11":"first","12":"instock","13":"shipping-taxable","14":"purchasable","15":"product-type-simple"},"_links":{"self":[{"href":"https:\/\/keluvo.com\/se\/wp-json\/wp\/v2\/product\/16089","targetHints":{"allow":["GET"]}}],"collection":[{"href":"https:\/\/keluvo.com\/se\/wp-json\/wp\/v2\/product"}],"about":[{"href":"https:\/\/keluvo.com\/se\/wp-json\/wp\/v2\/types\/product"}],"replies":[{"embeddable":true,"href":"https:\/\/keluvo.com\/se\/wp-json\/wp\/v2\/comments?post=16089"}],"wp:featuredmedia":[{"embeddable":true,"href":"https:\/\/keluvo.com\/se\/wp-json\/wp\/v2\/media\/16085"}],"wp:attachment":[{"href":"https:\/\/keluvo.com\/se\/wp-json\/wp\/v2\/media?parent=16089"}],"wp:term":[{"taxonomy":"product_brand","embeddable":true,"href":"https:\/\/keluvo.com\/se\/wp-json\/wp\/v2\/product_brand?post=16089"},{"taxonomy":"product_cat","embeddable":true,"href":"https:\/\/keluvo.com\/se\/wp-json\/wp\/v2\/product_cat?post=16089"},{"taxonomy":"product_tag","embeddable":true,"href":"https:\/\/keluvo.com\/se\/wp-json\/wp\/v2\/product_tag?post=16089"}],"curies":[{"name":"wp","href":"https:\/\/api.w.org\/{rel}","templated":true}]}}