{"id":16070,"date":"2025-07-25T14:02:02","date_gmt":"2025-07-25T12:02:02","guid":{"rendered":"https:\/\/keluvo.com\/se\/product\/docka\/"},"modified":"2025-07-25T14:02:17","modified_gmt":"2025-07-25T12:02:17","slug":"docka","status":"publish","type":"product","link":"https:\/\/keluvo.com\/se\/product\/docka\/","title":{"rendered":"Docka"},"content":{"rendered":"<p style=\"text-align: center\" data-start=\"84\" data-end=\"143\"><strong>\ud83e\uddf5 En Charmig F\u00f6ljeslagare, Gjord Med K\u00e4rlek Och Naturlig Omsorg \ud83d\udc9b<\/strong><\/p>\n<p style=\"text-align: center\" data-start=\"145\" data-end=\"286\">Den h\u00e4r vackert handgjorda dockan \u00e4r tillverkad av mjuk ekologisk bomull och utformad f\u00f6r att v\u00e4cka fantasi, komfort och kreativitet hos varje barn.<\/p>\n<p data-start=\"145\" data-end=\"286\"><img decoding=\"async\" class=\"size-full wp-image-26559 aligncenter\" src=\"https:\/\/keluvo.com\/template\/wp-content\/uploads\/sites\/5\/2025\/07\/lQDPJxbfNdeVyITNAyDNAyCwjN79FKM3t38DbsYrOEBwAA_800_800_480x480.jpg\" alt=\"\" \/><\/p>\n<h2 style=\"text-align: center\" data-start=\"288\" data-end=\"309\">\ud83c\udf3f Huvudf\u00f6rdelar<\/h2>\n<p data-start=\"312\" data-end=\"358\">\ud83e\uddf6 Tillverkad av 100 % naturlig bomull av h\u00f6g kvalitet<\/p>\n<p data-start=\"361\" data-end=\"410\">\ud83e\udd0e Varje docka \u00e4r handsydd och verkligen unik i sitt slag<\/p>\n<p data-start=\"413\" data-end=\"468\">\ud83c\udfad Hj\u00e4lper barn att uttrycka k\u00e4nslor och utforska sociala roller<\/p>\n<p data-start=\"471\" data-end=\"520\">\ud83e\uddf8 Mjuk och s\u00e4ker &#8211; inga kemikalier, inga plastdelar<\/p>\n<p data-start=\"523\" data-end=\"576\">\ud83d\udca7 L\u00e4tt att reng\u00f6ra &#8211; kan tv\u00e4ttas f\u00f6r hand eller i maskin (30\u00b0C)<\/p>\n<p data-start=\"523\" data-end=\"576\"><img decoding=\"async\" class=\"size-full wp-image-26558 aligncenter\" src=\"https:\/\/keluvo.com\/template\/wp-content\/uploads\/sites\/5\/2025\/07\/sku1_feb1a6fc-7fce-47c5-b1e9-0ac1cd0dceb8_480x480.webp\" alt=\"\" \/><\/p>\n<h2 style=\"text-align: center\" data-start=\"578\" data-end=\"602\">\ud83d\udc67 Varf\u00f6r Barn \u00c4lskar Den<\/h2>\n<ul data-start=\"603\" data-end=\"735\">\n<li data-start=\"603\" data-end=\"648\">\n<p data-start=\"605\" data-end=\"648\">Gosig, tr\u00f6stande och full av personlighet<\/p>\n<\/li>\n<li data-start=\"649\" data-end=\"697\">\n<p data-start=\"651\" data-end=\"697\">Fr\u00e4mjar ber\u00e4ttande och k\u00e4nslom\u00e4ssigt l\u00e4rande<\/p>\n<\/li>\n<li data-start=\"698\" data-end=\"735\">\n<p data-start=\"700\" data-end=\"735\">K\u00e4nns som en v\u00e4n, inte bara en leksak<\/p>\n<\/li>\n<\/ul>\n<h2 style=\"text-align: center\" data-start=\"737\" data-end=\"760\">\ud83d\udcd0 Produktdetaljer<\/h2>\n<ul data-start=\"761\" data-end=\"837\">\n<li data-start=\"761\" data-end=\"787\">\n<p data-start=\"763\" data-end=\"787\">Material: Ekologisk bomull<\/p>\n<\/li>\n<li data-start=\"788\" data-end=\"813\">\n<p data-start=\"790\" data-end=\"813\">Storlek: 30cm x 6cm x 12cm<\/p>\n<\/li>\n<\/ul>\n<h2 style=\"text-align: center\" data-start=\"839\" data-end=\"863\">\ud83d\udce6 I Paketet Ing\u00e5r<\/h2>\n<ul data-start=\"864\" data-end=\"907\">\n<li data-start=\"864\" data-end=\"907\">\n<p data-start=\"866\" data-end=\"907\">1x handgjord docka<\/p>\n<\/li>\n<li data-start=\"864\" data-end=\"907\">\n<p data-start=\"866\" data-end=\"907\">v\u00e4nlig presentf\u00f6rpackning.<\/p>\n<\/li>\n<\/ul>\n","protected":false},"excerpt":{"rendered":"<p>\ud83e\uddf5 En Charmig F\u00f6ljeslagare, Gjord Med K\u00e4rlek Och Naturlig Omsorg \ud83d\udc9b Den h\u00e4r vackert handgjorda dockan \u00e4r tillverkad av mjuk [&hellip;]<\/p>\n","protected":false},"featured_media":16066,"comment_status":"open","ping_status":"closed","template":"","meta":{"site-sidebar-layout":"default","site-content-layout":"","ast-site-content-layout":"default","site-content-style":"default","site-sidebar-style":"default","ast-global-header-display":"","ast-banner-title-visibility":"","ast-main-header-display":"","ast-hfb-above-header-display":"","ast-hfb-below-header-display":"","ast-hfb-mobile-header-display":"","site-post-title":"","ast-breadcrumbs-content":"","ast-featured-img":"","footer-sml-layout":"","theme-transparent-header-meta":"default","adv-header-id-meta":"","stick-header-meta":"","header-above-stick-meta":"","header-main-stick-meta":"","header-below-stick-meta":"","astra-migrate-meta-layouts":"set","ast-page-background-enabled":"default","ast-page-background-meta":{"desktop":{"background-color":"var(--ast-global-color-4)","background-image":"","background-repeat":"repeat","background-position":"center center","background-size":"auto","background-attachment":"scroll","background-type":"","background-media":"","overlay-type":"","overlay-color":"","overlay-opacity":"","overlay-gradient":""},"tablet":{"background-color":"","background-image":"","background-repeat":"repeat","background-position":"center center","background-size":"auto","background-attachment":"scroll","background-type":"","background-media":"","overlay-type":"","overlay-color":"","overlay-opacity":"","overlay-gradient":""},"mobile":{"background-color":"","background-image":"","background-repeat":"repeat","background-position":"center center","background-size":"auto","background-attachment":"scroll","background-type":"","background-media":"","overlay-type":"","overlay-color":"","overlay-opacity":"","overlay-gradient":""}},"ast-content-background-meta":{"desktop":{"background-color":"var(--ast-global-color-5)","background-image":"","background-repeat":"repeat","background-position":"center center","background-size":"auto","background-attachment":"scroll","background-type":"","background-media":"","overlay-type":"","overlay-color":"","overlay-opacity":"","overlay-gradient":""},"tablet":{"background-color":"var(--ast-global-color-5)","background-image":"","background-repeat":"repeat","background-position":"center center","background-size":"auto","background-attachment":"scroll","background-type":"","background-media":"","overlay-type":"","overlay-color":"","overlay-opacity":"","overlay-gradient":""},"mobile":{"background-color":"var(--ast-global-color-5)","background-image":"","background-repeat":"repeat","background-position":"center center","background-size":"auto","background-attachment":"scroll","background-type":"","background-media":"","overlay-type":"","overlay-color":"","overlay-opacity":"","overlay-gradient":""}}},"product_brand":[],"product_cat":[990],"product_tag":[],"class_list":{"0":"post-16070","1":"product","2":"type-product","3":"status-publish","4":"has-post-thumbnail","6":"product_cat-toys-childrens-and-baby-products","7":"pa_19446_7sz0oinr-a","8":"pa_19446_7sz0oinr-b","9":"pa_19446_7sz0oinr-c","10":"pa_19446_7sz0oinr-d","11":"pa_19446_7sz0oinr-e","12":"pa_19446_7sz0oinr-f","13":"pa_19446_7sz0oinr-g","14":"desktop-align-left","15":"tablet-align-left","16":"mobile-align-left","18":"first","19":"instock","20":"shipping-taxable","21":"purchasable","22":"product-type-variable"},"_links":{"self":[{"href":"https:\/\/keluvo.com\/se\/wp-json\/wp\/v2\/product\/16070","targetHints":{"allow":["GET"]}}],"collection":[{"href":"https:\/\/keluvo.com\/se\/wp-json\/wp\/v2\/product"}],"about":[{"href":"https:\/\/keluvo.com\/se\/wp-json\/wp\/v2\/types\/product"}],"replies":[{"embeddable":true,"href":"https:\/\/keluvo.com\/se\/wp-json\/wp\/v2\/comments?post=16070"}],"wp:featuredmedia":[{"embeddable":true,"href":"https:\/\/keluvo.com\/se\/wp-json\/wp\/v2\/media\/16066"}],"wp:attachment":[{"href":"https:\/\/keluvo.com\/se\/wp-json\/wp\/v2\/media?parent=16070"}],"wp:term":[{"taxonomy":"product_brand","embeddable":true,"href":"https:\/\/keluvo.com\/se\/wp-json\/wp\/v2\/product_brand?post=16070"},{"taxonomy":"product_cat","embeddable":true,"href":"https:\/\/keluvo.com\/se\/wp-json\/wp\/v2\/product_cat?post=16070"},{"taxonomy":"product_tag","embeddable":true,"href":"https:\/\/keluvo.com\/se\/wp-json\/wp\/v2\/product_tag?post=16070"}],"curies":[{"name":"wp","href":"https:\/\/api.w.org\/{rel}","templated":true}]}}