{"id":16057,"date":"2025-07-25T14:01:14","date_gmt":"2025-07-25T12:01:14","guid":{"rendered":"https:\/\/keluvo.com\/se\/product\/router\/"},"modified":"2025-07-25T14:01:24","modified_gmt":"2025-07-25T12:01:24","slug":"router","status":"publish","type":"product","link":"https:\/\/keluvo.com\/se\/product\/router\/","title":{"rendered":"Router"},"content":{"rendered":"<p style=\"text-align: center\" data-start=\"129\" data-end=\"192\"><strong>\ud83d\udee0\ufe0f G\u00f6r Perfekta Sp\u00e5r, Kanter Och Rundningar \u2013 Med Ett Enda Proffsverktyg!<\/strong><\/p>\n<p style=\"text-align: center\" data-start=\"194\" data-end=\"407\">Denna router \u00e4r byggd f\u00f6r precisions\u00e4lskare och g\u00f6r-det-sj\u00e4lventusiaster som vill ha rena, felfria snitt varje g\u00e5ng. Den \u00e4r tillverkad av h\u00f6gkvalitativt aluminium, \u00e4r justerbar, l\u00f6stagbar och redo f\u00f6r alla typer av br\u00e4dor.<\/p>\n<p data-start=\"194\" data-end=\"407\"><img decoding=\"async\" class=\"size-full wp-image-26547 aligncenter\" src=\"https:\/\/keluvo.com\/template\/wp-content\/uploads\/sites\/5\/2025\/07\/070210-ezgif.com-video-to-webp-converter.webp\" alt=\"\" \/><\/p>\n<h2 style=\"text-align: center\" data-start=\"409\" data-end=\"430\">\ud83d\udd27 Huvudf\u00f6rdelar<\/h2>\n<p data-start=\"433\" data-end=\"492\">\ud83d\udccf Sk\u00e4r enkelt runda sp\u00e5r, kanter och expansionssp\u00e5r<\/p>\n<p data-start=\"495\" data-end=\"546\">\ud83e\uddf2 Justerbar bas i aluminiumlegering f\u00f6r anpassade inst\u00e4llningar<\/p>\n<p data-start=\"549\" data-end=\"600\">\ud83d\udd04 L\u00f6stagbar design &#8211; enkel att f\u00f6rvara och montera igen<\/p>\n<p data-start=\"603\" data-end=\"653\">\ud83e\udeb5 Kompatibel med tr\u00e4, MDF, fiberplattor med mera<\/p>\n<p data-start=\"656\" data-end=\"711\">\ud83c\udfaf Ger rena, exakta och stabila snitt varje g\u00e5ng<\/p>\n<p data-start=\"656\" data-end=\"711\"><img decoding=\"async\" class=\"size-full wp-image-26546 aligncenter\" src=\"https:\/\/keluvo.com\/template\/wp-content\/uploads\/sites\/5\/2025\/07\/a1eeaa0e-5dfa-4746-9f55-2623f2c74c4d.jpg\" alt=\"\" \/><\/p>\n<h2 style=\"text-align: center\" data-start=\"713\" data-end=\"733\">\u2699\ufe0f S\u00e5 H\u00e4r Fungerar Det<\/h2>\n<ol data-start=\"734\" data-end=\"868\">\n<li data-start=\"734\" data-end=\"766\">\n<p data-start=\"737\" data-end=\"766\">Montera basen p\u00e5 din skiva.<\/p>\n<\/li>\n<li data-start=\"767\" data-end=\"821\">\n<p data-start=\"770\" data-end=\"821\">Justera styrarmarna till \u00f6nskad sp\u00e5rbredd.<\/p>\n<\/li>\n<li data-start=\"822\" data-end=\"868\">\n<p data-start=\"825\" data-end=\"868\">F\u00e4st din router och fr\u00e4s med sj\u00e4lvf\u00f6rtroende.<\/p>\n<\/li>\n<\/ol>\n<h2 style=\"text-align: center\" data-start=\"870\" data-end=\"893\">\ud83d\udcd0 Produktdetaljer<\/h2>\n<ul data-start=\"894\" data-end=\"1027\">\n<li data-start=\"894\" data-end=\"934\">\n<p data-start=\"896\" data-end=\"934\">Material: H\u00f6gh\u00e5llfast aluminiumlegering<\/p>\n<\/li>\n<li data-start=\"990\" data-end=\"1027\">\n<p data-start=\"992\" data-end=\"1027\">Passar de flesta routrar (universalf\u00e4ste)<\/p>\n<\/li>\n<\/ul>\n<h2 style=\"text-align: center\" data-start=\"1029\" data-end=\"1053\">\ud83d\udce6 I Paketet Ing\u00e5r<\/h2>\n<ul data-start=\"1054\" data-end=\"1118\">\n<li data-start=\"1054\" data-end=\"1118\">\n<p data-start=\"1056\" data-end=\"1118\">1x router.<\/p>\n<\/li>\n<\/ul>\n","protected":false},"excerpt":{"rendered":"<p>\ud83d\udee0\ufe0f G\u00f6r Perfekta Sp\u00e5r, Kanter Och Rundningar \u2013 Med Ett Enda Proffsverktyg! Denna router \u00e4r byggd f\u00f6r precisions\u00e4lskare och g\u00f6r-det-sj\u00e4lventusiaster [&hellip;]<\/p>\n","protected":false},"featured_media":16053,"comment_status":"open","ping_status":"closed","template":"","meta":{"site-sidebar-layout":"default","site-content-layout":"","ast-site-content-layout":"default","site-content-style":"default","site-sidebar-style":"default","ast-global-header-display":"","ast-banner-title-visibility":"","ast-main-header-display":"","ast-hfb-above-header-display":"","ast-hfb-below-header-display":"","ast-hfb-mobile-header-display":"","site-post-title":"","ast-breadcrumbs-content":"","ast-featured-img":"","footer-sml-layout":"","theme-transparent-header-meta":"default","adv-header-id-meta":"","stick-header-meta":"","header-above-stick-meta":"","header-main-stick-meta":"","header-below-stick-meta":"","astra-migrate-meta-layouts":"set","ast-page-background-enabled":"default","ast-page-background-meta":{"desktop":{"background-color":"var(--ast-global-color-4)","background-image":"","background-repeat":"repeat","background-position":"center center","background-size":"auto","background-attachment":"scroll","background-type":"","background-media":"","overlay-type":"","overlay-color":"","overlay-opacity":"","overlay-gradient":""},"tablet":{"background-color":"","background-image":"","background-repeat":"repeat","background-position":"center center","background-size":"auto","background-attachment":"scroll","background-type":"","background-media":"","overlay-type":"","overlay-color":"","overlay-opacity":"","overlay-gradient":""},"mobile":{"background-color":"","background-image":"","background-repeat":"repeat","background-position":"center center","background-size":"auto","background-attachment":"scroll","background-type":"","background-media":"","overlay-type":"","overlay-color":"","overlay-opacity":"","overlay-gradient":""}},"ast-content-background-meta":{"desktop":{"background-color":"var(--ast-global-color-5)","background-image":"","background-repeat":"repeat","background-position":"center center","background-size":"auto","background-attachment":"scroll","background-type":"","background-media":"","overlay-type":"","overlay-color":"","overlay-opacity":"","overlay-gradient":""},"tablet":{"background-color":"var(--ast-global-color-5)","background-image":"","background-repeat":"repeat","background-position":"center center","background-size":"auto","background-attachment":"scroll","background-type":"","background-media":"","overlay-type":"","overlay-color":"","overlay-opacity":"","overlay-gradient":""},"mobile":{"background-color":"var(--ast-global-color-5)","background-image":"","background-repeat":"repeat","background-position":"center center","background-size":"auto","background-attachment":"scroll","background-type":"","background-media":"","overlay-type":"","overlay-color":"","overlay-opacity":"","overlay-gradient":""}}},"product_brand":[],"product_cat":[996],"product_tag":[],"class_list":{"0":"post-16057","1":"product","2":"type-product","3":"status-publish","4":"has-post-thumbnail","6":"product_cat-tools","7":"pa_30215_i69gusf1-a","8":"pa_30215_i69gusf1-b","9":"pa_30215_i69gusf1-c","10":"pa_30215_i69gusf1-d","11":"desktop-align-left","12":"tablet-align-left","13":"mobile-align-left","15":"first","16":"instock","17":"shipping-taxable","18":"purchasable","19":"product-type-variable"},"_links":{"self":[{"href":"https:\/\/keluvo.com\/se\/wp-json\/wp\/v2\/product\/16057","targetHints":{"allow":["GET"]}}],"collection":[{"href":"https:\/\/keluvo.com\/se\/wp-json\/wp\/v2\/product"}],"about":[{"href":"https:\/\/keluvo.com\/se\/wp-json\/wp\/v2\/types\/product"}],"replies":[{"embeddable":true,"href":"https:\/\/keluvo.com\/se\/wp-json\/wp\/v2\/comments?post=16057"}],"wp:featuredmedia":[{"embeddable":true,"href":"https:\/\/keluvo.com\/se\/wp-json\/wp\/v2\/media\/16053"}],"wp:attachment":[{"href":"https:\/\/keluvo.com\/se\/wp-json\/wp\/v2\/media?parent=16057"}],"wp:term":[{"taxonomy":"product_brand","embeddable":true,"href":"https:\/\/keluvo.com\/se\/wp-json\/wp\/v2\/product_brand?post=16057"},{"taxonomy":"product_cat","embeddable":true,"href":"https:\/\/keluvo.com\/se\/wp-json\/wp\/v2\/product_cat?post=16057"},{"taxonomy":"product_tag","embeddable":true,"href":"https:\/\/keluvo.com\/se\/wp-json\/wp\/v2\/product_tag?post=16057"}],"curies":[{"name":"wp","href":"https:\/\/api.w.org\/{rel}","templated":true}]}}