{"id":16040,"date":"2025-07-25T14:00:13","date_gmt":"2025-07-25T12:00:13","guid":{"rendered":"https:\/\/keluvo.com\/se\/product\/forvaringskorg\/"},"modified":"2025-09-25T15:09:24","modified_gmt":"2025-09-25T12:09:24","slug":"forvaringskorg","status":"publish","type":"product","link":"https:\/\/keluvo.com\/se\/product\/forvaringskorg\/","title":{"rendered":"F\u00f6rvaringskorg"},"content":{"rendered":"<p style=\"text-align: center\" data-start=\"105\" data-end=\"165\"><strong>\ud83e\uddfa L\u00e4gg Omedelbart Till Extra F\u00f6rvaringsutrymme \u2014 Var Du \u00c4n Beh\u00f6ver Det!<\/strong><\/p>\n<p style=\"text-align: center\" data-start=\"167\" data-end=\"314\">Den h\u00e4r f\u00f6rvaringskorgen i n\u00e4t \u00e4r den perfekta skr\u00e4pplockaren f\u00f6r bilen, k\u00f6ket, badrummet eller kontoret. Klistra bara fast den och b\u00f6rja organisera p\u00e5 n\u00e5gra sekunder.<\/p>\n<p data-start=\"167\" data-end=\"314\"><img decoding=\"async\" class=\"size-full wp-image-26523 aligncenter\" src=\"https:\/\/keluvo.com\/template\/wp-content\/uploads\/sites\/5\/2025\/07\/07029-ezgif.com-video-to-webp-converter.webp\" alt=\"\" \/><\/p>\n<h2 style=\"text-align: center\" data-start=\"316\" data-end=\"336\"><strong>\u2705 Huvudf\u00f6rdelar<\/strong><\/h2>\n<p data-start=\"339\" data-end=\"387\">\ud83d\udccc Sj\u00e4lvh\u00e4ftande design &#8211; ingen borrning, inga verktyg!<\/p>\n<p data-start=\"390\" data-end=\"441\">\ud83e\uddfd F\u00f6rvaring av handdukar, v\u00e5tservetter, sopp\u00e5sar, leksaker med mera<\/p>\n<p data-start=\"444\" data-end=\"499\">\ud83d\udcaa H\u00e5llbart elastiskt n\u00e4t h\u00e5ller f\u00f6rem\u00e5len s\u00e4kra och p\u00e5 plats<\/p>\n<p data-start=\"502\" data-end=\"558\">\ud83d\ude97 Perfekt f\u00f6r bilar, husbilar, skrivbord, garderober och sm\u00e5 utrymmen<\/p>\n<p data-start=\"561\" data-end=\"609\">\ud83d\udd01 Flyttbar och enkel att installera p\u00e5 seconds<\/p>\n<p data-start=\"561\" data-end=\"609\"><img decoding=\"async\" class=\"size-full wp-image-26524 aligncenter\" src=\"https:\/\/keluvo.com\/template\/wp-content\/uploads\/sites\/5\/2025\/07\/13c5ffaf-c3d0-4485-ac39-4c020d938c6d.webp\" alt=\"\" \/><\/p>\n<h2 style=\"text-align: center\" data-start=\"611\" data-end=\"630\"><strong>\ud83d\udee0\ufe0f Hur Man Anv\u00e4nder<\/strong><\/h2>\n<ol data-start=\"631\" data-end=\"775\">\n<li data-start=\"631\" data-end=\"679\">\n<p data-start=\"634\" data-end=\"679\">Reng\u00f6r ytan d\u00e4r du vill f\u00e4sta den.<\/p>\n<\/li>\n<li data-start=\"680\" data-end=\"713\">\n<p data-start=\"683\" data-end=\"713\">Dra av den sj\u00e4lvh\u00e4ftande baksidan.<\/p>\n<\/li>\n<li data-start=\"714\" data-end=\"754\">\n<p data-start=\"717\" data-end=\"754\">tryck fast n\u00e4tp\u00e5sen ordentligt.<\/p>\n<\/li>\n<li data-start=\"755\" data-end=\"775\">\n<p data-start=\"758\" data-end=\"775\">b\u00f6rja organisera!<\/p>\n<\/li>\n<\/ol>\n<h2 style=\"text-align: center\" data-start=\"777\" data-end=\"800\"><strong>\ud83d\udcd0 Produktdetaljer<\/strong><\/h2>\n<ul data-start=\"801\" data-end=\"917\">\n<li data-start=\"801\" data-end=\"846\">\n<p data-start=\"803\" data-end=\"846\">Storlekar: M (30&#215;25 cm) eller L (40&#215;25 cm)<\/p>\n<\/li>\n<li data-start=\"847\" data-end=\"893\">\n<p data-start=\"849\" data-end=\"893\">Material: T\u00f6jbart n\u00e4t + starkt lim<\/p>\n<\/li>\n<li data-start=\"894\" data-end=\"917\">\n<p data-start=\"896\" data-end=\"917\">Tv\u00e4ttbar och \u00e5teranv\u00e4ndbar<\/p>\n<\/li>\n<\/ul>\n<h2 style=\"text-align: center\" data-start=\"919\" data-end=\"943\"><strong>\ud83d\udce6 Paketet Inneh\u00e5ller<\/strong><\/h2>\n<ul data-start=\"944\" data-end=\"986\">\n<li data-start=\"944\" data-end=\"986\">\n<p data-start=\"946\" data-end=\"986\">1, 3, 5x f\u00f6rvaringskorg (med tejp).<\/p>\n<\/li>\n<\/ul>\n","protected":false},"excerpt":{"rendered":"<p>\ud83e\uddfa L\u00e4gg Omedelbart Till Extra F\u00f6rvaringsutrymme \u2014 Var Du \u00c4n Beh\u00f6ver Det! Den h\u00e4r f\u00f6rvaringskorgen i n\u00e4t \u00e4r den perfekta [&hellip;]<\/p>\n","protected":false},"featured_media":16036,"comment_status":"open","ping_status":"closed","template":"","meta":{"site-sidebar-layout":"default","site-content-layout":"","ast-site-content-layout":"default","site-content-style":"default","site-sidebar-style":"default","ast-global-header-display":"","ast-banner-title-visibility":"","ast-main-header-display":"","ast-hfb-above-header-display":"","ast-hfb-below-header-display":"","ast-hfb-mobile-header-display":"","site-post-title":"","ast-breadcrumbs-content":"","ast-featured-img":"","footer-sml-layout":"","theme-transparent-header-meta":"default","adv-header-id-meta":"","stick-header-meta":"","header-above-stick-meta":"","header-main-stick-meta":"","header-below-stick-meta":"","astra-migrate-meta-layouts":"set","ast-page-background-enabled":"default","ast-page-background-meta":{"desktop":{"background-color":"var(--ast-global-color-4)","background-image":"","background-repeat":"repeat","background-position":"center center","background-size":"auto","background-attachment":"scroll","background-type":"","background-media":"","overlay-type":"","overlay-color":"","overlay-opacity":"","overlay-gradient":""},"tablet":{"background-color":"","background-image":"","background-repeat":"repeat","background-position":"center center","background-size":"auto","background-attachment":"scroll","background-type":"","background-media":"","overlay-type":"","overlay-color":"","overlay-opacity":"","overlay-gradient":""},"mobile":{"background-color":"","background-image":"","background-repeat":"repeat","background-position":"center center","background-size":"auto","background-attachment":"scroll","background-type":"","background-media":"","overlay-type":"","overlay-color":"","overlay-opacity":"","overlay-gradient":""}},"ast-content-background-meta":{"desktop":{"background-color":"var(--ast-global-color-5)","background-image":"","background-repeat":"repeat","background-position":"center center","background-size":"auto","background-attachment":"scroll","background-type":"","background-media":"","overlay-type":"","overlay-color":"","overlay-opacity":"","overlay-gradient":""},"tablet":{"background-color":"var(--ast-global-color-5)","background-image":"","background-repeat":"repeat","background-position":"center center","background-size":"auto","background-attachment":"scroll","background-type":"","background-media":"","overlay-type":"","overlay-color":"","overlay-opacity":"","overlay-gradient":""},"mobile":{"background-color":"var(--ast-global-color-5)","background-image":"","background-repeat":"repeat","background-position":"center center","background-size":"auto","background-attachment":"scroll","background-type":"","background-media":"","overlay-type":"","overlay-color":"","overlay-opacity":"","overlay-gradient":""}}},"product_brand":[],"product_cat":[1001],"product_tag":[],"class_list":{"0":"post-16040","1":"product","2":"type-product","3":"status-publish","4":"has-post-thumbnail","6":"product_cat-household-goods","7":"pa_19312_5b0qmu1g-m","8":"pa_19312_5b0qmu1g-l","9":"pa_19312_dh5kcarv-1-st","10":"pa_19312_dh5kcarv-3-st","11":"pa_19312_dh5kcarv-5-st","12":"desktop-align-left","13":"tablet-align-left","14":"mobile-align-left","16":"first","17":"instock","18":"shipping-taxable","19":"purchasable","20":"product-type-variable"},"_links":{"self":[{"href":"https:\/\/keluvo.com\/se\/wp-json\/wp\/v2\/product\/16040","targetHints":{"allow":["GET"]}}],"collection":[{"href":"https:\/\/keluvo.com\/se\/wp-json\/wp\/v2\/product"}],"about":[{"href":"https:\/\/keluvo.com\/se\/wp-json\/wp\/v2\/types\/product"}],"replies":[{"embeddable":true,"href":"https:\/\/keluvo.com\/se\/wp-json\/wp\/v2\/comments?post=16040"}],"wp:featuredmedia":[{"embeddable":true,"href":"https:\/\/keluvo.com\/se\/wp-json\/wp\/v2\/media\/16036"}],"wp:attachment":[{"href":"https:\/\/keluvo.com\/se\/wp-json\/wp\/v2\/media?parent=16040"}],"wp:term":[{"taxonomy":"product_brand","embeddable":true,"href":"https:\/\/keluvo.com\/se\/wp-json\/wp\/v2\/product_brand?post=16040"},{"taxonomy":"product_cat","embeddable":true,"href":"https:\/\/keluvo.com\/se\/wp-json\/wp\/v2\/product_cat?post=16040"},{"taxonomy":"product_tag","embeddable":true,"href":"https:\/\/keluvo.com\/se\/wp-json\/wp\/v2\/product_tag?post=16040"}],"curies":[{"name":"wp","href":"https:\/\/api.w.org\/{rel}","templated":true}]}}