{"id":15948,"date":"2025-07-25T13:57:17","date_gmt":"2025-07-25T11:57:17","guid":{"rendered":"https:\/\/keluvo.com\/se\/product\/spelemulator\/"},"modified":"2025-07-25T13:57:49","modified_gmt":"2025-07-25T11:57:49","slug":"spelemulator","status":"publish","type":"product","link":"https:\/\/keluvo.com\/se\/product\/spelemulator\/","title":{"rendered":"Spelemulator"},"content":{"rendered":"<p style=\"text-align: center\" data-start=\"107\" data-end=\"163\"><strong>\ud83c\udfae 35 000 spel i fickan &#8211; spela n\u00e4r som helst, var som helst!<\/strong><\/p>\n<p style=\"text-align: center\" data-start=\"165\" data-end=\"373\">\u00c5terupplev klassikerna med denna spelemulator. Med tusentals f\u00f6rinstallerade spel fr\u00e5n plattformar som PlayStation, Game Boy Advance, Nintendo DS och mer \u00e4r din barndom bara en knapp bort!<\/p>\n<p data-start=\"165\" data-end=\"373\"><img decoding=\"async\" class=\"size-full wp-image-26434 aligncenter\" src=\"https:\/\/keluvo.com\/template\/wp-content\/uploads\/sites\/5\/2025\/07\/2572831bfdcb9e74c5be0a6bbd8bb10f.gif\" alt=\"\" \/><\/p>\n<h2 style=\"text-align: center\" data-start=\"375\" data-end=\"397\"><strong>Huvudf\u00f6rdelar<\/strong><\/h2>\n<p data-start=\"400\" data-end=\"456\">\ud83c\udfae \u00d6ver 21 000 inbyggda spel p\u00e5 10+ retroplattformar<\/p>\n<p data-start=\"459\" data-end=\"502\">\ud83d\udcfa Skarp 3.5&#8243; HD-sk\u00e4rm f\u00f6r smidig spelupplevelse<\/p>\n<p data-start=\"505\" data-end=\"549\">\ud83d\udd0b L\u00e5ng batteritid &#8211; upp till 8 timmars spel<\/p>\n<p data-start=\"552\" data-end=\"600\">\ud83c\udfa7 H\u00f6rlursuttag och h\u00f6gtalare f\u00f6r uppslukande ljud<\/p>\n<p data-start=\"603\" data-end=\"651\">\ud83d\udd0c USB-C snabbladdning och HDMI-utg\u00e5ng st\u00f6ds<\/p>\n<p data-start=\"603\" data-end=\"651\"><img decoding=\"async\" class=\"size-full wp-image-26437 aligncenter\" src=\"https:\/\/keluvo.com\/template\/wp-content\/uploads\/sites\/5\/2025\/07\/db0f93ffdb2e169805be6dca17d48e86.gif\" alt=\"\" \/><\/p>\n<h2 style=\"text-align: center\" data-start=\"653\" data-end=\"678\"><strong>Vad du kan spela<\/strong><\/h2>\n<ul data-start=\"679\" data-end=\"783\">\n<li data-start=\"679\" data-end=\"699\">\n<p data-start=\"681\" data-end=\"699\">Game Boy Advance<\/p>\n<\/li>\n<li data-start=\"700\" data-end=\"720\">\n<p data-start=\"702\" data-end=\"720\">Nintendo 64 och DS<\/p>\n<\/li>\n<li data-start=\"721\" data-end=\"742\">\n<p data-start=\"723\" data-end=\"742\">PlayStation 1 och 2<\/p>\n<\/li>\n<li data-start=\"743\" data-end=\"766\">\n<p data-start=\"745\" data-end=\"766\">Capcom arkadspel<\/p>\n<\/li>\n<li data-start=\"767\" data-end=\"783\">\n<p data-start=\"769\" data-end=\"783\">Och mycket mer!<\/p>\n<\/li>\n<\/ul>\n<h2 style=\"text-align: center\" data-start=\"785\" data-end=\"808\"><strong>Produktdetaljer<\/strong><\/h2>\n<ul data-start=\"809\" data-end=\"948\">\n<li data-start=\"809\" data-end=\"859\">\n<p data-start=\"811\" data-end=\"859\">Kompakt, b\u00e4rbar design med full knapplayout<\/p>\n<\/li>\n<li data-start=\"860\" data-end=\"897\">\n<p data-start=\"862\" data-end=\"897\">St\u00f6djer Wi-Fi &amp; multiplayer-spel<\/p>\n<\/li>\n<li data-start=\"898\" data-end=\"948\">\n<p data-start=\"900\" data-end=\"948\">Style: 16GB (Inget spel), 64GB (15K spel), 128GB (27K spel), 256GB (35K spel).<\/p>\n<\/li>\n<\/ul>\n<h2 style=\"text-align: center\" data-start=\"950\" data-end=\"974\"><strong>Paketet inneh\u00e5ller<\/strong><\/h2>\n<ul data-start=\"975\" data-end=\"1077\">\n<li data-start=\"975\" data-end=\"998\">\n<p data-start=\"977\" data-end=\"998\">1x spelemulator<\/p>\n<\/li>\n<li data-start=\"999\" data-end=\"1012\">\n<p data-start=\"1001\" data-end=\"1012\">1x presentf\u00f6rpackning<\/p>\n<\/li>\n<li data-start=\"1013\" data-end=\"1038\">\n<p data-start=\"1015\" data-end=\"1038\">1x USB-C laddningskabel<\/p>\n<\/li>\n<li data-start=\"1039\" data-end=\"1060\">\n<p data-start=\"1041\" data-end=\"1060\">1x sk\u00e4rmskydd<\/p>\n<\/li>\n<li data-start=\"1061\" data-end=\"1077\">\n<p data-start=\"1063\" data-end=\"1077\">1x anv\u00e4ndarmanual.<\/p>\n<\/li>\n<\/ul>\n","protected":false},"excerpt":{"rendered":"<p>\ud83c\udfae 35 000 spel i fickan &#8211; spela n\u00e4r som helst, var som helst! \u00c5terupplev klassikerna med denna spelemulator. Med [&hellip;]<\/p>\n","protected":false},"featured_media":15945,"comment_status":"open","ping_status":"closed","template":"","meta":{"site-sidebar-layout":"default","site-content-layout":"","ast-site-content-layout":"default","site-content-style":"default","site-sidebar-style":"default","ast-global-header-display":"","ast-banner-title-visibility":"","ast-main-header-display":"","ast-hfb-above-header-display":"","ast-hfb-below-header-display":"","ast-hfb-mobile-header-display":"","site-post-title":"","ast-breadcrumbs-content":"","ast-featured-img":"","footer-sml-layout":"","theme-transparent-header-meta":"default","adv-header-id-meta":"","stick-header-meta":"","header-above-stick-meta":"","header-main-stick-meta":"","header-below-stick-meta":"","astra-migrate-meta-layouts":"set","ast-page-background-enabled":"default","ast-page-background-meta":{"desktop":{"background-color":"var(--ast-global-color-4)","background-image":"","background-repeat":"repeat","background-position":"center center","background-size":"auto","background-attachment":"scroll","background-type":"","background-media":"","overlay-type":"","overlay-color":"","overlay-opacity":"","overlay-gradient":""},"tablet":{"background-color":"","background-image":"","background-repeat":"repeat","background-position":"center center","background-size":"auto","background-attachment":"scroll","background-type":"","background-media":"","overlay-type":"","overlay-color":"","overlay-opacity":"","overlay-gradient":""},"mobile":{"background-color":"","background-image":"","background-repeat":"repeat","background-position":"center center","background-size":"auto","background-attachment":"scroll","background-type":"","background-media":"","overlay-type":"","overlay-color":"","overlay-opacity":"","overlay-gradient":""}},"ast-content-background-meta":{"desktop":{"background-color":"var(--ast-global-color-5)","background-image":"","background-repeat":"repeat","background-position":"center center","background-size":"auto","background-attachment":"scroll","background-type":"","background-media":"","overlay-type":"","overlay-color":"","overlay-opacity":"","overlay-gradient":""},"tablet":{"background-color":"var(--ast-global-color-5)","background-image":"","background-repeat":"repeat","background-position":"center center","background-size":"auto","background-attachment":"scroll","background-type":"","background-media":"","overlay-type":"","overlay-color":"","overlay-opacity":"","overlay-gradient":""},"mobile":{"background-color":"var(--ast-global-color-5)","background-image":"","background-repeat":"repeat","background-position":"center center","background-size":"auto","background-attachment":"scroll","background-type":"","background-media":"","overlay-type":"","overlay-color":"","overlay-opacity":"","overlay-gradient":""}}},"product_brand":[],"product_cat":[15],"product_tag":[],"class_list":{"0":"post-15948","1":"product","2":"type-product","3":"status-publish","4":"has-post-thumbnail","6":"product_cat-uncategorized","7":"pa_29702_l1d58pyz-gra","8":"pa_29702_l1d58pyz-lila","9":"pa_29702_l1d58pyz-svart","10":"pa_29702_l1d58pyz-vit","11":"pa_29702_mf4jc9xi-16-gb","12":"pa_29702_mf4jc9xi-64-gb","13":"pa_29702_mf4jc9xi-128-gb","14":"pa_29702_mf4jc9xi-256-gb","15":"desktop-align-left","16":"tablet-align-left","17":"mobile-align-left","19":"first","20":"instock","21":"shipping-taxable","22":"purchasable","23":"product-type-variable","24":"has-default-attributes"},"_links":{"self":[{"href":"https:\/\/keluvo.com\/se\/wp-json\/wp\/v2\/product\/15948","targetHints":{"allow":["GET"]}}],"collection":[{"href":"https:\/\/keluvo.com\/se\/wp-json\/wp\/v2\/product"}],"about":[{"href":"https:\/\/keluvo.com\/se\/wp-json\/wp\/v2\/types\/product"}],"replies":[{"embeddable":true,"href":"https:\/\/keluvo.com\/se\/wp-json\/wp\/v2\/comments?post=15948"}],"wp:featuredmedia":[{"embeddable":true,"href":"https:\/\/keluvo.com\/se\/wp-json\/wp\/v2\/media\/15945"}],"wp:attachment":[{"href":"https:\/\/keluvo.com\/se\/wp-json\/wp\/v2\/media?parent=15948"}],"wp:term":[{"taxonomy":"product_brand","embeddable":true,"href":"https:\/\/keluvo.com\/se\/wp-json\/wp\/v2\/product_brand?post=15948"},{"taxonomy":"product_cat","embeddable":true,"href":"https:\/\/keluvo.com\/se\/wp-json\/wp\/v2\/product_cat?post=15948"},{"taxonomy":"product_tag","embeddable":true,"href":"https:\/\/keluvo.com\/se\/wp-json\/wp\/v2\/product_tag?post=15948"}],"curies":[{"name":"wp","href":"https:\/\/api.w.org\/{rel}","templated":true}]}}