{"id":15925,"date":"2025-07-25T13:55:42","date_gmt":"2025-07-25T11:55:42","guid":{"rendered":"https:\/\/keluvo.com\/se\/product\/horlurar\/"},"modified":"2025-07-25T13:55:50","modified_gmt":"2025-07-25T11:55:50","slug":"horlurar","status":"publish","type":"product","link":"https:\/\/keluvo.com\/se\/product\/horlurar\/","title":{"rendered":"H\u00f6rlurar"},"content":{"rendered":"<p style=\"text-align: center\" data-start=\"111\" data-end=\"192\"><strong>\ud83c\udfa7 En ny typ av tr\u00e5dl\u00f6sa h\u00f6rlurar &#8211; s\u00e4kra, vattent\u00e4ta och gjorda f\u00f6r r\u00f6relse!<\/strong><\/p>\n<p style=\"text-align: center\" data-start=\"194\" data-end=\"383\">Dessa h\u00f6rlurar \u00e4r utformade f\u00f6r en aktiv livsstil och sitter stadigt p\u00e5 plats samtidigt som de levererar kristallklart ljud, djup bas och l\u00e5ngvarig komfort &#8211; utan att glida, utan sladdar, utan begr\u00e4nsningar.<\/p>\n<p data-start=\"194\" data-end=\"383\"><img decoding=\"async\" class=\"size-full wp-image-26405 aligncenter\" src=\"https:\/\/keluvo.com\/template\/wp-content\/uploads\/sites\/5\/2025\/07\/cfdc9332d07fd6a83da8c0e98a71182d0639347a.webp\" alt=\"\" \/><\/p>\n<h2 style=\"text-align: center\" data-start=\"385\" data-end=\"406\"><strong>\ud83d\udd25 Huvudf\u00f6rdelar<\/strong><\/h2>\n<p data-start=\"409\" data-end=\"468\">\ud83d\udc42 \u00d6ronkrokarna sitter s\u00e4kert under tr\u00e4ningspasset<\/p>\n<p data-start=\"471\" data-end=\"539\">\ud83d\udca6 Vattent\u00e4ta och svettresistenta &#8211; perfekta f\u00f6r regn eller gympass<\/p>\n<p data-start=\"542\" data-end=\"589\">\ud83d\udd0b L\u00e5ng batteritid med upp till 18 timmars anv\u00e4ndning<\/p>\n<p data-start=\"592\" data-end=\"640\">\ud83c\udfb5 HD-ljud med stark bas och brusreducering isolation<\/p>\n<p data-start=\"643\" data-end=\"698\">\u261d\ufe0f Enkel kontroll med ett finger f\u00f6r samtal, musik och volym<\/p>\n<p data-start=\"643\" data-end=\"698\"><img decoding=\"async\" class=\"size-full wp-image-26404 aligncenter\" src=\"https:\/\/keluvo.com\/template\/wp-content\/uploads\/sites\/5\/2025\/07\/dc35c943bf496d2f84d21fc1f95255ef71a62f9b100ba0c1d1df2552c3900890_480x480.webp\" alt=\"\" \/><\/p>\n<h2 style=\"text-align: center\" data-start=\"700\" data-end=\"718\"><strong>\ud83c\udfa7 Hur du anv\u00e4nder<\/strong><\/h2>\n<ol data-start=\"719\" data-end=\"862\">\n<li data-start=\"719\" data-end=\"767\">\n<p data-start=\"722\" data-end=\"767\">Para via Bluetooth med din telefon eller enhet.<\/p>\n<\/li>\n<li data-start=\"768\" data-end=\"814\">\n<p data-start=\"771\" data-end=\"814\">Haka fast dem \u00f6ver \u00f6ronen och justera f\u00f6r komfort.<\/p>\n<\/li>\n<li data-start=\"815\" data-end=\"862\">\n<p data-start=\"818\" data-end=\"862\">styr musik och samtal med ett enkelt tryck.<\/p>\n<\/li>\n<\/ol>\n<h2 style=\"text-align: center\" data-start=\"864\" data-end=\"887\"><strong>\ud83d\udcd0 Produktdetaljer<\/strong><\/h2>\n<ul data-start=\"888\" data-end=\"993\">\n<li data-start=\"888\" data-end=\"912\">\n<p data-start=\"890\" data-end=\"912\">Bluetooth-version: 5.1<\/p>\n<\/li>\n<li data-start=\"913\" data-end=\"936\">\n<p data-start=\"915\" data-end=\"936\">Speltid: 15-18 timmar<\/p>\n<\/li>\n<li data-start=\"937\" data-end=\"962\">\n<p data-start=\"939\" data-end=\"962\">Vattent\u00e4t klassning: IPX7<\/p>\n<\/li>\n<li data-start=\"963\" data-end=\"993\">\n<p data-start=\"965\" data-end=\"993\">Laddning: USB-C snabbladdning<\/p>\n<\/li>\n<\/ul>\n<h2 style=\"text-align: center\" data-start=\"995\" data-end=\"1019\"><strong>\ud83d\udce6 Paketet inneh\u00e5ller<\/strong><\/h2>\n<ul data-start=\"1020\" data-end=\"1089\">\n<li data-start=\"1020\" data-end=\"1052\">\n<p data-start=\"1022\" data-end=\"1052\">1x par h\u00f6rlurar<\/p>\n<\/li>\n<li data-start=\"1053\" data-end=\"1072\">\n<p data-start=\"1055\" data-end=\"1072\">1x laddningskabel<\/p>\n<\/li>\n<li data-start=\"1073\" data-end=\"1089\">\n<p data-start=\"1075\" data-end=\"1089\">1x anv\u00e4ndarhandbok.<\/p>\n<\/li>\n<\/ul>\n","protected":false},"excerpt":{"rendered":"<p>\ud83c\udfa7 En ny typ av tr\u00e5dl\u00f6sa h\u00f6rlurar &#8211; s\u00e4kra, vattent\u00e4ta och gjorda f\u00f6r r\u00f6relse! Dessa h\u00f6rlurar \u00e4r utformade f\u00f6r en [&hellip;]<\/p>\n","protected":false},"featured_media":15921,"comment_status":"open","ping_status":"closed","template":"","meta":{"site-sidebar-layout":"default","site-content-layout":"","ast-site-content-layout":"default","site-content-style":"default","site-sidebar-style":"default","ast-global-header-display":"","ast-banner-title-visibility":"","ast-main-header-display":"","ast-hfb-above-header-display":"","ast-hfb-below-header-display":"","ast-hfb-mobile-header-display":"","site-post-title":"","ast-breadcrumbs-content":"","ast-featured-img":"","footer-sml-layout":"","theme-transparent-header-meta":"default","adv-header-id-meta":"","stick-header-meta":"","header-above-stick-meta":"","header-main-stick-meta":"","header-below-stick-meta":"","astra-migrate-meta-layouts":"set","ast-page-background-enabled":"default","ast-page-background-meta":{"desktop":{"background-color":"var(--ast-global-color-4)","background-image":"","background-repeat":"repeat","background-position":"center center","background-size":"auto","background-attachment":"scroll","background-type":"","background-media":"","overlay-type":"","overlay-color":"","overlay-opacity":"","overlay-gradient":""},"tablet":{"background-color":"","background-image":"","background-repeat":"repeat","background-position":"center center","background-size":"auto","background-attachment":"scroll","background-type":"","background-media":"","overlay-type":"","overlay-color":"","overlay-opacity":"","overlay-gradient":""},"mobile":{"background-color":"","background-image":"","background-repeat":"repeat","background-position":"center center","background-size":"auto","background-attachment":"scroll","background-type":"","background-media":"","overlay-type":"","overlay-color":"","overlay-opacity":"","overlay-gradient":""}},"ast-content-background-meta":{"desktop":{"background-color":"var(--ast-global-color-5)","background-image":"","background-repeat":"repeat","background-position":"center center","background-size":"auto","background-attachment":"scroll","background-type":"","background-media":"","overlay-type":"","overlay-color":"","overlay-opacity":"","overlay-gradient":""},"tablet":{"background-color":"var(--ast-global-color-5)","background-image":"","background-repeat":"repeat","background-position":"center center","background-size":"auto","background-attachment":"scroll","background-type":"","background-media":"","overlay-type":"","overlay-color":"","overlay-opacity":"","overlay-gradient":""},"mobile":{"background-color":"var(--ast-global-color-5)","background-image":"","background-repeat":"repeat","background-position":"center center","background-size":"auto","background-attachment":"scroll","background-type":"","background-media":"","overlay-type":"","overlay-color":"","overlay-opacity":"","overlay-gradient":""}}},"product_brand":[],"product_cat":[15],"product_tag":[],"class_list":{"0":"post-15925","1":"product","2":"type-product","3":"status-publish","4":"has-post-thumbnail","6":"product_cat-uncategorized","7":"pa_37282_0bku56oy-bla","8":"pa_37282_0bku56oy-rod","9":"pa_37282_0bku56oy-rosa","10":"pa_37282_0bku56oy-svart","11":"desktop-align-left","12":"tablet-align-left","13":"mobile-align-left","15":"first","16":"instock","17":"shipping-taxable","18":"purchasable","19":"product-type-variable"},"_links":{"self":[{"href":"https:\/\/keluvo.com\/se\/wp-json\/wp\/v2\/product\/15925","targetHints":{"allow":["GET"]}}],"collection":[{"href":"https:\/\/keluvo.com\/se\/wp-json\/wp\/v2\/product"}],"about":[{"href":"https:\/\/keluvo.com\/se\/wp-json\/wp\/v2\/types\/product"}],"replies":[{"embeddable":true,"href":"https:\/\/keluvo.com\/se\/wp-json\/wp\/v2\/comments?post=15925"}],"wp:featuredmedia":[{"embeddable":true,"href":"https:\/\/keluvo.com\/se\/wp-json\/wp\/v2\/media\/15921"}],"wp:attachment":[{"href":"https:\/\/keluvo.com\/se\/wp-json\/wp\/v2\/media?parent=15925"}],"wp:term":[{"taxonomy":"product_brand","embeddable":true,"href":"https:\/\/keluvo.com\/se\/wp-json\/wp\/v2\/product_brand?post=15925"},{"taxonomy":"product_cat","embeddable":true,"href":"https:\/\/keluvo.com\/se\/wp-json\/wp\/v2\/product_cat?post=15925"},{"taxonomy":"product_tag","embeddable":true,"href":"https:\/\/keluvo.com\/se\/wp-json\/wp\/v2\/product_tag?post=15925"}],"curies":[{"name":"wp","href":"https:\/\/api.w.org\/{rel}","templated":true}]}}