{"id":15885,"date":"2025-07-25T13:53:32","date_gmt":"2025-07-25T11:53:32","guid":{"rendered":"https:\/\/keluvo.com\/se\/product\/fjarrstyrd-krokodil\/"},"modified":"2025-07-25T13:53:32","modified_gmt":"2025-07-25T11:53:32","slug":"fjarrstyrd-krokodil","status":"publish","type":"product","link":"https:\/\/keluvo.com\/se\/product\/fjarrstyrd-krokodil\/","title":{"rendered":"Fj\u00e4rrstyrd krokodil"},"content":{"rendered":"<p style=\"text-align: center\" data-start=\"110\" data-end=\"180\"><strong>\ud83d\udc0a \u00c4r det en riktig krokodil?! Inte riktigt&#8230; men det ser verkligen ut som en!<\/strong><\/p>\n<p style=\"text-align: center\" data-start=\"182\" data-end=\"341\">Skr\u00e4m dina v\u00e4nner och skydda din damm med detta ultrarealistiska fj\u00e4rrstyrda krokodilhuvud! Glider smidigt p\u00e5 vattnet och ser skr\u00e4mmande verklighetstrogen ut.<\/p>\n<p data-start=\"182\" data-end=\"341\"><img decoding=\"async\" class=\"size-full wp-image-26361 aligncenter\" src=\"https:\/\/keluvo.com\/template\/wp-content\/uploads\/sites\/5\/2025\/07\/gif2.webp\" alt=\"\" \/><\/p>\n<h2 style=\"text-align: center\" data-start=\"343\" data-end=\"364\">\ud83d\ude31 Huvudf\u00f6rdelar<\/h2>\n<p data-start=\"367\" data-end=\"422\">\ud83d\udc0a Realistisk krokodilhuvuddesign f\u00f6r hysteriskt roliga scares<\/p>\n<p data-start=\"425\" data-end=\"477\">\ud83d\udd79\ufe0f Enkel fj\u00e4rrkontroll f\u00f6r smidig r\u00f6relse p\u00e5 vattnet<\/p>\n<p data-start=\"480\" data-end=\"512\">\ud83e\udd2b Tyst motor f\u00f6r l\u00f6mska uppt\u00e5g<\/p>\n<p data-start=\"515\" data-end=\"563\">\ud83c\udf0a Flyter utan anstr\u00e4ngning p\u00e5 sj\u00f6ar, pooler eller dammar<\/p>\n<p data-start=\"566\" data-end=\"613\">\ud83d\udd0b Uppladdningsbart batteri med USB-kabel ing\u00e5r<\/p>\n<p data-start=\"566\" data-end=\"613\"><img decoding=\"async\" class=\"size-full wp-image-26360 aligncenter\" src=\"https:\/\/keluvo.com\/template\/wp-content\/uploads\/sites\/5\/2025\/07\/crocprdbild-1024x869.jpg.webp\" alt=\"\" \/><\/p>\n<h2 style=\"text-align: center\" data-start=\"615\" data-end=\"633\">\ud83c\udfae Hur man anv\u00e4nder<\/h2>\n<ol data-start=\"634\" data-end=\"802\">\n<li data-start=\"634\" data-end=\"685\">\n<p data-start=\"637\" data-end=\"685\">Ladda batteriet med den medf\u00f6ljande USB-kabeln.<\/p>\n<\/li>\n<li data-start=\"686\" data-end=\"722\">\n<p data-start=\"689\" data-end=\"722\">Placera krokodilhuvudet i vattnet.<\/p>\n<\/li>\n<li data-start=\"723\" data-end=\"802\">\n<p data-start=\"726\" data-end=\"802\">Anv\u00e4nd fj\u00e4rrkontrollen f\u00f6r att flytta det fram\u00e5t, v\u00e4nster eller h\u00f6ger &#8211; och se reaktionerna!<\/p>\n<\/li>\n<\/ol>\n<h2 style=\"text-align: center\" data-start=\"804\" data-end=\"827\">\ud83d\udcd0 Produktdetaljer<\/h2>\n<ul data-start=\"828\" data-end=\"926\">\n<li data-start=\"828\" data-end=\"854\">\n<p data-start=\"830\" data-end=\"854\">Storlek: 32 cm x 15 cm x 12 cm<\/p>\n<\/li>\n<li data-start=\"855\" data-end=\"883\">\n<p data-start=\"857\" data-end=\"883\">Remoteavst\u00e5nd: upp till 30 m<\/p>\n<\/li>\n<li data-start=\"884\" data-end=\"926\">\n<p data-start=\"886\" data-end=\"926\">Material: vattent\u00e4t och h\u00e5llbar plast<\/p>\n<\/li>\n<\/ul>\n<h2 style=\"text-align: center\" data-start=\"928\" data-end=\"952\">\ud83d\udce6 Paketet inneh\u00e5ller<\/h2>\n<ul data-start=\"953\" data-end=\"1049\">\n<li data-start=\"953\" data-end=\"976\">\n<p data-start=\"955\" data-end=\"976\">1x krokodilhuvud<\/p>\n<\/li>\n<li data-start=\"977\" data-end=\"999\">\n<p data-start=\"979\" data-end=\"999\">1x fj\u00e4rrkontroll<\/p>\n<\/li>\n<li data-start=\"1000\" data-end=\"1025\">\n<p data-start=\"1002\" data-end=\"1025\">1x uppladdningsbart batteri<\/p>\n<\/li>\n<li data-start=\"1026\" data-end=\"1049\">\n<p data-start=\"1028\" data-end=\"1049\">1x USB-laddningskabel.<\/p>\n<\/li>\n<\/ul>\n","protected":false},"excerpt":{"rendered":"<p>\ud83d\udc0a \u00c4r det en riktig krokodil?! Inte riktigt&#8230; men det ser verkligen ut som en! Skr\u00e4m dina v\u00e4nner och skydda [&hellip;]<\/p>\n","protected":false},"featured_media":15881,"comment_status":"open","ping_status":"closed","template":"","meta":{"site-sidebar-layout":"default","site-content-layout":"","ast-site-content-layout":"default","site-content-style":"default","site-sidebar-style":"default","ast-global-header-display":"","ast-banner-title-visibility":"","ast-main-header-display":"","ast-hfb-above-header-display":"","ast-hfb-below-header-display":"","ast-hfb-mobile-header-display":"","site-post-title":"","ast-breadcrumbs-content":"","ast-featured-img":"","footer-sml-layout":"","theme-transparent-header-meta":"default","adv-header-id-meta":"","stick-header-meta":"","header-above-stick-meta":"","header-main-stick-meta":"","header-below-stick-meta":"","astra-migrate-meta-layouts":"set","ast-page-background-enabled":"default","ast-page-background-meta":{"desktop":{"background-color":"var(--ast-global-color-4)","background-image":"","background-repeat":"repeat","background-position":"center center","background-size":"auto","background-attachment":"scroll","background-type":"","background-media":"","overlay-type":"","overlay-color":"","overlay-opacity":"","overlay-gradient":""},"tablet":{"background-color":"","background-image":"","background-repeat":"repeat","background-position":"center center","background-size":"auto","background-attachment":"scroll","background-type":"","background-media":"","overlay-type":"","overlay-color":"","overlay-opacity":"","overlay-gradient":""},"mobile":{"background-color":"","background-image":"","background-repeat":"repeat","background-position":"center center","background-size":"auto","background-attachment":"scroll","background-type":"","background-media":"","overlay-type":"","overlay-color":"","overlay-opacity":"","overlay-gradient":""}},"ast-content-background-meta":{"desktop":{"background-color":"var(--ast-global-color-5)","background-image":"","background-repeat":"repeat","background-position":"center center","background-size":"auto","background-attachment":"scroll","background-type":"","background-media":"","overlay-type":"","overlay-color":"","overlay-opacity":"","overlay-gradient":""},"tablet":{"background-color":"var(--ast-global-color-5)","background-image":"","background-repeat":"repeat","background-position":"center center","background-size":"auto","background-attachment":"scroll","background-type":"","background-media":"","overlay-type":"","overlay-color":"","overlay-opacity":"","overlay-gradient":""},"mobile":{"background-color":"var(--ast-global-color-5)","background-image":"","background-repeat":"repeat","background-position":"center center","background-size":"auto","background-attachment":"scroll","background-type":"","background-media":"","overlay-type":"","overlay-color":"","overlay-opacity":"","overlay-gradient":""}}},"product_brand":[],"product_cat":[990],"product_tag":[],"class_list":{"0":"post-15885","1":"product","2":"type-product","3":"status-publish","4":"has-post-thumbnail","6":"product_cat-toys-childrens-and-baby-products","7":"desktop-align-left","8":"tablet-align-left","9":"mobile-align-left","11":"first","12":"instock","13":"shipping-taxable","14":"purchasable","15":"product-type-simple"},"_links":{"self":[{"href":"https:\/\/keluvo.com\/se\/wp-json\/wp\/v2\/product\/15885","targetHints":{"allow":["GET"]}}],"collection":[{"href":"https:\/\/keluvo.com\/se\/wp-json\/wp\/v2\/product"}],"about":[{"href":"https:\/\/keluvo.com\/se\/wp-json\/wp\/v2\/types\/product"}],"replies":[{"embeddable":true,"href":"https:\/\/keluvo.com\/se\/wp-json\/wp\/v2\/comments?post=15885"}],"wp:featuredmedia":[{"embeddable":true,"href":"https:\/\/keluvo.com\/se\/wp-json\/wp\/v2\/media\/15881"}],"wp:attachment":[{"href":"https:\/\/keluvo.com\/se\/wp-json\/wp\/v2\/media?parent=15885"}],"wp:term":[{"taxonomy":"product_brand","embeddable":true,"href":"https:\/\/keluvo.com\/se\/wp-json\/wp\/v2\/product_brand?post=15885"},{"taxonomy":"product_cat","embeddable":true,"href":"https:\/\/keluvo.com\/se\/wp-json\/wp\/v2\/product_cat?post=15885"},{"taxonomy":"product_tag","embeddable":true,"href":"https:\/\/keluvo.com\/se\/wp-json\/wp\/v2\/product_tag?post=15885"}],"curies":[{"name":"wp","href":"https:\/\/api.w.org\/{rel}","templated":true}]}}