{"id":15874,"date":"2025-07-25T13:52:53","date_gmt":"2025-07-25T11:52:53","guid":{"rendered":"https:\/\/keluvo.com\/se\/product\/serum-for-tandblekning\/"},"modified":"2025-07-25T13:53:01","modified_gmt":"2025-07-25T11:53:01","slug":"serum-for-tandblekning","status":"publish","type":"product","link":"https:\/\/keluvo.com\/se\/product\/serum-for-tandblekning\/","title":{"rendered":"Serum f\u00f6r tandblekning"},"content":{"rendered":"<p style=\"text-align: center\" data-start=\"108\" data-end=\"156\"><strong>\ud83d\udc9c Ett nytt s\u00e4tt att g\u00f6ra ditt leende ljusare &#8211; direkt!<\/strong><\/p>\n<p style=\"text-align: center\" data-start=\"158\" data-end=\"304\">Detta djupt violetta tandblekningsserum anv\u00e4nder f\u00e4rgvetenskap f\u00f6r att upph\u00e4va gula toner och ge dina t\u00e4nder ett synligt vitare utseende efter bara en anv\u00e4ndning.<\/p>\n<p data-start=\"158\" data-end=\"304\"><img decoding=\"async\" class=\"size-full wp-image-26349 aligncenter\" src=\"https:\/\/keluvo.com\/template\/wp-content\/uploads\/sites\/5\/2025\/07\/07027-ezgif.com-video-to-webp-converter.webp\" alt=\"\" \/><\/p>\n<h2 style=\"text-align: center\" data-start=\"306\" data-end=\"327\"><strong>\ud83d\ude01 Huvudf\u00f6rdelar<\/strong><\/h2>\n<p data-start=\"330\" data-end=\"378\">\u2728 Neutraliserar gula fl\u00e4ckar med hj\u00e4lp av lila pigment<\/p>\n<p data-start=\"381\" data-end=\"425\">\ud83d\udca1 F\u00f6rst\u00e4rker ljusstyrkan utan starka kemikalier<\/p>\n<p data-start=\"428\" data-end=\"472\">\ud83e\udea5 Enkelt och s\u00e4kert att anv\u00e4nda med din tandborste<\/p>\n<p data-start=\"475\" data-end=\"538\">\ud83d\udcf8 Synliga resultat p\u00e5 n\u00e5gra minuter &#8211; perfekt f\u00f6re foton eller evenemang<\/p>\n<p data-start=\"541\" data-end=\"580\">\ud83d\udc9c Skonsamt mot emaljen, s\u00e4kert f\u00f6r daglig anv\u00e4ndning<\/p>\n<p data-start=\"541\" data-end=\"580\"><img decoding=\"async\" class=\"size-full wp-image-26351 aligncenter\" src=\"https:\/\/keluvo.com\/template\/wp-content\/uploads\/sites\/5\/2025\/07\/7f9164de684c2e0c3236e4b8ec72ff29.jpg\" alt=\"\" \/><\/p>\n<h2 style=\"text-align: center\" data-start=\"582\" data-end=\"600\"><strong>\ud83e\udea5 Hur man anv\u00e4nder<\/strong><\/h2>\n<ol data-start=\"601\" data-end=\"692\">\n<li data-start=\"601\" data-end=\"636\">\n<p data-start=\"604\" data-end=\"636\">Pumpa tv\u00e5 g\u00e5nger p\u00e5 din tandborste.<\/p>\n<\/li>\n<li data-start=\"637\" data-end=\"660\">\n<p data-start=\"640\" data-end=\"660\">Borsta i 2 minuter.<\/p>\n<\/li>\n<li data-start=\"661\" data-end=\"692\">\n<p data-start=\"664\" data-end=\"692\">Sk\u00f6lj och le med sj\u00e4lvf\u00f6rtroende!<\/p>\n<\/li>\n<\/ol>\n<h2 style=\"text-align: center\" data-start=\"694\" data-end=\"717\"><strong>\ud83d\udcd0 Produktdetaljer<\/strong><\/h2>\n<ul data-start=\"718\" data-end=\"844\">\n<li data-start=\"718\" data-end=\"751\">\n<p data-start=\"720\" data-end=\"751\">30ml V34 purple teeth whitening serum<\/p>\n<\/li>\n<li data-start=\"752\" data-end=\"814\">\n<p data-start=\"754\" data-end=\"814\">Designad f\u00f6r att neutralisera gula toner med djup violett formula<\/p>\n<\/li>\n<li data-start=\"815\" data-end=\"844\">\n<p data-start=\"817\" data-end=\"844\">Kompakt och resev\u00e4nlig<\/p>\n<\/li>\n<\/ul>\n<h2 style=\"text-align: center\" data-start=\"846\" data-end=\"870\"><strong>\ud83d\udce6 F\u00f6rpackningen inneh\u00e5ller<\/strong><\/h2>\n<ul data-start=\"871\" data-end=\"918\">\n<li data-start=\"871\" data-end=\"918\">\n<p data-start=\"873\" data-end=\"918\">1, 3, 5x tandblekningsserum (30ml).<\/p>\n<\/li>\n<\/ul>\n","protected":false},"excerpt":{"rendered":"<p>\ud83d\udc9c Ett nytt s\u00e4tt att g\u00f6ra ditt leende ljusare &#8211; direkt! Detta djupt violetta tandblekningsserum anv\u00e4nder f\u00e4rgvetenskap f\u00f6r att upph\u00e4va [&hellip;]<\/p>\n","protected":false},"featured_media":15870,"comment_status":"open","ping_status":"closed","template":"","meta":{"site-sidebar-layout":"default","site-content-layout":"","ast-site-content-layout":"default","site-content-style":"default","site-sidebar-style":"default","ast-global-header-display":"","ast-banner-title-visibility":"","ast-main-header-display":"","ast-hfb-above-header-display":"","ast-hfb-below-header-display":"","ast-hfb-mobile-header-display":"","site-post-title":"","ast-breadcrumbs-content":"","ast-featured-img":"","footer-sml-layout":"","theme-transparent-header-meta":"default","adv-header-id-meta":"","stick-header-meta":"","header-above-stick-meta":"","header-main-stick-meta":"","header-below-stick-meta":"","astra-migrate-meta-layouts":"set","ast-page-background-enabled":"default","ast-page-background-meta":{"desktop":{"background-color":"var(--ast-global-color-4)","background-image":"","background-repeat":"repeat","background-position":"center center","background-size":"auto","background-attachment":"scroll","background-type":"","background-media":"","overlay-type":"","overlay-color":"","overlay-opacity":"","overlay-gradient":""},"tablet":{"background-color":"","background-image":"","background-repeat":"repeat","background-position":"center center","background-size":"auto","background-attachment":"scroll","background-type":"","background-media":"","overlay-type":"","overlay-color":"","overlay-opacity":"","overlay-gradient":""},"mobile":{"background-color":"","background-image":"","background-repeat":"repeat","background-position":"center center","background-size":"auto","background-attachment":"scroll","background-type":"","background-media":"","overlay-type":"","overlay-color":"","overlay-opacity":"","overlay-gradient":""}},"ast-content-background-meta":{"desktop":{"background-color":"var(--ast-global-color-5)","background-image":"","background-repeat":"repeat","background-position":"center center","background-size":"auto","background-attachment":"scroll","background-type":"","background-media":"","overlay-type":"","overlay-color":"","overlay-opacity":"","overlay-gradient":""},"tablet":{"background-color":"var(--ast-global-color-5)","background-image":"","background-repeat":"repeat","background-position":"center center","background-size":"auto","background-attachment":"scroll","background-type":"","background-media":"","overlay-type":"","overlay-color":"","overlay-opacity":"","overlay-gradient":""},"mobile":{"background-color":"var(--ast-global-color-5)","background-image":"","background-repeat":"repeat","background-position":"center center","background-size":"auto","background-attachment":"scroll","background-type":"","background-media":"","overlay-type":"","overlay-color":"","overlay-opacity":"","overlay-gradient":""}}},"product_brand":[],"product_cat":[992],"product_tag":[],"class_list":{"0":"post-15874","1":"product","2":"type-product","3":"status-publish","4":"has-post-thumbnail","6":"product_cat-beauty-and-hygiene-products","7":"pa_29545_d6n38w0a-1-st","8":"pa_29545_d6n38w0a-3-st","9":"pa_29545_d6n38w0a-5-st","10":"desktop-align-left","11":"tablet-align-left","12":"mobile-align-left","14":"first","15":"instock","16":"shipping-taxable","17":"purchasable","18":"product-type-variable"},"_links":{"self":[{"href":"https:\/\/keluvo.com\/se\/wp-json\/wp\/v2\/product\/15874","targetHints":{"allow":["GET"]}}],"collection":[{"href":"https:\/\/keluvo.com\/se\/wp-json\/wp\/v2\/product"}],"about":[{"href":"https:\/\/keluvo.com\/se\/wp-json\/wp\/v2\/types\/product"}],"replies":[{"embeddable":true,"href":"https:\/\/keluvo.com\/se\/wp-json\/wp\/v2\/comments?post=15874"}],"wp:featuredmedia":[{"embeddable":true,"href":"https:\/\/keluvo.com\/se\/wp-json\/wp\/v2\/media\/15870"}],"wp:attachment":[{"href":"https:\/\/keluvo.com\/se\/wp-json\/wp\/v2\/media?parent=15874"}],"wp:term":[{"taxonomy":"product_brand","embeddable":true,"href":"https:\/\/keluvo.com\/se\/wp-json\/wp\/v2\/product_brand?post=15874"},{"taxonomy":"product_cat","embeddable":true,"href":"https:\/\/keluvo.com\/se\/wp-json\/wp\/v2\/product_cat?post=15874"},{"taxonomy":"product_tag","embeddable":true,"href":"https:\/\/keluvo.com\/se\/wp-json\/wp\/v2\/product_tag?post=15874"}],"curies":[{"name":"wp","href":"https:\/\/api.w.org\/{rel}","templated":true}]}}