{"id":15869,"date":"2025-07-25T13:52:18","date_gmt":"2025-07-25T11:52:18","guid":{"rendered":"https:\/\/keluvo.com\/se\/product\/nyckelborttagningssats\/"},"modified":"2025-07-25T13:52:18","modified_gmt":"2025-07-25T11:52:18","slug":"nyckelborttagningssats","status":"publish","type":"product","link":"https:\/\/keluvo.com\/se\/product\/nyckelborttagningssats\/","title":{"rendered":"Nyckelborttagningssats"},"content":{"rendered":"<p style=\"text-align: center\" data-start=\"97\" data-end=\"156\"><strong>\ud83d\udd11 Har nyckeln fastnat i l\u00e5set? Det h\u00e4r verktyget tar ut den p\u00e5 n\u00e5gra sekunder!<\/strong><\/p>\n<p style=\"text-align: center\" data-start=\"158\" data-end=\"282\">Med borttagningssatsen f\u00f6r trasiga nycklar kan du s\u00e4kert och enkelt ta bort nycklar som har fastnat i l\u00e5set &#8211; ingen l\u00e5ssmed beh\u00f6vs!<\/p>\n<p data-start=\"158\" data-end=\"282\"><img decoding=\"async\" class=\"size-full wp-image-26341 aligncenter\" src=\"https:\/\/keluvo.com\/template\/wp-content\/uploads\/sites\/5\/2025\/07\/ae3194848b7be8f1a792fa5ca47e7f51.jpg\" alt=\"\" \/><\/p>\n<h2 style=\"text-align: center\" data-start=\"284\" data-end=\"305\"><strong>\ud83e\uddf0 Huvudf\u00f6rdelar<\/strong><\/h2>\n<p data-start=\"308\" data-end=\"362\">\ud83d\udd13 Tar bort 95 % av trasiga nycklar fr\u00e5n l\u00e5s och cylindrar<\/p>\n<p data-start=\"365\" data-end=\"406\">\ud83d\udcaa H\u00e5llbara st\u00e5lspetsar som inte b\u00f6js eller break<\/p>\n<p data-start=\"409\" data-end=\"457\">\ud83d\udd90\ufe0f Bekv\u00e4mt ergonomiskt grepp f\u00f6r enkel hantering<\/p>\n<p data-start=\"460\" data-end=\"507\">\ud83e\uddff Fungerar p\u00e5 d\u00f6rrar, sk\u00e5p, h\u00e4ngl\u00e5s med mera<\/p>\n<p data-start=\"510\" data-end=\"559\">\ud83d\udce6 Levereras i en komplett upps\u00e4ttning med 12 delar f\u00f6r alla nycklar types<\/p>\n<p data-start=\"510\" data-end=\"559\"><img decoding=\"async\" class=\"size-full wp-image-26340 aligncenter\" src=\"https:\/\/keluvo.com\/template\/wp-content\/uploads\/sites\/5\/2025\/07\/9104e8de3656dc62a895ba248f9def97-1.jpg\" alt=\"\" \/><\/p>\n<h2 style=\"text-align: center\" data-start=\"561\" data-end=\"580\"><strong>\ud83d\udee0\ufe0f Hur Man Anv\u00e4nder<\/strong><\/h2>\n<ol data-start=\"581\" data-end=\"718\">\n<li data-start=\"581\" data-end=\"626\">\n<p data-start=\"584\" data-end=\"626\">V\u00e4lj r\u00e4tt krokform f\u00f6r ditt l\u00e5s.<\/p>\n<\/li>\n<li data-start=\"627\" data-end=\"681\">\n<p data-start=\"630\" data-end=\"681\">F\u00f6r in den i nyckelh\u00e5let och kroka fast den trasiga nyckeln.<\/p>\n<\/li>\n<li data-start=\"682\" data-end=\"718\">\n<p data-start=\"685\" data-end=\"718\">dra f\u00f6rsiktigt ut den trasiga delen.<\/p>\n<\/li>\n<\/ol>\n<h2 style=\"text-align: center\" data-start=\"720\" data-end=\"743\"><strong>\ud83d\udcd0 Produktdetaljer<\/strong><\/h2>\n<ul data-start=\"744\" data-end=\"902\">\n<li data-start=\"744\" data-end=\"788\">\n<p data-start=\"746\" data-end=\"788\">Inneh\u00e5ller 12 olika precisionsverktyg f\u00f6r krokar<\/p>\n<\/li>\n<li data-start=\"789\" data-end=\"825\">\n<p data-start=\"791\" data-end=\"825\">Tillverkad av h\u00f6gh\u00e5llfast j\u00e4rnlegering<\/p>\n<\/li>\n<li data-start=\"826\" data-end=\"863\">\n<p data-start=\"828\" data-end=\"863\">Haltiga handtag f\u00f6r b\u00e4ttre kontroll<\/p>\n<\/li>\n<li data-start=\"864\" data-end=\"902\">\n<p data-start=\"866\" data-end=\"902\">Kompakt och b\u00e4rbar f\u00f6r n\u00f6dsituationer<\/p>\n<\/li>\n<\/ul>\n<h2 style=\"text-align: center\" data-start=\"904\" data-end=\"928\"><strong>\ud83d\udce6 Paketet Inneh\u00e5ller<\/strong><\/h2>\n<ul data-start=\"929\" data-end=\"975\">\n<li data-start=\"929\" data-end=\"975\">\n<p data-start=\"931\" data-end=\"975\">1x nyckelborttagningssats.<\/p>\n<\/li>\n<\/ul>\n","protected":false},"excerpt":{"rendered":"<p>\ud83d\udd11 Har nyckeln fastnat i l\u00e5set? Det h\u00e4r verktyget tar ut den p\u00e5 n\u00e5gra sekunder! Med borttagningssatsen f\u00f6r trasiga nycklar [&hellip;]<\/p>\n","protected":false},"featured_media":15865,"comment_status":"open","ping_status":"closed","template":"","meta":{"site-sidebar-layout":"default","site-content-layout":"","ast-site-content-layout":"default","site-content-style":"default","site-sidebar-style":"default","ast-global-header-display":"","ast-banner-title-visibility":"","ast-main-header-display":"","ast-hfb-above-header-display":"","ast-hfb-below-header-display":"","ast-hfb-mobile-header-display":"","site-post-title":"","ast-breadcrumbs-content":"","ast-featured-img":"","footer-sml-layout":"","theme-transparent-header-meta":"default","adv-header-id-meta":"","stick-header-meta":"","header-above-stick-meta":"","header-main-stick-meta":"","header-below-stick-meta":"","astra-migrate-meta-layouts":"set","ast-page-background-enabled":"default","ast-page-background-meta":{"desktop":{"background-color":"var(--ast-global-color-4)","background-image":"","background-repeat":"repeat","background-position":"center center","background-size":"auto","background-attachment":"scroll","background-type":"","background-media":"","overlay-type":"","overlay-color":"","overlay-opacity":"","overlay-gradient":""},"tablet":{"background-color":"","background-image":"","background-repeat":"repeat","background-position":"center center","background-size":"auto","background-attachment":"scroll","background-type":"","background-media":"","overlay-type":"","overlay-color":"","overlay-opacity":"","overlay-gradient":""},"mobile":{"background-color":"","background-image":"","background-repeat":"repeat","background-position":"center center","background-size":"auto","background-attachment":"scroll","background-type":"","background-media":"","overlay-type":"","overlay-color":"","overlay-opacity":"","overlay-gradient":""}},"ast-content-background-meta":{"desktop":{"background-color":"var(--ast-global-color-5)","background-image":"","background-repeat":"repeat","background-position":"center center","background-size":"auto","background-attachment":"scroll","background-type":"","background-media":"","overlay-type":"","overlay-color":"","overlay-opacity":"","overlay-gradient":""},"tablet":{"background-color":"var(--ast-global-color-5)","background-image":"","background-repeat":"repeat","background-position":"center center","background-size":"auto","background-attachment":"scroll","background-type":"","background-media":"","overlay-type":"","overlay-color":"","overlay-opacity":"","overlay-gradient":""},"mobile":{"background-color":"var(--ast-global-color-5)","background-image":"","background-repeat":"repeat","background-position":"center center","background-size":"auto","background-attachment":"scroll","background-type":"","background-media":"","overlay-type":"","overlay-color":"","overlay-opacity":"","overlay-gradient":""}}},"product_brand":[],"product_cat":[1001,996],"product_tag":[],"class_list":{"0":"post-15869","1":"product","2":"type-product","3":"status-publish","4":"has-post-thumbnail","6":"product_cat-household-goods","7":"product_cat-tools","8":"desktop-align-left","9":"tablet-align-left","10":"mobile-align-left","12":"first","13":"instock","14":"shipping-taxable","15":"purchasable","16":"product-type-simple"},"_links":{"self":[{"href":"https:\/\/keluvo.com\/se\/wp-json\/wp\/v2\/product\/15869","targetHints":{"allow":["GET"]}}],"collection":[{"href":"https:\/\/keluvo.com\/se\/wp-json\/wp\/v2\/product"}],"about":[{"href":"https:\/\/keluvo.com\/se\/wp-json\/wp\/v2\/types\/product"}],"replies":[{"embeddable":true,"href":"https:\/\/keluvo.com\/se\/wp-json\/wp\/v2\/comments?post=15869"}],"wp:featuredmedia":[{"embeddable":true,"href":"https:\/\/keluvo.com\/se\/wp-json\/wp\/v2\/media\/15865"}],"wp:attachment":[{"href":"https:\/\/keluvo.com\/se\/wp-json\/wp\/v2\/media?parent=15869"}],"wp:term":[{"taxonomy":"product_brand","embeddable":true,"href":"https:\/\/keluvo.com\/se\/wp-json\/wp\/v2\/product_brand?post=15869"},{"taxonomy":"product_cat","embeddable":true,"href":"https:\/\/keluvo.com\/se\/wp-json\/wp\/v2\/product_cat?post=15869"},{"taxonomy":"product_tag","embeddable":true,"href":"https:\/\/keluvo.com\/se\/wp-json\/wp\/v2\/product_tag?post=15869"}],"curies":[{"name":"wp","href":"https:\/\/api.w.org\/{rel}","templated":true}]}}