{"id":15852,"date":"2025-07-25T13:51:35","date_gmt":"2025-07-25T11:51:35","guid":{"rendered":"https:\/\/keluvo.com\/se\/product\/lufthorn\/"},"modified":"2025-07-25T13:51:45","modified_gmt":"2025-07-25T11:51:45","slug":"lufthorn","status":"publish","type":"product","link":"https:\/\/keluvo.com\/se\/product\/lufthorn\/","title":{"rendered":"Lufthorn"},"content":{"rendered":"<p style=\"text-align: center\" data-start=\"91\" data-end=\"154\"><strong>\ud83d\udce2 H\u00f6rs innan du syns &#8211; med 130 dB snigellufthorn!<\/strong><\/p>\n<p style=\"text-align: center\" data-start=\"156\" data-end=\"284\">G\u00f6r din n\u00e4rvaro k\u00e4nd med ett h\u00f6gt och tydligt ljud som h\u00e5ller dig s\u00e4ker p\u00e5 v\u00e4gen. Perfekt f\u00f6r motorcyklar, bilar och lastbilar!<\/p>\n<p data-start=\"156\" data-end=\"284\"><img decoding=\"async\" class=\"size-full wp-image-26323 aligncenter\" src=\"https:\/\/keluvo.com\/template\/wp-content\/uploads\/sites\/5\/2025\/07\/cf63cbd028e83c29c42ee3d85604c1e4794b8f06.webp\" alt=\"\" \/><\/p>\n<h2 style=\"text-align: center\" data-start=\"286\" data-end=\"307\"><strong>\ud83d\udd0a Huvudf\u00f6rdelar<\/strong><\/h2>\n<p data-start=\"310\" data-end=\"361\">\ud83d\udea8 Ultrah\u00f6gt 130dB-ljud f\u00e5ngar uppm\u00e4rksamheten direkt<\/p>\n<p data-start=\"364\" data-end=\"397\">\u26a1 L\u00e5g energif\u00f6rbrukning, h\u00f6g prestanda<\/p>\n<p data-start=\"400\" data-end=\"456\">\ud83d\udca6 Vattent\u00e4t och h\u00e5llbar med ett starkt monteringsf\u00e4ste<\/p>\n<p data-start=\"459\" data-end=\"510\">\ud83c\udfa8 Finns i flera f\u00e4rger f\u00f6r att matcha din stil<\/p>\n<p data-start=\"513\" data-end=\"569\">\ud83e\udde9 Enkel installation i ett steg &#8211; inga specialverktyg beh\u00f6vs!<\/p>\n<p data-start=\"513\" data-end=\"569\"><img decoding=\"async\" class=\"size-full wp-image-26322 aligncenter\" src=\"https:\/\/keluvo.com\/template\/wp-content\/uploads\/sites\/5\/2025\/07\/246877f1004e4d1840065727dc6b104134e2024a.avif\" alt=\"\" \/><\/p>\n<h2 style=\"text-align: center\" data-start=\"571\" data-end=\"590\"><strong>\ud83d\udee0\ufe0f Anv\u00e4ndning<\/strong><\/h2>\n<ol data-start=\"591\" data-end=\"711\">\n<li data-start=\"591\" data-end=\"624\">\n<p data-start=\"594\" data-end=\"624\">Anslut till en 12V-str\u00f6mk\u00e4lla.<\/p>\n<\/li>\n<li data-start=\"625\" data-end=\"661\">\n<p data-start=\"628\" data-end=\"661\">montera med det medf\u00f6ljande f\u00e4stet.<\/p>\n<\/li>\n<li data-start=\"662\" data-end=\"711\">\n<p data-start=\"665\" data-end=\"711\">tryck p\u00e5 hornet och njut av det h\u00f6ga, skarpa ljudet!<\/p>\n<\/li>\n<\/ol>\n<h2 style=\"text-align: center\" data-start=\"713\" data-end=\"736\"><strong>\ud83d\udcd0 Produktdetaljer<\/strong><\/h2>\n<ul data-start=\"737\" data-end=\"859\">\n<li data-start=\"737\" data-end=\"771\">\n<p data-start=\"739\" data-end=\"771\">Kompatibel med alla 12V-fordon<\/p>\n<\/li>\n<li data-start=\"772\" data-end=\"818\">\n<p data-start=\"774\" data-end=\"818\">Snigeldesign f\u00f6r ett kraftfullt och snyggt utseende<\/p>\n<\/li>\n<li data-start=\"819\" data-end=\"859\">\n<p data-start=\"821\" data-end=\"859\">Tillverkad f\u00f6r motorcyklar, lastbilar och bilar<\/p>\n<\/li>\n<\/ul>\n<h2 style=\"text-align: center\" data-start=\"861\" data-end=\"885\"><strong>\ud83d\udce6 Paketet inneh\u00e5ller<\/strong><\/h2>\n<ul data-start=\"886\" data-end=\"922\">\n<li data-start=\"886\" data-end=\"922\">\n<p data-start=\"888\" data-end=\"922\">1x lufthorn.<\/p>\n<\/li>\n<\/ul>\n","protected":false},"excerpt":{"rendered":"<p>\ud83d\udce2 H\u00f6rs innan du syns &#8211; med 130 dB snigellufthorn! G\u00f6r din n\u00e4rvaro k\u00e4nd med ett h\u00f6gt och tydligt ljud [&hellip;]<\/p>\n","protected":false},"featured_media":15848,"comment_status":"open","ping_status":"closed","template":"","meta":{"site-sidebar-layout":"default","site-content-layout":"","ast-site-content-layout":"default","site-content-style":"default","site-sidebar-style":"default","ast-global-header-display":"","ast-banner-title-visibility":"","ast-main-header-display":"","ast-hfb-above-header-display":"","ast-hfb-below-header-display":"","ast-hfb-mobile-header-display":"","site-post-title":"","ast-breadcrumbs-content":"","ast-featured-img":"","footer-sml-layout":"","theme-transparent-header-meta":"default","adv-header-id-meta":"","stick-header-meta":"","header-above-stick-meta":"","header-main-stick-meta":"","header-below-stick-meta":"","astra-migrate-meta-layouts":"set","ast-page-background-enabled":"default","ast-page-background-meta":{"desktop":{"background-color":"var(--ast-global-color-4)","background-image":"","background-repeat":"repeat","background-position":"center center","background-size":"auto","background-attachment":"scroll","background-type":"","background-media":"","overlay-type":"","overlay-color":"","overlay-opacity":"","overlay-gradient":""},"tablet":{"background-color":"","background-image":"","background-repeat":"repeat","background-position":"center center","background-size":"auto","background-attachment":"scroll","background-type":"","background-media":"","overlay-type":"","overlay-color":"","overlay-opacity":"","overlay-gradient":""},"mobile":{"background-color":"","background-image":"","background-repeat":"repeat","background-position":"center center","background-size":"auto","background-attachment":"scroll","background-type":"","background-media":"","overlay-type":"","overlay-color":"","overlay-opacity":"","overlay-gradient":""}},"ast-content-background-meta":{"desktop":{"background-color":"var(--ast-global-color-5)","background-image":"","background-repeat":"repeat","background-position":"center center","background-size":"auto","background-attachment":"scroll","background-type":"","background-media":"","overlay-type":"","overlay-color":"","overlay-opacity":"","overlay-gradient":""},"tablet":{"background-color":"var(--ast-global-color-5)","background-image":"","background-repeat":"repeat","background-position":"center center","background-size":"auto","background-attachment":"scroll","background-type":"","background-media":"","overlay-type":"","overlay-color":"","overlay-opacity":"","overlay-gradient":""},"mobile":{"background-color":"var(--ast-global-color-5)","background-image":"","background-repeat":"repeat","background-position":"center center","background-size":"auto","background-attachment":"scroll","background-type":"","background-media":"","overlay-type":"","overlay-color":"","overlay-opacity":"","overlay-gradient":""}}},"product_brand":[],"product_cat":[998],"product_tag":[],"class_list":{"0":"post-15852","1":"product","2":"type-product","3":"status-publish","4":"has-post-thumbnail","6":"product_cat-automotive-products","7":"pa_31061_qfyjffl0-bla","8":"pa_31061_qfyjffl0-gron","9":"pa_31061_qfyjffl0-guld","10":"pa_31061_qfyjffl0-rod","11":"pa_31061_qfyjffl0-silver","12":"pa_31061_qfyjffl0-svart","13":"desktop-align-left","14":"tablet-align-left","15":"mobile-align-left","17":"first","18":"instock","19":"shipping-taxable","20":"purchasable","21":"product-type-variable"},"_links":{"self":[{"href":"https:\/\/keluvo.com\/se\/wp-json\/wp\/v2\/product\/15852","targetHints":{"allow":["GET"]}}],"collection":[{"href":"https:\/\/keluvo.com\/se\/wp-json\/wp\/v2\/product"}],"about":[{"href":"https:\/\/keluvo.com\/se\/wp-json\/wp\/v2\/types\/product"}],"replies":[{"embeddable":true,"href":"https:\/\/keluvo.com\/se\/wp-json\/wp\/v2\/comments?post=15852"}],"wp:featuredmedia":[{"embeddable":true,"href":"https:\/\/keluvo.com\/se\/wp-json\/wp\/v2\/media\/15848"}],"wp:attachment":[{"href":"https:\/\/keluvo.com\/se\/wp-json\/wp\/v2\/media?parent=15852"}],"wp:term":[{"taxonomy":"product_brand","embeddable":true,"href":"https:\/\/keluvo.com\/se\/wp-json\/wp\/v2\/product_brand?post=15852"},{"taxonomy":"product_cat","embeddable":true,"href":"https:\/\/keluvo.com\/se\/wp-json\/wp\/v2\/product_cat?post=15852"},{"taxonomy":"product_tag","embeddable":true,"href":"https:\/\/keluvo.com\/se\/wp-json\/wp\/v2\/product_tag?post=15852"}],"curies":[{"name":"wp","href":"https:\/\/api.w.org\/{rel}","templated":true}]}}