{"id":15322,"date":"2025-07-07T16:44:00","date_gmt":"2025-07-07T14:44:00","guid":{"rendered":"https:\/\/keluvo.com\/se\/product\/ryggsack-for-aventyr\/"},"modified":"2025-12-08T12:13:59","modified_gmt":"2025-12-08T10:13:59","slug":"ryggsack-for-aventyr","status":"publish","type":"product","link":"https:\/\/keluvo.com\/se\/product\/ryggsack-for-aventyr\/","title":{"rendered":"Ryggs\u00e4ck f\u00f6r \u00e4ventyr"},"content":{"rendered":"<p style=\"text-align: center\" data-start=\"151\" data-end=\"410\"><strong data-start=\"151\" data-end=\"216\">G\u00e5 L\u00e4ngre, L\u00e4ttare\u2014Med Den Perfekta \u00c4ventyrsryggs\u00e4cken! \ud83c\udf92\ud83c\udf04<\/strong><\/p>\n<p style=\"text-align: center\" data-start=\"151\" data-end=\"410\">Den h\u00e4r ultral\u00e4tta ryggs\u00e4cken \u00e4r byggd f\u00f6r r\u00f6relse. Oavsett om du vandrar, cyklar eller utforskar naturen g\u00f6r dess andningsbara design och kapacitet p\u00e5 16 liter den till den perfekta f\u00f6ljeslagaren f\u00f6r alla \u00e4ventyr.<\/p>\n<p data-start=\"151\" data-end=\"410\"><img fetchpriority=\"high\" decoding=\"async\" class=\" wp-image-25175 aligncenter\" src=\"https:\/\/keluvo.com\/template\/wp-content\/uploads\/sites\/5\/2025\/06\/cc39f87736b4db79a41e9fcb71b61cab.gif\" alt=\"\" width=\"408\" height=\"543\" \/><\/p>\n<h2 style=\"text-align: center\" data-start=\"417\" data-end=\"439\">Huvudf\u00f6rdelar \ud83d\udcaa<\/h2>\n<p data-start=\"442\" data-end=\"480\">\ud83c\udf88 L\u00e4tt och kompakt\u2014bara 320 g<\/p>\n<p data-start=\"483\" data-end=\"528\">\ud83d\udca8 3D-andningsbart mesh-system h\u00e5ller dig sval<\/p>\n<p data-start=\"531\" data-end=\"572\">\ud83e\uddf5 Slitstark, rivt\u00e5lig nylon fabric<\/p>\n<p data-start=\"575\" data-end=\"625\">\ud83d\udeb4\u200d\u2642\ufe0f S\u00e4ker hj\u00e4lmh\u00e5llare + \u00f6glor f\u00f6r vandringsstavar<\/p>\n<p data-start=\"628\" data-end=\"677\">\ud83d\udca7 Design som \u00e4r redo f\u00f6r v\u00e4tsketillf\u00f6rsel\u00a0 f\u00f6r anv\u00e4ndning av vattenbl\u00e5sor<\/p>\n<p data-start=\"680\" data-end=\"737\">\ud83c\udf92 Justerbara br\u00f6st- &amp; axelremmar f\u00f6r komfort hela dagen<\/p>\n<p data-start=\"680\" data-end=\"737\"><img decoding=\"async\" class=\"size-full wp-image-25170 aligncenter\" src=\"https:\/\/keluvo.com\/template\/wp-content\/uploads\/sites\/5\/2025\/06\/Hc321df3b0d2b47ddb73f1abd93ddd6c2M.jpg_960x960q75.jpg_.avif\" alt=\"\" \/><\/p>\n<h2 style=\"text-align: center\" data-start=\"744\" data-end=\"763\">Hur Man Anv\u00e4nder \ud83d\udc47<\/h2>\n<ol data-start=\"764\" data-end=\"973\">\n<li data-start=\"764\" data-end=\"830\">\n<p data-start=\"767\" data-end=\"830\">Packa dina viktigaste saker i huvudfacket och sidofickorna<\/p>\n<\/li>\n<li data-start=\"831\" data-end=\"879\">\n<p data-start=\"834\" data-end=\"879\">Justera axel- \/ br\u00f6stremmar na f\u00f6r en bra passform<\/p>\n<\/li>\n<li data-start=\"880\" data-end=\"931\">\n<p data-start=\"883\" data-end=\"931\">F\u00e4st din hj\u00e4lm eller utrustning med externa \u00f6glor<\/p>\n<\/li>\n<li data-start=\"932\" data-end=\"973\">\n<p data-start=\"935\" data-end=\"973\">G\u00e5 stigen eller ta cykeln i total komfort<\/p>\n<\/li>\n<\/ol>\n<h2 style=\"text-align: center\" data-start=\"980\" data-end=\"1004\">Produktdetaljer \ud83d\udccb<\/h2>\n<ul data-start=\"1005\" data-end=\"1235\">\n<li data-start=\"1005\" data-end=\"1022\">\n<p data-start=\"1007\" data-end=\"1022\">Kapacitet: 16L<\/p>\n<\/li>\n<li data-start=\"1023\" data-end=\"1047\">\n<p data-start=\"1025\" data-end=\"1047\">Vikt: ca. 320g<\/p>\n<\/li>\n<li data-start=\"1048\" data-end=\"1086\">\n<p data-start=\"1050\" data-end=\"1086\">Storlek: passar de flesta vuxna bekv\u00e4mt<\/p>\n<\/li>\n<li data-start=\"1087\" data-end=\"1119\">\n<p data-start=\"1089\" data-end=\"1119\">Material: nylon med h\u00f6g densitet.<\/p>\n<\/li>\n<li data-start=\"1180\" data-end=\"1235\">\n<p data-start=\"1182\" data-end=\"1235\">Idealisk f\u00f6r: vandring, cykling, kl\u00e4ttring, l\u00f6pning, resor<\/p>\n<\/li>\n<\/ul>\n<h2 style=\"text-align: center\" data-start=\"1242\" data-end=\"1267\">Paketet Inneh\u00e5ller \ud83d\udce6<\/h2>\n<ul data-start=\"1268\" data-end=\"1303\">\n<li data-start=\"1268\" data-end=\"1303\">\n<p data-start=\"1270\" data-end=\"1303\">1x l\u00e4ttviktsryggs\u00e4ck f\u00f6r \u00e4ventyr.<\/p>\n<\/li>\n<\/ul>\n","protected":false},"excerpt":{"rendered":"<p>G\u00e5 L\u00e4ngre, L\u00e4ttare\u2014Med Den Perfekta \u00c4ventyrsryggs\u00e4cken! \ud83c\udf92\ud83c\udf04 Den h\u00e4r ultral\u00e4tta ryggs\u00e4cken \u00e4r byggd f\u00f6r r\u00f6relse. Oavsett om du vandrar, cyklar [&hellip;]<\/p>\n","protected":false},"featured_media":15318,"comment_status":"open","ping_status":"closed","template":"","meta":{"site-sidebar-layout":"default","site-content-layout":"","ast-site-content-layout":"default","site-content-style":"default","site-sidebar-style":"default","ast-global-header-display":"","ast-banner-title-visibility":"","ast-main-header-display":"","ast-hfb-above-header-display":"","ast-hfb-below-header-display":"","ast-hfb-mobile-header-display":"","site-post-title":"","ast-breadcrumbs-content":"","ast-featured-img":"","footer-sml-layout":"","theme-transparent-header-meta":"default","adv-header-id-meta":"","stick-header-meta":"","header-above-stick-meta":"","header-main-stick-meta":"","header-below-stick-meta":"","astra-migrate-meta-layouts":"set","ast-page-background-enabled":"default","ast-page-background-meta":{"desktop":{"background-color":"var(--ast-global-color-4)","background-image":"","background-repeat":"repeat","background-position":"center center","background-size":"auto","background-attachment":"scroll","background-type":"","background-media":"","overlay-type":"","overlay-color":"","overlay-opacity":"","overlay-gradient":""},"tablet":{"background-color":"","background-image":"","background-repeat":"repeat","background-position":"center center","background-size":"auto","background-attachment":"scroll","background-type":"","background-media":"","overlay-type":"","overlay-color":"","overlay-opacity":"","overlay-gradient":""},"mobile":{"background-color":"","background-image":"","background-repeat":"repeat","background-position":"center center","background-size":"auto","background-attachment":"scroll","background-type":"","background-media":"","overlay-type":"","overlay-color":"","overlay-opacity":"","overlay-gradient":""}},"ast-content-background-meta":{"desktop":{"background-color":"var(--ast-global-color-5)","background-image":"","background-repeat":"repeat","background-position":"center center","background-size":"auto","background-attachment":"scroll","background-type":"","background-media":"","overlay-type":"","overlay-color":"","overlay-opacity":"","overlay-gradient":""},"tablet":{"background-color":"var(--ast-global-color-5)","background-image":"","background-repeat":"repeat","background-position":"center center","background-size":"auto","background-attachment":"scroll","background-type":"","background-media":"","overlay-type":"","overlay-color":"","overlay-opacity":"","overlay-gradient":""},"mobile":{"background-color":"var(--ast-global-color-5)","background-image":"","background-repeat":"repeat","background-position":"center center","background-size":"auto","background-attachment":"scroll","background-type":"","background-media":"","overlay-type":"","overlay-color":"","overlay-opacity":"","overlay-gradient":""}}},"product_brand":[],"product_cat":[1000],"product_tag":[],"class_list":{"0":"post-15322","1":"product","2":"type-product","3":"status-publish","4":"has-post-thumbnail","6":"product_cat-hiking-camping-and-leisure-goods","7":"pa_29184_ah8gkt5y-bla","8":"pa_29184_ah8gkt5y-gron","9":"pa_29184_ah8gkt5y-orange","10":"pa_29184_ah8gkt5y-rod","11":"pa_29184_ah8gkt5y-svart","12":"desktop-align-left","13":"tablet-align-left","14":"mobile-align-left","16":"first","17":"instock","18":"shipping-taxable","19":"purchasable","20":"product-type-variable"},"_links":{"self":[{"href":"https:\/\/keluvo.com\/se\/wp-json\/wp\/v2\/product\/15322","targetHints":{"allow":["GET"]}}],"collection":[{"href":"https:\/\/keluvo.com\/se\/wp-json\/wp\/v2\/product"}],"about":[{"href":"https:\/\/keluvo.com\/se\/wp-json\/wp\/v2\/types\/product"}],"replies":[{"embeddable":true,"href":"https:\/\/keluvo.com\/se\/wp-json\/wp\/v2\/comments?post=15322"}],"wp:featuredmedia":[{"embeddable":true,"href":"https:\/\/keluvo.com\/se\/wp-json\/wp\/v2\/media\/15318"}],"wp:attachment":[{"href":"https:\/\/keluvo.com\/se\/wp-json\/wp\/v2\/media?parent=15322"}],"wp:term":[{"taxonomy":"product_brand","embeddable":true,"href":"https:\/\/keluvo.com\/se\/wp-json\/wp\/v2\/product_brand?post=15322"},{"taxonomy":"product_cat","embeddable":true,"href":"https:\/\/keluvo.com\/se\/wp-json\/wp\/v2\/product_cat?post=15322"},{"taxonomy":"product_tag","embeddable":true,"href":"https:\/\/keluvo.com\/se\/wp-json\/wp\/v2\/product_tag?post=15322"}],"curies":[{"name":"wp","href":"https:\/\/api.w.org\/{rel}","templated":true}]}}