{"id":15313,"date":"2025-07-07T16:42:20","date_gmt":"2025-07-07T14:42:20","guid":{"rendered":"https:\/\/keluvo.com\/se\/product\/pannband\/"},"modified":"2025-07-08T17:47:41","modified_gmt":"2025-07-08T15:47:41","slug":"pannband","status":"publish","type":"product","link":"https:\/\/keluvo.com\/se\/product\/pannband\/","title":{"rendered":"Pannband"},"content":{"rendered":"<p style=\"text-align: center;\" data-start=\"141\" data-end=\"194\"><strong data-start=\"141\" data-end=\"192\">L\u00e4gg Till En Touch Av Elegans Till Varje Look P\u00e5 N\u00e5gra Sekunder!<\/strong><\/p>\n<p style=\"text-align: center;\" data-start=\"196\" data-end=\"425\">Detta vackra blommiga pannband \u00e4r den perfekta accessoaren f\u00f6r br\u00f6llop, fester, fotograferingar eller speciella tillf\u00e4llen. Det \u00e4r tillverkat av fina konstgjorda p\u00e4rlor och flexibel tr\u00e5d och ger glitter och charm till flickor och kvinnor i alla \u00e5ldrar. Den \u00e4r l\u00e4tt att b\u00e4ra med ett band eller en h\u00e5rn\u00e5l och \u00e4r l\u00e4tt, justerbar och bekv\u00e4m &#8211; ger enkel elegans till alla frisyrer.<\/p>\n<p data-start=\"196\" data-end=\"425\"><img decoding=\"async\" class=\"size-full wp-image-25162 aligncenter\" src=\"https:\/\/keluvo.com\/template\/wp-content\/uploads\/sites\/5\/2025\/06\/b6e0791f3103560617befee819290ed.webp\" alt=\"\" \/><\/p>\n<h2 style=\"text-align: center;\" data-start=\"565\" data-end=\"587\">\ud83c\udf1f Huvudf\u00f6rdelar<\/h2>\n<p data-start=\"590\" data-end=\"666\">\ud83d\udc90 <strong data-start=\"593\" data-end=\"618\">Elegant Blommig Design<\/strong> \u2013 ger charm till alla formella eller festliga kl\u00e4der.<\/p>\n<p data-start=\"669\" data-end=\"732\">\u2728 <strong data-start=\"671\" data-end=\"697\">Glittrande P\u00e4rldetalj<\/strong> \u2013 skimrar vackert i ljus.<\/p>\n<p data-start=\"735\" data-end=\"794\">\ud83e\uddf7 <strong data-start=\"738\" data-end=\"754\">L\u00e4tt Att B\u00e4ra<\/strong> \u2013 f\u00e4sts med band eller h\u00e5rn\u00e5lar.<\/p>\n<p data-start=\"797\" data-end=\"855\">\ud83d\udd04 <strong data-start=\"800\" data-end=\"819\">Justerbar Storlek<\/strong> \u2013 Passar barn och vuxna (3+).<\/p>\n<p data-start=\"858\" data-end=\"944\">\ud83c\udf80 <strong data-start=\"861\" data-end=\"890\">Perfekt F\u00f6r Alla Tillf\u00e4llen<\/strong> \u2013 Perfekt f\u00f6r br\u00f6llop, fester, f\u00f6delsedagar och foton.<\/p>\n<p data-start=\"858\" data-end=\"944\"><img decoding=\"async\" class=\"size-full wp-image-25161 aligncenter\" src=\"https:\/\/keluvo.com\/template\/wp-content\/uploads\/sites\/5\/2025\/06\/226bfa887525e8693f6fac1437c3cb8a.webp\" alt=\"\" \/><\/p>\n<h2 style=\"text-align: center;\" data-start=\"951\" data-end=\"970\">\ud83d\udd27 Hur Man Anv\u00e4nder<\/h2>\n<ol data-start=\"971\" data-end=\"1194\">\n<li data-start=\"971\" data-end=\"1038\">\n<p data-start=\"974\" data-end=\"1038\">Placera pannbandet f\u00f6rsiktigt l\u00e4ngs kronan eller sidan av huvudet.<\/p>\n<\/li>\n<li data-start=\"1039\" data-end=\"1093\">\n<p data-start=\"1042\" data-end=\"1093\">Anv\u00e4nd ett band eller h\u00e5rn\u00e5lar f\u00f6r att f\u00e4sta det p\u00e5 plats.<\/p>\n<\/li>\n<li data-start=\"1094\" data-end=\"1139\">\n<p data-start=\"1097\" data-end=\"1139\">Justera formen och positionen efter behov.<\/p>\n<\/li>\n<li data-start=\"1140\" data-end=\"1194\">\n<p data-start=\"1143\" data-end=\"1194\">Styla med kl\u00e4nningar eller kostymer f\u00f6r en fantastisk look.<\/p>\n<\/li>\n<\/ol>\n<h2 style=\"text-align: center;\" data-start=\"1201\" data-end=\"1225\">\ud83d\udccf Produktdetaljer<\/h2>\n<ul data-start=\"1226\" data-end=\"1497\">\n<li data-start=\"1226\" data-end=\"1255\">\n<p data-start=\"1228\" data-end=\"1255\"><strong data-start=\"1228\" data-end=\"1239\">L\u00e4ngd:<\/strong> Cirka 37 cm<\/p>\n<\/li>\n<li data-start=\"1256\" data-end=\"1363\">\n<p data-start=\"1258\" data-end=\"1281\"><strong data-start=\"1258\" data-end=\"1279\">Material: <\/strong><span style=\"font-size: 16px;\">Konstgjord p\u00e4rla + legering + koppartr\u00e5d<\/span><\/p>\n<\/li>\n<li data-start=\"1364\" data-end=\"1427\">\n<p data-start=\"1366\" data-end=\"1427\"><strong data-start=\"1366\" data-end=\"1374\">Passform:<\/strong> Justerbar \u2013 l\u00e4mplig f\u00f6r \u00e5ldrarna 3+, inklusive vuxna<\/p>\n<\/li>\n<li data-start=\"1428\" data-end=\"1497\">\n<p data-start=\"1430\" data-end=\"1497\"><strong data-start=\"1430\" data-end=\"1442\">Anv\u00e4ndning F\u00f6r:<\/strong> S\u00e4rskilda evenemang, utkl\u00e4dning, scen, f\u00f6delsedagar, br\u00f6llop<\/p>\n<\/li>\n<\/ul>\n<h2 style=\"text-align: center;\" data-start=\"1504\" data-end=\"1529\">\ud83d\udce6 Paketet Inneh\u00e5ller<\/h2>\n<ul data-start=\"1530\" data-end=\"1571\">\n<li style=\"list-style-type: none;\">\n<ul data-start=\"1530\" data-end=\"1571\">\n<li data-start=\"1530\" data-end=\"1571\">\n<p data-start=\"1532\" data-end=\"1571\">1 eller 2 pannband.<\/p>\n<\/li>\n<\/ul>\n<\/li>\n<\/ul>\n<p>&nbsp;<\/p>\n","protected":false},"excerpt":{"rendered":"<p>L\u00e4gg Till En Touch Av Elegans Till Varje Look P\u00e5 N\u00e5gra Sekunder! Detta vackra blommiga pannband \u00e4r den perfekta accessoaren [&hellip;]<\/p>\n","protected":false},"featured_media":15309,"comment_status":"open","ping_status":"closed","template":"","meta":{"site-sidebar-layout":"default","site-content-layout":"","ast-site-content-layout":"default","site-content-style":"default","site-sidebar-style":"default","ast-global-header-display":"","ast-banner-title-visibility":"","ast-main-header-display":"","ast-hfb-above-header-display":"","ast-hfb-below-header-display":"","ast-hfb-mobile-header-display":"","site-post-title":"","ast-breadcrumbs-content":"","ast-featured-img":"","footer-sml-layout":"","theme-transparent-header-meta":"default","adv-header-id-meta":"","stick-header-meta":"","header-above-stick-meta":"","header-main-stick-meta":"","header-below-stick-meta":"","astra-migrate-meta-layouts":"set","ast-page-background-enabled":"default","ast-page-background-meta":{"desktop":{"background-color":"var(--ast-global-color-4)","background-image":"","background-repeat":"repeat","background-position":"center center","background-size":"auto","background-attachment":"scroll","background-type":"","background-media":"","overlay-type":"","overlay-color":"","overlay-opacity":"","overlay-gradient":""},"tablet":{"background-color":"","background-image":"","background-repeat":"repeat","background-position":"center center","background-size":"auto","background-attachment":"scroll","background-type":"","background-media":"","overlay-type":"","overlay-color":"","overlay-opacity":"","overlay-gradient":""},"mobile":{"background-color":"","background-image":"","background-repeat":"repeat","background-position":"center center","background-size":"auto","background-attachment":"scroll","background-type":"","background-media":"","overlay-type":"","overlay-color":"","overlay-opacity":"","overlay-gradient":""}},"ast-content-background-meta":{"desktop":{"background-color":"var(--ast-global-color-5)","background-image":"","background-repeat":"repeat","background-position":"center center","background-size":"auto","background-attachment":"scroll","background-type":"","background-media":"","overlay-type":"","overlay-color":"","overlay-opacity":"","overlay-gradient":""},"tablet":{"background-color":"var(--ast-global-color-5)","background-image":"","background-repeat":"repeat","background-position":"center center","background-size":"auto","background-attachment":"scroll","background-type":"","background-media":"","overlay-type":"","overlay-color":"","overlay-opacity":"","overlay-gradient":""},"mobile":{"background-color":"var(--ast-global-color-5)","background-image":"","background-repeat":"repeat","background-position":"center center","background-size":"auto","background-attachment":"scroll","background-type":"","background-media":"","overlay-type":"","overlay-color":"","overlay-opacity":"","overlay-gradient":""}}},"product_brand":[],"product_cat":[990],"product_tag":[],"class_list":{"0":"post-15313","1":"product","2":"type-product","3":"status-publish","4":"has-post-thumbnail","6":"product_cat-toys-childrens-and-baby-products","7":"pa_41603_o5ztdtek-1-st","8":"pa_41603_o5ztdtek-2-st","9":"desktop-align-left","10":"tablet-align-left","11":"mobile-align-left","13":"first","14":"instock","15":"shipping-taxable","16":"purchasable","17":"product-type-variable"},"_links":{"self":[{"href":"https:\/\/keluvo.com\/se\/wp-json\/wp\/v2\/product\/15313","targetHints":{"allow":["GET"]}}],"collection":[{"href":"https:\/\/keluvo.com\/se\/wp-json\/wp\/v2\/product"}],"about":[{"href":"https:\/\/keluvo.com\/se\/wp-json\/wp\/v2\/types\/product"}],"replies":[{"embeddable":true,"href":"https:\/\/keluvo.com\/se\/wp-json\/wp\/v2\/comments?post=15313"}],"wp:featuredmedia":[{"embeddable":true,"href":"https:\/\/keluvo.com\/se\/wp-json\/wp\/v2\/media\/15309"}],"wp:attachment":[{"href":"https:\/\/keluvo.com\/se\/wp-json\/wp\/v2\/media?parent=15313"}],"wp:term":[{"taxonomy":"product_brand","embeddable":true,"href":"https:\/\/keluvo.com\/se\/wp-json\/wp\/v2\/product_brand?post=15313"},{"taxonomy":"product_cat","embeddable":true,"href":"https:\/\/keluvo.com\/se\/wp-json\/wp\/v2\/product_cat?post=15313"},{"taxonomy":"product_tag","embeddable":true,"href":"https:\/\/keluvo.com\/se\/wp-json\/wp\/v2\/product_tag?post=15313"}],"curies":[{"name":"wp","href":"https:\/\/api.w.org\/{rel}","templated":true}]}}