{"id":15244,"date":"2025-07-07T16:33:39","date_gmt":"2025-07-07T14:33:39","guid":{"rendered":"https:\/\/keluvo.com\/se\/product\/orhangen\/"},"modified":"2025-09-13T13:29:34","modified_gmt":"2025-09-13T10:29:34","slug":"orhangen","status":"publish","type":"product","link":"https:\/\/keluvo.com\/se\/product\/orhangen\/","title":{"rendered":"\u00d6rh\u00e4ngen"},"content":{"rendered":"<p style=\"text-align: center;\" data-start=\"116\" data-end=\"167\"><strong>F\u00e5 Utseendet Av Dubbla Piercingar Med Bara En!<\/strong><\/p>\n<p style=\"text-align: center;\" data-start=\"169\" data-end=\"302\">Dessa snygga \u00f6rh\u00e4ngen ger illusionen av flera piercingar samtidigt som de bara beh\u00f6ver en &#8211; perfekt f\u00f6r en dj\u00e4rv look utan extra sm\u00e4rta. De h\u00e4r dubbla \u00f6rh\u00e4ngena \u00e4r tillverkade av h\u00f6gkvalitativt rostfritt st\u00e5l och pl\u00e4terade i silver och 14K guld, \u00e4r skonsamma mot k\u00e4nsliga \u00f6ron och lyser starkt med inl\u00e4gg av cubic zirconia. Deras minimalistiska och eleganta design passar alla outfits &#8211; fr\u00e5n avslappnade till eleganta.<\/p>\n<p data-start=\"169\" data-end=\"302\"><img decoding=\"async\" class=\"size-full wp-image-24322 aligncenter\" src=\"https:\/\/keluvo.com\/template\/wp-content\/uploads\/sites\/5\/2024\/11\/06182-ezgif.com-video-to-webp-converter.webp\" alt=\"\" \/><\/p>\n<h2 style=\"text-align: center;\" data-start=\"560\" data-end=\"582\">\ud83c\udf1f Huvudf\u00f6rdelar<\/h2>\n<p data-start=\"585\" data-end=\"655\">\u2728 <strong>Illusion Av Dubbla \u00d6rh\u00e4ngen<\/strong> \u2013 ser ut som tv\u00e5 piercingar med bara en.<\/p>\n<p data-start=\"658\" data-end=\"734\">\ud83d\udca7 <strong>Vattent\u00e4t &amp; H\u00e5llbar<\/strong> \u2013 tillverkad av rostfritt st\u00e5l och byggd f\u00f6r att h\u00e5lla.<\/p>\n<p data-start=\"737\" data-end=\"809\">\ud83e\udde1 <strong>Bekv\u00e4mt F\u00f6r K\u00e4nsliga \u00d6ron<\/strong> \u2013 Nickelfritt och hudv\u00e4nligt.<\/p>\n<p data-start=\"812\" data-end=\"873\">\ud83d\udc8e <strong data-start=\"815\" data-end=\"837\">Gnistrande CZ-Inl\u00e4gg<\/strong> \u2013 Ger en ljus, glamor\u00f6s glans.<\/p>\n<p data-start=\"812\" data-end=\"873\"><img decoding=\"async\" class=\"size-full wp-image-24321 aligncenter\" src=\"https:\/\/keluvo.com\/template\/wp-content\/uploads\/sites\/5\/2024\/11\/ea04a8ba-dcc6-4166-a642-b1b88f0528dc.webp\" alt=\"\" \/><\/p>\n<h2 style=\"text-align: center;\" data-start=\"947\" data-end=\"966\">\ud83d\udd27 Hur Man Anv\u00e4nder<\/h2>\n<ol data-start=\"967\" data-end=\"1109\">\n<li data-start=\"967\" data-end=\"1013\">S\u00e4tt \u00f6rh\u00e4nget i en enkel piercing.<\/li>\n<li data-start=\"967\" data-end=\"1013\">Justera b\u00e5garna s\u00e5 att b\u00e5da sitter naturligt p\u00e5 din lob.<\/li>\n<li data-start=\"1014\" data-end=\"1071\">\n<p data-start=\"1017\" data-end=\"1071\">Kombinera med vilken outfit som helst &#8211; dag som natt!<\/p>\n<\/li>\n<\/ol>\n<h2 style=\"text-align: center;\" data-start=\"1116\" data-end=\"1140\">\ud83d\udccf Produktdetaljer<\/h2>\n<ul data-start=\"1141\" data-end=\"1388\">\n<li data-start=\"1141\" data-end=\"1205\">\n<p data-start=\"1143\" data-end=\"1205\"><strong data-start=\"1143\" data-end=\"1156\">Material:<\/strong> Rostfritt st\u00e5l med silver &amp; 14K guldpl\u00e4tering<\/p>\n<\/li>\n<li data-start=\"1206\" data-end=\"1253\">\n<p data-start=\"1208\" data-end=\"1253\"><strong data-start=\"1208\" data-end=\"1219\">Design:<\/strong> Dubbel ring f\u00f6r enkel piercing<\/p>\n<\/li>\n<li data-start=\"1295\" data-end=\"1336\">\n<p data-start=\"1297\" data-end=\"1336\"><strong data-start=\"1297\" data-end=\"1307\">Stil:<\/strong> Minimalistisk, trendig, n\u00e4tt<\/p>\n<\/li>\n<li data-start=\"1337\" data-end=\"1388\">\n<p data-start=\"1339\" data-end=\"1388\"><strong data-start=\"1339\" data-end=\"1358\">Hypoallergenisk:<\/strong> Ja &#8211; s\u00e4kert f\u00f6r k\u00e4nsliga \u00f6ron<\/p>\n<\/li>\n<\/ul>\n<h2 style=\"text-align: center;\" data-start=\"1395\" data-end=\"1420\">\ud83d\udce6 F\u00f6rpackningen Inneh\u00e5ller<\/h2>\n<ul data-start=\"1421\" data-end=\"1495\">\n<li data-start=\"1421\" data-end=\"1465\">\n<p data-start=\"1423\" data-end=\"1465\">1x par illusions\u00f6rh\u00e4ngen med dubbla ringar.<\/p>\n<\/li>\n<\/ul>\n","protected":false},"excerpt":{"rendered":"<p>F\u00e5 Utseendet Av Dubbla Piercingar Med Bara En! Dessa snygga \u00f6rh\u00e4ngen ger illusionen av flera piercingar samtidigt som de bara [&hellip;]<\/p>\n","protected":false},"featured_media":15240,"comment_status":"open","ping_status":"closed","template":"","meta":{"site-sidebar-layout":"default","site-content-layout":"","ast-site-content-layout":"default","site-content-style":"default","site-sidebar-style":"default","ast-global-header-display":"","ast-banner-title-visibility":"","ast-main-header-display":"","ast-hfb-above-header-display":"","ast-hfb-below-header-display":"","ast-hfb-mobile-header-display":"","site-post-title":"","ast-breadcrumbs-content":"","ast-featured-img":"","footer-sml-layout":"","theme-transparent-header-meta":"default","adv-header-id-meta":"","stick-header-meta":"","header-above-stick-meta":"","header-main-stick-meta":"","header-below-stick-meta":"","astra-migrate-meta-layouts":"set","ast-page-background-enabled":"default","ast-page-background-meta":{"desktop":{"background-color":"var(--ast-global-color-4)","background-image":"","background-repeat":"repeat","background-position":"center center","background-size":"auto","background-attachment":"scroll","background-type":"","background-media":"","overlay-type":"","overlay-color":"","overlay-opacity":"","overlay-gradient":""},"tablet":{"background-color":"","background-image":"","background-repeat":"repeat","background-position":"center center","background-size":"auto","background-attachment":"scroll","background-type":"","background-media":"","overlay-type":"","overlay-color":"","overlay-opacity":"","overlay-gradient":""},"mobile":{"background-color":"","background-image":"","background-repeat":"repeat","background-position":"center center","background-size":"auto","background-attachment":"scroll","background-type":"","background-media":"","overlay-type":"","overlay-color":"","overlay-opacity":"","overlay-gradient":""}},"ast-content-background-meta":{"desktop":{"background-color":"var(--ast-global-color-5)","background-image":"","background-repeat":"repeat","background-position":"center center","background-size":"auto","background-attachment":"scroll","background-type":"","background-media":"","overlay-type":"","overlay-color":"","overlay-opacity":"","overlay-gradient":""},"tablet":{"background-color":"var(--ast-global-color-5)","background-image":"","background-repeat":"repeat","background-position":"center center","background-size":"auto","background-attachment":"scroll","background-type":"","background-media":"","overlay-type":"","overlay-color":"","overlay-opacity":"","overlay-gradient":""},"mobile":{"background-color":"var(--ast-global-color-5)","background-image":"","background-repeat":"repeat","background-position":"center center","background-size":"auto","background-attachment":"scroll","background-type":"","background-media":"","overlay-type":"","overlay-color":"","overlay-opacity":"","overlay-gradient":""}}},"product_brand":[],"product_cat":[994,993],"product_tag":[],"class_list":{"0":"post-15244","1":"product","2":"type-product","3":"status-publish","4":"has-post-thumbnail","6":"product_cat-clothing-for-women","7":"product_cat-footwear-accessories","8":"pa_15948_7se06blp-guld","9":"pa_15948_7se06blp-silver","10":"desktop-align-left","11":"tablet-align-left","12":"mobile-align-left","14":"first","15":"instock","16":"shipping-taxable","17":"purchasable","18":"product-type-variable"},"_links":{"self":[{"href":"https:\/\/keluvo.com\/se\/wp-json\/wp\/v2\/product\/15244","targetHints":{"allow":["GET"]}}],"collection":[{"href":"https:\/\/keluvo.com\/se\/wp-json\/wp\/v2\/product"}],"about":[{"href":"https:\/\/keluvo.com\/se\/wp-json\/wp\/v2\/types\/product"}],"replies":[{"embeddable":true,"href":"https:\/\/keluvo.com\/se\/wp-json\/wp\/v2\/comments?post=15244"}],"wp:featuredmedia":[{"embeddable":true,"href":"https:\/\/keluvo.com\/se\/wp-json\/wp\/v2\/media\/15240"}],"wp:attachment":[{"href":"https:\/\/keluvo.com\/se\/wp-json\/wp\/v2\/media?parent=15244"}],"wp:term":[{"taxonomy":"product_brand","embeddable":true,"href":"https:\/\/keluvo.com\/se\/wp-json\/wp\/v2\/product_brand?post=15244"},{"taxonomy":"product_cat","embeddable":true,"href":"https:\/\/keluvo.com\/se\/wp-json\/wp\/v2\/product_cat?post=15244"},{"taxonomy":"product_tag","embeddable":true,"href":"https:\/\/keluvo.com\/se\/wp-json\/wp\/v2\/product_tag?post=15244"}],"curies":[{"name":"wp","href":"https:\/\/api.w.org\/{rel}","templated":true}]}}