{"id":15102,"date":"2025-07-07T15:45:53","date_gmt":"2025-07-07T13:45:53","guid":{"rendered":"https:\/\/keluvo.com\/se\/product\/locktang\/"},"modified":"2025-09-18T13:53:50","modified_gmt":"2025-09-18T10:53:50","slug":"locktang","status":"publish","type":"product","link":"https:\/\/keluvo.com\/se\/product\/locktang\/","title":{"rendered":"Lockt\u00e5ng"},"content":{"rendered":"<p style=\"text-align: center\" data-start=\"138\" data-end=\"422\"><strong data-start=\"138\" data-end=\"188\">F\u00e5 Enkla Franska V\u00e5gor P\u00e5 N\u00e5gra Minuter! \ud83d\udc81\u200d\u2640\ufe0f\u2728<\/strong><\/p>\n<p style=\"text-align: center\" data-start=\"138\" data-end=\"422\">Den h\u00e4r lockt\u00e5ngen g\u00f6r det enkelt att skapa naturliga, volumin\u00f6sa v\u00e5gor med en finish av salongskvalitet &#8211; direkt hemifr\u00e5n. Oavsett om du stylar f\u00f6r en utekv\u00e4ll eller bara vill ha en mjuk vardagsglam, s\u00e5 har den h\u00e4r lockt\u00e5ngen allt du beh\u00f6ver.<\/p>\n<p data-start=\"138\" data-end=\"422\"><img decoding=\"async\" class=\"size-full wp-image-24847 aligncenter\" src=\"https:\/\/keluvo.com\/template\/wp-content\/uploads\/sites\/5\/2025\/06\/0c09532abe4b64d6dfa0b8d17dc31f6aa9594f60_480x480.webp\" alt=\"\" \/><\/p>\n<h2 style=\"text-align: center\" data-start=\"429\" data-end=\"451\">Huvudf\u00f6rdelar \ud83d\udc9c<\/h2>\n<p data-start=\"454\" data-end=\"497\">\ud83c\udf0a Skapar mjuka, l\u00f6sa v\u00e5gor i fransk stil<\/p>\n<p data-start=\"500\" data-end=\"532\">\ud83d\udd25 V\u00e4rms upp p\u00e5 bara 15 sekunder<\/p>\n<p data-start=\"535\" data-end=\"582\">\ud83d\udc87\u200d\u2640\ufe0f Stylar h\u00e5ret snabbt utan att skada det<\/p>\n<p data-start=\"585\" data-end=\"628\">\ud83c\udf80 Perfekt f\u00f6r alla h\u00e5rl\u00e4ngder och h\u00e5rtyper<\/p>\n<p data-start=\"631\" data-end=\"664\">\ud83d\udca1 L\u00e4tt att anv\u00e4nda &#8211; \u00e4ven f\u00f6r nyb\u00f6rjare<\/p>\n<p data-start=\"631\" data-end=\"664\"><img decoding=\"async\" class=\"size-full wp-image-24848 aligncenter\" src=\"https:\/\/keluvo.com\/template\/wp-content\/uploads\/sites\/5\/2025\/06\/81edc00b0b53e3a4ce4be966ee77749431b8d5c7_480x480.webp\" alt=\"\" \/><\/p>\n<h2 style=\"text-align: center\" data-start=\"671\" data-end=\"691\">S\u00e5 H\u00e4r Anv\u00e4nder Du \ud83d\udee0\ufe0f<\/h2>\n<ol data-start=\"692\" data-end=\"839\">\n<li data-start=\"692\" data-end=\"740\">\n<p data-start=\"695\" data-end=\"740\">S\u00e4tt i och v\u00e4nta p\u00e5 den snabba uppv\u00e4rmningen p\u00e5 220 \u00b0C<\/p>\n<\/li>\n<li data-start=\"741\" data-end=\"796\">\n<p data-start=\"744\" data-end=\"796\">Kl\u00e4m fast en h\u00e5rsektion och h\u00e5ll i n\u00e5gra sekunder<\/p>\n<\/li>\n<li data-start=\"797\" data-end=\"839\">\n<p data-start=\"800\" data-end=\"839\">Sl\u00e4pp och upprepa &#8211; njut av perfekta v\u00e5gor!<\/p>\n<\/li>\n<\/ol>\n<h2 style=\"text-align: center\" data-start=\"846\" data-end=\"870\">Produktdetaljer \ud83d\udccb<\/h2>\n<ul data-start=\"871\" data-end=\"1035\">\n<li data-start=\"903\" data-end=\"931\">\n<p data-start=\"905\" data-end=\"931\">Temperatur: upp till 220\u00b0C<\/p>\n<\/li>\n<li data-start=\"932\" data-end=\"961\">\n<p data-start=\"934\" data-end=\"961\">Snabb uppv\u00e4rmning: 15 sekunder<\/p>\n<\/li>\n<li data-start=\"962\" data-end=\"1001\">\n<p data-start=\"964\" data-end=\"1001\">Material: turmalinkeramiska plattor<\/p>\n<\/li>\n<li data-start=\"1002\" data-end=\"1035\">\n<p data-start=\"1004\" data-end=\"1035\">L\u00e4tt och resev\u00e4nlig<\/p>\n<\/li>\n<\/ul>\n<h2 style=\"text-align: center\">Paketet Inneh\u00e5ller \ud83d\udce6<\/h2>\n<ul data-start=\"1068\" data-end=\"1097\">\n<li data-start=\"1068\" data-end=\"1097\">\n<p data-start=\"1070\" data-end=\"1097\">1x lockt\u00e5ng.<\/p>\n<\/li>\n<\/ul>\n","protected":false},"excerpt":{"rendered":"<p>F\u00e5 Enkla Franska V\u00e5gor P\u00e5 N\u00e5gra Minuter! \ud83d\udc81\u200d\u2640\ufe0f\u2728 Den h\u00e4r lockt\u00e5ngen g\u00f6r det enkelt att skapa naturliga, volumin\u00f6sa v\u00e5gor med [&hellip;]<\/p>\n","protected":false},"featured_media":15098,"comment_status":"open","ping_status":"closed","template":"","meta":{"site-sidebar-layout":"default","site-content-layout":"","ast-site-content-layout":"default","site-content-style":"default","site-sidebar-style":"default","ast-global-header-display":"","ast-banner-title-visibility":"","ast-main-header-display":"","ast-hfb-above-header-display":"","ast-hfb-below-header-display":"","ast-hfb-mobile-header-display":"","site-post-title":"","ast-breadcrumbs-content":"","ast-featured-img":"","footer-sml-layout":"","theme-transparent-header-meta":"default","adv-header-id-meta":"","stick-header-meta":"","header-above-stick-meta":"","header-main-stick-meta":"","header-below-stick-meta":"","astra-migrate-meta-layouts":"set","ast-page-background-enabled":"default","ast-page-background-meta":{"desktop":{"background-color":"var(--ast-global-color-4)","background-image":"","background-repeat":"repeat","background-position":"center center","background-size":"auto","background-attachment":"scroll","background-type":"","background-media":"","overlay-type":"","overlay-color":"","overlay-opacity":"","overlay-gradient":""},"tablet":{"background-color":"","background-image":"","background-repeat":"repeat","background-position":"center center","background-size":"auto","background-attachment":"scroll","background-type":"","background-media":"","overlay-type":"","overlay-color":"","overlay-opacity":"","overlay-gradient":""},"mobile":{"background-color":"","background-image":"","background-repeat":"repeat","background-position":"center center","background-size":"auto","background-attachment":"scroll","background-type":"","background-media":"","overlay-type":"","overlay-color":"","overlay-opacity":"","overlay-gradient":""}},"ast-content-background-meta":{"desktop":{"background-color":"var(--ast-global-color-5)","background-image":"","background-repeat":"repeat","background-position":"center center","background-size":"auto","background-attachment":"scroll","background-type":"","background-media":"","overlay-type":"","overlay-color":"","overlay-opacity":"","overlay-gradient":""},"tablet":{"background-color":"var(--ast-global-color-5)","background-image":"","background-repeat":"repeat","background-position":"center center","background-size":"auto","background-attachment":"scroll","background-type":"","background-media":"","overlay-type":"","overlay-color":"","overlay-opacity":"","overlay-gradient":""},"mobile":{"background-color":"var(--ast-global-color-5)","background-image":"","background-repeat":"repeat","background-position":"center center","background-size":"auto","background-attachment":"scroll","background-type":"","background-media":"","overlay-type":"","overlay-color":"","overlay-opacity":"","overlay-gradient":""}}},"product_brand":[],"product_cat":[992],"product_tag":[],"class_list":{"0":"post-15102","1":"product","2":"type-product","3":"status-publish","4":"has-post-thumbnail","6":"product_cat-beauty-and-hygiene-products","7":"desktop-align-left","8":"tablet-align-left","9":"mobile-align-left","11":"first","12":"instock","13":"shipping-taxable","14":"purchasable","15":"product-type-simple"},"_links":{"self":[{"href":"https:\/\/keluvo.com\/se\/wp-json\/wp\/v2\/product\/15102","targetHints":{"allow":["GET"]}}],"collection":[{"href":"https:\/\/keluvo.com\/se\/wp-json\/wp\/v2\/product"}],"about":[{"href":"https:\/\/keluvo.com\/se\/wp-json\/wp\/v2\/types\/product"}],"replies":[{"embeddable":true,"href":"https:\/\/keluvo.com\/se\/wp-json\/wp\/v2\/comments?post=15102"}],"wp:featuredmedia":[{"embeddable":true,"href":"https:\/\/keluvo.com\/se\/wp-json\/wp\/v2\/media\/15098"}],"wp:attachment":[{"href":"https:\/\/keluvo.com\/se\/wp-json\/wp\/v2\/media?parent=15102"}],"wp:term":[{"taxonomy":"product_brand","embeddable":true,"href":"https:\/\/keluvo.com\/se\/wp-json\/wp\/v2\/product_brand?post=15102"},{"taxonomy":"product_cat","embeddable":true,"href":"https:\/\/keluvo.com\/se\/wp-json\/wp\/v2\/product_cat?post=15102"},{"taxonomy":"product_tag","embeddable":true,"href":"https:\/\/keluvo.com\/se\/wp-json\/wp\/v2\/product_tag?post=15102"}],"curies":[{"name":"wp","href":"https:\/\/api.w.org\/{rel}","templated":true}]}}