{"id":15068,"date":"2025-07-07T15:44:07","date_gmt":"2025-07-07T13:44:07","guid":{"rendered":"https:\/\/keluvo.com\/se\/product\/lcd-ritplatta\/"},"modified":"2025-07-14T11:27:16","modified_gmt":"2025-07-14T09:27:16","slug":"lcd-ritplatta","status":"publish","type":"product","link":"https:\/\/keluvo.com\/se\/product\/lcd-ritplatta\/","title":{"rendered":"LCD-ritplatta"},"content":{"rendered":"<p style=\"text-align: center;\"><strong>Rita, skriv, radera &#8211; allt med ett klick p\u00e5 den h\u00e4r l\u00e4tta LCD-ritplattan!<\/strong><\/p>\n<p style=\"text-align: center;\"><span style=\"font-weight: 400;\">LCD-ritplattan \u00e4r det perfekta verktyget f\u00f6r att skriva, klottra och l\u00e4ra sig &#8211; utan att anv\u00e4nda papper eller bl\u00e4ck. Med sin l\u00e4tta design och 8,5-tumssk\u00e4rm \u00e4r den perfekt f\u00f6r barn, studenter eller alla som \u00e4lskar att anteckna id\u00e9er n\u00e4r de \u00e4r p\u00e5 spr\u00e5ng. Den har sk\u00e4rmrensning och l\u00e5sfunktioner med ett klick, vilket g\u00f6r den enkel att anv\u00e4nda och \u00e5teranv\u00e4nda varje dag. S\u00e4ker, str\u00e5lningsfri och milj\u00f6v\u00e4nlig, den h\u00e4r surfplattan erbjuder ett rent och enkelt s\u00e4tt att uttrycka kreativitet eller ta anteckningar n\u00e4r som helst och var som helst.<\/span><\/p>\n<p><img decoding=\"async\" class=\"size-full wp-image-21812 aligncenter\" src=\"https:\/\/keluvo.com\/template\/wp-content\/uploads\/sites\/5\/2025\/05\/tablet-ezgif.com-video-to-webp-converter.webp\" alt=\"\" \/><\/p>\n<h2 style=\"text-align: center;\">\u2b50 Viktigaste f\u00f6rdelarna<\/h2>\n<p><span style=\"font-weight: 400;\">\u270d\ufe0f <\/span><b>Skriv &amp; rita enkelt<\/b><span style=\"font-weight: 400;\"> &#8211; Sl\u00e4t sk\u00e4rm med tryckk\u00e4nslig inmatning f\u00f6r naturlig skrivning och skissning.<\/span><\/p>\n<p><span style=\"font-weight: 400;\">\ud83e\uddfd <\/span><b>Radera med ett klick<\/b><span style=\"font-weight: 400;\"> &#8211; Rensa sk\u00e4rmen direkt med ett enda tryck.<\/span><\/p>\n<p><span style=\"font-weight: 400;\">\ud83d\udd12 <\/span><b>L\u00e5sfunktion<\/b><span style=\"font-weight: 400;\"> &#8211; F\u00f6rhindra oavsiktlig radering med sk\u00e4rml\u00e5s.<\/span><\/p>\n<p><span style=\"font-weight: 400;\">\ud83c\udf3f <\/span><b>Milj\u00f6v\u00e4nlig &amp; \u00e5teranv\u00e4ndbar<\/b><span style=\"font-weight: 400;\"> &#8211; Inget papper, inget bl\u00e4ck, ingen r\u00f6ra.<\/span><\/p>\n<p><span style=\"font-weight: 400;\">\ud83c\udf92 <\/span><b>B\u00e4rbar och l\u00e4tt<\/b><span style=\"font-weight: 400;\"> &#8211; Perfekt f\u00f6r skolan, kontoret eller resan.<\/span><\/p>\n<p><span style=\"font-weight: 400;\">\ud83d\udca1 <\/span><b>S\u00e4ker f\u00f6r alla \u00e5ldrar<\/b><span style=\"font-weight: 400;\"> &#8211; Ingen str\u00e5lning, skonsam f\u00f6r \u00f6gonen och barnv\u00e4nlig.<\/span><img decoding=\"async\" class=\"size-full wp-image-21816 aligncenter\" src=\"https:\/\/keluvo.com\/template\/wp-content\/uploads\/sites\/5\/2025\/05\/e27143d8-817b-47a0-ab33-da8210838414.webp\" alt=\"\" \/><\/p>\n<h2 style=\"text-align: center;\">\ud83d\udccc Hur Man Anv\u00e4nder<\/h2>\n<ol>\n<li style=\"font-weight: 400;\"><span style=\"font-weight: 400;\">B\u00f6rja skriva eller rita direkt p\u00e5 sk\u00e4rmen med l\u00e4tt tryck.<\/span><span style=\"font-weight: 400;\"><br \/>\n<\/span><\/li>\n<li style=\"font-weight: 400;\"><span style=\"font-weight: 400;\">Tryck p\u00e5 raderingsknappen f\u00f6r att rensa sk\u00e4rmen.<\/span><span style=\"font-weight: 400;\"><br \/>\n<\/span><\/li>\n<li style=\"font-weight: 400;\"><span style=\"font-weight: 400;\">Anv\u00e4nd l\u00e5sknappen f\u00f6r att skydda ditt inneh\u00e5ll fr\u00e5n att raderas.<\/span><\/li>\n<li style=\"font-weight: 400;\"><span style=\"font-weight: 400;\">Byt ut knappbatteriet (CR2025) vid behov f\u00f6r l\u00e5ngvarig anv\u00e4ndning.<\/span><\/li>\n<\/ol>\n<h2 style=\"text-align: center;\">\ud83d\udcd0 Produktdetaljer<\/h2>\n<ul>\n<li style=\"font-weight: 400;\"><span style=\"font-weight: 400;\"><strong>Material<\/strong>: ABS-ram<\/span><span style=\"font-weight: 400;\"><br \/>\n<\/span><\/li>\n<li style=\"font-weight: 400;\"><span style=\"font-weight: 400;\"><strong>Sk\u00e4rmstorlek<\/strong>: 8,5 tum LCD<\/span><span style=\"font-weight: 400;\"><br \/>\n<\/span><\/li>\n<li style=\"font-weight: 400;\"><span style=\"font-weight: 400;\"><strong>Produktm\u00e5tt<\/strong>: 22,5 \u00d7 14,5 \u00d7 0,5 cm<\/span><span style=\"font-weight: 400;\"><br \/>\n<\/span><\/li>\n<li style=\"font-weight: 400;\"><span style=\"font-weight: 400;\"><strong>Inmatningstryck<\/strong>: 100-200g<\/span><span style=\"font-weight: 400;\"><br \/>\n<\/span><\/li>\n<li style=\"font-weight: 400;\"><span style=\"font-weight: 400;\"><strong>Reflektion<\/strong>: 25%-30%<\/span><span style=\"font-weight: 400;\"><br \/>\n<\/span><\/li>\n<li style=\"font-weight: 400;\"><span style=\"font-weight: 400;\"><strong>Str\u00f6m<\/strong>: Inbyggt CR2025 knappbatteri (ing\u00e5r)<\/span><span style=\"font-weight: 400;\"><br \/>\n<\/span><\/li>\n<li style=\"font-weight: 400;\"><span style=\"font-weight: 400;\"><strong>Funktioner<\/strong>: Radera med ett klick, l\u00e5ssk\u00e4rm, \u00e5teranv\u00e4ndbar, l\u00e5g str\u00f6mf\u00f6rbrukning<\/span><\/li>\n<li style=\"font-weight: 400;\"><span style=\"font-weight: 400;\"><strong>S\u00e4kerhet<\/strong>: Ingen str\u00e5lning, giftfri, milj\u00f6v\u00e4nlig<\/span><\/li>\n<\/ul>\n<h2 style=\"text-align: center;\">\ud83d\udce6 Paketet Inneh\u00e5ller<\/h2>\n<ul>\n<li style=\"font-weight: 400;\"><span style=\"font-weight: 400;\">1x LCD-ritplatta<\/span><span style=\"font-weight: 400;\"><br \/>\n<\/span><\/li>\n<li style=\"font-weight: 400;\"><span style=\"font-weight: 400;\">1x CR2025-batteri (installerat)<\/span><span style=\"font-weight: 400;\"><br \/>\n<\/span><\/li>\n<li style=\"font-weight: 400;\"><span style=\"font-weight: 400;\">1x styluspenna.<\/span><\/li>\n<\/ul>\n","protected":false},"excerpt":{"rendered":"<p>Rita, skriv, radera &#8211; allt med ett klick p\u00e5 den h\u00e4r l\u00e4tta LCD-ritplattan! LCD-ritplattan \u00e4r det perfekta verktyget f\u00f6r att [&hellip;]<\/p>\n","protected":false},"featured_media":15064,"comment_status":"open","ping_status":"closed","template":"","meta":{"site-sidebar-layout":"default","site-content-layout":"","ast-site-content-layout":"default","site-content-style":"default","site-sidebar-style":"default","ast-global-header-display":"","ast-banner-title-visibility":"","ast-main-header-display":"","ast-hfb-above-header-display":"","ast-hfb-below-header-display":"","ast-hfb-mobile-header-display":"","site-post-title":"","ast-breadcrumbs-content":"","ast-featured-img":"","footer-sml-layout":"","theme-transparent-header-meta":"default","adv-header-id-meta":"","stick-header-meta":"","header-above-stick-meta":"","header-main-stick-meta":"","header-below-stick-meta":"","astra-migrate-meta-layouts":"set","ast-page-background-enabled":"default","ast-page-background-meta":{"desktop":{"background-color":"var(--ast-global-color-4)","background-image":"","background-repeat":"repeat","background-position":"center center","background-size":"auto","background-attachment":"scroll","background-type":"","background-media":"","overlay-type":"","overlay-color":"","overlay-opacity":"","overlay-gradient":""},"tablet":{"background-color":"","background-image":"","background-repeat":"repeat","background-position":"center center","background-size":"auto","background-attachment":"scroll","background-type":"","background-media":"","overlay-type":"","overlay-color":"","overlay-opacity":"","overlay-gradient":""},"mobile":{"background-color":"","background-image":"","background-repeat":"repeat","background-position":"center center","background-size":"auto","background-attachment":"scroll","background-type":"","background-media":"","overlay-type":"","overlay-color":"","overlay-opacity":"","overlay-gradient":""}},"ast-content-background-meta":{"desktop":{"background-color":"var(--ast-global-color-5)","background-image":"","background-repeat":"repeat","background-position":"center center","background-size":"auto","background-attachment":"scroll","background-type":"","background-media":"","overlay-type":"","overlay-color":"","overlay-opacity":"","overlay-gradient":""},"tablet":{"background-color":"var(--ast-global-color-5)","background-image":"","background-repeat":"repeat","background-position":"center center","background-size":"auto","background-attachment":"scroll","background-type":"","background-media":"","overlay-type":"","overlay-color":"","overlay-opacity":"","overlay-gradient":""},"mobile":{"background-color":"var(--ast-global-color-5)","background-image":"","background-repeat":"repeat","background-position":"center center","background-size":"auto","background-attachment":"scroll","background-type":"","background-media":"","overlay-type":"","overlay-color":"","overlay-opacity":"","overlay-gradient":""}}},"product_brand":[],"product_cat":[990],"product_tag":[],"class_list":{"0":"post-15068","1":"product","2":"type-product","3":"status-publish","4":"has-post-thumbnail","6":"product_cat-toys-childrens-and-baby-products","7":"pa_47027_aeo0vz2c-bla","8":"pa_47027_aeo0vz2c-gron","9":"pa_47027_aeo0vz2c-rod","10":"pa_47027_aeo0vz2c-rosa","11":"pa_47027_aeo0vz2c-svart","12":"pa_47027_aeo0vz2c-vit","13":"desktop-align-left","14":"tablet-align-left","15":"mobile-align-left","17":"first","18":"instock","19":"shipping-taxable","20":"purchasable","21":"product-type-variable"},"_links":{"self":[{"href":"https:\/\/keluvo.com\/se\/wp-json\/wp\/v2\/product\/15068","targetHints":{"allow":["GET"]}}],"collection":[{"href":"https:\/\/keluvo.com\/se\/wp-json\/wp\/v2\/product"}],"about":[{"href":"https:\/\/keluvo.com\/se\/wp-json\/wp\/v2\/types\/product"}],"replies":[{"embeddable":true,"href":"https:\/\/keluvo.com\/se\/wp-json\/wp\/v2\/comments?post=15068"}],"wp:featuredmedia":[{"embeddable":true,"href":"https:\/\/keluvo.com\/se\/wp-json\/wp\/v2\/media\/15064"}],"wp:attachment":[{"href":"https:\/\/keluvo.com\/se\/wp-json\/wp\/v2\/media?parent=15068"}],"wp:term":[{"taxonomy":"product_brand","embeddable":true,"href":"https:\/\/keluvo.com\/se\/wp-json\/wp\/v2\/product_brand?post=15068"},{"taxonomy":"product_cat","embeddable":true,"href":"https:\/\/keluvo.com\/se\/wp-json\/wp\/v2\/product_cat?post=15068"},{"taxonomy":"product_tag","embeddable":true,"href":"https:\/\/keluvo.com\/se\/wp-json\/wp\/v2\/product_tag?post=15068"}],"curies":[{"name":"wp","href":"https:\/\/api.w.org\/{rel}","templated":true}]}}