{"id":15033,"date":"2025-07-07T15:42:23","date_gmt":"2025-07-07T13:42:23","guid":{"rendered":"https:\/\/keluvo.com\/se\/product\/ogonbrynspenna\/"},"modified":"2025-07-14T11:08:03","modified_gmt":"2025-07-14T09:08:03","slug":"ogonbrynspenna","status":"publish","type":"product","link":"https:\/\/keluvo.com\/se\/product\/ogonbrynspenna\/","title":{"rendered":"\u00d6gonbrynspenna"},"content":{"rendered":"<p style=\"text-align: center;\"><b>\ud83d\udc84 Vi presenterar 4-punkts \u00f6gonbrynspennan &#8211; ditt enkla s\u00e4tt att f\u00e5 perfekta, naturliga \u00f6gonbryn varje dag! \ud83e\udd0e<\/b><\/p>\n<p style=\"text-align: center;\"><span style=\"font-weight: 400;\">Den h\u00e4r \u00f6gonbrynspennan har en smart design med 4 spetsar som g\u00f6r det enkelt att rita snygga brynh\u00e5r. Den \u00e4r snabb, smidig och h\u00e5ller hela dagen!<\/span><\/p>\n<p><img decoding=\"async\" class=\"size-full wp-image-16736 aligncenter\" src=\"https:\/\/keluvo.com\/template\/wp-content\/uploads\/sites\/5\/2025\/05\/eyebrowpencil-ezgif.com-video-to-webp-converter.webp\" alt=\"\" \/><\/p>\n<h2 style=\"text-align: center;\">Huvudf\u00f6rdelar<\/h2>\n<ul>\n<li style=\"font-weight: 400;\"><b>Naturlig look<\/b><span style=\"font-weight: 400;\"> \u2013 skapar mjuka, fylliga bryn som ser \u00e4kta ut.<\/span><span style=\"font-weight: 400;\"><br \/>\n<\/span><\/li>\n<li style=\"font-weight: 400;\"><b>4-spetsgaffeldesign<\/b><span style=\"font-weight: 400;\"> \u2013 ritar fina linjer som sm\u00e4lter samman med dina riktiga h\u00e5rstr\u00e5n.<\/span><span style=\"font-weight: 400;\"><br \/>\n<\/span><\/li>\n<li style=\"font-weight: 400;\"><b>Kladd- och svettbest\u00e4ndig<\/b><span style=\"font-weight: 400;\"> \u2013 sitter kvar hela dagen, \u00e4ven under tr\u00e4ningspass eller regn.<\/span><span style=\"font-weight: 400;\"><br \/>\n<\/span><\/li>\n<li style=\"font-weight: 400;\"><b>L\u00e4tt att ta bort<\/b><span style=\"font-weight: 400;\"> \u2013 torkas av med sminkborttagning eller reng\u00f6ringsolja.<\/span><\/li>\n<li style=\"font-weight: 400;\"><span style=\"font-weight: 400;\"><b style=\"font-style: inherit;\">Fungerar f\u00f6r alla brynformer<\/b><span style=\"font-weight: 400;\"> \u2013 perfekt f\u00f6r tunna, tjocka, v\u00e4lvda eller raka bryn.<\/span><\/span><\/li>\n<\/ul>\n<p><img decoding=\"async\" class=\"size-full wp-image-16738 aligncenter\" src=\"https:\/\/keluvo.com\/template\/wp-content\/uploads\/sites\/5\/2025\/05\/fd3c597e-954d-4ae3-8bf0-d4d54abbce40.webp\" alt=\"\" \/><\/p>\n<h2 style=\"text-align: center;\">Hur den h\u00e4r produkten hj\u00e4lper dig<b><br \/>\n<\/b><\/h2>\n<p style=\"text-align: center;\"><span style=\"font-weight: 400;\">Den 4-punkts \u00f6gonbrynspennan \u00e4r ditt verktyg f\u00f6r snabba, rena och vackra \u00f6gonbryn.<\/span><\/p>\n<p style=\"text-align: center;\"><span style=\"font-weight: 400;\"> Den \u00e4r perfekt f\u00f6r:<\/span><\/p>\n<ul>\n<li style=\"font-weight: 400;\"><span style=\"font-weight: 400;\">Nyb\u00f6rjare eller proffs som vill ha enkla, kladdfria bryn<\/span><span style=\"font-weight: 400;\"><br \/>\n<\/span><\/li>\n<li style=\"font-weight: 400;\"><span style=\"font-weight: 400;\">H\u00e5ll dina bryn skarpa fr\u00e5n morgon till kv\u00e4ll<\/span><\/li>\n<li style=\"font-weight: 400;\"><span style=\"font-weight: 400;\">Matcha din naturliga h\u00e5rf\u00e4rg med 5 nyanser att v\u00e4lja mellan.<\/span><\/li>\n<\/ul>\n<h2 style=\"text-align: center;\">Paketet inneh\u00e5ller<\/h2>\n<ul>\n<li style=\"font-weight: 400;\"><span style=\"font-weight: 400;\">1, 2, 4\u00d7 4-punkts \u00f6gonbrynspenna.<\/span><\/li>\n<\/ul>\n","protected":false},"excerpt":{"rendered":"<p>\ud83d\udc84 Vi presenterar 4-punkts \u00f6gonbrynspennan &#8211; ditt enkla s\u00e4tt att f\u00e5 perfekta, naturliga \u00f6gonbryn varje dag! \ud83e\udd0e Den h\u00e4r \u00f6gonbrynspennan [&hellip;]<\/p>\n","protected":false},"featured_media":15029,"comment_status":"open","ping_status":"closed","template":"","meta":{"site-sidebar-layout":"default","site-content-layout":"","ast-site-content-layout":"default","site-content-style":"default","site-sidebar-style":"default","ast-global-header-display":"","ast-banner-title-visibility":"","ast-main-header-display":"","ast-hfb-above-header-display":"","ast-hfb-below-header-display":"","ast-hfb-mobile-header-display":"","site-post-title":"","ast-breadcrumbs-content":"","ast-featured-img":"","footer-sml-layout":"","theme-transparent-header-meta":"default","adv-header-id-meta":"","stick-header-meta":"","header-above-stick-meta":"","header-main-stick-meta":"","header-below-stick-meta":"","astra-migrate-meta-layouts":"set","ast-page-background-enabled":"default","ast-page-background-meta":{"desktop":{"background-color":"var(--ast-global-color-4)","background-image":"","background-repeat":"repeat","background-position":"center center","background-size":"auto","background-attachment":"scroll","background-type":"","background-media":"","overlay-type":"","overlay-color":"","overlay-opacity":"","overlay-gradient":""},"tablet":{"background-color":"","background-image":"","background-repeat":"repeat","background-position":"center center","background-size":"auto","background-attachment":"scroll","background-type":"","background-media":"","overlay-type":"","overlay-color":"","overlay-opacity":"","overlay-gradient":""},"mobile":{"background-color":"","background-image":"","background-repeat":"repeat","background-position":"center center","background-size":"auto","background-attachment":"scroll","background-type":"","background-media":"","overlay-type":"","overlay-color":"","overlay-opacity":"","overlay-gradient":""}},"ast-content-background-meta":{"desktop":{"background-color":"var(--ast-global-color-5)","background-image":"","background-repeat":"repeat","background-position":"center center","background-size":"auto","background-attachment":"scroll","background-type":"","background-media":"","overlay-type":"","overlay-color":"","overlay-opacity":"","overlay-gradient":""},"tablet":{"background-color":"var(--ast-global-color-5)","background-image":"","background-repeat":"repeat","background-position":"center center","background-size":"auto","background-attachment":"scroll","background-type":"","background-media":"","overlay-type":"","overlay-color":"","overlay-opacity":"","overlay-gradient":""},"mobile":{"background-color":"var(--ast-global-color-5)","background-image":"","background-repeat":"repeat","background-position":"center center","background-size":"auto","background-attachment":"scroll","background-type":"","background-media":"","overlay-type":"","overlay-color":"","overlay-opacity":"","overlay-gradient":""}}},"product_brand":[],"product_cat":[992],"product_tag":[],"class_list":{"0":"post-15033","1":"product","2":"type-product","3":"status-publish","4":"has-post-thumbnail","6":"product_cat-beauty-and-hygiene-products","7":"pa_22262_m5w57gef-brun","8":"pa_22262_m5w57gef-ljusbrun","9":"pa_22262_m5w57gef-morkbrun","10":"pa_22262_m5w57gef-rodbrun","11":"pa_22262_m5w57gef-svart","12":"pa_22262_xk8834x6-1-st","13":"pa_22262_xk8834x6-2-st","14":"pa_22262_xk8834x6-4-st","15":"desktop-align-left","16":"tablet-align-left","17":"mobile-align-left","19":"first","20":"instock","21":"shipping-taxable","22":"purchasable","23":"product-type-variable","24":"has-default-attributes"},"_links":{"self":[{"href":"https:\/\/keluvo.com\/se\/wp-json\/wp\/v2\/product\/15033","targetHints":{"allow":["GET"]}}],"collection":[{"href":"https:\/\/keluvo.com\/se\/wp-json\/wp\/v2\/product"}],"about":[{"href":"https:\/\/keluvo.com\/se\/wp-json\/wp\/v2\/types\/product"}],"replies":[{"embeddable":true,"href":"https:\/\/keluvo.com\/se\/wp-json\/wp\/v2\/comments?post=15033"}],"wp:featuredmedia":[{"embeddable":true,"href":"https:\/\/keluvo.com\/se\/wp-json\/wp\/v2\/media\/15029"}],"wp:attachment":[{"href":"https:\/\/keluvo.com\/se\/wp-json\/wp\/v2\/media?parent=15033"}],"wp:term":[{"taxonomy":"product_brand","embeddable":true,"href":"https:\/\/keluvo.com\/se\/wp-json\/wp\/v2\/product_brand?post=15033"},{"taxonomy":"product_cat","embeddable":true,"href":"https:\/\/keluvo.com\/se\/wp-json\/wp\/v2\/product_cat?post=15033"},{"taxonomy":"product_tag","embeddable":true,"href":"https:\/\/keluvo.com\/se\/wp-json\/wp\/v2\/product_tag?post=15033"}],"curies":[{"name":"wp","href":"https:\/\/api.w.org\/{rel}","templated":true}]}}