{"id":15006,"date":"2025-07-07T15:24:18","date_gmt":"2025-07-07T13:24:18","guid":{"rendered":"https:\/\/keluvo.com\/se\/product\/grasmatta\/"},"modified":"2025-07-14T11:25:18","modified_gmt":"2025-07-14T09:25:18","slug":"grasmatta","status":"publish","type":"product","link":"https:\/\/keluvo.com\/se\/product\/grasmatta\/","title":{"rendered":"Gr\u00e4smatta"},"content":{"rendered":"<p style=\"text-align: center;\" data-start=\"77\" data-end=\"131\"><strong>\ud83c\udf31 Odla Tjockt, Gr\u00f6nt Gr\u00e4s\u2014Inga Tr\u00e4dg\u00e5rdskunskaper Beh\u00f6vs!<\/strong><\/p>\n<p style=\"text-align: center;\" data-start=\"133\" data-end=\"367\">Denna biologiskt nedbrytbara gr\u00e4sfr\u00f6matta g\u00f6r det snabbt och idiots\u00e4kert att odla vackra gr\u00e4smattor. Rulla bara ut den, vattna den och se hur gr\u00e4set b\u00f6rjar v\u00e4xa p\u00e5 s\u00e5 lite som 2 veckor. Perfekt f\u00f6r kala fl\u00e4ckar, sluttningar eller var du \u00e4n vill ha frodig gr\u00f6nska!<\/p>\n<p data-start=\"133\" data-end=\"367\"><img decoding=\"async\" class=\"size-full wp-image-24550 aligncenter\" src=\"https:\/\/keluvo.com\/template\/wp-content\/uploads\/sites\/5\/2025\/06\/Screenshot_2024-04-08_125303.webp\" alt=\"\" \/><\/p>\n<h2 style=\"text-align: center;\" data-start=\"369\" data-end=\"390\">\ud83c\udf1f Huvudf\u00f6rdelar<\/h2>\n<p data-start=\"393\" data-end=\"443\">\ud83c\udf3f F\u00f6rs\u00e5dd matta odlar gr\u00e4s snabbt och j\u00e4mnt<\/p>\n<p data-start=\"446\" data-end=\"479\">\u23f1\ufe0f Snabba resultat p\u00e5 bara 14 dagar<\/p>\n<p data-start=\"482\" data-end=\"544\">\ud83c\udf27\ufe0f Beh\u00e5ller fukt och skyddar fr\u00f6n fr\u00e5n vind &amp; bortspolning<\/p>\n<p data-start=\"547\" data-end=\"576\">\ud83d\udeab Hj\u00e4lper till att minska ogr\u00e4stillv\u00e4xten<\/p>\n<p data-start=\"579\" data-end=\"631\">\ud83c\udf0e 100% biologiskt nedbrytbar och s\u00e4ker f\u00f6r milj\u00f6n<\/p>\n<h2 style=\"text-align: center;\" data-start=\"633\" data-end=\"650\">\u2705 Hur Man Anv\u00e4nder<\/h2>\n<ol data-start=\"651\" data-end=\"797\">\n<li data-start=\"651\" data-end=\"699\">\n<p data-start=\"654\" data-end=\"699\">Rulla ut mattan p\u00e5 \u00f6nskat jordomr\u00e5de.<\/p>\n<\/li>\n<li data-start=\"700\" data-end=\"745\">\n<p data-start=\"703\" data-end=\"745\">Vattna ordentligt och h\u00e5ll mattan fuktig.<\/p>\n<\/li>\n<li data-start=\"746\" data-end=\"797\">\n<p data-start=\"749\" data-end=\"797\">Se din nya gr\u00e4smatta b\u00f6rja v\u00e4xa inom n\u00e5gra dagar!<\/p>\n<\/li>\n<\/ol>\n<h2 style=\"text-align: center;\" data-start=\"799\" data-end=\"822\">\ud83d\udce6 Produktdetaljer<\/h2>\n<ul data-start=\"823\" data-end=\"933\">\n<li data-start=\"843\" data-end=\"892\">\n<p data-start=\"845\" data-end=\"892\">Inkluderar gr\u00e4sfr\u00f6 och g\u00f6dningsmedel i mattan<\/p>\n<\/li>\n<li data-start=\"893\" data-end=\"933\">\n<p data-start=\"895\" data-end=\"933\">Ekov\u00e4nlig, s\u00e4ker f\u00f6r husdjur och barn<\/p>\n<\/li>\n<\/ul>\n<h2 style=\"text-align: center;\" data-start=\"935\" data-end=\"959\">\ud83d\udcec Paketet Inneh\u00e5ller<\/h2>\n<ul data-start=\"960\" data-end=\"995\">\n<li data-start=\"960\" data-end=\"995\">\n<p data-start=\"962\" data-end=\"995\">1x biologiskt nedbrytbar gr\u00e4sfr\u00f6matta.<\/p>\n<\/li>\n<\/ul>\n","protected":false},"excerpt":{"rendered":"<p>\ud83c\udf31 Odla Tjockt, Gr\u00f6nt Gr\u00e4s\u2014Inga Tr\u00e4dg\u00e5rdskunskaper Beh\u00f6vs! Denna biologiskt nedbrytbara gr\u00e4sfr\u00f6matta g\u00f6r det snabbt och idiots\u00e4kert att odla vackra gr\u00e4smattor. [&hellip;]<\/p>\n","protected":false},"featured_media":15002,"comment_status":"open","ping_status":"closed","template":"","meta":{"site-sidebar-layout":"default","site-content-layout":"","ast-site-content-layout":"default","site-content-style":"default","site-sidebar-style":"default","ast-global-header-display":"","ast-banner-title-visibility":"","ast-main-header-display":"","ast-hfb-above-header-display":"","ast-hfb-below-header-display":"","ast-hfb-mobile-header-display":"","site-post-title":"","ast-breadcrumbs-content":"","ast-featured-img":"","footer-sml-layout":"","theme-transparent-header-meta":"default","adv-header-id-meta":"","stick-header-meta":"","header-above-stick-meta":"","header-main-stick-meta":"","header-below-stick-meta":"","astra-migrate-meta-layouts":"set","ast-page-background-enabled":"default","ast-page-background-meta":{"desktop":{"background-color":"var(--ast-global-color-4)","background-image":"","background-repeat":"repeat","background-position":"center center","background-size":"auto","background-attachment":"scroll","background-type":"","background-media":"","overlay-type":"","overlay-color":"","overlay-opacity":"","overlay-gradient":""},"tablet":{"background-color":"","background-image":"","background-repeat":"repeat","background-position":"center center","background-size":"auto","background-attachment":"scroll","background-type":"","background-media":"","overlay-type":"","overlay-color":"","overlay-opacity":"","overlay-gradient":""},"mobile":{"background-color":"","background-image":"","background-repeat":"repeat","background-position":"center center","background-size":"auto","background-attachment":"scroll","background-type":"","background-media":"","overlay-type":"","overlay-color":"","overlay-opacity":"","overlay-gradient":""}},"ast-content-background-meta":{"desktop":{"background-color":"var(--ast-global-color-5)","background-image":"","background-repeat":"repeat","background-position":"center center","background-size":"auto","background-attachment":"scroll","background-type":"","background-media":"","overlay-type":"","overlay-color":"","overlay-opacity":"","overlay-gradient":""},"tablet":{"background-color":"var(--ast-global-color-5)","background-image":"","background-repeat":"repeat","background-position":"center center","background-size":"auto","background-attachment":"scroll","background-type":"","background-media":"","overlay-type":"","overlay-color":"","overlay-opacity":"","overlay-gradient":""},"mobile":{"background-color":"var(--ast-global-color-5)","background-image":"","background-repeat":"repeat","background-position":"center center","background-size":"auto","background-attachment":"scroll","background-type":"","background-media":"","overlay-type":"","overlay-color":"","overlay-opacity":"","overlay-gradient":""}}},"product_brand":[],"product_cat":[1001,996],"product_tag":[],"class_list":{"0":"post-15006","1":"product","2":"type-product","3":"status-publish","4":"has-post-thumbnail","6":"product_cat-household-goods","7":"product_cat-tools","8":"pa_41635_fmnczlej-1-m","9":"pa_41635_fmnczlej-2-m","10":"pa_41635_fmnczlej-3-m","11":"pa_41635_fmnczlej-10-m","12":"desktop-align-left","13":"tablet-align-left","14":"mobile-align-left","16":"first","17":"instock","18":"shipping-taxable","19":"purchasable","20":"product-type-variable"},"_links":{"self":[{"href":"https:\/\/keluvo.com\/se\/wp-json\/wp\/v2\/product\/15006","targetHints":{"allow":["GET"]}}],"collection":[{"href":"https:\/\/keluvo.com\/se\/wp-json\/wp\/v2\/product"}],"about":[{"href":"https:\/\/keluvo.com\/se\/wp-json\/wp\/v2\/types\/product"}],"replies":[{"embeddable":true,"href":"https:\/\/keluvo.com\/se\/wp-json\/wp\/v2\/comments?post=15006"}],"wp:featuredmedia":[{"embeddable":true,"href":"https:\/\/keluvo.com\/se\/wp-json\/wp\/v2\/media\/15002"}],"wp:attachment":[{"href":"https:\/\/keluvo.com\/se\/wp-json\/wp\/v2\/media?parent=15006"}],"wp:term":[{"taxonomy":"product_brand","embeddable":true,"href":"https:\/\/keluvo.com\/se\/wp-json\/wp\/v2\/product_brand?post=15006"},{"taxonomy":"product_cat","embeddable":true,"href":"https:\/\/keluvo.com\/se\/wp-json\/wp\/v2\/product_cat?post=15006"},{"taxonomy":"product_tag","embeddable":true,"href":"https:\/\/keluvo.com\/se\/wp-json\/wp\/v2\/product_tag?post=15006"}],"curies":[{"name":"wp","href":"https:\/\/api.w.org\/{rel}","templated":true}]}}