{"id":14631,"date":"2025-06-26T18:00:03","date_gmt":"2025-06-26T16:00:03","guid":{"rendered":"https:\/\/keluvo.com\/se\/product\/gladiator-sandaler\/"},"modified":"2025-06-26T18:02:15","modified_gmt":"2025-06-26T16:02:15","slug":"gladiator-sandaler","status":"publish","type":"product","link":"https:\/\/keluvo.com\/se\/product\/gladiator-sandaler\/","title":{"rendered":"Gladiator-sandaler"},"content":{"rendered":"<p data-start=\"70\" data-end=\"243\"><img decoding=\"async\" class=\"size-full wp-image-25322 aligncenter\" src=\"https:\/\/keluvo.com\/template\/wp-content\/uploads\/sites\/5\/2025\/06\/Screenshot_3-1.png\" alt=\"\" \/><\/p>\n<p style=\"text-align: center;\" data-start=\"70\" data-end=\"243\"><strong>G\u00e5 in i komfort och stil den h\u00e4r sommaren \u2600\ufe0f<\/strong><br data-start=\"112\" data-end=\"115\" \/>Dessa gladiatorsandaler \u00e4r perfekta f\u00f6r soliga dagar, avslappnade promenader och snygga outfits som beh\u00f6ver lite extra kant. Med en ovandel i mjukt konstl\u00e4der och en tjock sula f\u00f6r komfort hela dagen kombinerar adelina-sandalerna mode med funktionalitet. Oavsett om du vill ha en dj\u00e4rv eller neutral look g\u00f6r de m\u00e5nga f\u00e4rgalternativen dem l\u00e4tta att matcha med allt i din garderob.<\/p>\n<p data-start=\"70\" data-end=\"243\"><img decoding=\"async\" class=\"size-full wp-image-25361 aligncenter\" src=\"https:\/\/keluvo.com\/template\/wp-content\/uploads\/sites\/5\/2025\/06\/378a53dd74a331aaec0a2a4a33028147-1.webp\" alt=\"\" \/><\/p>\n<h2 style=\"text-align: center;\" data-start=\"508\" data-end=\"530\"><strong>Huvudf\u00f6rdelar<\/strong><\/h2>\n<p data-start=\"533\" data-end=\"578\">\ud83e\uddb6 Tjock, st\u00f6djande sula f\u00f6r extra komfort<\/p>\n<p data-start=\"581\" data-end=\"626\">\ud83d\udd17 Justerbart sp\u00e4nne f\u00f6r en s\u00e4ker passform<\/p>\n<p data-start=\"629\" data-end=\"678\">\ud83c\udfa8 Finns i svart, vitt, beige och orange<\/p>\n<p data-start=\"681\" data-end=\"722\">\ud83d\udca8 Design med \u00f6ppen t\u00e5 h\u00e5ller f\u00f6tterna svala<\/p>\n<p data-start=\"725\" data-end=\"766\">\ud83d\udc63 L\u00e4tt och enkel att b\u00e4ra hela dagen<\/p>\n<h2 style=\"text-align: center;\" data-start=\"768\" data-end=\"788\"><strong>Hur man anv\u00e4nder<\/strong><\/h2>\n<ol data-start=\"789\" data-end=\"930\">\n<li data-start=\"789\" data-end=\"825\">\n<p data-start=\"792\" data-end=\"825\">Glid in foten i sandalen<\/p>\n<\/li>\n<li data-start=\"826\" data-end=\"876\">\n<p data-start=\"829\" data-end=\"876\">Justera sp\u00e4nnet till \u00f6nskad \u00e5tdragning<\/p>\n<\/li>\n<li data-start=\"877\" data-end=\"930\">\n<p data-start=\"880\" data-end=\"930\">G\u00e5 tryggt och bekv\u00e4mt vart du \u00e4n g\u00e5r<\/p>\n<\/li>\n<\/ol>\n<h2 style=\"text-align: center;\" data-start=\"932\" data-end=\"957\"><strong>Produktdetaljer<\/strong><\/h2>\n<ul data-start=\"958\" data-end=\"1098\">\n<li data-start=\"958\" data-end=\"989\">\n<p data-start=\"960\" data-end=\"989\">Material: konstl\u00e4der (PU)<\/p>\n<\/li>\n<li data-start=\"990\" data-end=\"1011\">\n<p data-start=\"992\" data-end=\"1011\">Klackh\u00f6jd: 2 cm<\/p>\n<\/li>\n<li data-start=\"1012\" data-end=\"1041\">\n<p data-start=\"1014\" data-end=\"1041\">St\u00e4ngning: sp\u00e4nne<\/p>\n<\/li>\n<li data-start=\"1082\" data-end=\"1098\">\n<p data-start=\"1084\" data-end=\"1098\">Storlekar: 36-43<\/p>\n<\/li>\n<\/ul>\n<h2 style=\"text-align: center;\" data-start=\"1100\" data-end=\"1126\"><strong>F\u00f6rpackningen inneh\u00e5ller<\/strong><\/h2>\n<ul data-start=\"1127\" data-end=\"1173\">\n<li data-start=\"1127\" data-end=\"1173\">\n<p data-start=\"1129\" data-end=\"1173\">1 par gladiatorsandaler.<\/p>\n<\/li>\n<\/ul>\n","protected":false},"excerpt":{"rendered":"<p>G\u00e5 in i komfort och stil den h\u00e4r sommaren \u2600\ufe0fDessa gladiatorsandaler \u00e4r perfekta f\u00f6r soliga dagar, avslappnade promenader och snygga [&hellip;]<\/p>\n","protected":false},"featured_media":14627,"comment_status":"open","ping_status":"closed","template":"","meta":{"site-sidebar-layout":"default","site-content-layout":"","ast-site-content-layout":"default","site-content-style":"default","site-sidebar-style":"default","ast-global-header-display":"","ast-banner-title-visibility":"","ast-main-header-display":"","ast-hfb-above-header-display":"","ast-hfb-below-header-display":"","ast-hfb-mobile-header-display":"","site-post-title":"","ast-breadcrumbs-content":"","ast-featured-img":"","footer-sml-layout":"","theme-transparent-header-meta":"default","adv-header-id-meta":"","stick-header-meta":"","header-above-stick-meta":"","header-main-stick-meta":"","header-below-stick-meta":"","astra-migrate-meta-layouts":"set","ast-page-background-enabled":"default","ast-page-background-meta":{"desktop":{"background-color":"var(--ast-global-color-4)","background-image":"","background-repeat":"repeat","background-position":"center center","background-size":"auto","background-attachment":"scroll","background-type":"","background-media":"","overlay-type":"","overlay-color":"","overlay-opacity":"","overlay-gradient":""},"tablet":{"background-color":"","background-image":"","background-repeat":"repeat","background-position":"center center","background-size":"auto","background-attachment":"scroll","background-type":"","background-media":"","overlay-type":"","overlay-color":"","overlay-opacity":"","overlay-gradient":""},"mobile":{"background-color":"","background-image":"","background-repeat":"repeat","background-position":"center center","background-size":"auto","background-attachment":"scroll","background-type":"","background-media":"","overlay-type":"","overlay-color":"","overlay-opacity":"","overlay-gradient":""}},"ast-content-background-meta":{"desktop":{"background-color":"var(--ast-global-color-5)","background-image":"","background-repeat":"repeat","background-position":"center center","background-size":"auto","background-attachment":"scroll","background-type":"","background-media":"","overlay-type":"","overlay-color":"","overlay-opacity":"","overlay-gradient":""},"tablet":{"background-color":"var(--ast-global-color-5)","background-image":"","background-repeat":"repeat","background-position":"center center","background-size":"auto","background-attachment":"scroll","background-type":"","background-media":"","overlay-type":"","overlay-color":"","overlay-opacity":"","overlay-gradient":""},"mobile":{"background-color":"var(--ast-global-color-5)","background-image":"","background-repeat":"repeat","background-position":"center center","background-size":"auto","background-attachment":"scroll","background-type":"","background-media":"","overlay-type":"","overlay-color":"","overlay-opacity":"","overlay-gradient":""}}},"product_brand":[],"product_cat":[993],"product_tag":[],"class_list":{"0":"post-14631","1":"product","2":"type-product","3":"status-publish","4":"has-post-thumbnail","6":"product_cat-footwear-accessories","7":"pa_48231_f5pl51tc-2552","8":"pa_48231_f5pl51tc-2553","9":"pa_48231_f5pl51tc-2554","10":"pa_48231_f5pl51tc-2555","11":"pa_48231_f5pl51tc-2556","12":"pa_48231_f5pl51tc-2557","13":"pa_48231_f5pl51tc-2558","14":"pa_48231_f5pl51tc-2559","15":"pa_48231_wgustu5n-beige","16":"pa_48231_wgustu5n-orange","17":"pa_48231_wgustu5n-svart","18":"pa_48231_wgustu5n-vit","19":"desktop-align-left","20":"tablet-align-left","21":"mobile-align-left","23":"first","24":"instock","25":"shipping-taxable","26":"purchasable","27":"product-type-variable","28":"has-default-attributes"},"_links":{"self":[{"href":"https:\/\/keluvo.com\/se\/wp-json\/wp\/v2\/product\/14631","targetHints":{"allow":["GET"]}}],"collection":[{"href":"https:\/\/keluvo.com\/se\/wp-json\/wp\/v2\/product"}],"about":[{"href":"https:\/\/keluvo.com\/se\/wp-json\/wp\/v2\/types\/product"}],"replies":[{"embeddable":true,"href":"https:\/\/keluvo.com\/se\/wp-json\/wp\/v2\/comments?post=14631"}],"wp:featuredmedia":[{"embeddable":true,"href":"https:\/\/keluvo.com\/se\/wp-json\/wp\/v2\/media\/14627"}],"wp:attachment":[{"href":"https:\/\/keluvo.com\/se\/wp-json\/wp\/v2\/media?parent=14631"}],"wp:term":[{"taxonomy":"product_brand","embeddable":true,"href":"https:\/\/keluvo.com\/se\/wp-json\/wp\/v2\/product_brand?post=14631"},{"taxonomy":"product_cat","embeddable":true,"href":"https:\/\/keluvo.com\/se\/wp-json\/wp\/v2\/product_cat?post=14631"},{"taxonomy":"product_tag","embeddable":true,"href":"https:\/\/keluvo.com\/se\/wp-json\/wp\/v2\/product_tag?post=14631"}],"curies":[{"name":"wp","href":"https:\/\/api.w.org\/{rel}","templated":true}]}}