{"id":14585,"date":"2025-06-26T17:39:30","date_gmt":"2025-06-26T15:39:30","guid":{"rendered":"https:\/\/keluvo.com\/se\/product\/bradley-lorenzo-loafers\/"},"modified":"2025-06-26T17:40:09","modified_gmt":"2025-06-26T15:40:09","slug":"bradley-lorenzo-loafers","status":"publish","type":"product","link":"https:\/\/keluvo.com\/se\/product\/bradley-lorenzo-loafers\/","title":{"rendered":"Bradley Lorenzo loafers"},"content":{"rendered":"<p data-start=\"123\" data-end=\"259\"><img decoding=\"async\" class=\"size-full wp-image-25297 aligncenter\" src=\"https:\/\/keluvo.com\/template\/wp-content\/uploads\/sites\/5\/2025\/06\/Screenshot_2-1.png\" alt=\"\" \/><\/p>\n<p style=\"text-align: center\" data-start=\"123\" data-end=\"259\"><strong data-start=\"123\" data-end=\"156\">Snygg. Smart. Enkelt. \ud83d\udc5e\u2728<\/strong><br data-start=\"156\" data-end=\"159\" \/>Elevitera varje steg med Bradley Lorenzo loafers &#8211; d\u00e4r tidl\u00f6s design m\u00f6ter vardagskomfort.<img decoding=\"async\" class=\"size-full wp-image-25296 aligncenter\" src=\"https:\/\/keluvo.com\/template\/wp-content\/uploads\/sites\/5\/2025\/06\/ENSTdh9ItWgcKfspHcQg.jpeg\" alt=\"\" \/><\/p>\n<h2 style=\"text-align: center\" data-start=\"266\" data-end=\"291\">\ud83d\udc5fVarf\u00f6r Du Kommer Att \u00c4lska Dem<\/h2>\n<p data-start=\"294\" data-end=\"356\">\ud83d\udc5f <strong>Slip-On<\/strong> &#8211; Inga sn\u00f6ren, inget kr\u00e5ngel &#8211; bara glida i och g\u00e5<\/p>\n<p data-start=\"359\" data-end=\"420\">\ud83e\ude99 <strong>Elegant Metalldetalj<\/strong> &#8211; Ger en subtil, raffinerad touch<\/p>\n<p data-start=\"423\" data-end=\"474\">\ud83d\udca8 <strong>Ultral\u00e4tt Sula<\/strong> &#8211; K\u00e4nns som att g\u00e5 p\u00e5 luft<\/p>\n<p data-start=\"477\" data-end=\"532\">\ud83c\udfaf <strong>Skr\u00e4ddarsydd Passform<\/strong> &#8211; Designad f\u00f6r noll tryckpunkter<\/p>\n<p data-start=\"535\" data-end=\"585\">\ud83c\udf0d <strong>Importerad &amp; Premium Build<\/strong> &#8211; Style that lasts<\/p>\n<h3 style=\"text-align: center\" data-start=\"592\" data-end=\"823\"><strong data-start=\"592\" data-end=\"628\">Modern Stil, Klassiskt Sj\u00e4lvf\u00f6rtroende<\/strong><\/h3>\n<p style=\"text-align: center\" data-start=\"592\" data-end=\"823\">Fr\u00e5n avslappnade dagar till middagskv\u00e4llar, dessa loafers g\u00f6r att du ser snygg ut utan att offra komforten. Oavsett om du kl\u00e4r upp jeans eller f\u00f6rfinar din formella look &#8211; det h\u00e4r \u00e4r dina go-to skor.<\/p>\n","protected":false},"excerpt":{"rendered":"<p>Snygg. Smart. Enkelt. \ud83d\udc5e\u2728Elevitera varje steg med Bradley Lorenzo loafers &#8211; d\u00e4r tidl\u00f6s design m\u00f6ter vardagskomfort. \ud83d\udc5fVarf\u00f6r Du Kommer Att [&hellip;]<\/p>\n","protected":false},"featured_media":14581,"comment_status":"open","ping_status":"closed","template":"","meta":{"site-sidebar-layout":"default","site-content-layout":"","ast-site-content-layout":"default","site-content-style":"default","site-sidebar-style":"default","ast-global-header-display":"","ast-banner-title-visibility":"","ast-main-header-display":"","ast-hfb-above-header-display":"","ast-hfb-below-header-display":"","ast-hfb-mobile-header-display":"","site-post-title":"","ast-breadcrumbs-content":"","ast-featured-img":"","footer-sml-layout":"","theme-transparent-header-meta":"default","adv-header-id-meta":"","stick-header-meta":"","header-above-stick-meta":"","header-main-stick-meta":"","header-below-stick-meta":"","astra-migrate-meta-layouts":"set","ast-page-background-enabled":"default","ast-page-background-meta":{"desktop":{"background-color":"var(--ast-global-color-4)","background-image":"","background-repeat":"repeat","background-position":"center center","background-size":"auto","background-attachment":"scroll","background-type":"","background-media":"","overlay-type":"","overlay-color":"","overlay-opacity":"","overlay-gradient":""},"tablet":{"background-color":"","background-image":"","background-repeat":"repeat","background-position":"center center","background-size":"auto","background-attachment":"scroll","background-type":"","background-media":"","overlay-type":"","overlay-color":"","overlay-opacity":"","overlay-gradient":""},"mobile":{"background-color":"","background-image":"","background-repeat":"repeat","background-position":"center center","background-size":"auto","background-attachment":"scroll","background-type":"","background-media":"","overlay-type":"","overlay-color":"","overlay-opacity":"","overlay-gradient":""}},"ast-content-background-meta":{"desktop":{"background-color":"var(--ast-global-color-5)","background-image":"","background-repeat":"repeat","background-position":"center center","background-size":"auto","background-attachment":"scroll","background-type":"","background-media":"","overlay-type":"","overlay-color":"","overlay-opacity":"","overlay-gradient":""},"tablet":{"background-color":"var(--ast-global-color-5)","background-image":"","background-repeat":"repeat","background-position":"center center","background-size":"auto","background-attachment":"scroll","background-type":"","background-media":"","overlay-type":"","overlay-color":"","overlay-opacity":"","overlay-gradient":""},"mobile":{"background-color":"var(--ast-global-color-5)","background-image":"","background-repeat":"repeat","background-position":"center center","background-size":"auto","background-attachment":"scroll","background-type":"","background-media":"","overlay-type":"","overlay-color":"","overlay-opacity":"","overlay-gradient":""}}},"product_brand":[],"product_cat":[993],"product_tag":[],"class_list":{"0":"post-14585","1":"product","2":"type-product","3":"status-publish","4":"has-post-thumbnail","6":"product_cat-footwear-accessories","7":"pa_48230_lfcgheoe-2538","8":"pa_48230_lfcgheoe-2539","9":"pa_48230_lfcgheoe-2540","10":"pa_48230_lfcgheoe-2541","11":"pa_48230_lfcgheoe-2542","12":"pa_48230_lfcgheoe-2543","13":"pa_48230_lfcgheoe-2544","14":"pa_48230_lfcgheoe-2545","15":"pa_48230_lfcgheoe-2546","16":"pa_48230_lfcgheoe-46-47","17":"pa_48230_u4h8r3qw-bla","18":"pa_48230_u4h8r3qw-vit","19":"desktop-align-left","20":"tablet-align-left","21":"mobile-align-left","23":"first","24":"instock","25":"shipping-taxable","26":"purchasable","27":"product-type-variable","28":"has-default-attributes"},"_links":{"self":[{"href":"https:\/\/keluvo.com\/se\/wp-json\/wp\/v2\/product\/14585","targetHints":{"allow":["GET"]}}],"collection":[{"href":"https:\/\/keluvo.com\/se\/wp-json\/wp\/v2\/product"}],"about":[{"href":"https:\/\/keluvo.com\/se\/wp-json\/wp\/v2\/types\/product"}],"replies":[{"embeddable":true,"href":"https:\/\/keluvo.com\/se\/wp-json\/wp\/v2\/comments?post=14585"}],"wp:featuredmedia":[{"embeddable":true,"href":"https:\/\/keluvo.com\/se\/wp-json\/wp\/v2\/media\/14581"}],"wp:attachment":[{"href":"https:\/\/keluvo.com\/se\/wp-json\/wp\/v2\/media?parent=14585"}],"wp:term":[{"taxonomy":"product_brand","embeddable":true,"href":"https:\/\/keluvo.com\/se\/wp-json\/wp\/v2\/product_brand?post=14585"},{"taxonomy":"product_cat","embeddable":true,"href":"https:\/\/keluvo.com\/se\/wp-json\/wp\/v2\/product_cat?post=14585"},{"taxonomy":"product_tag","embeddable":true,"href":"https:\/\/keluvo.com\/se\/wp-json\/wp\/v2\/product_tag?post=14585"}],"curies":[{"name":"wp","href":"https:\/\/api.w.org\/{rel}","templated":true}]}}