{"id":14497,"date":"2025-06-26T16:27:54","date_gmt":"2025-06-26T14:27:54","guid":{"rendered":"https:\/\/keluvo.com\/se\/product\/shorts-med-magkontroll-for-kvinnor\/"},"modified":"2025-06-26T16:30:34","modified_gmt":"2025-06-26T14:30:34","slug":"shorts-med-magkontroll-for-kvinnor","status":"publish","type":"product","link":"https:\/\/keluvo.com\/se\/product\/shorts-med-magkontroll-for-kvinnor\/","title":{"rendered":"Shorts med magkontroll f\u00f6r kvinnor"},"content":{"rendered":"<p data-start=\"113\" data-end=\"294\"><img decoding=\"async\" class=\"size-full wp-image-25217 aligncenter\" src=\"https:\/\/keluvo.com\/template\/wp-content\/uploads\/sites\/5\/2025\/06\/Screenshot_1-1.png\" alt=\"\" \/><\/p>\n<p style=\"text-align: center;\" data-start=\"113\" data-end=\"294\"><strong data-start=\"113\" data-end=\"148\">Smidigt. Snatched. Sj\u00e4lvf\u00f6rtroende. \ud83d\udc57<\/strong><br data-start=\"148\" data-end=\"151\" \/>De h\u00e4r <span data-sheets-root=\"1\">magkontrollshortsen f\u00f6r kvinnor<\/span> skulpterar din midja, plattar till magen och sl\u00e4tar ut l\u00e5ren &#8211; allt medan de \u00e4r bekv\u00e4ma och osynliga under kl\u00e4derna.<\/p>\n<p data-start=\"113\" data-end=\"294\"><img decoding=\"async\" class=\"size-full wp-image-25216 aligncenter\" src=\"https:\/\/keluvo.com\/template\/wp-content\/uploads\/sites\/5\/2025\/06\/pf-ef2f8a07-301large-1.webp\" alt=\"\" \/><\/p>\n<h2 style=\"text-align: center;\" data-start=\"301\" data-end=\"330\">Varf\u00f6r Du Kommer Att \u00c4lska Dem \ud83d\udc96<\/h2>\n<p data-start=\"333\" data-end=\"377\">\u2728 Plattar omedelbart ut magen och slimmar midjan<\/p>\n<p data-start=\"380\" data-end=\"422\">\ud83c\udf51 Lyfter och formar rumpan naturligt<\/p>\n<p data-start=\"425\" data-end=\"472\">\ud83e\udd2b S\u00f6ml\u00f6s design som f\u00f6rblir dold under clothes<\/p>\n<p data-start=\"475\" data-end=\"533\">\ud83e\uddd8\u200d\u2640\ufe0f Mjuka, stretchiga, och andas f\u00f6r komfort hela dagen<\/p>\n<p data-start=\"536\" data-end=\"593\">\ud83d\udc83 Perfekt under kl\u00e4nningar, kjolar, jeans eller tajta kl\u00e4der<\/p>\n<p data-start=\"536\" data-end=\"593\"><img decoding=\"async\" class=\"size-full wp-image-25215 aligncenter\" src=\"https:\/\/keluvo.com\/template\/wp-content\/uploads\/sites\/5\/2025\/06\/GIF.webp\" alt=\"\" \/><\/p>\n<h2 style=\"text-align: center;\" data-start=\"600\" data-end=\"620\">Hur Man B\u00e4r \ud83d\udc59<\/h2>\n<ol data-start=\"621\" data-end=\"767\">\n<li data-start=\"621\" data-end=\"664\">\n<p data-start=\"624\" data-end=\"664\">Steppa in och dra upp till din h\u00f6ga midja<\/p>\n<\/li>\n<li data-start=\"665\" data-end=\"713\">\n<p data-start=\"668\" data-end=\"713\">Justera det \u00f6vre bandet f\u00f6r en \u00e5tsittande, halkfri passform<\/p>\n<\/li>\n<li data-start=\"714\" data-end=\"767\">\n<p data-start=\"717\" data-end=\"767\">B\u00e4r under alla kl\u00e4der och njut av omedelbar utj\u00e4mning!<\/p>\n<\/li>\n<\/ol>\n<h2 style=\"text-align: center;\" data-start=\"774\" data-end=\"798\">Produktdetaljer \ud83d\udccf<\/h2>\n<ul data-start=\"799\" data-end=\"1033\">\n<li data-start=\"799\" data-end=\"834\">\n<p data-start=\"801\" data-end=\"834\"><strong>Material<\/strong>: Nylon + spandexblandning<\/p>\n<\/li>\n<li data-start=\"874\" data-end=\"923\">\n<p data-start=\"876\" data-end=\"923\"><strong>Storlekar<\/strong>: XS\/S &#8211; 6XL (se tabell f\u00f6r perfekt passform)<\/p>\n<\/li>\n<li data-start=\"924\" data-end=\"981\">\n<p data-start=\"926\" data-end=\"981\">Kompressionszoner i midja och h\u00f6ft f\u00f6r formning av hela kroppen<\/p>\n<\/li>\n<li data-start=\"982\" data-end=\"1033\">\n<p data-start=\"984\" data-end=\"1033\">Stretchiga benband f\u00f6r att f\u00f6rhindra rullning eller kl\u00e4mning<\/p>\n<\/li>\n<\/ul>\n<h2 style=\"text-align: center;\" data-start=\"1040\" data-end=\"1065\">Paketet Inneh\u00e5ller \ud83d\udce6<\/h2>\n<ul data-start=\"1066\" data-end=\"1099\">\n<li data-start=\"1066\" data-end=\"1099\">\n<p data-start=\"1068\" data-end=\"1099\">1x magkontrollshorts f\u00f6r kvinnor.<\/p>\n<\/li>\n<\/ul>\n","protected":false},"excerpt":{"rendered":"<p>Smidigt. Snatched. Sj\u00e4lvf\u00f6rtroende. \ud83d\udc57De h\u00e4r magkontrollshortsen f\u00f6r kvinnor skulpterar din midja, plattar till magen och sl\u00e4tar ut l\u00e5ren &#8211; allt [&hellip;]<\/p>\n","protected":false},"featured_media":14493,"comment_status":"open","ping_status":"closed","template":"","meta":{"site-sidebar-layout":"default","site-content-layout":"","ast-site-content-layout":"default","site-content-style":"default","site-sidebar-style":"default","ast-global-header-display":"","ast-banner-title-visibility":"","ast-main-header-display":"","ast-hfb-above-header-display":"","ast-hfb-below-header-display":"","ast-hfb-mobile-header-display":"","site-post-title":"","ast-breadcrumbs-content":"","ast-featured-img":"","footer-sml-layout":"","theme-transparent-header-meta":"default","adv-header-id-meta":"","stick-header-meta":"","header-above-stick-meta":"","header-main-stick-meta":"","header-below-stick-meta":"","astra-migrate-meta-layouts":"set","ast-page-background-enabled":"default","ast-page-background-meta":{"desktop":{"background-color":"var(--ast-global-color-4)","background-image":"","background-repeat":"repeat","background-position":"center center","background-size":"auto","background-attachment":"scroll","background-type":"","background-media":"","overlay-type":"","overlay-color":"","overlay-opacity":"","overlay-gradient":""},"tablet":{"background-color":"","background-image":"","background-repeat":"repeat","background-position":"center center","background-size":"auto","background-attachment":"scroll","background-type":"","background-media":"","overlay-type":"","overlay-color":"","overlay-opacity":"","overlay-gradient":""},"mobile":{"background-color":"","background-image":"","background-repeat":"repeat","background-position":"center center","background-size":"auto","background-attachment":"scroll","background-type":"","background-media":"","overlay-type":"","overlay-color":"","overlay-opacity":"","overlay-gradient":""}},"ast-content-background-meta":{"desktop":{"background-color":"var(--ast-global-color-5)","background-image":"","background-repeat":"repeat","background-position":"center center","background-size":"auto","background-attachment":"scroll","background-type":"","background-media":"","overlay-type":"","overlay-color":"","overlay-opacity":"","overlay-gradient":""},"tablet":{"background-color":"var(--ast-global-color-5)","background-image":"","background-repeat":"repeat","background-position":"center center","background-size":"auto","background-attachment":"scroll","background-type":"","background-media":"","overlay-type":"","overlay-color":"","overlay-opacity":"","overlay-gradient":""},"mobile":{"background-color":"var(--ast-global-color-5)","background-image":"","background-repeat":"repeat","background-position":"center center","background-size":"auto","background-attachment":"scroll","background-type":"","background-media":"","overlay-type":"","overlay-color":"","overlay-opacity":"","overlay-gradient":""}}},"product_brand":[],"product_cat":[994],"product_tag":[],"class_list":{"0":"post-14497","1":"product","2":"type-product","3":"status-publish","4":"has-post-thumbnail","6":"product_cat-clothing-for-women","7":"pa_48227_b2tuafnu-beige","8":"pa_48227_b2tuafnu-gra","9":"pa_48227_b2tuafnu-kaffe","10":"pa_48227_b2tuafnu-rod","11":"pa_48227_b2tuafnu-svart","12":"pa_48227_bvm5dxbs-xs-s","13":"pa_48227_bvm5dxbs-m-l","14":"pa_48227_bvm5dxbs-xl-2xl","15":"pa_48227_bvm5dxbs-3xl","16":"pa_48227_bvm5dxbs-4xl","17":"pa_48227_bvm5dxbs-5xl","18":"pa_48227_bvm5dxbs-6xl","19":"desktop-align-left","20":"tablet-align-left","21":"mobile-align-left","23":"first","24":"instock","25":"shipping-taxable","26":"purchasable","27":"product-type-variable","28":"has-default-attributes"},"_links":{"self":[{"href":"https:\/\/keluvo.com\/se\/wp-json\/wp\/v2\/product\/14497","targetHints":{"allow":["GET"]}}],"collection":[{"href":"https:\/\/keluvo.com\/se\/wp-json\/wp\/v2\/product"}],"about":[{"href":"https:\/\/keluvo.com\/se\/wp-json\/wp\/v2\/types\/product"}],"replies":[{"embeddable":true,"href":"https:\/\/keluvo.com\/se\/wp-json\/wp\/v2\/comments?post=14497"}],"wp:featuredmedia":[{"embeddable":true,"href":"https:\/\/keluvo.com\/se\/wp-json\/wp\/v2\/media\/14493"}],"wp:attachment":[{"href":"https:\/\/keluvo.com\/se\/wp-json\/wp\/v2\/media?parent=14497"}],"wp:term":[{"taxonomy":"product_brand","embeddable":true,"href":"https:\/\/keluvo.com\/se\/wp-json\/wp\/v2\/product_brand?post=14497"},{"taxonomy":"product_cat","embeddable":true,"href":"https:\/\/keluvo.com\/se\/wp-json\/wp\/v2\/product_cat?post=14497"},{"taxonomy":"product_tag","embeddable":true,"href":"https:\/\/keluvo.com\/se\/wp-json\/wp\/v2\/product_tag?post=14497"}],"curies":[{"name":"wp","href":"https:\/\/api.w.org\/{rel}","templated":true}]}}