{"id":14482,"date":"2025-06-26T16:11:00","date_gmt":"2025-06-26T14:11:00","guid":{"rendered":"https:\/\/keluvo.com\/se\/product\/noggrann-alkomatare\/"},"modified":"2025-06-26T16:11:00","modified_gmt":"2025-06-26T14:11:00","slug":"noggrann-alkomatare","status":"publish","type":"product","link":"https:\/\/keluvo.com\/se\/product\/noggrann-alkomatare\/","title":{"rendered":"Noggrann alkom\u00e4tare"},"content":{"rendered":"<p style=\"text-align: center\" data-start=\"157\" data-end=\"379\"><strong data-start=\"157\" data-end=\"209\">Vet Innan Du K\u00f6r &#8211; K\u00f6r Smart, K\u00f6r S\u00e4kert! \ud83d\ude97\ud83d\udca8<\/strong><br data-start=\"209\" data-end=\"212\" \/>Den exakta alkom\u00e4taren \u00e4r en kompakt, p\u00e5litlig alkoholtestare som ger dig snabba, exakta resultat s\u00e5 att du kan fatta ansvarsfulla beslut innan du s\u00e4tter dig bakom ratten.<\/p>\n<p data-start=\"157\" data-end=\"379\"><img decoding=\"async\" class=\"size-full wp-image-25190 aligncenter\" src=\"https:\/\/keluvo.com\/template\/wp-content\/uploads\/sites\/5\/2025\/06\/9f1b9951-f262-4ff3-8fce-41cad51dfbc2.jpeg\" alt=\"\" \/><\/p>\n<h2 style=\"text-align: center\" data-start=\"386\" data-end=\"407\">Huvudf\u00f6rdelar \u2705<\/h2>\n<p data-start=\"410\" data-end=\"449\">\ud83e\uddea Exakt BAC-m\u00e4tning p\u00e5 n\u00e5gra sekunder<\/p>\n<p data-start=\"452\" data-end=\"497\">\ud83d\udd0b Uppladdningsbar via USB &#8211; inga batterier beh\u00f6vs<\/p>\n<p data-start=\"500\" data-end=\"568\">\ud83d\udcf1 Stor bakgrundsbelyst digital sk\u00e4rm f\u00f6r tydlig synlighet, dag som natt<\/p>\n<p data-start=\"571\" data-end=\"625\">\ud83e\uddfc Inkluderar utbytbara munstycken f\u00f6r hygienisk anv\u00e4ndning<\/p>\n<p data-start=\"628\" data-end=\"677\">\ud83d\udea8 Omedelbar varning om du \u00e4r \u00f6ver den lagliga gr\u00e4nsen<\/p>\n<p data-start=\"680\" data-end=\"733\">\ud83d\udee1\ufe0f Kompakt, fickformat, och l\u00e4tt att ta med sig \u00f6verallt<\/p>\n<h2 style=\"text-align: center\" data-start=\"740\" data-end=\"760\">S\u00e5 H\u00e4r Anv\u00e4nder Du \ud83d\udee0\ufe0f<\/h2>\n<ol data-start=\"761\" data-end=\"908\">\n<li data-start=\"761\" data-end=\"785\">\n<p data-start=\"764\" data-end=\"785\">Power p\u00e5 enheten<\/p>\n<\/li>\n<li data-start=\"786\" data-end=\"818\">\n<p data-start=\"789\" data-end=\"818\">V\u00e4nta p\u00e5 uppv\u00e4rmningssignalen<\/p>\n<\/li>\n<li data-start=\"819\" data-end=\"855\">\n<p data-start=\"822\" data-end=\"855\">Bl\u00e5s f\u00f6rsiktigt in i munstycket<\/p>\n<\/li>\n<li data-start=\"856\" data-end=\"908\">\n<p data-start=\"859\" data-end=\"908\">L\u00e4s av ditt resultat p\u00e5 n\u00e5gra sekunder p\u00e5 den digitala sk\u00e4rmen<\/p>\n<\/li>\n<\/ol>\n<h2 style=\"text-align: center\" data-start=\"915\" data-end=\"939\">Produktdetaljer \ud83d\udccb<\/h2>\n<ul data-start=\"940\" data-end=\"1162\">\n<li data-start=\"940\" data-end=\"987\">\n<p data-start=\"942\" data-end=\"987\">Sensor med h\u00f6g precision f\u00f6r exakta m\u00e4tv\u00e4rden<\/p>\n<\/li>\n<li data-start=\"988\" data-end=\"1034\">\n<p data-start=\"990\" data-end=\"1034\">Inbyggt litiumbatteri med USB-laddning<\/p>\n<\/li>\n<li data-start=\"1035\" data-end=\"1063\">\n<p data-start=\"1037\" data-end=\"1063\">L\u00e4tt och b\u00e4rbar<\/p>\n<\/li>\n<li data-start=\"1064\" data-end=\"1112\">\n<p data-start=\"1066\" data-end=\"1112\">Inneh\u00e5ller flera munstycken f\u00f6r delad anv\u00e4ndning<\/p>\n<\/li>\n<li data-start=\"1113\" data-end=\"1162\">\n<p data-start=\"1115\" data-end=\"1162\">M\u00e4tenheter: %BAC \/ \u2030 \/ mg\/L (valbar)<\/p>\n<\/li>\n<\/ul>\n<h2 style=\"text-align: center\" data-start=\"1169\" data-end=\"1194\">Paketet Inneh\u00e5ller \ud83d\udce6<\/h2>\n<ul data-start=\"1195\" data-end=\"1298\">\n<li data-start=\"1195\" data-end=\"1233\">\n<p data-start=\"1197\" data-end=\"1233\">1x noggrann alkoholm\u00e4tare f\u00f6r alkoholtest<\/p>\n<\/li>\n<li data-start=\"1234\" data-end=\"1256\">\n<p data-start=\"1236\" data-end=\"1256\">USB-laddningskabel<\/p>\n<\/li>\n<li data-start=\"1257\" data-end=\"1284\">\n<p data-start=\"1259\" data-end=\"1284\">Utbytbara munstycken<\/p>\n<\/li>\n<li data-start=\"1285\" data-end=\"1298\">\n<p data-start=\"1287\" data-end=\"1298\">Ben\u00e4ttarhandbok.<\/p>\n<\/li>\n<\/ul>\n","protected":false},"excerpt":{"rendered":"<p>Vet Innan Du K\u00f6r &#8211; K\u00f6r Smart, K\u00f6r S\u00e4kert! \ud83d\ude97\ud83d\udca8Den exakta alkom\u00e4taren \u00e4r en kompakt, p\u00e5litlig alkoholtestare som ger dig [&hellip;]<\/p>\n","protected":false},"featured_media":14478,"comment_status":"open","ping_status":"closed","template":"","meta":{"site-sidebar-layout":"default","site-content-layout":"","ast-site-content-layout":"default","site-content-style":"default","site-sidebar-style":"default","ast-global-header-display":"","ast-banner-title-visibility":"","ast-main-header-display":"","ast-hfb-above-header-display":"","ast-hfb-below-header-display":"","ast-hfb-mobile-header-display":"","site-post-title":"","ast-breadcrumbs-content":"","ast-featured-img":"","footer-sml-layout":"","theme-transparent-header-meta":"default","adv-header-id-meta":"","stick-header-meta":"","header-above-stick-meta":"","header-main-stick-meta":"","header-below-stick-meta":"","astra-migrate-meta-layouts":"set","ast-page-background-enabled":"default","ast-page-background-meta":{"desktop":{"background-color":"var(--ast-global-color-4)","background-image":"","background-repeat":"repeat","background-position":"center center","background-size":"auto","background-attachment":"scroll","background-type":"","background-media":"","overlay-type":"","overlay-color":"","overlay-opacity":"","overlay-gradient":""},"tablet":{"background-color":"","background-image":"","background-repeat":"repeat","background-position":"center center","background-size":"auto","background-attachment":"scroll","background-type":"","background-media":"","overlay-type":"","overlay-color":"","overlay-opacity":"","overlay-gradient":""},"mobile":{"background-color":"","background-image":"","background-repeat":"repeat","background-position":"center center","background-size":"auto","background-attachment":"scroll","background-type":"","background-media":"","overlay-type":"","overlay-color":"","overlay-opacity":"","overlay-gradient":""}},"ast-content-background-meta":{"desktop":{"background-color":"var(--ast-global-color-5)","background-image":"","background-repeat":"repeat","background-position":"center center","background-size":"auto","background-attachment":"scroll","background-type":"","background-media":"","overlay-type":"","overlay-color":"","overlay-opacity":"","overlay-gradient":""},"tablet":{"background-color":"var(--ast-global-color-5)","background-image":"","background-repeat":"repeat","background-position":"center center","background-size":"auto","background-attachment":"scroll","background-type":"","background-media":"","overlay-type":"","overlay-color":"","overlay-opacity":"","overlay-gradient":""},"mobile":{"background-color":"var(--ast-global-color-5)","background-image":"","background-repeat":"repeat","background-position":"center center","background-size":"auto","background-attachment":"scroll","background-type":"","background-media":"","overlay-type":"","overlay-color":"","overlay-opacity":"","overlay-gradient":""}}},"product_brand":[],"product_cat":[998,993],"product_tag":[],"class_list":{"0":"post-14482","1":"product","2":"type-product","3":"status-publish","4":"has-post-thumbnail","6":"product_cat-automotive-products","7":"product_cat-footwear-accessories","8":"desktop-align-left","9":"tablet-align-left","10":"mobile-align-left","12":"first","13":"instock","14":"shipping-taxable","15":"purchasable","16":"product-type-simple"},"_links":{"self":[{"href":"https:\/\/keluvo.com\/se\/wp-json\/wp\/v2\/product\/14482","targetHints":{"allow":["GET"]}}],"collection":[{"href":"https:\/\/keluvo.com\/se\/wp-json\/wp\/v2\/product"}],"about":[{"href":"https:\/\/keluvo.com\/se\/wp-json\/wp\/v2\/types\/product"}],"replies":[{"embeddable":true,"href":"https:\/\/keluvo.com\/se\/wp-json\/wp\/v2\/comments?post=14482"}],"wp:featuredmedia":[{"embeddable":true,"href":"https:\/\/keluvo.com\/se\/wp-json\/wp\/v2\/media\/14478"}],"wp:attachment":[{"href":"https:\/\/keluvo.com\/se\/wp-json\/wp\/v2\/media?parent=14482"}],"wp:term":[{"taxonomy":"product_brand","embeddable":true,"href":"https:\/\/keluvo.com\/se\/wp-json\/wp\/v2\/product_brand?post=14482"},{"taxonomy":"product_cat","embeddable":true,"href":"https:\/\/keluvo.com\/se\/wp-json\/wp\/v2\/product_cat?post=14482"},{"taxonomy":"product_tag","embeddable":true,"href":"https:\/\/keluvo.com\/se\/wp-json\/wp\/v2\/product_tag?post=14482"}],"curies":[{"name":"wp","href":"https:\/\/api.w.org\/{rel}","templated":true}]}}