{"id":14227,"date":"2025-06-20T10:31:41","date_gmt":"2025-06-20T08:31:41","guid":{"rendered":"https:\/\/keluvo.com\/se\/product\/sjalvlasande-gangjarn-3\/"},"modified":"2025-06-20T10:54:43","modified_gmt":"2025-06-20T08:54:43","slug":"sjalvlasande-gangjarn-3","status":"publish","type":"product","link":"https:\/\/keluvo.com\/se\/product\/sjalvlasande-gangjarn-3\/","title":{"rendered":"Sj\u00e4lvl\u00e5sande g\u00e5ngj\u00e4rn"},"content":{"rendered":"<p style=\"text-align: center;\">Den h\u00e4r presenten \u00e4r ett utm\u00e4rkt val f\u00f6r alla tillf\u00e4llen och erbjuder h\u00f6g kvalitet och l\u00e5ng h\u00e5llbarhet. Dess eleganta design och anv\u00e4ndbara funktioner g\u00f6r den till en hit hos alla som f\u00e5r den.<\/p>\n<p><img decoding=\"async\" class=\"size-full wp-image-24419 aligncenter\" src=\"https:\/\/keluvo.com\/template\/wp-content\/uploads\/sites\/5\/2024\/12\/06191-ezgif.com-video-to-webp-converter.webp\" alt=\"\" \/><\/p>\n<h2 style=\"text-align: center;\">\ud83c\udf1fHuvudf\u00f6rdelar<\/h2>\n<p><strong>Sj\u00e4lvst\u00e4ngande Funktion<\/strong>: De h\u00e4r f\u00e4stena har en fj\u00e4deraktiverad sj\u00e4lvst\u00e4ngande funktion som kan l\u00e5sas i \u00f6ppet l\u00e4ge. N\u00e4r det inte anv\u00e4nds klickar du bara p\u00e5 l\u00e5set och f\u00e4ller ner det f\u00f6r att spara utrymme.<\/p>\n<p><strong>Justerbar<\/strong>: Det elastiska bordsbenet med g\u00e5ngj\u00e4rn kan justeras fr\u00e5n 0 till 90 grader, vilket g\u00f6r det enkelt att \u00e4ndra positionen p\u00e5 en b\u00e4ddsoffa, soffa eller andra m\u00f6bler.<\/p>\n<p><strong>Osynlig<\/strong>: G\u00e5ngj\u00e4rnet \u00e4r tillverkat av galvaniserad metall och \u00e4r utformat f\u00f6r att sm\u00e4lta in v\u00e4l, oavsett stilen i ditt hem. Dess lilla storlek inneb\u00e4r att det vanligtvis inte m\u00e4rks.<\/p>\n<p><strong>Kraftig<\/strong>: Det h\u00e4r f\u00e4llbara bordsunderredet \u00e4r starkt och sj\u00e4lvl\u00e5sande. Dessa f\u00e4sten fungerar b\u00e4st p\u00e5 m\u00f6belben eller enkla ytor.<\/p>\n<p><strong>Bred Till\u00e4mpning<\/strong>: Det f\u00e4llbara stativet \u00e4r perfekt f\u00f6r k\u00f6k, tv\u00e4ttstugor, butiker, stormarknader, f\u00f6rvaringsutrymmen och kontor. Anv\u00e4nd dem f\u00f6r att st\u00f6dja DIY-bord eller s\u00e4ngar eller f\u00f6r att vika ihop f\u00f6rem\u00e5l p\u00e5 ett bord.<\/p>\n<p><img decoding=\"async\" class=\"size-full wp-image-24418 aligncenter\" src=\"https:\/\/keluvo.com\/template\/wp-content\/uploads\/sites\/5\/2024\/12\/946be849-3c01-402b-b0c3-7e31e22adf7c.webp\" alt=\"\" \/><\/p>\n<p>&nbsp;<\/p>\n","protected":false},"excerpt":{"rendered":"<p>Den h\u00e4r presenten \u00e4r ett utm\u00e4rkt val f\u00f6r alla tillf\u00e4llen och erbjuder h\u00f6g kvalitet och l\u00e5ng h\u00e5llbarhet. Dess eleganta design [&hellip;]<\/p>\n","protected":false},"featured_media":14223,"comment_status":"open","ping_status":"closed","template":"","meta":{"site-sidebar-layout":"default","site-content-layout":"","ast-site-content-layout":"default","site-content-style":"default","site-sidebar-style":"default","ast-global-header-display":"","ast-banner-title-visibility":"","ast-main-header-display":"","ast-hfb-above-header-display":"","ast-hfb-below-header-display":"","ast-hfb-mobile-header-display":"","site-post-title":"","ast-breadcrumbs-content":"","ast-featured-img":"","footer-sml-layout":"","theme-transparent-header-meta":"default","adv-header-id-meta":"","stick-header-meta":"","header-above-stick-meta":"","header-main-stick-meta":"","header-below-stick-meta":"","astra-migrate-meta-layouts":"set","ast-page-background-enabled":"default","ast-page-background-meta":{"desktop":{"background-color":"var(--ast-global-color-4)","background-image":"","background-repeat":"repeat","background-position":"center center","background-size":"auto","background-attachment":"scroll","background-type":"","background-media":"","overlay-type":"","overlay-color":"","overlay-opacity":"","overlay-gradient":""},"tablet":{"background-color":"","background-image":"","background-repeat":"repeat","background-position":"center center","background-size":"auto","background-attachment":"scroll","background-type":"","background-media":"","overlay-type":"","overlay-color":"","overlay-opacity":"","overlay-gradient":""},"mobile":{"background-color":"","background-image":"","background-repeat":"repeat","background-position":"center center","background-size":"auto","background-attachment":"scroll","background-type":"","background-media":"","overlay-type":"","overlay-color":"","overlay-opacity":"","overlay-gradient":""}},"ast-content-background-meta":{"desktop":{"background-color":"var(--ast-global-color-5)","background-image":"","background-repeat":"repeat","background-position":"center center","background-size":"auto","background-attachment":"scroll","background-type":"","background-media":"","overlay-type":"","overlay-color":"","overlay-opacity":"","overlay-gradient":""},"tablet":{"background-color":"var(--ast-global-color-5)","background-image":"","background-repeat":"repeat","background-position":"center center","background-size":"auto","background-attachment":"scroll","background-type":"","background-media":"","overlay-type":"","overlay-color":"","overlay-opacity":"","overlay-gradient":""},"mobile":{"background-color":"var(--ast-global-color-5)","background-image":"","background-repeat":"repeat","background-position":"center center","background-size":"auto","background-attachment":"scroll","background-type":"","background-media":"","overlay-type":"","overlay-color":"","overlay-opacity":"","overlay-gradient":""}}},"product_brand":[],"product_cat":[1001],"product_tag":[],"class_list":{"0":"post-14227","1":"product","2":"type-product","3":"status-publish","4":"has-post-thumbnail","6":"product_cat-household-goods","7":"pa_30198_h9qgq0g0-2-st","8":"pa_30198_h9qgq0g0-4-st","9":"pa_30198_h9qgq0g0-8-st","10":"pa_30198_mmze90ae-guld","11":"pa_30198_mmze90ae-svart","12":"pa_30198_mmze90ae-vit","13":"desktop-align-left","14":"tablet-align-left","15":"mobile-align-left","17":"first","18":"instock","19":"shipping-taxable","20":"purchasable","21":"product-type-variable","22":"has-default-attributes"},"_links":{"self":[{"href":"https:\/\/keluvo.com\/se\/wp-json\/wp\/v2\/product\/14227","targetHints":{"allow":["GET"]}}],"collection":[{"href":"https:\/\/keluvo.com\/se\/wp-json\/wp\/v2\/product"}],"about":[{"href":"https:\/\/keluvo.com\/se\/wp-json\/wp\/v2\/types\/product"}],"replies":[{"embeddable":true,"href":"https:\/\/keluvo.com\/se\/wp-json\/wp\/v2\/comments?post=14227"}],"wp:featuredmedia":[{"embeddable":true,"href":"https:\/\/keluvo.com\/se\/wp-json\/wp\/v2\/media\/14223"}],"wp:attachment":[{"href":"https:\/\/keluvo.com\/se\/wp-json\/wp\/v2\/media?parent=14227"}],"wp:term":[{"taxonomy":"product_brand","embeddable":true,"href":"https:\/\/keluvo.com\/se\/wp-json\/wp\/v2\/product_brand?post=14227"},{"taxonomy":"product_cat","embeddable":true,"href":"https:\/\/keluvo.com\/se\/wp-json\/wp\/v2\/product_cat?post=14227"},{"taxonomy":"product_tag","embeddable":true,"href":"https:\/\/keluvo.com\/se\/wp-json\/wp\/v2\/product_tag?post=14227"}],"curies":[{"name":"wp","href":"https:\/\/api.w.org\/{rel}","templated":true}]}}