{"id":14216,"date":"2025-06-20T10:23:48","date_gmt":"2025-06-20T08:23:48","guid":{"rendered":"https:\/\/keluvo.com\/se\/product\/solcellslampa-for-tradgard-1-st-2\/"},"modified":"2025-06-20T10:53:09","modified_gmt":"2025-06-20T08:53:09","slug":"solcellslampa-for-tradgard-1-st","status":"publish","type":"product","link":"https:\/\/keluvo.com\/se\/product\/solcellslampa-for-tradgard-1-st\/","title":{"rendered":"Solcellslampa f\u00f6r tr\u00e4dg\u00e5rd (1 st)"},"content":{"rendered":"<p style=\"text-align: center;\" data-start=\"133\" data-end=\"190\"><strong>Lys Upp Din Tr\u00e4dg\u00e5rd Med Elegant Soldrivet Sken!<\/strong><\/p>\n<p style=\"text-align: center;\" data-start=\"192\" data-end=\"419\">Denna solcellslampa i sprucket glas skapar ett varmt, romantiskt sken som ger sk\u00f6nhet till alla utomhusutrymmen. Den \u00e4r enkel att installera, v\u00e4derbest\u00e4ndig och t\u00e4nds automatiskt p\u00e5 natten &#8211; perfekt f\u00f6r tr\u00e4dg\u00e5rdar, uteplatser och festliga dekorationer. Med sin tjocka glasglob och solcellsdrivna design tillf\u00f6r denna lampa charm och bekv\u00e4mlighet. Inga kablar, inga uttag &#8211; bara solsken p\u00e5 dagen och magisk st\u00e4mning p\u00e5 natten.<\/p>\n<p data-start=\"192\" data-end=\"419\"><img decoding=\"async\" class=\"size-full wp-image-24411 aligncenter\" src=\"https:\/\/keluvo.com\/template\/wp-content\/uploads\/sites\/5\/2024\/11\/71c6dad4-7953-4d50-8498-c7656ccb2694.webp\" alt=\"\" \/><\/p>\n<h2 style=\"text-align: center;\" data-start=\"592\" data-end=\"614\">\ud83c\udf1f Huvudf\u00f6rdelar<\/h2>\n<p data-start=\"617\" data-end=\"701\">\ud83c\udf15 <strong data-start=\"620\" data-end=\"653\">Fantastisk Design I Sprucket Glas<\/strong> \u2013 ger en elegant, gl\u00f6dande touch till alla utrymmen.<\/p>\n<p data-start=\"704\" data-end=\"780\">\ud83c\udf1e <strong data-start=\"707\" data-end=\"736\">Solcellsdriven &amp; Automatisk<\/strong> \u2013 laddas i solen, t\u00e4nds p\u00e5 natten.<\/p>\n<p data-start=\"783\" data-end=\"852\">\ud83d\udca7 <strong data-start=\"786\" data-end=\"805\">IP65 Vattent\u00e4t<\/strong> \u2013 byggd f\u00f6r att klara alla v\u00e4derf\u00f6rh\u00e5llanden.<\/p>\n<p data-start=\"855\" data-end=\"919\">\ud83e\uddf7 <strong data-start=\"858\" data-end=\"884\">Snabb Och Enkel Installation<\/strong> \u2013 Inga batterier eller kablar beh\u00f6vs.<\/p>\n<p data-start=\"922\" data-end=\"1002\">\ud83c\udf89 <strong data-start=\"925\" data-end=\"950\">M\u00e5ngsidig Utomhusanv\u00e4ndning<\/strong> \u2013 Perfekt f\u00f6r uteplatser, tr\u00e4dg\u00e5rdar, fester och semestrar.<\/p>\n<p data-start=\"922\" data-end=\"1002\"><img decoding=\"async\" class=\"size-full wp-image-24412 aligncenter\" src=\"https:\/\/keluvo.com\/template\/wp-content\/uploads\/sites\/5\/2024\/11\/9e00bd88-9d2e-4682-a2cc-a8784d66f9f7.webp\" alt=\"\" \/><\/p>\n<h2 style=\"text-align: center;\" data-start=\"1009\" data-end=\"1028\">\ud83d\udd27 Hur Man Anv\u00e4nder<\/h2>\n<ol data-start=\"1029\" data-end=\"1252\">\n<li data-start=\"1029\" data-end=\"1057\">\n<p data-start=\"1032\" data-end=\"1057\">S\u00e4tt str\u00f6mbrytaren i l\u00e4ge &#8221;ON&#8221;.<\/p>\n<\/li>\n<li data-start=\"1058\" data-end=\"1106\">\n<p data-start=\"1061\" data-end=\"1106\">Placera den p\u00e5 en plats med fullt, direkt solljus.<\/p>\n<\/li>\n<li data-start=\"1107\" data-end=\"1141\">\n<p data-start=\"1110\" data-end=\"1141\">l\u00e5t den ladda under dagen.<\/p>\n<\/li>\n<li data-start=\"1142\" data-end=\"1252\">\n<p data-start=\"1145\" data-end=\"1252\">njut av det automatiska varma ljuset p\u00e5 natten!<\/p>\n<\/li>\n<\/ol>\n<h2 style=\"text-align: center;\" data-start=\"1259\" data-end=\"1283\">\ud83d\udccf Produktdetaljer<\/h2>\n<ul data-start=\"1284\" data-end=\"1557\">\n<li data-start=\"1284\" data-end=\"1330\">\n<p data-start=\"1286\" data-end=\"1330\"><strong data-start=\"1286\" data-end=\"1299\">Material:<\/strong> ABS med sprucken glasglob<\/p>\n<\/li>\n<li data-start=\"1331\" data-end=\"1385\">\n<p data-start=\"1333\" data-end=\"1385\"><strong data-start=\"1333\" data-end=\"1351\">Belysningstyp:<\/strong> Solcellsdriven med ljussensor<\/p>\n<\/li>\n<li data-start=\"1386\" data-end=\"1417\">\n<p data-start=\"1388\" data-end=\"1417\"><strong data-start=\"1388\" data-end=\"1410\">Vattent\u00e4thetsklassning:<\/strong> IP65<\/p>\n<\/li>\n<li data-start=\"1418\" data-end=\"1447\">\n<p data-start=\"1420\" data-end=\"1447\"><strong data-start=\"1420\" data-end=\"1431\">Switch:<\/strong> Manuell ON\/OFF<\/p>\n<\/li>\n<li data-start=\"1448\" data-end=\"1488\">\n<p data-start=\"1450\" data-end=\"1488\"><strong data-start=\"1450\" data-end=\"1472\">Installationstid:<\/strong> 10-15 sekunder<\/p>\n<\/li>\n<li data-start=\"1489\" data-end=\"1557\">\n<p data-start=\"1491\" data-end=\"1557\"><strong data-start=\"1491\" data-end=\"1509\">Anv\u00e4ndningsplatser:<\/strong> Tr\u00e4dg\u00e5rd, uteplats, gr\u00e4smatta, bord, g\u00e5ngv\u00e4g m.m.<\/p>\n<\/li>\n<\/ul>\n<h2 style=\"text-align: center;\" data-start=\"1564\" data-end=\"1589\">\ud83d\udce6 Paketet Inneh\u00e5ller<\/h2>\n<ul data-start=\"1590\" data-end=\"1683\">\n<li data-start=\"1590\" data-end=\"1644\">\n<p data-start=\"1592\" data-end=\"1644\">1x solcellslampa f\u00f6r tr\u00e4dg\u00e5rd.<\/p>\n<\/li>\n<\/ul>\n","protected":false},"excerpt":{"rendered":"<p>Lys Upp Din Tr\u00e4dg\u00e5rd Med Elegant Soldrivet Sken! Denna solcellslampa i sprucket glas skapar ett varmt, romantiskt sken som ger [&hellip;]<\/p>\n","protected":false},"featured_media":14212,"comment_status":"open","ping_status":"closed","template":"","meta":{"site-sidebar-layout":"default","site-content-layout":"","ast-site-content-layout":"default","site-content-style":"default","site-sidebar-style":"default","ast-global-header-display":"","ast-banner-title-visibility":"","ast-main-header-display":"","ast-hfb-above-header-display":"","ast-hfb-below-header-display":"","ast-hfb-mobile-header-display":"","site-post-title":"","ast-breadcrumbs-content":"","ast-featured-img":"","footer-sml-layout":"","theme-transparent-header-meta":"default","adv-header-id-meta":"","stick-header-meta":"","header-above-stick-meta":"","header-main-stick-meta":"","header-below-stick-meta":"","astra-migrate-meta-layouts":"set","ast-page-background-enabled":"default","ast-page-background-meta":{"desktop":{"background-color":"var(--ast-global-color-4)","background-image":"","background-repeat":"repeat","background-position":"center center","background-size":"auto","background-attachment":"scroll","background-type":"","background-media":"","overlay-type":"","overlay-color":"","overlay-opacity":"","overlay-gradient":""},"tablet":{"background-color":"","background-image":"","background-repeat":"repeat","background-position":"center center","background-size":"auto","background-attachment":"scroll","background-type":"","background-media":"","overlay-type":"","overlay-color":"","overlay-opacity":"","overlay-gradient":""},"mobile":{"background-color":"","background-image":"","background-repeat":"repeat","background-position":"center center","background-size":"auto","background-attachment":"scroll","background-type":"","background-media":"","overlay-type":"","overlay-color":"","overlay-opacity":"","overlay-gradient":""}},"ast-content-background-meta":{"desktop":{"background-color":"var(--ast-global-color-5)","background-image":"","background-repeat":"repeat","background-position":"center center","background-size":"auto","background-attachment":"scroll","background-type":"","background-media":"","overlay-type":"","overlay-color":"","overlay-opacity":"","overlay-gradient":""},"tablet":{"background-color":"var(--ast-global-color-5)","background-image":"","background-repeat":"repeat","background-position":"center center","background-size":"auto","background-attachment":"scroll","background-type":"","background-media":"","overlay-type":"","overlay-color":"","overlay-opacity":"","overlay-gradient":""},"mobile":{"background-color":"var(--ast-global-color-5)","background-image":"","background-repeat":"repeat","background-position":"center center","background-size":"auto","background-attachment":"scroll","background-type":"","background-media":"","overlay-type":"","overlay-color":"","overlay-opacity":"","overlay-gradient":""}}},"product_brand":[],"product_cat":[1001],"product_tag":[],"class_list":{"0":"post-14216","1":"product","2":"type-product","3":"status-publish","4":"has-post-thumbnail","6":"product_cat-household-goods","7":"pa_39885_di1e39p9-bla","8":"pa_39885_di1e39p9-guld","9":"pa_39885_di1e39p9-vit","10":"desktop-align-left","11":"tablet-align-left","12":"mobile-align-left","14":"first","15":"instock","16":"shipping-taxable","17":"purchasable","18":"product-type-variable"},"_links":{"self":[{"href":"https:\/\/keluvo.com\/se\/wp-json\/wp\/v2\/product\/14216","targetHints":{"allow":["GET"]}}],"collection":[{"href":"https:\/\/keluvo.com\/se\/wp-json\/wp\/v2\/product"}],"about":[{"href":"https:\/\/keluvo.com\/se\/wp-json\/wp\/v2\/types\/product"}],"replies":[{"embeddable":true,"href":"https:\/\/keluvo.com\/se\/wp-json\/wp\/v2\/comments?post=14216"}],"wp:featuredmedia":[{"embeddable":true,"href":"https:\/\/keluvo.com\/se\/wp-json\/wp\/v2\/media\/14212"}],"wp:attachment":[{"href":"https:\/\/keluvo.com\/se\/wp-json\/wp\/v2\/media?parent=14216"}],"wp:term":[{"taxonomy":"product_brand","embeddable":true,"href":"https:\/\/keluvo.com\/se\/wp-json\/wp\/v2\/product_brand?post=14216"},{"taxonomy":"product_cat","embeddable":true,"href":"https:\/\/keluvo.com\/se\/wp-json\/wp\/v2\/product_cat?post=14216"},{"taxonomy":"product_tag","embeddable":true,"href":"https:\/\/keluvo.com\/se\/wp-json\/wp\/v2\/product_tag?post=14216"}],"curies":[{"name":"wp","href":"https:\/\/api.w.org\/{rel}","templated":true}]}}