{"id":14201,"date":"2025-06-20T10:22:21","date_gmt":"2025-06-20T08:22:21","guid":{"rendered":"https:\/\/keluvo.com\/se\/product\/sit-up-stang-2\/"},"modified":"2025-06-20T10:56:30","modified_gmt":"2025-06-20T08:56:30","slug":"sit-up-stang","status":"publish","type":"product","link":"https:\/\/keluvo.com\/se\/product\/sit-up-stang\/","title":{"rendered":"Sit up-st\u00e5ng"},"content":{"rendered":"<p style=\"text-align: center;\"><strong>Vill Du F\u00f6rb\u00e4ttra Din Coretr\u00e4ning Hemma?<\/strong><\/p>\n<p style=\"text-align: center;\">Sit-up-st\u00e5ngen \u00e4r h\u00e4r f\u00f6r att hj\u00e4lpa dig! Den h\u00e4r enheten st\u00e4rker din b\u00e5l, vilket \u00e4r viktigt f\u00f6r en h\u00e4lsosam och aktiv livsstil. Den \u00f6kar ocks\u00e5 din \u00e4mnesoms\u00e4ttning, vilket g\u00f6r den till ett utm\u00e4rkt alternativ f\u00f6r viktminskning och allm\u00e4n kondition.<\/p>\n<p style=\"text-align: center;\">Med v\u00e5r sit-up-st\u00e5ng kan du st\u00e4rka din b\u00e5l och musklerna runt midjan. N\u00e4r du anv\u00e4nder den under crunches och sit-ups ger den motst\u00e5nd, vilket hj\u00e4lper dina b\u00e5lmuskler att bli starkare. Den riktar in sig p\u00e5 viktiga omr\u00e5den som rektus abdominis (ditt &#8221;sexpack&#8221;) och tv\u00e4rg\u00e5ende abdominis, som st\u00f6der ryggraden och h\u00e5ller din b\u00e5l stabil. Att st\u00e4rka dessa muskler \u00e4r avg\u00f6rande f\u00f6r den \u00f6vergripande stabiliteten.<\/p>\n<p><img decoding=\"async\" class=\"size-full wp-image-24403 aligncenter\" src=\"https:\/\/keluvo.com\/template\/wp-content\/uploads\/sites\/5\/2024\/11\/A4pTx6pr2oCSjYpUSqdq-ezgif.com-video-to-webp-converter.webp\" alt=\"\" \/><\/p>\n<h2 style=\"text-align: center;\">\ud83c\udf1fHuvudf\u00f6rdelar<\/h2>\n<p><strong>Komfort<\/strong>: Tr\u00e4na hemma p\u00e5 ett bekv\u00e4mt s\u00e4tt.<\/p>\n<p><strong>Snabba Resultat<\/strong>: N\u00e5 dina tr\u00e4ningsm\u00e5l snabbare med enkel \u00e5tkomst till din tr\u00e4ning.<\/p>\n<p><strong>M\u00e5ngsidighet<\/strong>: Det \u00e4r inte bara f\u00f6r sit-ups; anv\u00e4nd den f\u00f6r olika k\u00e4rn\u00f6vningar f\u00f6r att tr\u00e4na olika muskler.<\/p>\n<p><img decoding=\"async\" class=\"size-full wp-image-24404 aligncenter\" src=\"https:\/\/keluvo.com\/template\/wp-content\/uploads\/sites\/5\/2024\/11\/DM_20240307220601_004_480x480.webp\" alt=\"\" \/><\/p>\n<p style=\"text-align: center;\">Sit-up-st\u00e5ngen \u00e4r effektiv och okomplicerad. Till skillnad fr\u00e5n skrymmande gymmaskiner \u00e4r den h\u00e4r enheten kompakt och b\u00e4rbar, vilket g\u00f6r den l\u00e4tt att anv\u00e4nda och f\u00f6rvara. Det \u00e4r ett enkelt s\u00e4tt att bygga b\u00e5lstyrka n\u00e4r som helst!<\/p>\n","protected":false},"excerpt":{"rendered":"<p>Vill Du F\u00f6rb\u00e4ttra Din Coretr\u00e4ning Hemma? Sit-up-st\u00e5ngen \u00e4r h\u00e4r f\u00f6r att hj\u00e4lpa dig! Den h\u00e4r enheten st\u00e4rker din b\u00e5l, vilket [&hellip;]<\/p>\n","protected":false},"featured_media":14197,"comment_status":"open","ping_status":"closed","template":"","meta":{"site-sidebar-layout":"default","site-content-layout":"","ast-site-content-layout":"default","site-content-style":"default","site-sidebar-style":"default","ast-global-header-display":"","ast-banner-title-visibility":"","ast-main-header-display":"","ast-hfb-above-header-display":"","ast-hfb-below-header-display":"","ast-hfb-mobile-header-display":"","site-post-title":"","ast-breadcrumbs-content":"","ast-featured-img":"","footer-sml-layout":"","theme-transparent-header-meta":"default","adv-header-id-meta":"","stick-header-meta":"","header-above-stick-meta":"","header-main-stick-meta":"","header-below-stick-meta":"","astra-migrate-meta-layouts":"set","ast-page-background-enabled":"default","ast-page-background-meta":{"desktop":{"background-color":"var(--ast-global-color-4)","background-image":"","background-repeat":"repeat","background-position":"center center","background-size":"auto","background-attachment":"scroll","background-type":"","background-media":"","overlay-type":"","overlay-color":"","overlay-opacity":"","overlay-gradient":""},"tablet":{"background-color":"","background-image":"","background-repeat":"repeat","background-position":"center center","background-size":"auto","background-attachment":"scroll","background-type":"","background-media":"","overlay-type":"","overlay-color":"","overlay-opacity":"","overlay-gradient":""},"mobile":{"background-color":"","background-image":"","background-repeat":"repeat","background-position":"center center","background-size":"auto","background-attachment":"scroll","background-type":"","background-media":"","overlay-type":"","overlay-color":"","overlay-opacity":"","overlay-gradient":""}},"ast-content-background-meta":{"desktop":{"background-color":"var(--ast-global-color-5)","background-image":"","background-repeat":"repeat","background-position":"center center","background-size":"auto","background-attachment":"scroll","background-type":"","background-media":"","overlay-type":"","overlay-color":"","overlay-opacity":"","overlay-gradient":""},"tablet":{"background-color":"var(--ast-global-color-5)","background-image":"","background-repeat":"repeat","background-position":"center center","background-size":"auto","background-attachment":"scroll","background-type":"","background-media":"","overlay-type":"","overlay-color":"","overlay-opacity":"","overlay-gradient":""},"mobile":{"background-color":"var(--ast-global-color-5)","background-image":"","background-repeat":"repeat","background-position":"center center","background-size":"auto","background-attachment":"scroll","background-type":"","background-media":"","overlay-type":"","overlay-color":"","overlay-opacity":"","overlay-gradient":""}}},"product_brand":[],"product_cat":[991],"product_tag":[],"class_list":{"0":"post-14201","1":"product","2":"type-product","3":"status-publish","4":"has-post-thumbnail","6":"product_cat-health-care-supplies","7":"pa_15906_jl11jo1h-bla","8":"pa_15906_jl11jo1h-lila","9":"pa_15906_jl11jo1h-rod","10":"pa_15906_jl11jo1h-rosa","11":"pa_15906_jl11jo1h-svart","12":"desktop-align-left","13":"tablet-align-left","14":"mobile-align-left","16":"first","17":"instock","18":"shipping-taxable","19":"purchasable","20":"product-type-variable"},"_links":{"self":[{"href":"https:\/\/keluvo.com\/se\/wp-json\/wp\/v2\/product\/14201","targetHints":{"allow":["GET"]}}],"collection":[{"href":"https:\/\/keluvo.com\/se\/wp-json\/wp\/v2\/product"}],"about":[{"href":"https:\/\/keluvo.com\/se\/wp-json\/wp\/v2\/types\/product"}],"replies":[{"embeddable":true,"href":"https:\/\/keluvo.com\/se\/wp-json\/wp\/v2\/comments?post=14201"}],"wp:featuredmedia":[{"embeddable":true,"href":"https:\/\/keluvo.com\/se\/wp-json\/wp\/v2\/media\/14197"}],"wp:attachment":[{"href":"https:\/\/keluvo.com\/se\/wp-json\/wp\/v2\/media?parent=14201"}],"wp:term":[{"taxonomy":"product_brand","embeddable":true,"href":"https:\/\/keluvo.com\/se\/wp-json\/wp\/v2\/product_brand?post=14201"},{"taxonomy":"product_cat","embeddable":true,"href":"https:\/\/keluvo.com\/se\/wp-json\/wp\/v2\/product_cat?post=14201"},{"taxonomy":"product_tag","embeddable":true,"href":"https:\/\/keluvo.com\/se\/wp-json\/wp\/v2\/product_tag?post=14201"}],"curies":[{"name":"wp","href":"https:\/\/api.w.org\/{rel}","templated":true}]}}