{"id":14155,"date":"2025-06-19T10:40:07","date_gmt":"2025-06-19T08:40:07","guid":{"rendered":"https:\/\/keluvo.com\/se\/product\/lampa-med-staplade-bocker-2\/"},"modified":"2025-11-24T16:00:03","modified_gmt":"2025-11-24T14:00:03","slug":"lampa-med-staplade-bocker","status":"publish","type":"product","link":"https:\/\/keluvo.com\/se\/product\/lampa-med-staplade-bocker\/","title":{"rendered":"Lampa med staplade b\u00f6cker"},"content":{"rendered":"<h2 style=\"text-align: center;\">Huvudf\u00f6rdelar<\/h2>\n<p>\ud83d\udcda Lampan har vackra glasm\u00e5lningar i tiffany-stil som \u00e4r skickligt sammansatta och tillf\u00f6r charm till alla utrymmen.<\/p>\n<p>\ud83d\udcda Perfekt f\u00f6r bok\u00e4lskare, denna accentbit passar s\u00f6ml\u00f6st in i alla inredningar.<\/p>\n<p>\ud83d\udcda Tillverkad av 70 glassk\u00e5lar med traditionella metoder. Den har en inbyggd gl\u00f6dlampa och kr\u00e4ver 3 AA-batterier (ing\u00e5r ej).<\/p>\n<p><img decoding=\"async\" class=\"size-full wp-image-24337 aligncenter\" src=\"https:\/\/keluvo.com\/template\/wp-content\/uploads\/sites\/5\/2024\/11\/0003_2_19fde5f5-c629-497c-824b-f0d5343cc7e1_480x480.webp\" alt=\"\" \/><\/p>\n<h2 style=\"text-align: center;\">Specifikationer<\/h2>\n<ul>\n<li style=\"text-align: left;\">Artikeltyp: Dekoration<\/li>\n<li style=\"text-align: left;\">Material: Resin<\/li>\n<\/ul>\n<p><img decoding=\"async\" class=\"size-full wp-image-24338 aligncenter\" src=\"https:\/\/keluvo.com\/template\/wp-content\/uploads\/sites\/5\/2024\/11\/0002_1_b1c05b99-e629-4f19-bc57-412c18220747_480x480.webp\" alt=\"\" \/><\/p>\n<h2 style=\"text-align: center;\">Paketet inneh\u00e5ller<\/h2>\n<ul>\n<li>1 x staplad boklampa i f\u00e4rgat glas<\/li>\n<\/ul>\n<p>&nbsp;<\/p>\n","protected":false},"excerpt":{"rendered":"<p>Huvudf\u00f6rdelar \ud83d\udcda Lampan har vackra glasm\u00e5lningar i tiffany-stil som \u00e4r skickligt sammansatta och tillf\u00f6r charm till alla utrymmen. \ud83d\udcda Perfekt [&hellip;]<\/p>\n","protected":false},"featured_media":14151,"comment_status":"open","ping_status":"closed","template":"","meta":{"site-sidebar-layout":"default","site-content-layout":"","ast-site-content-layout":"default","site-content-style":"default","site-sidebar-style":"default","ast-global-header-display":"","ast-banner-title-visibility":"","ast-main-header-display":"","ast-hfb-above-header-display":"","ast-hfb-below-header-display":"","ast-hfb-mobile-header-display":"","site-post-title":"","ast-breadcrumbs-content":"","ast-featured-img":"","footer-sml-layout":"","theme-transparent-header-meta":"default","adv-header-id-meta":"","stick-header-meta":"","header-above-stick-meta":"","header-main-stick-meta":"","header-below-stick-meta":"","astra-migrate-meta-layouts":"set","ast-page-background-enabled":"default","ast-page-background-meta":{"desktop":{"background-color":"var(--ast-global-color-4)","background-image":"","background-repeat":"repeat","background-position":"center center","background-size":"auto","background-attachment":"scroll","background-type":"","background-media":"","overlay-type":"","overlay-color":"","overlay-opacity":"","overlay-gradient":""},"tablet":{"background-color":"","background-image":"","background-repeat":"repeat","background-position":"center center","background-size":"auto","background-attachment":"scroll","background-type":"","background-media":"","overlay-type":"","overlay-color":"","overlay-opacity":"","overlay-gradient":""},"mobile":{"background-color":"","background-image":"","background-repeat":"repeat","background-position":"center center","background-size":"auto","background-attachment":"scroll","background-type":"","background-media":"","overlay-type":"","overlay-color":"","overlay-opacity":"","overlay-gradient":""}},"ast-content-background-meta":{"desktop":{"background-color":"var(--ast-global-color-5)","background-image":"","background-repeat":"repeat","background-position":"center center","background-size":"auto","background-attachment":"scroll","background-type":"","background-media":"","overlay-type":"","overlay-color":"","overlay-opacity":"","overlay-gradient":""},"tablet":{"background-color":"var(--ast-global-color-5)","background-image":"","background-repeat":"repeat","background-position":"center center","background-size":"auto","background-attachment":"scroll","background-type":"","background-media":"","overlay-type":"","overlay-color":"","overlay-opacity":"","overlay-gradient":""},"mobile":{"background-color":"var(--ast-global-color-5)","background-image":"","background-repeat":"repeat","background-position":"center center","background-size":"auto","background-attachment":"scroll","background-type":"","background-media":"","overlay-type":"","overlay-color":"","overlay-opacity":"","overlay-gradient":""}}},"product_brand":[],"product_cat":[1001],"product_tag":[],"class_list":{"0":"post-14155","1":"product","2":"type-product","3":"status-publish","4":"has-post-thumbnail","6":"product_cat-household-goods","7":"desktop-align-left","8":"tablet-align-left","9":"mobile-align-left","11":"first","12":"instock","13":"shipping-taxable","14":"purchasable","15":"product-type-simple"},"_links":{"self":[{"href":"https:\/\/keluvo.com\/se\/wp-json\/wp\/v2\/product\/14155","targetHints":{"allow":["GET"]}}],"collection":[{"href":"https:\/\/keluvo.com\/se\/wp-json\/wp\/v2\/product"}],"about":[{"href":"https:\/\/keluvo.com\/se\/wp-json\/wp\/v2\/types\/product"}],"replies":[{"embeddable":true,"href":"https:\/\/keluvo.com\/se\/wp-json\/wp\/v2\/comments?post=14155"}],"wp:featuredmedia":[{"embeddable":true,"href":"https:\/\/keluvo.com\/se\/wp-json\/wp\/v2\/media\/14151"}],"wp:attachment":[{"href":"https:\/\/keluvo.com\/se\/wp-json\/wp\/v2\/media?parent=14155"}],"wp:term":[{"taxonomy":"product_brand","embeddable":true,"href":"https:\/\/keluvo.com\/se\/wp-json\/wp\/v2\/product_brand?post=14155"},{"taxonomy":"product_cat","embeddable":true,"href":"https:\/\/keluvo.com\/se\/wp-json\/wp\/v2\/product_cat?post=14155"},{"taxonomy":"product_tag","embeddable":true,"href":"https:\/\/keluvo.com\/se\/wp-json\/wp\/v2\/product_tag?post=14155"}],"curies":[{"name":"wp","href":"https:\/\/api.w.org\/{rel}","templated":true}]}}