{"id":14017,"date":"2025-06-17T18:50:16","date_gmt":"2025-06-17T16:50:16","guid":{"rendered":"https:\/\/keluvo.com\/se\/product\/ortopediska-bekvama-sportskor-for-kvinnor\/"},"modified":"2025-06-17T18:54:24","modified_gmt":"2025-06-17T16:54:24","slug":"ortopediska-bekvama-sportskor-for-kvinnor","status":"publish","type":"product","link":"https:\/\/keluvo.com\/se\/product\/ortopediska-bekvama-sportskor-for-kvinnor\/","title":{"rendered":"Ortopediska bekv\u00e4ma sportskor f\u00f6r kvinnor"},"content":{"rendered":"<p><strong>#1 Rekommenderade ortopediska skor<\/strong><\/p>\n<p><img decoding=\"async\" class=\"alignnone size-full wp-image-24118 aligncenter\" src=\"https:\/\/keluvo.com\/template\/wp-content\/uploads\/sites\/5\/2025\/06\/405e014fa59cae91407bf9c80a3027dc.webp\" alt=\"\" \/><\/p>\n<h2 style=\"text-align: center;\"><strong>Vill Du G\u00e5 Utan Fotsm\u00e4rta?<\/strong><\/h2>\n<p style=\"text-align: center;\">V\u00e5ra f\u00f6tter st\u00f6der oss n\u00e4r vi g\u00e5r, och deras form och r\u00f6relse p\u00e5verkar hela kroppen. Det \u00e4r d\u00e4rf\u00f6r det \u00e4r viktigt att v\u00e4lja r\u00e4tt skor f\u00f6r att h\u00e5lla h\u00e5llningen frisk.<\/p>\n<p><img decoding=\"async\" class=\"alignnone size-full wp-image-24116 aligncenter\" src=\"https:\/\/keluvo.com\/template\/wp-content\/uploads\/sites\/5\/2025\/06\/bec47ff71a09f7b9bf7db6e64215b76c.jpeg\" alt=\"\" \/><\/p>\n<p style=\"text-align: center;\">V\u00e5ra bekv\u00e4ma ortopediska skor kan hj\u00e4lpa till att lindra problem som plantar fasciit, kn\u00f6lar, plattfot, h\u00e4lsm\u00e4rta, kn\u00e4sm\u00e4rta, ryggsm\u00e4rta och mycket mer.<\/p>\n<h2 style=\"text-align: center;\"><strong>Professionell Konstruktion<\/strong><\/h2>\n<p style=\"text-align: center;\">V\u00e5ra skor \u00e4r snygga, bekv\u00e4ma och andas. De \u00e4r designade och testade av erfarna skomakare och vi fokuserar p\u00e5 att ge maximal komfort och kvalitet.<\/p>\n<p style=\"text-align: center;\">Insidan andas och h\u00e5ller dina f\u00f6tter torra och luktfria hela dagen. Det yttre l\u00e4dret \u00e4r mjukt men \u00e4nd\u00e5 slitstarkt och beh\u00e5ller sin form \u00e4ven efter upprepad anv\u00e4ndning.<\/p>\n<p style=\"text-align: center;\">Om du ofta st\u00e5r under l\u00e5nga perioder kan r\u00e4tt skor minska obehaget. De h\u00e4r skorna \u00e4r gjorda f\u00f6r att lindra fotsm\u00e4rta och f\u00f6rb\u00e4ttra h\u00e5llningen, s\u00e5 att du kan g\u00e5 eller st\u00e5 bekv\u00e4mt i timmar.<\/p>\n<p><img decoding=\"async\" class=\"alignnone size-full wp-image-24115 aligncenter\" src=\"https:\/\/keluvo.com\/template\/wp-content\/uploads\/sites\/5\/2025\/06\/5a6553fef310ccc69d4c070ad1d04db6.webp\" alt=\"\" \/><\/p>\n<h2 style=\"text-align: center;\"><strong>Perfekt F\u00f6r Alla \u00c5rstider<\/strong><\/h2>\n<p style=\"text-align: center;\">Med en bekv\u00e4m sn\u00f6rningsl\u00f6s design \u00e4r dessa l\u00e4tta skor l\u00e4tta att ta p\u00e5 och av. De \u00e4r perfekta f\u00f6r vardagsbruk och har en halkfri gummisula f\u00f6r bra grepp \u00e4ven p\u00e5 v\u00e5ta dagar.<\/p>\n<p><img decoding=\"async\" class=\"alignnone size-full wp-image-24112 aligncenter\" src=\"https:\/\/keluvo.com\/template\/wp-content\/uploads\/sites\/5\/2025\/06\/c2f515d79a443683266d40be3542727a.webp\" alt=\"\" \/><\/p>\n<h2 style=\"text-align: center;\"><strong>Funktioner<\/strong><\/h2>\n<p>\u2705 Korrekt h\u00e5llning: Justerar t\u00e5rna och minskar trycket p\u00e5 lederna f\u00f6r att lindra sm\u00e4rta.<\/p>\n<p>\u2705 Bra st\u00f6d f\u00f6r fotvalvet: F\u00f6rdelar kroppsvikten j\u00e4mnt f\u00f6r en balanserad h\u00e5llning.<\/p>\n<p>\u2705 L\u00e4tt att b\u00e4ra: Elastiska sidor g\u00f6r att du snabbt kan ta av och p\u00e5 dem.<\/p>\n<p>\u2705 Andningsaktiv och l\u00e4tt: Noggrant utvalda material s\u00e4kerst\u00e4ller komfort hela dagen.<\/p>\n<p>\u2705 Halkskydd: Gummisulan ger bra grepp och s\u00e4kerhet.<\/p>\n<p>\u2705 Bred och bekv\u00e4m: Skobredden \u00e4r 13,97 cm.<\/p>\n<p><img decoding=\"async\" class=\"alignnone size-full wp-image-24117 aligncenter\" src=\"https:\/\/keluvo.com\/template\/wp-content\/uploads\/sites\/5\/2025\/06\/0e0ea59717a2c638cd3ef12a96b58fb5-1.webp\" alt=\"\" \/><\/p>\n","protected":false},"excerpt":{"rendered":"<p>#1 Rekommenderade ortopediska skor Vill Du G\u00e5 Utan Fotsm\u00e4rta? V\u00e5ra f\u00f6tter st\u00f6der oss n\u00e4r vi g\u00e5r, och deras form och [&hellip;]<\/p>\n","protected":false},"featured_media":14013,"comment_status":"open","ping_status":"closed","template":"","meta":{"site-sidebar-layout":"default","site-content-layout":"","ast-site-content-layout":"default","site-content-style":"default","site-sidebar-style":"default","ast-global-header-display":"","ast-banner-title-visibility":"","ast-main-header-display":"","ast-hfb-above-header-display":"","ast-hfb-below-header-display":"","ast-hfb-mobile-header-display":"","site-post-title":"","ast-breadcrumbs-content":"","ast-featured-img":"","footer-sml-layout":"","theme-transparent-header-meta":"default","adv-header-id-meta":"","stick-header-meta":"","header-above-stick-meta":"","header-main-stick-meta":"","header-below-stick-meta":"","astra-migrate-meta-layouts":"set","ast-page-background-enabled":"default","ast-page-background-meta":{"desktop":{"background-color":"var(--ast-global-color-4)","background-image":"","background-repeat":"repeat","background-position":"center center","background-size":"auto","background-attachment":"scroll","background-type":"","background-media":"","overlay-type":"","overlay-color":"","overlay-opacity":"","overlay-gradient":""},"tablet":{"background-color":"","background-image":"","background-repeat":"repeat","background-position":"center center","background-size":"auto","background-attachment":"scroll","background-type":"","background-media":"","overlay-type":"","overlay-color":"","overlay-opacity":"","overlay-gradient":""},"mobile":{"background-color":"","background-image":"","background-repeat":"repeat","background-position":"center center","background-size":"auto","background-attachment":"scroll","background-type":"","background-media":"","overlay-type":"","overlay-color":"","overlay-opacity":"","overlay-gradient":""}},"ast-content-background-meta":{"desktop":{"background-color":"var(--ast-global-color-5)","background-image":"","background-repeat":"repeat","background-position":"center center","background-size":"auto","background-attachment":"scroll","background-type":"","background-media":"","overlay-type":"","overlay-color":"","overlay-opacity":"","overlay-gradient":""},"tablet":{"background-color":"var(--ast-global-color-5)","background-image":"","background-repeat":"repeat","background-position":"center center","background-size":"auto","background-attachment":"scroll","background-type":"","background-media":"","overlay-type":"","overlay-color":"","overlay-opacity":"","overlay-gradient":""},"mobile":{"background-color":"var(--ast-global-color-5)","background-image":"","background-repeat":"repeat","background-position":"center center","background-size":"auto","background-attachment":"scroll","background-type":"","background-media":"","overlay-type":"","overlay-color":"","overlay-opacity":"","overlay-gradient":""}}},"product_brand":[],"product_cat":[993],"product_tag":[],"class_list":{"0":"post-14017","1":"product","2":"type-product","3":"status-publish","4":"has-post-thumbnail","6":"product_cat-footwear-accessories","7":"pa_48222_47zntiqr-beige","8":"pa_48222_47zntiqr-rosa","9":"pa_48222_47zntiqr-svart","10":"pa_48222_47zntiqr-vit","11":"pa_48222_7pa8l646-2488","12":"pa_48222_7pa8l646-2489","13":"pa_48222_7pa8l646-2490","14":"pa_48222_7pa8l646-2491","15":"pa_48222_7pa8l646-2492","16":"pa_48222_7pa8l646-2493","17":"pa_48222_7pa8l646-2494","18":"pa_48222_7pa8l646-2495","19":"desktop-align-left","20":"tablet-align-left","21":"mobile-align-left","23":"first","24":"instock","25":"shipping-taxable","26":"purchasable","27":"product-type-variable","28":"has-default-attributes"},"_links":{"self":[{"href":"https:\/\/keluvo.com\/se\/wp-json\/wp\/v2\/product\/14017","targetHints":{"allow":["GET"]}}],"collection":[{"href":"https:\/\/keluvo.com\/se\/wp-json\/wp\/v2\/product"}],"about":[{"href":"https:\/\/keluvo.com\/se\/wp-json\/wp\/v2\/types\/product"}],"replies":[{"embeddable":true,"href":"https:\/\/keluvo.com\/se\/wp-json\/wp\/v2\/comments?post=14017"}],"wp:featuredmedia":[{"embeddable":true,"href":"https:\/\/keluvo.com\/se\/wp-json\/wp\/v2\/media\/14013"}],"wp:attachment":[{"href":"https:\/\/keluvo.com\/se\/wp-json\/wp\/v2\/media?parent=14017"}],"wp:term":[{"taxonomy":"product_brand","embeddable":true,"href":"https:\/\/keluvo.com\/se\/wp-json\/wp\/v2\/product_brand?post=14017"},{"taxonomy":"product_cat","embeddable":true,"href":"https:\/\/keluvo.com\/se\/wp-json\/wp\/v2\/product_cat?post=14017"},{"taxonomy":"product_tag","embeddable":true,"href":"https:\/\/keluvo.com\/se\/wp-json\/wp\/v2\/product_tag?post=14017"}],"curies":[{"name":"wp","href":"https:\/\/api.w.org\/{rel}","templated":true}]}}