{"id":13769,"date":"2025-06-17T16:10:32","date_gmt":"2025-06-17T14:10:32","guid":{"rendered":"https:\/\/keluvo.com\/se\/product\/kub-for-norrsken\/"},"modified":"2025-06-17T18:50:58","modified_gmt":"2025-06-17T16:50:58","slug":"kub-for-norrsken","status":"publish","type":"product","link":"https:\/\/keluvo.com\/se\/product\/kub-for-norrsken\/","title":{"rendered":"Kub f\u00f6r norrsken"},"content":{"rendered":"<p style=\"text-align: center;\">Lys upp ditt utrymme med Norrskenskuben, en lampa som \u00e4r utformad f\u00f6r att efterlikna de vackra f\u00e4rgerna i Aurora Borealis. Dess kubform och prismam\u00f6nster skapar en fantastisk ljusvisning som liknar norrskenet. Du kan placera den p\u00e5 skrivbordet, nattduksbordet eller anv\u00e4nda den som en mittpunkt. Tr\u00e4basen och de 16 f\u00e4rgalternativen ger en livlig touch till alla rum.<\/p>\n<p><img fetchpriority=\"high\" decoding=\"async\" class=\" wp-image-24189 aligncenter\" src=\"https:\/\/keluvo.com\/template\/wp-content\/uploads\/sites\/5\/2025\/06\/fgsdgaffgf_480x480.webp\" alt=\"\" width=\"455\" height=\"809\" \/><\/p>\n<p>\u2714\ufe0f Aurora-inspirerat ljus: Njut av det f\u00f6rtrollande skenet fr\u00e5n norrskenet med dess unika design.<\/p>\n<p>\u2714\ufe0f Bas i naturligt tr\u00e4: Basen i massivt tr\u00e4 ger v\u00e4rme och kompletterar de livfulla lamporna.<\/p>\n<p><img decoding=\"async\" class=\" wp-image-24192 aligncenter\" src=\"https:\/\/keluvo.com\/template\/wp-content\/uploads\/sites\/5\/2025\/06\/nast_bast_480x480.webp\" alt=\"\" width=\"469\" height=\"656\" \/><\/p>\n<h2 style=\"text-align: center;\">Specifikationer<\/h2>\n<ul>\n<li>Material: Tr\u00e4 + Akryl<\/li>\n<li>Fj\u00e4rrkontroll: Ja (ing\u00e5r)<\/li>\n<li>Str\u00f6mf\u00f6rs\u00f6rjning: USB-anslutning (ing\u00e5r)<\/li>\n<li>F\u00e4rger: 16<\/li>\n<li>Watt: 3W<\/li>\n<li>Dimensioner: 13 x 13 x 13 cm.<\/li>\n<\/ul>\n<p><img decoding=\"async\" class=\"size-full wp-image-24191 aligncenter\" src=\"https:\/\/keluvo.com\/template\/wp-content\/uploads\/sites\/5\/2025\/06\/fdsxdcvg_480x480.webp\" alt=\"\" \/><\/p>\n","protected":false},"excerpt":{"rendered":"<p>Lys upp ditt utrymme med Norrskenskuben, en lampa som \u00e4r utformad f\u00f6r att efterlikna de vackra f\u00e4rgerna i Aurora Borealis. [&hellip;]<\/p>\n","protected":false},"featured_media":13765,"comment_status":"open","ping_status":"closed","template":"","meta":{"site-sidebar-layout":"default","site-content-layout":"","ast-site-content-layout":"default","site-content-style":"default","site-sidebar-style":"default","ast-global-header-display":"","ast-banner-title-visibility":"","ast-main-header-display":"","ast-hfb-above-header-display":"","ast-hfb-below-header-display":"","ast-hfb-mobile-header-display":"","site-post-title":"","ast-breadcrumbs-content":"","ast-featured-img":"","footer-sml-layout":"","theme-transparent-header-meta":"default","adv-header-id-meta":"","stick-header-meta":"","header-above-stick-meta":"","header-main-stick-meta":"","header-below-stick-meta":"","astra-migrate-meta-layouts":"set","ast-page-background-enabled":"default","ast-page-background-meta":{"desktop":{"background-color":"var(--ast-global-color-4)","background-image":"","background-repeat":"repeat","background-position":"center center","background-size":"auto","background-attachment":"scroll","background-type":"","background-media":"","overlay-type":"","overlay-color":"","overlay-opacity":"","overlay-gradient":""},"tablet":{"background-color":"","background-image":"","background-repeat":"repeat","background-position":"center center","background-size":"auto","background-attachment":"scroll","background-type":"","background-media":"","overlay-type":"","overlay-color":"","overlay-opacity":"","overlay-gradient":""},"mobile":{"background-color":"","background-image":"","background-repeat":"repeat","background-position":"center center","background-size":"auto","background-attachment":"scroll","background-type":"","background-media":"","overlay-type":"","overlay-color":"","overlay-opacity":"","overlay-gradient":""}},"ast-content-background-meta":{"desktop":{"background-color":"var(--ast-global-color-5)","background-image":"","background-repeat":"repeat","background-position":"center center","background-size":"auto","background-attachment":"scroll","background-type":"","background-media":"","overlay-type":"","overlay-color":"","overlay-opacity":"","overlay-gradient":""},"tablet":{"background-color":"var(--ast-global-color-5)","background-image":"","background-repeat":"repeat","background-position":"center center","background-size":"auto","background-attachment":"scroll","background-type":"","background-media":"","overlay-type":"","overlay-color":"","overlay-opacity":"","overlay-gradient":""},"mobile":{"background-color":"var(--ast-global-color-5)","background-image":"","background-repeat":"repeat","background-position":"center center","background-size":"auto","background-attachment":"scroll","background-type":"","background-media":"","overlay-type":"","overlay-color":"","overlay-opacity":"","overlay-gradient":""}}},"product_brand":[],"product_cat":[1001],"product_tag":[],"class_list":{"0":"post-13769","1":"product","2":"type-product","3":"status-publish","4":"has-post-thumbnail","6":"product_cat-household-goods","7":"desktop-align-left","8":"tablet-align-left","9":"mobile-align-left","11":"first","12":"instock","13":"shipping-taxable","14":"purchasable","15":"product-type-simple"},"_links":{"self":[{"href":"https:\/\/keluvo.com\/se\/wp-json\/wp\/v2\/product\/13769","targetHints":{"allow":["GET"]}}],"collection":[{"href":"https:\/\/keluvo.com\/se\/wp-json\/wp\/v2\/product"}],"about":[{"href":"https:\/\/keluvo.com\/se\/wp-json\/wp\/v2\/types\/product"}],"replies":[{"embeddable":true,"href":"https:\/\/keluvo.com\/se\/wp-json\/wp\/v2\/comments?post=13769"}],"wp:featuredmedia":[{"embeddable":true,"href":"https:\/\/keluvo.com\/se\/wp-json\/wp\/v2\/media\/13765"}],"wp:attachment":[{"href":"https:\/\/keluvo.com\/se\/wp-json\/wp\/v2\/media?parent=13769"}],"wp:term":[{"taxonomy":"product_brand","embeddable":true,"href":"https:\/\/keluvo.com\/se\/wp-json\/wp\/v2\/product_brand?post=13769"},{"taxonomy":"product_cat","embeddable":true,"href":"https:\/\/keluvo.com\/se\/wp-json\/wp\/v2\/product_cat?post=13769"},{"taxonomy":"product_tag","embeddable":true,"href":"https:\/\/keluvo.com\/se\/wp-json\/wp\/v2\/product_tag?post=13769"}],"curies":[{"name":"wp","href":"https:\/\/api.w.org\/{rel}","templated":true}]}}