{"id":13764,"date":"2025-06-17T16:06:15","date_gmt":"2025-06-17T14:06:15","guid":{"rendered":"https:\/\/keluvo.com\/se\/product\/handgjord-90-dagars-burk-med-bibelverser\/"},"modified":"2025-06-17T16:06:15","modified_gmt":"2025-06-17T14:06:15","slug":"handgjord-90-dagars-burk-med-bibelverser","status":"publish","type":"product","link":"https:\/\/keluvo.com\/se\/product\/handgjord-90-dagars-burk-med-bibelverser\/","title":{"rendered":"Handgjord 90-dagars burk med bibelverser"},"content":{"rendered":"<p style=\"text-align: center\">Jag \u00e4lskar verkligen den h\u00e4r burken! Varje dag v\u00e4ljer min familj en vers baserat p\u00e5 hur vi k\u00e4nner oss. Sedan pratar vi om v\u00e5r dag och delar v\u00e5ra k\u00e4nslor tillsammans. Den h\u00e4r burken hj\u00e4lper oss att knyta an och f\u00e5r oss att k\u00e4nna oss speciella varje g\u00e5ng vi anv\u00e4nder den. &#8211; Michelle N.<\/p>\n<p><img decoding=\"async\" class=\"size-full wp-image-24125 aligncenter\" src=\"https:\/\/keluvo.com\/template\/wp-content\/uploads\/sites\/5\/2025\/06\/Gif01.webp\" alt=\"\" \/><\/p>\n<p style=\"text-align: center\"><strong>\u201cL\u00e4s f\u00f6r mig n\u00e4r: glad, tacksam, arg, orolig, ensam eller ledsen\u201d<\/strong><\/p>\n<p><img decoding=\"async\" class=\"size-full wp-image-24124 aligncenter\" src=\"https:\/\/keluvo.com\/template\/wp-content\/uploads\/sites\/5\/2025\/06\/Gif02.webp\" alt=\"\" \/><\/p>\n<h2 style=\"text-align: center\"><strong>Vad Kunderna S\u00e4ger Om \u201cBurken Med Bibelverser\u201d<\/strong><\/h2>\n<ul>\n<li style=\"text-align: left\">&#8221;B\u00e4sta presenten n\u00e5gonsin!&#8221;<\/li>\n<li style=\"text-align: left\">&#8221;Min familj tycker om den h\u00e4r; den f\u00f6rgyller verkligen v\u00e5r dag!&#8221;<\/li>\n<li style=\"text-align: left\">&#8221;Jag brukade k\u00e4nna mig ledsen, men nu v\u00e4ljer jag bara en vers fr\u00e5n burken och den p\u00e5minner mig om hur vackert livet \u00e4r!&#8221;<\/li>\n<\/ul>\n<p><img decoding=\"async\" class=\"size-full wp-image-24123 aligncenter\" src=\"https:\/\/keluvo.com\/template\/wp-content\/uploads\/sites\/5\/2025\/06\/39e3f653-7ec3-4394-b57b-bb1a04e72324.webp\" alt=\"\" \/><\/p>\n","protected":false},"excerpt":{"rendered":"<p>Jag \u00e4lskar verkligen den h\u00e4r burken! Varje dag v\u00e4ljer min familj en vers baserat p\u00e5 hur vi k\u00e4nner oss. Sedan [&hellip;]<\/p>\n","protected":false},"featured_media":13760,"comment_status":"open","ping_status":"closed","template":"","meta":{"site-sidebar-layout":"default","site-content-layout":"","ast-site-content-layout":"default","site-content-style":"default","site-sidebar-style":"default","ast-global-header-display":"","ast-banner-title-visibility":"","ast-main-header-display":"","ast-hfb-above-header-display":"","ast-hfb-below-header-display":"","ast-hfb-mobile-header-display":"","site-post-title":"","ast-breadcrumbs-content":"","ast-featured-img":"","footer-sml-layout":"","theme-transparent-header-meta":"default","adv-header-id-meta":"","stick-header-meta":"","header-above-stick-meta":"","header-main-stick-meta":"","header-below-stick-meta":"","astra-migrate-meta-layouts":"set","ast-page-background-enabled":"default","ast-page-background-meta":{"desktop":{"background-color":"var(--ast-global-color-4)","background-image":"","background-repeat":"repeat","background-position":"center center","background-size":"auto","background-attachment":"scroll","background-type":"","background-media":"","overlay-type":"","overlay-color":"","overlay-opacity":"","overlay-gradient":""},"tablet":{"background-color":"","background-image":"","background-repeat":"repeat","background-position":"center center","background-size":"auto","background-attachment":"scroll","background-type":"","background-media":"","overlay-type":"","overlay-color":"","overlay-opacity":"","overlay-gradient":""},"mobile":{"background-color":"","background-image":"","background-repeat":"repeat","background-position":"center center","background-size":"auto","background-attachment":"scroll","background-type":"","background-media":"","overlay-type":"","overlay-color":"","overlay-opacity":"","overlay-gradient":""}},"ast-content-background-meta":{"desktop":{"background-color":"var(--ast-global-color-5)","background-image":"","background-repeat":"repeat","background-position":"center center","background-size":"auto","background-attachment":"scroll","background-type":"","background-media":"","overlay-type":"","overlay-color":"","overlay-opacity":"","overlay-gradient":""},"tablet":{"background-color":"var(--ast-global-color-5)","background-image":"","background-repeat":"repeat","background-position":"center center","background-size":"auto","background-attachment":"scroll","background-type":"","background-media":"","overlay-type":"","overlay-color":"","overlay-opacity":"","overlay-gradient":""},"mobile":{"background-color":"var(--ast-global-color-5)","background-image":"","background-repeat":"repeat","background-position":"center center","background-size":"auto","background-attachment":"scroll","background-type":"","background-media":"","overlay-type":"","overlay-color":"","overlay-opacity":"","overlay-gradient":""}}},"product_brand":[],"product_cat":[1001,993],"product_tag":[],"class_list":{"0":"post-13764","1":"product","2":"type-product","3":"status-publish","4":"has-post-thumbnail","6":"product_cat-household-goods","7":"product_cat-footwear-accessories","8":"desktop-align-left","9":"tablet-align-left","10":"mobile-align-left","12":"first","13":"instock","14":"shipping-taxable","15":"purchasable","16":"product-type-simple"},"_links":{"self":[{"href":"https:\/\/keluvo.com\/se\/wp-json\/wp\/v2\/product\/13764","targetHints":{"allow":["GET"]}}],"collection":[{"href":"https:\/\/keluvo.com\/se\/wp-json\/wp\/v2\/product"}],"about":[{"href":"https:\/\/keluvo.com\/se\/wp-json\/wp\/v2\/types\/product"}],"replies":[{"embeddable":true,"href":"https:\/\/keluvo.com\/se\/wp-json\/wp\/v2\/comments?post=13764"}],"wp:featuredmedia":[{"embeddable":true,"href":"https:\/\/keluvo.com\/se\/wp-json\/wp\/v2\/media\/13760"}],"wp:attachment":[{"href":"https:\/\/keluvo.com\/se\/wp-json\/wp\/v2\/media?parent=13764"}],"wp:term":[{"taxonomy":"product_brand","embeddable":true,"href":"https:\/\/keluvo.com\/se\/wp-json\/wp\/v2\/product_brand?post=13764"},{"taxonomy":"product_cat","embeddable":true,"href":"https:\/\/keluvo.com\/se\/wp-json\/wp\/v2\/product_cat?post=13764"},{"taxonomy":"product_tag","embeddable":true,"href":"https:\/\/keluvo.com\/se\/wp-json\/wp\/v2\/product_tag?post=13764"}],"curies":[{"name":"wp","href":"https:\/\/api.w.org\/{rel}","templated":true}]}}