{"id":13753,"date":"2025-06-17T16:05:29","date_gmt":"2025-06-17T14:05:29","guid":{"rendered":"https:\/\/keluvo.com\/se\/product\/myggavvisande-band\/"},"modified":"2025-06-17T16:05:36","modified_gmt":"2025-06-17T14:05:36","slug":"myggavvisande-band","status":"publish","type":"product","link":"https:\/\/keluvo.com\/se\/product\/myggavvisande-band\/","title":{"rendered":"Myggavvisande band"},"content":{"rendered":"<p>\ud83e\udd9f H\u00e5ller myggor borta<br \/>\n\ud83c\udf3f Tillverkad med 100% naturliga eteriska oljor<br \/>\n\ud83d\udeab Inga toxiner eller kemikalier<\/p>\n<h2 style=\"text-align: center\">\u00a0H\u00e5ll dig s\u00e4ker fr\u00e5n myggbett!<\/h2>\n<p style=\"text-align: center\">Sommaren \u00e4r h\u00e4r och de irriterande myggorna b\u00f6rjar dyka upp&#8230; Myggbett kan klia och vara obehagliga, s\u00e4rskilt f\u00f6r barn. Dessutom kan de sprida skadliga sjukdomar. V\u00e5ra <span data-sheets-root=\"1\">myggavvisande band<\/span> skyddar dig och dina barn genom att anv\u00e4nda naturliga eteriska oljor f\u00f6r att h\u00e5lla myggorna borta.<\/p>\n<p><img decoding=\"async\" class=\"size-full wp-image-24051 aligncenter\" src=\"https:\/\/keluvo.com\/template\/wp-content\/uploads\/sites\/5\/2025\/06\/0617-ezgif.com-gif-to-webp-converter.webp\" alt=\"\" \/><\/p>\n<h2 style=\"text-align: center\">S\u00e4g adj\u00f6 till traditionella avv\u00e4rjningsmedel<\/h2>\n<p style=\"text-align: center\">Visste du att m\u00e5nga myggsprayer \u00e4r skadliga vid inandning? Andra alternativ fungerar ofta inte heller bra och kanske inte \u00e4r l\u00e4mpliga f\u00f6r barn. <span data-sheets-root=\"1\">Myggavvisande band<\/span> \u00e4r annorlunda. V\u00e5ra repellerande band \u00e4r tillverkade av naturliga eteriska oljor och \u00e4r s\u00e4kra f\u00f6r alla.<\/p>\n<h2 style=\"text-align: center\">Inga fler s\u00f6mnl\u00f6sa n\u00e4tter<\/h2>\n<p style=\"text-align: center\">Du \u00e4r redo att sova och allt verkar lugnt&#8230; Men s\u00e5 h\u00f6r du det surrande ljudet komma n\u00e4rmare.<br \/>\n\u201cVarf\u00f6r nu?\u201d t\u00e4nker du, medan du k\u00e4mpar f\u00f6r att hitta den lilla myggan. Med <span data-sheets-root=\"1\">myggavvisande band<\/span>, h\u00e5lls myggorna borta av de eteriska oljorna, s\u00e5 att du \u00e4ntligen kan vila.<\/p>\n<h2 style=\"text-align: center\">S\u00e4kert och naturligt<\/h2>\n<p style=\"text-align: center\">Din s\u00e4kerhet \u00e4r viktig f\u00f6r oss, och d\u00e4rf\u00f6r \u00e4r v\u00e5rt myggmedel helt tillverkat av naturliga ingredienser.<br \/>\nDet \u00e4r l\u00e4mpligt f\u00f6r barn och helt fritt fr\u00e5n DEET.<\/p>\n<h2 style=\"text-align: center\">Designat f\u00f6r alla<\/h2>\n<p style=\"text-align: center\">Armbandet justeras f\u00f6r att passa b\u00e5de vuxna och barn (fr\u00e5n 3 \u00e5r). De \u00e4r ocks\u00e5 vattent\u00e4ta, s\u00e5 att du kan njuta av poolen eller stranden utan bekymmer. V\u00e5ra band sl\u00e4pper kontinuerligt ut en fin doft av eteriska oljor &#8211; som citronella, lavendel och eukalyptus &#8211; som effektivt st\u00f6ter bort myggor samtidigt som du g\u00f6r dig mindre tilltalande f\u00f6r dem. N\u00e4r du b\u00e4r armbandet skapar det en doftbarri\u00e4r som erbjuder skydd &#8211; ingen DEET, kemikalier eller sprayer beh\u00f6vs.<\/p>\n<p><img decoding=\"async\" class=\"size-full wp-image-24052 aligncenter\" src=\"https:\/\/keluvo.com\/template\/wp-content\/uploads\/sites\/5\/2025\/06\/M.png\" alt=\"\" \/><\/p>\n<h2 style=\"text-align: center\">Fungerar de mot f\u00e4stingar?<\/h2>\n<p style=\"text-align: center\">Ja! V\u00e5ra band hj\u00e4lper ocks\u00e5 till att h\u00e5lla f\u00e4stingar och h\u00e4stflugor borta. De eteriska oljorna i banden avskr\u00e4cker b\u00e5de myggor och f\u00e4stingar och h\u00e5ller dem p\u00e5 avst\u00e5nd.<\/p>\n","protected":false},"excerpt":{"rendered":"<p>\ud83e\udd9f H\u00e5ller myggor borta \ud83c\udf3f Tillverkad med 100% naturliga eteriska oljor \ud83d\udeab Inga toxiner eller kemikalier \u00a0H\u00e5ll dig s\u00e4ker fr\u00e5n [&hellip;]<\/p>\n","protected":false},"featured_media":13750,"comment_status":"open","ping_status":"closed","template":"","meta":{"site-sidebar-layout":"default","site-content-layout":"","ast-site-content-layout":"default","site-content-style":"default","site-sidebar-style":"default","ast-global-header-display":"","ast-banner-title-visibility":"","ast-main-header-display":"","ast-hfb-above-header-display":"","ast-hfb-below-header-display":"","ast-hfb-mobile-header-display":"","site-post-title":"","ast-breadcrumbs-content":"","ast-featured-img":"","footer-sml-layout":"","theme-transparent-header-meta":"default","adv-header-id-meta":"","stick-header-meta":"","header-above-stick-meta":"","header-main-stick-meta":"","header-below-stick-meta":"","astra-migrate-meta-layouts":"set","ast-page-background-enabled":"default","ast-page-background-meta":{"desktop":{"background-color":"var(--ast-global-color-4)","background-image":"","background-repeat":"repeat","background-position":"center center","background-size":"auto","background-attachment":"scroll","background-type":"","background-media":"","overlay-type":"","overlay-color":"","overlay-opacity":"","overlay-gradient":""},"tablet":{"background-color":"","background-image":"","background-repeat":"repeat","background-position":"center center","background-size":"auto","background-attachment":"scroll","background-type":"","background-media":"","overlay-type":"","overlay-color":"","overlay-opacity":"","overlay-gradient":""},"mobile":{"background-color":"","background-image":"","background-repeat":"repeat","background-position":"center center","background-size":"auto","background-attachment":"scroll","background-type":"","background-media":"","overlay-type":"","overlay-color":"","overlay-opacity":"","overlay-gradient":""}},"ast-content-background-meta":{"desktop":{"background-color":"var(--ast-global-color-5)","background-image":"","background-repeat":"repeat","background-position":"center center","background-size":"auto","background-attachment":"scroll","background-type":"","background-media":"","overlay-type":"","overlay-color":"","overlay-opacity":"","overlay-gradient":""},"tablet":{"background-color":"var(--ast-global-color-5)","background-image":"","background-repeat":"repeat","background-position":"center center","background-size":"auto","background-attachment":"scroll","background-type":"","background-media":"","overlay-type":"","overlay-color":"","overlay-opacity":"","overlay-gradient":""},"mobile":{"background-color":"var(--ast-global-color-5)","background-image":"","background-repeat":"repeat","background-position":"center center","background-size":"auto","background-attachment":"scroll","background-type":"","background-media":"","overlay-type":"","overlay-color":"","overlay-opacity":"","overlay-gradient":""}}},"product_brand":[],"product_cat":[1001,993],"product_tag":[],"class_list":{"0":"post-13753","1":"product","2":"type-product","3":"status-publish","4":"has-post-thumbnail","6":"product_cat-household-goods","7":"product_cat-footwear-accessories","8":"pa_48216_q24ufoy4-1-st","9":"pa_48216_q24ufoy4-xl-familjeforpackning-4-st","10":"pa_48216_q24ufoy4-xxl-familjeforpackning-5-st","11":"desktop-align-left","12":"tablet-align-left","13":"mobile-align-left","15":"first","16":"instock","17":"shipping-taxable","18":"purchasable","19":"product-type-variable"},"_links":{"self":[{"href":"https:\/\/keluvo.com\/se\/wp-json\/wp\/v2\/product\/13753","targetHints":{"allow":["GET"]}}],"collection":[{"href":"https:\/\/keluvo.com\/se\/wp-json\/wp\/v2\/product"}],"about":[{"href":"https:\/\/keluvo.com\/se\/wp-json\/wp\/v2\/types\/product"}],"replies":[{"embeddable":true,"href":"https:\/\/keluvo.com\/se\/wp-json\/wp\/v2\/comments?post=13753"}],"wp:featuredmedia":[{"embeddable":true,"href":"https:\/\/keluvo.com\/se\/wp-json\/wp\/v2\/media\/13750"}],"wp:attachment":[{"href":"https:\/\/keluvo.com\/se\/wp-json\/wp\/v2\/media?parent=13753"}],"wp:term":[{"taxonomy":"product_brand","embeddable":true,"href":"https:\/\/keluvo.com\/se\/wp-json\/wp\/v2\/product_brand?post=13753"},{"taxonomy":"product_cat","embeddable":true,"href":"https:\/\/keluvo.com\/se\/wp-json\/wp\/v2\/product_cat?post=13753"},{"taxonomy":"product_tag","embeddable":true,"href":"https:\/\/keluvo.com\/se\/wp-json\/wp\/v2\/product_tag?post=13753"}],"curies":[{"name":"wp","href":"https:\/\/api.w.org\/{rel}","templated":true}]}}