{"id":13730,"date":"2025-06-17T14:25:04","date_gmt":"2025-06-17T12:25:04","guid":{"rendered":"https:\/\/keluvo.com\/se\/product\/halsband-med-jungfru-maria-kors\/"},"modified":"2025-06-17T14:25:21","modified_gmt":"2025-06-17T12:25:21","slug":"halsband-med-jungfru-maria-kors","status":"publish","type":"product","link":"https:\/\/keluvo.com\/se\/product\/halsband-med-jungfru-maria-kors\/","title":{"rendered":"Halsband med Jungfru Maria-kors"},"content":{"rendered":"<p style=\"text-align: center\"><strong>K\u00f6p en g\u00e5ng, b\u00e4r f\u00f6r evigt. Varje smycke \u00e4r tillverkat av h\u00f6gkvalitativt .925 sterling silver och \u00e4r designat f\u00f6r att h\u00e5lla.<\/strong><\/p>\n<p><img decoding=\"async\" class=\"size-full wp-image-24029 aligncenter\" src=\"https:\/\/keluvo.com\/template\/wp-content\/uploads\/sites\/5\/2025\/06\/50_1.webp\" alt=\"\" \/><\/p>\n<h2 style=\"text-align: center\"><strong>Specifikationer<\/strong><\/h2>\n<ul>\n<li>Guld: 18K guldpl\u00e4terat rostfritt st\u00e5l<\/li>\n<li>Silver: 925 sterling silver<\/li>\n<li>Ros\u00e9guld: 18K ros\u00e9guldpl\u00e4terat rostfritt st\u00e5l<\/li>\n<li>L\u00e4ngd: Justerbar 40\/45cm<\/li>\n<li>Vattent\u00e4t<\/li>\n<li>Allergiv\u00e4nlig<\/li>\n<li>Nickelfri.<\/li>\n<\/ul>\n<h2 style=\"text-align: center\"><strong>Kundfeedback<\/strong><\/h2>\n<p style=\"text-align: center\">&#8221;\u00c4ntligen prisv\u00e4rda och h\u00f6gkvalitativa smycken! Jag \u00e4lskar designen och kvaliteten \u00e4r perfekt. Rekommenderar starkt!&#8221;<\/p>\n","protected":false},"excerpt":{"rendered":"<p>K\u00f6p en g\u00e5ng, b\u00e4r f\u00f6r evigt. Varje smycke \u00e4r tillverkat av h\u00f6gkvalitativt .925 sterling silver och \u00e4r designat f\u00f6r att [&hellip;]<\/p>\n","protected":false},"featured_media":13726,"comment_status":"open","ping_status":"closed","template":"","meta":{"site-sidebar-layout":"default","site-content-layout":"","ast-site-content-layout":"default","site-content-style":"default","site-sidebar-style":"default","ast-global-header-display":"","ast-banner-title-visibility":"","ast-main-header-display":"","ast-hfb-above-header-display":"","ast-hfb-below-header-display":"","ast-hfb-mobile-header-display":"","site-post-title":"","ast-breadcrumbs-content":"","ast-featured-img":"","footer-sml-layout":"","theme-transparent-header-meta":"default","adv-header-id-meta":"","stick-header-meta":"","header-above-stick-meta":"","header-main-stick-meta":"","header-below-stick-meta":"","astra-migrate-meta-layouts":"set","ast-page-background-enabled":"default","ast-page-background-meta":{"desktop":{"background-color":"var(--ast-global-color-4)","background-image":"","background-repeat":"repeat","background-position":"center center","background-size":"auto","background-attachment":"scroll","background-type":"","background-media":"","overlay-type":"","overlay-color":"","overlay-opacity":"","overlay-gradient":""},"tablet":{"background-color":"","background-image":"","background-repeat":"repeat","background-position":"center center","background-size":"auto","background-attachment":"scroll","background-type":"","background-media":"","overlay-type":"","overlay-color":"","overlay-opacity":"","overlay-gradient":""},"mobile":{"background-color":"","background-image":"","background-repeat":"repeat","background-position":"center center","background-size":"auto","background-attachment":"scroll","background-type":"","background-media":"","overlay-type":"","overlay-color":"","overlay-opacity":"","overlay-gradient":""}},"ast-content-background-meta":{"desktop":{"background-color":"var(--ast-global-color-5)","background-image":"","background-repeat":"repeat","background-position":"center center","background-size":"auto","background-attachment":"scroll","background-type":"","background-media":"","overlay-type":"","overlay-color":"","overlay-opacity":"","overlay-gradient":""},"tablet":{"background-color":"var(--ast-global-color-5)","background-image":"","background-repeat":"repeat","background-position":"center center","background-size":"auto","background-attachment":"scroll","background-type":"","background-media":"","overlay-type":"","overlay-color":"","overlay-opacity":"","overlay-gradient":""},"mobile":{"background-color":"var(--ast-global-color-5)","background-image":"","background-repeat":"repeat","background-position":"center center","background-size":"auto","background-attachment":"scroll","background-type":"","background-media":"","overlay-type":"","overlay-color":"","overlay-opacity":"","overlay-gradient":""}}},"product_brand":[],"product_cat":[993],"product_tag":[],"class_list":{"0":"post-13730","1":"product","2":"type-product","3":"status-publish","4":"has-post-thumbnail","6":"product_cat-footwear-accessories","7":"pa_48215_wzz9366j-bla","8":"pa_48215_wzz9366j-gron","9":"pa_48215_wzz9366j-lila","10":"pa_48215_wzz9366j-rod","11":"pa_48215_wzz9366j-rosa","12":"pa_48215_wzz9366j-silver-guld","13":"pa_48215_wzz9366j-svart","14":"pa_48215_wzz9366j-vit","15":"desktop-align-left","16":"tablet-align-left","17":"mobile-align-left","19":"first","20":"instock","21":"shipping-taxable","22":"purchasable","23":"product-type-variable"},"_links":{"self":[{"href":"https:\/\/keluvo.com\/se\/wp-json\/wp\/v2\/product\/13730","targetHints":{"allow":["GET"]}}],"collection":[{"href":"https:\/\/keluvo.com\/se\/wp-json\/wp\/v2\/product"}],"about":[{"href":"https:\/\/keluvo.com\/se\/wp-json\/wp\/v2\/types\/product"}],"replies":[{"embeddable":true,"href":"https:\/\/keluvo.com\/se\/wp-json\/wp\/v2\/comments?post=13730"}],"wp:featuredmedia":[{"embeddable":true,"href":"https:\/\/keluvo.com\/se\/wp-json\/wp\/v2\/media\/13726"}],"wp:attachment":[{"href":"https:\/\/keluvo.com\/se\/wp-json\/wp\/v2\/media?parent=13730"}],"wp:term":[{"taxonomy":"product_brand","embeddable":true,"href":"https:\/\/keluvo.com\/se\/wp-json\/wp\/v2\/product_brand?post=13730"},{"taxonomy":"product_cat","embeddable":true,"href":"https:\/\/keluvo.com\/se\/wp-json\/wp\/v2\/product_cat?post=13730"},{"taxonomy":"product_tag","embeddable":true,"href":"https:\/\/keluvo.com\/se\/wp-json\/wp\/v2\/product_tag?post=13730"}],"curies":[{"name":"wp","href":"https:\/\/api.w.org\/{rel}","templated":true}]}}