{"id":13725,"date":"2025-06-17T14:24:39","date_gmt":"2025-06-17T12:24:39","guid":{"rendered":"https:\/\/keluvo.com\/se\/product\/smile-strumpor-10-par\/"},"modified":"2025-06-17T14:30:25","modified_gmt":"2025-06-17T12:30:25","slug":"smile-strumpor-10-par","status":"publish","type":"product","link":"https:\/\/keluvo.com\/se\/product\/smile-strumpor-10-par\/","title":{"rendered":"Smile-strumpor (10 par)"},"content":{"rendered":"<p style=\"text-align: center;\"><strong>S\u00e4g adj\u00f6 till tr\u00e5kiga strumpor! Smile-strumporna finns i 10 ljusa par som kommer att lysa upp din dag.<\/strong><\/p>\n<p style=\"text-align: center;\">Njut av komfort och stil som g\u00f6r att livet k\u00e4nns roligare. Kl\u00e4 dina f\u00f6tter r\u00e4tt och sticka ut med varje steg! Strumporna \u00e4r tillverkade av en mysig bomullsblandning som g\u00f6r dem bekv\u00e4ma och andningsbara, s\u00e5 att dina f\u00f6tter h\u00e5ller sig fr\u00e4scha hela dagen. Du kommer inte bara att lyfta ditt hum\u00f6r utan ocks\u00e5 din stil. Oavsett om du \u00e4r p\u00e5 jobbet, tr\u00e4nar eller kopplar av hemma passar de h\u00e4r strumporna perfekt och ser bra ut!<\/p>\n<p style=\"text-align: center;\">Storlek: 36-41.<\/p>\n<p><img decoding=\"async\" class=\"size-full wp-image-24019 aligncenter\" src=\"https:\/\/keluvo.com\/template\/wp-content\/uploads\/sites\/5\/2025\/06\/3_5db72bcd-28a0-4f4e-9a77-45c8365940f5.webp\" alt=\"\" \/><\/p>\n<h2 style=\"text-align: center;\"><strong>Ljusa F\u00e4rger Och M\u00f6nster<\/strong><\/h2>\n<p style=\"text-align: center;\">Smile-strumporna ger f\u00e4rg till ditt dagliga liv och ger din outfit en unik touch.<\/p>\n<p><img decoding=\"async\" class=\"size-full wp-image-24025 aligncenter\" src=\"https:\/\/keluvo.com\/template\/wp-content\/uploads\/sites\/5\/2025\/06\/CB9A0471Kopie.webp\" alt=\"\" \/><\/p>\n<h2 style=\"text-align: center;\"><strong>H\u00f6gkvalitativ Komfort<\/strong><\/h2>\n<p style=\"text-align: center;\">Den andningsbara bomullsblandningen s\u00e4kerst\u00e4ller en bekv\u00e4m passform och h\u00e5ller dina f\u00f6tter fr\u00e4scha.<\/p>\n<p><img decoding=\"async\" class=\"size-full wp-image-24024 aligncenter\" src=\"https:\/\/keluvo.com\/template\/wp-content\/uploads\/sites\/5\/2025\/06\/IMG_7295-min_b56cb4d7-9a37-4e07-91bc-0679fa8884d9.webp\" alt=\"\" \/><\/p>\n<h2 style=\"text-align: center;\"><strong>Slitstark Kvalitet<\/strong><\/h2>\n<p style=\"text-align: center;\">Gjorda f\u00f6r att h\u00e5lla, de h\u00e4r strumporna h\u00e5ller sig bra \u00e4ven efter m\u00e5nga tv\u00e4ttar och \u00e4r l\u00e4tta att ta hand om.<\/p>\n<p><img decoding=\"async\" class=\"size-full wp-image-24020 aligncenter\" src=\"https:\/\/keluvo.com\/template\/wp-content\/uploads\/sites\/5\/2025\/06\/Zwischenueberschrifthinzufuegen-3_52ae02f4-aa65-461c-ab94-be5e00e0203a.webp\" alt=\"\" \/><\/p>\n<p style=\"text-align: center;\">Smile-strumporna kan tv\u00e4ttas i maskin och bibeh\u00e5ller sin kvalitet, vilket g\u00f6r dem perfekta f\u00f6r vardagsbruk.<\/p>\n","protected":false},"excerpt":{"rendered":"<p>S\u00e4g adj\u00f6 till tr\u00e5kiga strumpor! Smile-strumporna finns i 10 ljusa par som kommer att lysa upp din dag. Njut av [&hellip;]<\/p>\n","protected":false},"featured_media":13721,"comment_status":"open","ping_status":"closed","template":"","meta":{"site-sidebar-layout":"default","site-content-layout":"","ast-site-content-layout":"default","site-content-style":"default","site-sidebar-style":"default","ast-global-header-display":"","ast-banner-title-visibility":"","ast-main-header-display":"","ast-hfb-above-header-display":"","ast-hfb-below-header-display":"","ast-hfb-mobile-header-display":"","site-post-title":"","ast-breadcrumbs-content":"","ast-featured-img":"","footer-sml-layout":"","theme-transparent-header-meta":"default","adv-header-id-meta":"","stick-header-meta":"","header-above-stick-meta":"","header-main-stick-meta":"","header-below-stick-meta":"","astra-migrate-meta-layouts":"set","ast-page-background-enabled":"default","ast-page-background-meta":{"desktop":{"background-color":"var(--ast-global-color-4)","background-image":"","background-repeat":"repeat","background-position":"center center","background-size":"auto","background-attachment":"scroll","background-type":"","background-media":"","overlay-type":"","overlay-color":"","overlay-opacity":"","overlay-gradient":""},"tablet":{"background-color":"","background-image":"","background-repeat":"repeat","background-position":"center center","background-size":"auto","background-attachment":"scroll","background-type":"","background-media":"","overlay-type":"","overlay-color":"","overlay-opacity":"","overlay-gradient":""},"mobile":{"background-color":"","background-image":"","background-repeat":"repeat","background-position":"center center","background-size":"auto","background-attachment":"scroll","background-type":"","background-media":"","overlay-type":"","overlay-color":"","overlay-opacity":"","overlay-gradient":""}},"ast-content-background-meta":{"desktop":{"background-color":"var(--ast-global-color-5)","background-image":"","background-repeat":"repeat","background-position":"center center","background-size":"auto","background-attachment":"scroll","background-type":"","background-media":"","overlay-type":"","overlay-color":"","overlay-opacity":"","overlay-gradient":""},"tablet":{"background-color":"var(--ast-global-color-5)","background-image":"","background-repeat":"repeat","background-position":"center center","background-size":"auto","background-attachment":"scroll","background-type":"","background-media":"","overlay-type":"","overlay-color":"","overlay-opacity":"","overlay-gradient":""},"mobile":{"background-color":"var(--ast-global-color-5)","background-image":"","background-repeat":"repeat","background-position":"center center","background-size":"auto","background-attachment":"scroll","background-type":"","background-media":"","overlay-type":"","overlay-color":"","overlay-opacity":"","overlay-gradient":""}}},"product_brand":[],"product_cat":[994,995,993],"product_tag":[],"class_list":{"0":"post-13725","1":"product","2":"type-product","3":"status-publish","4":"has-post-thumbnail","6":"product_cat-clothing-for-women","7":"product_cat-clothing-for-men","8":"product_cat-footwear-accessories","9":"desktop-align-left","10":"tablet-align-left","11":"mobile-align-left","13":"first","14":"instock","15":"shipping-taxable","16":"purchasable","17":"product-type-simple"},"_links":{"self":[{"href":"https:\/\/keluvo.com\/se\/wp-json\/wp\/v2\/product\/13725","targetHints":{"allow":["GET"]}}],"collection":[{"href":"https:\/\/keluvo.com\/se\/wp-json\/wp\/v2\/product"}],"about":[{"href":"https:\/\/keluvo.com\/se\/wp-json\/wp\/v2\/types\/product"}],"replies":[{"embeddable":true,"href":"https:\/\/keluvo.com\/se\/wp-json\/wp\/v2\/comments?post=13725"}],"wp:featuredmedia":[{"embeddable":true,"href":"https:\/\/keluvo.com\/se\/wp-json\/wp\/v2\/media\/13721"}],"wp:attachment":[{"href":"https:\/\/keluvo.com\/se\/wp-json\/wp\/v2\/media?parent=13725"}],"wp:term":[{"taxonomy":"product_brand","embeddable":true,"href":"https:\/\/keluvo.com\/se\/wp-json\/wp\/v2\/product_brand?post=13725"},{"taxonomy":"product_cat","embeddable":true,"href":"https:\/\/keluvo.com\/se\/wp-json\/wp\/v2\/product_cat?post=13725"},{"taxonomy":"product_tag","embeddable":true,"href":"https:\/\/keluvo.com\/se\/wp-json\/wp\/v2\/product_tag?post=13725"}],"curies":[{"name":"wp","href":"https:\/\/api.w.org\/{rel}","templated":true}]}}