{"id":13623,"date":"2025-06-16T17:09:01","date_gmt":"2025-06-16T15:09:01","guid":{"rendered":"https:\/\/keluvo.com\/se\/product\/moderna-ortopediska-skor\/"},"modified":"2025-06-16T17:10:09","modified_gmt":"2025-06-16T15:10:09","slug":"moderna-ortopediska-skor","status":"publish","type":"product","link":"https:\/\/keluvo.com\/se\/product\/moderna-ortopediska-skor\/","title":{"rendered":"Moderna ortopediska skor"},"content":{"rendered":"<p><img decoding=\"async\" class=\"size-full wp-image-23965 aligncenter\" src=\"https:\/\/keluvo.com\/template\/wp-content\/uploads\/sites\/5\/2025\/06\/GDT.jpg\" alt=\"\" \/><\/p>\n<p style=\"text-align: center\"><strong>Komfort F\u00f6r Ditt Aktiva Liv<\/strong><\/p>\n<p style=\"text-align: center\">\u00c4r du p\u00e5 jakt efter bekv\u00e4ma och st\u00f6djande skor f\u00f6r din aktiva livsstil? D\u00e5 beh\u00f6ver du inte leta l\u00e4ngre! V\u00e5ra ortopediska skor \u00e4r utformade f\u00f6r att ge det st\u00f6d som dina f\u00f6tter beh\u00f6ver oavsett om du vandrar, tr\u00e4nar, spelar tennis eller cyklar. S\u00e4g adj\u00f6 till h\u00e4l-, fot- och kn\u00e4sm\u00e4rta! De h\u00e4r skorna \u00e4r perfekta f\u00f6r alla som vill njuta av ett sm\u00e4rtfritt liv och g\u00e5 bekv\u00e4mt. Ingen vill att problem som h\u00e4lsporre eller fotsm\u00e4rta ska h\u00e5lla dem tillbaka.<\/p>\n<p><img decoding=\"async\" class=\"size-full wp-image-23963 aligncenter\" src=\"https:\/\/keluvo.com\/template\/wp-content\/uploads\/sites\/5\/2025\/06\/Pantalon_produit1_750x750.webp\" alt=\"\" \/><\/p>\n<h2 style=\"text-align: center\"><strong>R\u00f6r Dig Sm\u00e4rtfritt!<\/strong><\/h2>\n<p style=\"text-align: center\">Med v\u00e5ra skor beh\u00f6ver du inte spendera pengar p\u00e5 dyra l\u00e4karbes\u00f6k eller inl\u00e4ggssulor. Varje steg du tar d\u00e4mpas av en robust, mjuk sula. Den tjocka, st\u00f6td\u00e4mpande sulan ger st\u00f6d \u00e5t hela foten, inte bara h\u00e4len.<\/p>\n<h2 style=\"text-align: center\"><strong>Varf\u00f6r V\u00e4lja V\u00e5ra Skor?<\/strong><\/h2>\n<p>\u2714\ufe0f Maximal komfort: V\u00e5ra skor har kuddar som ger st\u00f6d \u00e5t hela foten och en speciell innersula f\u00f6r extra komfort. Prova dem och k\u00e4nn skillnaden!<\/p>\n<p>\u2714\ufe0f Stabilitet f\u00f6r en aktiv livsstil: Med en bredare h\u00e4l p\u00e5 2 tum ger dessa skor det st\u00f6d du beh\u00f6ver f\u00f6r ditt aktiva liv. Den noggrant placerade innersulan ger en s\u00e4ker passform s\u00e5 att du kan prestera ditt b\u00e4sta.<\/p>\n<p>\u2714\ufe0f Passar breda och smala f\u00f6tter: V\u00e5ra skor passar b\u00e5de breda och smala f\u00f6tter och \u00e4r tillverkade av material som andas f\u00f6r att h\u00e5lla dina f\u00f6tter svala.<\/p>\n<p><img decoding=\"async\" class=\"size-full wp-image-23964 aligncenter\" src=\"https:\/\/keluvo.com\/template\/wp-content\/uploads\/sites\/5\/2025\/06\/gif3.gif\" alt=\"\" \/><\/p>\n<h2 style=\"text-align: center\"><strong>Huvudf\u00f6rdelar<\/strong><\/h2>\n<ul>\n<li>Lindring av sm\u00e4rta i h\u00e4l, fot och kn\u00e4<\/li>\n<li>Anpassningsbara f\u00f6r breda och smala f\u00f6tter<\/li>\n<li>Andas f\u00f6r att f\u00f6rhindra svettning<\/li>\n<li>F\u00f6rb\u00e4ttrad r\u00f6rlighet<\/li>\n<li>Snygg och modern design<\/li>\n<li>\u00d6kad stabilitet f\u00f6r aktiv anv\u00e4ndning<\/li>\n<li>3-b\u00e5gsst\u00f6d f\u00f6r en bekv\u00e4mare promenad.<\/li>\n<\/ul>\n<p style=\"text-align: center\">\n","protected":false},"excerpt":{"rendered":"<p>Komfort F\u00f6r Ditt Aktiva Liv \u00c4r du p\u00e5 jakt efter bekv\u00e4ma och st\u00f6djande skor f\u00f6r din aktiva livsstil? D\u00e5 beh\u00f6ver [&hellip;]<\/p>\n","protected":false},"featured_media":13619,"comment_status":"open","ping_status":"closed","template":"","meta":{"site-sidebar-layout":"default","site-content-layout":"","ast-site-content-layout":"default","site-content-style":"default","site-sidebar-style":"default","ast-global-header-display":"","ast-banner-title-visibility":"","ast-main-header-display":"","ast-hfb-above-header-display":"","ast-hfb-below-header-display":"","ast-hfb-mobile-header-display":"","site-post-title":"","ast-breadcrumbs-content":"","ast-featured-img":"","footer-sml-layout":"","theme-transparent-header-meta":"default","adv-header-id-meta":"","stick-header-meta":"","header-above-stick-meta":"","header-main-stick-meta":"","header-below-stick-meta":"","astra-migrate-meta-layouts":"set","ast-page-background-enabled":"default","ast-page-background-meta":{"desktop":{"background-color":"var(--ast-global-color-4)","background-image":"","background-repeat":"repeat","background-position":"center center","background-size":"auto","background-attachment":"scroll","background-type":"","background-media":"","overlay-type":"","overlay-color":"","overlay-opacity":"","overlay-gradient":""},"tablet":{"background-color":"","background-image":"","background-repeat":"repeat","background-position":"center center","background-size":"auto","background-attachment":"scroll","background-type":"","background-media":"","overlay-type":"","overlay-color":"","overlay-opacity":"","overlay-gradient":""},"mobile":{"background-color":"","background-image":"","background-repeat":"repeat","background-position":"center center","background-size":"auto","background-attachment":"scroll","background-type":"","background-media":"","overlay-type":"","overlay-color":"","overlay-opacity":"","overlay-gradient":""}},"ast-content-background-meta":{"desktop":{"background-color":"var(--ast-global-color-5)","background-image":"","background-repeat":"repeat","background-position":"center center","background-size":"auto","background-attachment":"scroll","background-type":"","background-media":"","overlay-type":"","overlay-color":"","overlay-opacity":"","overlay-gradient":""},"tablet":{"background-color":"var(--ast-global-color-5)","background-image":"","background-repeat":"repeat","background-position":"center center","background-size":"auto","background-attachment":"scroll","background-type":"","background-media":"","overlay-type":"","overlay-color":"","overlay-opacity":"","overlay-gradient":""},"mobile":{"background-color":"var(--ast-global-color-5)","background-image":"","background-repeat":"repeat","background-position":"center center","background-size":"auto","background-attachment":"scroll","background-type":"","background-media":"","overlay-type":"","overlay-color":"","overlay-opacity":"","overlay-gradient":""}}},"product_brand":[],"product_cat":[993],"product_tag":[],"class_list":{"0":"post-13623","1":"product","2":"type-product","3":"status-publish","4":"has-post-thumbnail","6":"product_cat-footwear-accessories","7":"pa_48212_d1sesekx-bla","8":"pa_48212_d1sesekx-guld","9":"pa_48212_d1sesekx-svart","10":"pa_48212_d1sesekx-vit","11":"pa_48212_zlgxoedk-2427","12":"pa_48212_zlgxoedk-2428","13":"pa_48212_zlgxoedk-2429","14":"pa_48212_zlgxoedk-2430","15":"pa_48212_zlgxoedk-2431","16":"pa_48212_zlgxoedk-2432","17":"pa_48212_zlgxoedk-2433","18":"pa_48212_zlgxoedk-2434","19":"desktop-align-left","20":"tablet-align-left","21":"mobile-align-left","23":"first","24":"instock","25":"shipping-taxable","26":"purchasable","27":"product-type-variable","28":"has-default-attributes"},"_links":{"self":[{"href":"https:\/\/keluvo.com\/se\/wp-json\/wp\/v2\/product\/13623","targetHints":{"allow":["GET"]}}],"collection":[{"href":"https:\/\/keluvo.com\/se\/wp-json\/wp\/v2\/product"}],"about":[{"href":"https:\/\/keluvo.com\/se\/wp-json\/wp\/v2\/types\/product"}],"replies":[{"embeddable":true,"href":"https:\/\/keluvo.com\/se\/wp-json\/wp\/v2\/comments?post=13623"}],"wp:featuredmedia":[{"embeddable":true,"href":"https:\/\/keluvo.com\/se\/wp-json\/wp\/v2\/media\/13619"}],"wp:attachment":[{"href":"https:\/\/keluvo.com\/se\/wp-json\/wp\/v2\/media?parent=13623"}],"wp:term":[{"taxonomy":"product_brand","embeddable":true,"href":"https:\/\/keluvo.com\/se\/wp-json\/wp\/v2\/product_brand?post=13623"},{"taxonomy":"product_cat","embeddable":true,"href":"https:\/\/keluvo.com\/se\/wp-json\/wp\/v2\/product_cat?post=13623"},{"taxonomy":"product_tag","embeddable":true,"href":"https:\/\/keluvo.com\/se\/wp-json\/wp\/v2\/product_tag?post=13623"}],"curies":[{"name":"wp","href":"https:\/\/api.w.org\/{rel}","templated":true}]}}