{"id":13612,"date":"2025-06-16T17:07:55","date_gmt":"2025-06-16T15:07:55","guid":{"rendered":"https:\/\/keluvo.com\/se\/product\/snabb-avloppsrensning\/"},"modified":"2025-06-16T17:08:01","modified_gmt":"2025-06-16T15:08:01","slug":"snabb-avloppsrensning","status":"publish","type":"product","link":"https:\/\/keluvo.com\/se\/product\/snabb-avloppsrensning\/","title":{"rendered":"Snabb avloppsrensning"},"content":{"rendered":"<p style=\"text-align: center\"><strong>Omedelbar Avloppsreng\u00f6ring \u2013 Din Go-To F\u00f6r Att Rensa Diskb\u00e4nkar Och Avlopp.<\/strong><\/p>\n<p style=\"text-align: center\"><span data-sheets-root=\"1\">Omedelbar avloppsreng\u00f6ring<\/span> \u00e4r en milj\u00f6v\u00e4nlig avloppsreng\u00f6ring som effektivt rensar blockeringar i diskb\u00e4nkar, toaletter och r\u00f6r. Det \u00e4r s\u00e4kert att anv\u00e4nda och skadar inte din VVS.<\/p>\n<p><img decoding=\"async\" class=\"size-full wp-image-23948 aligncenter\" src=\"https:\/\/keluvo.com\/template\/wp-content\/uploads\/sites\/5\/2025\/06\/0616vvvvv-ezgif.com-gif-to-webp-converter.webp\" alt=\"\" \/><\/p>\n<p>\ud83d\udca7 Fungerar bra och \u00e4r s\u00e4kert<\/p>\n<p>\ud83c\udf3f Milj\u00f6v\u00e4nligt formula<\/p>\n<p>\ud83d\udee0\ufe0f L\u00e4tt att anv\u00e4nda och budgetv\u00e4nligt<\/p>\n<h2 style=\"text-align: center\">Den H\u00e4r Reng\u00f6ringen \u00c4r Tillverkad Av Material Som Inte Skadar Dina Avlopp, R\u00f6r Eller Septiska System.<\/h2>\n<p style=\"text-align: center\">Dess speciella blandning av ingredienser \u00e4r utformad f\u00f6r maximal effektivitet utan att skada milj\u00f6n eller f\u00f6rorena vattenk\u00e4llor. Formeln med h\u00f6g densitet fastnar i r\u00f6ren, \u00e4ndrar pH-niv\u00e5erna och bryter ner igens\u00e4ttningar snabbt.<\/p>\n<h2 style=\"text-align: center\">Om Du \u00c4r Tr\u00f6tt P\u00e5 Att Hantera Blockerade Avlopp Eller VVS-Problem \u00c4r O<span data-sheets-root=\"1\">medelbar avloppsrensare<\/span> Den L\u00f6sning Du Beh\u00f6ver.<\/h2>\n<p style=\"text-align: center\">Att anv\u00e4nda o<span data-sheets-root=\"1\">medelbar avloppsrensare<\/span> \u00e4r enkelt: h\u00e4ll det bara i ditt igensatta avlopp, v\u00e4nta n\u00e5gra minuter och spola sedan med vatten. Det \u00e4r ett snabbt och enkelt s\u00e4tt att f\u00e5 din VVS tillbaka p\u00e5 r\u00e4tt sp\u00e5r och l\u00f6ser effektivt fett, olja, h\u00e5r och mer.<\/p>\n<p><img decoding=\"async\" class=\"size-full wp-image-23961 aligncenter\" src=\"https:\/\/keluvo.com\/template\/wp-content\/uploads\/sites\/5\/2025\/06\/UG7WZpcAtgaVBp4CcZZt-1.jpeg\" alt=\"\" \/><\/p>\n<p style=\"text-align: center\">Med sina icke-fr\u00e4tande ingredienser \u00e4r o<span data-sheets-root=\"1\">medelbar avloppsrensare<\/span> s\u00e4ker f\u00f6r alla dina VVS-behov. Det \u00e4r anv\u00e4ndarv\u00e4nligt, prisv\u00e4rt och effektivt \u2013 det perfekta svaret p\u00e5 dina VVS-utmaningar. S\u00e4g adj\u00f6 till kostsamma r\u00f6rmokartj\u00e4nster! <span data-sheets-root=\"1\">Instant avloppsrensare<\/span> \u00e4r perfekt f\u00f6r daglig anv\u00e4ndning, oavsett om du har ett l\u00e5ngsamt avlopp eller beh\u00f6ver regelbundet underh\u00e5ll. Bara h\u00e4ll, v\u00e4nta och spola \u2013 s\u00e5 enkelt \u00e4r det och du sparar b\u00e5de tid och pengar.<\/p>\n","protected":false},"excerpt":{"rendered":"<p>Omedelbar Avloppsreng\u00f6ring \u2013 Din Go-To F\u00f6r Att Rensa Diskb\u00e4nkar Och Avlopp. Omedelbar avloppsreng\u00f6ring \u00e4r en milj\u00f6v\u00e4nlig avloppsreng\u00f6ring som effektivt rensar [&hellip;]<\/p>\n","protected":false},"featured_media":13608,"comment_status":"open","ping_status":"closed","template":"","meta":{"site-sidebar-layout":"default","site-content-layout":"","ast-site-content-layout":"default","site-content-style":"default","site-sidebar-style":"default","ast-global-header-display":"","ast-banner-title-visibility":"","ast-main-header-display":"","ast-hfb-above-header-display":"","ast-hfb-below-header-display":"","ast-hfb-mobile-header-display":"","site-post-title":"","ast-breadcrumbs-content":"","ast-featured-img":"","footer-sml-layout":"","theme-transparent-header-meta":"default","adv-header-id-meta":"","stick-header-meta":"","header-above-stick-meta":"","header-main-stick-meta":"","header-below-stick-meta":"","astra-migrate-meta-layouts":"set","ast-page-background-enabled":"default","ast-page-background-meta":{"desktop":{"background-color":"var(--ast-global-color-4)","background-image":"","background-repeat":"repeat","background-position":"center center","background-size":"auto","background-attachment":"scroll","background-type":"","background-media":"","overlay-type":"","overlay-color":"","overlay-opacity":"","overlay-gradient":""},"tablet":{"background-color":"","background-image":"","background-repeat":"repeat","background-position":"center center","background-size":"auto","background-attachment":"scroll","background-type":"","background-media":"","overlay-type":"","overlay-color":"","overlay-opacity":"","overlay-gradient":""},"mobile":{"background-color":"","background-image":"","background-repeat":"repeat","background-position":"center center","background-size":"auto","background-attachment":"scroll","background-type":"","background-media":"","overlay-type":"","overlay-color":"","overlay-opacity":"","overlay-gradient":""}},"ast-content-background-meta":{"desktop":{"background-color":"var(--ast-global-color-5)","background-image":"","background-repeat":"repeat","background-position":"center center","background-size":"auto","background-attachment":"scroll","background-type":"","background-media":"","overlay-type":"","overlay-color":"","overlay-opacity":"","overlay-gradient":""},"tablet":{"background-color":"var(--ast-global-color-5)","background-image":"","background-repeat":"repeat","background-position":"center center","background-size":"auto","background-attachment":"scroll","background-type":"","background-media":"","overlay-type":"","overlay-color":"","overlay-opacity":"","overlay-gradient":""},"mobile":{"background-color":"var(--ast-global-color-5)","background-image":"","background-repeat":"repeat","background-position":"center center","background-size":"auto","background-attachment":"scroll","background-type":"","background-media":"","overlay-type":"","overlay-color":"","overlay-opacity":"","overlay-gradient":""}}},"product_brand":[],"product_cat":[1001],"product_tag":[],"class_list":{"0":"post-13612","1":"product","2":"type-product","3":"status-publish","4":"has-post-thumbnail","6":"product_cat-household-goods","7":"pa_48211_m62s5353-1-st","8":"pa_48211_m62s5353-3-st","9":"pa_48211_m62s5353-5-st","10":"desktop-align-left","11":"tablet-align-left","12":"mobile-align-left","14":"first","15":"instock","16":"shipping-taxable","17":"purchasable","18":"product-type-variable"},"_links":{"self":[{"href":"https:\/\/keluvo.com\/se\/wp-json\/wp\/v2\/product\/13612","targetHints":{"allow":["GET"]}}],"collection":[{"href":"https:\/\/keluvo.com\/se\/wp-json\/wp\/v2\/product"}],"about":[{"href":"https:\/\/keluvo.com\/se\/wp-json\/wp\/v2\/types\/product"}],"replies":[{"embeddable":true,"href":"https:\/\/keluvo.com\/se\/wp-json\/wp\/v2\/comments?post=13612"}],"wp:featuredmedia":[{"embeddable":true,"href":"https:\/\/keluvo.com\/se\/wp-json\/wp\/v2\/media\/13608"}],"wp:attachment":[{"href":"https:\/\/keluvo.com\/se\/wp-json\/wp\/v2\/media?parent=13612"}],"wp:term":[{"taxonomy":"product_brand","embeddable":true,"href":"https:\/\/keluvo.com\/se\/wp-json\/wp\/v2\/product_brand?post=13612"},{"taxonomy":"product_cat","embeddable":true,"href":"https:\/\/keluvo.com\/se\/wp-json\/wp\/v2\/product_cat?post=13612"},{"taxonomy":"product_tag","embeddable":true,"href":"https:\/\/keluvo.com\/se\/wp-json\/wp\/v2\/product_tag?post=13612"}],"curies":[{"name":"wp","href":"https:\/\/api.w.org\/{rel}","templated":true}]}}