{"id":13488,"date":"2025-06-16T13:44:09","date_gmt":"2025-06-16T11:44:09","guid":{"rendered":"https:\/\/keluvo.com\/se\/product\/italienska-bantningstrosor\/"},"modified":"2025-06-16T13:46:15","modified_gmt":"2025-06-16T11:46:15","slug":"italienska-bantningstrosor","status":"publish","type":"product","link":"https:\/\/keluvo.com\/se\/product\/italienska-bantningstrosor\/","title":{"rendered":"Italienska bantningstrosor"},"content":{"rendered":"<p><img decoding=\"async\" class=\"size-full wp-image-23684 aligncenter\" src=\"https:\/\/keluvo.com\/template\/wp-content\/uploads\/sites\/5\/2025\/06\/Screenshot_5.png\" alt=\"\" \/><\/p>\n<p style=\"text-align: center\">\u00c4ven om du inte har en platt mage \u00e4r dina kurvor vackra och v\u00e4rda att framh\u00e4va. Dessa trosor h\u00e4mtar inspiration fr\u00e5n klassiska italienska stilar och f\u00f6rst\u00e4rker din form med elegans.<\/p>\n<h2 style=\"text-align: center\"><strong>Beskrivning<\/strong><\/h2>\n<p style=\"text-align: center\">Dessa slimmande trosor \u00e4r designade f\u00f6r att passa dina kurvor utan att kl\u00e4mma dem. Den h\u00f6ga midjan och de noggrant placerade blomm\u00f6nstren skapar en smickrande effekt som f\u00f6rsiktigt formar din silhuett. De \u00e4r diskreta under kl\u00e4derna, ger l\u00e4tt st\u00f6d och kompletterar vackert alla kroppstyper.<\/p>\n<h2 style=\"text-align: center\"><strong>Sammans\u00e4ttning<\/strong><\/h2>\n<ul>\n<li>Material: 95% polyamid, 5% spandex<\/li>\n<li>V\u00e5rd: Handtv\u00e4tt eller maskintv\u00e4tt i h\u00f6gst 30\u00b0C i en tv\u00e4ttp\u00e5se.<\/li>\n<\/ul>\n<p><img decoding=\"async\" class=\"size-full wp-image-23685 aligncenter\" src=\"https:\/\/keluvo.com\/template\/wp-content\/uploads\/sites\/5\/2025\/06\/culotte_italienne_amincissante_en_dentelle_orlivia-min.webp\" alt=\"\" \/><\/p>\n<p><strong>\u2714 Slimmad Midja<\/strong><\/p>\n<p>De formar din midja p\u00e5 ett elegant s\u00e4tt och kramar f\u00f6rsiktigt om underlivet f\u00f6r ett raffinerat utseende.<\/p>\n<p><strong>\u2714 Italiensk Stil<\/strong><\/p>\n<p>Designen \u00e4r inspirerad av klassiska italienska plagg och har en subtil spets som ger en touch av elegans.<\/p>\n<p><strong>\u2714 Designad F\u00f6r Alla<\/strong><\/p>\n<p>De h\u00e4r trosorna passar och f\u00f6rst\u00e4rker varje kroppsform, oavsett storlek.<\/p>\n","protected":false},"excerpt":{"rendered":"<p>\u00c4ven om du inte har en platt mage \u00e4r dina kurvor vackra och v\u00e4rda att framh\u00e4va. Dessa trosor h\u00e4mtar inspiration [&hellip;]<\/p>\n","protected":false},"featured_media":13484,"comment_status":"open","ping_status":"closed","template":"","meta":{"site-sidebar-layout":"default","site-content-layout":"","ast-site-content-layout":"default","site-content-style":"default","site-sidebar-style":"default","ast-global-header-display":"","ast-banner-title-visibility":"","ast-main-header-display":"","ast-hfb-above-header-display":"","ast-hfb-below-header-display":"","ast-hfb-mobile-header-display":"","site-post-title":"","ast-breadcrumbs-content":"","ast-featured-img":"","footer-sml-layout":"","theme-transparent-header-meta":"default","adv-header-id-meta":"","stick-header-meta":"","header-above-stick-meta":"","header-main-stick-meta":"","header-below-stick-meta":"","astra-migrate-meta-layouts":"set","ast-page-background-enabled":"default","ast-page-background-meta":{"desktop":{"background-color":"var(--ast-global-color-4)","background-image":"","background-repeat":"repeat","background-position":"center center","background-size":"auto","background-attachment":"scroll","background-type":"","background-media":"","overlay-type":"","overlay-color":"","overlay-opacity":"","overlay-gradient":""},"tablet":{"background-color":"","background-image":"","background-repeat":"repeat","background-position":"center center","background-size":"auto","background-attachment":"scroll","background-type":"","background-media":"","overlay-type":"","overlay-color":"","overlay-opacity":"","overlay-gradient":""},"mobile":{"background-color":"","background-image":"","background-repeat":"repeat","background-position":"center center","background-size":"auto","background-attachment":"scroll","background-type":"","background-media":"","overlay-type":"","overlay-color":"","overlay-opacity":"","overlay-gradient":""}},"ast-content-background-meta":{"desktop":{"background-color":"var(--ast-global-color-5)","background-image":"","background-repeat":"repeat","background-position":"center center","background-size":"auto","background-attachment":"scroll","background-type":"","background-media":"","overlay-type":"","overlay-color":"","overlay-opacity":"","overlay-gradient":""},"tablet":{"background-color":"var(--ast-global-color-5)","background-image":"","background-repeat":"repeat","background-position":"center center","background-size":"auto","background-attachment":"scroll","background-type":"","background-media":"","overlay-type":"","overlay-color":"","overlay-opacity":"","overlay-gradient":""},"mobile":{"background-color":"var(--ast-global-color-5)","background-image":"","background-repeat":"repeat","background-position":"center center","background-size":"auto","background-attachment":"scroll","background-type":"","background-media":"","overlay-type":"","overlay-color":"","overlay-opacity":"","overlay-gradient":""}}},"product_brand":[],"product_cat":[994],"product_tag":[],"class_list":{"0":"post-13488","1":"product","2":"type-product","3":"status-publish","4":"has-post-thumbnail","6":"product_cat-clothing-for-women","7":"pa_48204_7splzirs-beige","8":"pa_48204_7splzirs-brun","9":"pa_48204_7splzirs-pastellbla","10":"pa_48204_7splzirs-rod","11":"pa_48204_7splzirs-rosa","12":"pa_48204_7splzirs-svart","13":"pa_48204_jzvbzjvf-xs-s-34-36","14":"pa_48204_jzvbzjvf-m-38","15":"pa_48204_jzvbzjvf-l-40","16":"pa_48204_jzvbzjvf-xl-42-44","17":"pa_48204_jzvbzjvf-2xl-46","18":"pa_48204_jzvbzjvf-3xl-48-50","19":"desktop-align-left","20":"tablet-align-left","21":"mobile-align-left","23":"first","24":"instock","25":"shipping-taxable","26":"purchasable","27":"product-type-variable","28":"has-default-attributes"},"_links":{"self":[{"href":"https:\/\/keluvo.com\/se\/wp-json\/wp\/v2\/product\/13488","targetHints":{"allow":["GET"]}}],"collection":[{"href":"https:\/\/keluvo.com\/se\/wp-json\/wp\/v2\/product"}],"about":[{"href":"https:\/\/keluvo.com\/se\/wp-json\/wp\/v2\/types\/product"}],"replies":[{"embeddable":true,"href":"https:\/\/keluvo.com\/se\/wp-json\/wp\/v2\/comments?post=13488"}],"wp:featuredmedia":[{"embeddable":true,"href":"https:\/\/keluvo.com\/se\/wp-json\/wp\/v2\/media\/13484"}],"wp:attachment":[{"href":"https:\/\/keluvo.com\/se\/wp-json\/wp\/v2\/media?parent=13488"}],"wp:term":[{"taxonomy":"product_brand","embeddable":true,"href":"https:\/\/keluvo.com\/se\/wp-json\/wp\/v2\/product_brand?post=13488"},{"taxonomy":"product_cat","embeddable":true,"href":"https:\/\/keluvo.com\/se\/wp-json\/wp\/v2\/product_cat?post=13488"},{"taxonomy":"product_tag","embeddable":true,"href":"https:\/\/keluvo.com\/se\/wp-json\/wp\/v2\/product_tag?post=13488"}],"curies":[{"name":"wp","href":"https:\/\/api.w.org\/{rel}","templated":true}]}}