{"id":13342,"date":"2025-06-13T16:41:40","date_gmt":"2025-06-13T14:41:40","guid":{"rendered":"https:\/\/keluvo.com\/se\/product\/lampa-for-liten-man\/"},"modified":"2025-06-13T16:53:46","modified_gmt":"2025-06-13T14:53:46","slug":"lampa-for-liten-man","status":"publish","type":"product","link":"https:\/\/keluvo.com\/se\/product\/lampa-for-liten-man\/","title":{"rendered":"Lilla man lampa"},"content":{"rendered":"<p style=\"text-align: center;\">Lilla man lampa tillf\u00f6r en rolig och konstn\u00e4rlig atmosf\u00e4r till alla rum och g\u00f6r vardagsbelysningen till n\u00e5got speciellt. Med sin kreativa design ger de personlighet till ditt utrymme och inspirerar till nya id\u00e9er. Med den dimbara ljusstyrkan kan du skapa den perfekta st\u00e4mningen och den sladdl\u00f6sa designen g\u00f6r den enkel att flytta runt i hemmet.<\/p>\n<p><img decoding=\"async\" class=\"size-full wp-image-23628 aligncenter\" src=\"https:\/\/keluvo.com\/template\/wp-content\/uploads\/sites\/5\/2025\/06\/RayDude_1_480x480.webp\" alt=\"\" \/><\/p>\n<p>\u2714\ufe0f <strong>Uttalande bit<\/strong> &#8211; En charmig lampa som inspirerar till kreativitet, perfekt f\u00f6r skrivbordet, nattduksbordet eller vilket h\u00f6rn som helst i vardagsrummet.<\/p>\n<p>\u2714\ufe0f <strong>Dimbar och touchkontrol l <\/strong>&#8211; Justera ljusstyrkan enkelt med en touchbrytare, s\u00e5 att du kan skapa r\u00e4tt atmosf\u00e4r f\u00f6r arbete, avkoppling eller l\u00e4sning.<\/p>\n<p>\u2714\ufe0f <strong>Uppladdningsbar med l\u00e5ng batteritid<\/strong> &#8211; Njut av 8-12 timmars ljus fr\u00e5n ett starkt inbyggt batteri, och ladda den enkelt via USB f\u00f6r bekv\u00e4mlighet.<\/p>\n<p><img decoding=\"async\" class=\"size-full wp-image-23626 aligncenter\" src=\"https:\/\/keluvo.com\/template\/wp-content\/uploads\/sites\/5\/2025\/06\/RayDude4_480x480.webp\" alt=\"\" \/><\/p>\n<h2 style=\"text-align: center;\">Specifikationer<\/h2>\n<ul>\n<li>Storlek: 17 x 15 cm<\/li>\n<li>Dimbar: Ja<\/li>\n<li>Typ av str\u00f6mbrytare: Touch<\/li>\n<li>Str\u00f6mk\u00e4lla: USB-laddningsbar<\/li>\n<li>Batteritid: 8-12 timmar<\/li>\n<li>Batterikapacitet: 1800 mAH<\/li>\n<li>Material: Resin<\/li>\n<li>Wattstyrka: 3W.<\/li>\n<\/ul>\n<p><img decoding=\"async\" class=\"size-full wp-image-23627 aligncenter\" src=\"https:\/\/keluvo.com\/template\/wp-content\/uploads\/sites\/5\/2025\/06\/RayDude_2_480x480.webp\" alt=\"\" \/><\/p>\n","protected":false},"excerpt":{"rendered":"<p>Lilla man lampa tillf\u00f6r en rolig och konstn\u00e4rlig atmosf\u00e4r till alla rum och g\u00f6r vardagsbelysningen till n\u00e5got speciellt. Med sin [&hellip;]<\/p>\n","protected":false},"featured_media":13338,"comment_status":"open","ping_status":"closed","template":"","meta":{"site-sidebar-layout":"default","site-content-layout":"","ast-site-content-layout":"default","site-content-style":"default","site-sidebar-style":"default","ast-global-header-display":"","ast-banner-title-visibility":"","ast-main-header-display":"","ast-hfb-above-header-display":"","ast-hfb-below-header-display":"","ast-hfb-mobile-header-display":"","site-post-title":"","ast-breadcrumbs-content":"","ast-featured-img":"","footer-sml-layout":"","theme-transparent-header-meta":"default","adv-header-id-meta":"","stick-header-meta":"","header-above-stick-meta":"","header-main-stick-meta":"","header-below-stick-meta":"","astra-migrate-meta-layouts":"set","ast-page-background-enabled":"default","ast-page-background-meta":{"desktop":{"background-color":"var(--ast-global-color-4)","background-image":"","background-repeat":"repeat","background-position":"center center","background-size":"auto","background-attachment":"scroll","background-type":"","background-media":"","overlay-type":"","overlay-color":"","overlay-opacity":"","overlay-gradient":""},"tablet":{"background-color":"","background-image":"","background-repeat":"repeat","background-position":"center center","background-size":"auto","background-attachment":"scroll","background-type":"","background-media":"","overlay-type":"","overlay-color":"","overlay-opacity":"","overlay-gradient":""},"mobile":{"background-color":"","background-image":"","background-repeat":"repeat","background-position":"center center","background-size":"auto","background-attachment":"scroll","background-type":"","background-media":"","overlay-type":"","overlay-color":"","overlay-opacity":"","overlay-gradient":""}},"ast-content-background-meta":{"desktop":{"background-color":"var(--ast-global-color-5)","background-image":"","background-repeat":"repeat","background-position":"center center","background-size":"auto","background-attachment":"scroll","background-type":"","background-media":"","overlay-type":"","overlay-color":"","overlay-opacity":"","overlay-gradient":""},"tablet":{"background-color":"var(--ast-global-color-5)","background-image":"","background-repeat":"repeat","background-position":"center center","background-size":"auto","background-attachment":"scroll","background-type":"","background-media":"","overlay-type":"","overlay-color":"","overlay-opacity":"","overlay-gradient":""},"mobile":{"background-color":"var(--ast-global-color-5)","background-image":"","background-repeat":"repeat","background-position":"center center","background-size":"auto","background-attachment":"scroll","background-type":"","background-media":"","overlay-type":"","overlay-color":"","overlay-opacity":"","overlay-gradient":""}}},"product_brand":[],"product_cat":[1001],"product_tag":[],"class_list":{"0":"post-13342","1":"product","2":"type-product","3":"status-publish","4":"has-post-thumbnail","6":"product_cat-household-goods","7":"pa_48201_uhwb5yke-onskan","8":"pa_48201_uhwb5yke-saker","9":"pa_48201_uhwb5yke-tankevackande","10":"pa_48201_uhwb5yke-tjurig","11":"pa_48201_uhwb5yke-vanta","12":"pa_48201_x0h28dmr-guld","13":"pa_48201_x0h28dmr-silver","14":"desktop-align-left","15":"tablet-align-left","16":"mobile-align-left","18":"first","19":"instock","20":"shipping-taxable","21":"purchasable","22":"product-type-variable","23":"has-default-attributes"},"_links":{"self":[{"href":"https:\/\/keluvo.com\/se\/wp-json\/wp\/v2\/product\/13342","targetHints":{"allow":["GET"]}}],"collection":[{"href":"https:\/\/keluvo.com\/se\/wp-json\/wp\/v2\/product"}],"about":[{"href":"https:\/\/keluvo.com\/se\/wp-json\/wp\/v2\/types\/product"}],"replies":[{"embeddable":true,"href":"https:\/\/keluvo.com\/se\/wp-json\/wp\/v2\/comments?post=13342"}],"wp:featuredmedia":[{"embeddable":true,"href":"https:\/\/keluvo.com\/se\/wp-json\/wp\/v2\/media\/13338"}],"wp:attachment":[{"href":"https:\/\/keluvo.com\/se\/wp-json\/wp\/v2\/media?parent=13342"}],"wp:term":[{"taxonomy":"product_brand","embeddable":true,"href":"https:\/\/keluvo.com\/se\/wp-json\/wp\/v2\/product_brand?post=13342"},{"taxonomy":"product_cat","embeddable":true,"href":"https:\/\/keluvo.com\/se\/wp-json\/wp\/v2\/product_cat?post=13342"},{"taxonomy":"product_tag","embeddable":true,"href":"https:\/\/keluvo.com\/se\/wp-json\/wp\/v2\/product_tag?post=13342"}],"curies":[{"name":"wp","href":"https:\/\/api.w.org\/{rel}","templated":true}]}}