{"id":13329,"date":"2025-06-13T16:40:57","date_gmt":"2025-06-13T14:40:57","guid":{"rendered":"https:\/\/keluvo.com\/se\/product\/borste-for-elitgolfklubbor\/"},"modified":"2025-06-13T16:51:52","modified_gmt":"2025-06-13T14:51:52","slug":"borste-for-elitgolfklubbor","status":"publish","type":"product","link":"https:\/\/keluvo.com\/se\/product\/borste-for-elitgolfklubbor\/","title":{"rendered":"Borste f\u00f6r elitgolfklubbor"},"content":{"rendered":"<p style=\"text-align: center;\">Varje sving f\u00f6rtj\u00e4nar en fr\u00e4sch kant. Elite golfklubbsborste \u00e4r mer \u00e4n bara en golfborste &#8211; det \u00e4r ditt b\u00e4sta verktyg f\u00f6r att ta bort smuts och h\u00e5lla dina klubbor v\u00e4lfungerande. Med en praktisk dispenser av presstyp f\u00e5r du vatten eller reng\u00f6ringsl\u00f6sning n\u00e4r du beh\u00f6ver det, utan att det blir kladdigt.<\/p>\n<p><img decoding=\"async\" class=\"size-full wp-image-23594 aligncenter\" src=\"https:\/\/keluvo.com\/template\/wp-content\/uploads\/sites\/5\/2025\/06\/0c9548307012556c10aaab833baef83e0e40d655.avif\" alt=\"\" \/><\/p>\n<h2 style=\"text-align: center;\"><strong>Viktiga Funktioner F\u00f6r Golfare<\/strong><\/h2>\n<p>\u2022 <strong>Snabb \u00e5tkomst<\/strong>: Med det inf\u00e4llbara sn\u00f6ret kan du f\u00e4sta Elite golfklubbsborste p\u00e5 v\u00e4skan eller b\u00e4ltet, s\u00e5 att den alltid finns n\u00e4ra till hands.<\/p>\n<p>\u2022 <strong>Slitstarka borst<\/strong>: De t\u00e5liga nylon- och kopparborststr\u00e5na tar bort smuts utan att repa klubborna &#8211; tuffa mot smuts, skonsamma mot utrustningen.<\/p>\n<p>\u2022 <strong>Snabb reng\u00f6ring<\/strong>: Det \u00f6verdimensionerade nylonhuvudet torkar snabbt av klubbytorna, vilket ger dig mer tid att spela.<\/p>\n<p>\u2022 <strong>L\u00e4ttanv\u00e4nt handtag<\/strong>: Ett enkelt tryck aktiverar vattenbeh\u00e5llaren. Inget kl\u00e4mmande eller skakande &#8211; bara enkel reng\u00f6ring.<\/p>\n<p>\u2022 <strong>L\u00e4ttvikt<\/strong>: Med en vikt p\u00e5 endast 95 gram \u00e4r den funktionell utan att vara skrymmande.<\/p>\n<p><img decoding=\"async\" class=\"size-full wp-image-23593 aligncenter\" src=\"https:\/\/keluvo.com\/template\/wp-content\/uploads\/sites\/5\/2025\/06\/04c1c2c8c62e596b25875b50df177f724420a051.avif\" alt=\"\" \/><\/p>\n<h2 style=\"text-align: center;\"><strong>Paketet Inneh\u00e5ller<\/strong><\/h2>\n<ul>\n<li>1x Elite golfklubbsborste med inf\u00e4llbar v\u00e4skanslutning<\/li>\n<li>1x F\u00f6rb\u00e4ttrat sp\u00e4nne med stretchsn\u00f6re f\u00f6r enkel transport och snabb \u00e5tkomst.<\/li>\n<\/ul>\n<p><img decoding=\"async\" class=\"size-full wp-image-23591 aligncenter\" src=\"https:\/\/keluvo.com\/template\/wp-content\/uploads\/sites\/5\/2025\/06\/89c67a2649b838a5b36d2df4f3e6cffbf2d26143.avif\" alt=\"\" \/><\/p>\n","protected":false},"excerpt":{"rendered":"<p>Varje sving f\u00f6rtj\u00e4nar en fr\u00e4sch kant. Elite golfklubbsborste \u00e4r mer \u00e4n bara en golfborste &#8211; det \u00e4r ditt b\u00e4sta verktyg [&hellip;]<\/p>\n","protected":false},"featured_media":13325,"comment_status":"open","ping_status":"closed","template":"","meta":{"site-sidebar-layout":"default","site-content-layout":"","ast-site-content-layout":"default","site-content-style":"default","site-sidebar-style":"default","ast-global-header-display":"","ast-banner-title-visibility":"","ast-main-header-display":"","ast-hfb-above-header-display":"","ast-hfb-below-header-display":"","ast-hfb-mobile-header-display":"","site-post-title":"","ast-breadcrumbs-content":"","ast-featured-img":"","footer-sml-layout":"","theme-transparent-header-meta":"default","adv-header-id-meta":"","stick-header-meta":"","header-above-stick-meta":"","header-main-stick-meta":"","header-below-stick-meta":"","astra-migrate-meta-layouts":"set","ast-page-background-enabled":"default","ast-page-background-meta":{"desktop":{"background-color":"var(--ast-global-color-4)","background-image":"","background-repeat":"repeat","background-position":"center center","background-size":"auto","background-attachment":"scroll","background-type":"","background-media":"","overlay-type":"","overlay-color":"","overlay-opacity":"","overlay-gradient":""},"tablet":{"background-color":"","background-image":"","background-repeat":"repeat","background-position":"center center","background-size":"auto","background-attachment":"scroll","background-type":"","background-media":"","overlay-type":"","overlay-color":"","overlay-opacity":"","overlay-gradient":""},"mobile":{"background-color":"","background-image":"","background-repeat":"repeat","background-position":"center center","background-size":"auto","background-attachment":"scroll","background-type":"","background-media":"","overlay-type":"","overlay-color":"","overlay-opacity":"","overlay-gradient":""}},"ast-content-background-meta":{"desktop":{"background-color":"var(--ast-global-color-5)","background-image":"","background-repeat":"repeat","background-position":"center center","background-size":"auto","background-attachment":"scroll","background-type":"","background-media":"","overlay-type":"","overlay-color":"","overlay-opacity":"","overlay-gradient":""},"tablet":{"background-color":"var(--ast-global-color-5)","background-image":"","background-repeat":"repeat","background-position":"center center","background-size":"auto","background-attachment":"scroll","background-type":"","background-media":"","overlay-type":"","overlay-color":"","overlay-opacity":"","overlay-gradient":""},"mobile":{"background-color":"var(--ast-global-color-5)","background-image":"","background-repeat":"repeat","background-position":"center center","background-size":"auto","background-attachment":"scroll","background-type":"","background-media":"","overlay-type":"","overlay-color":"","overlay-opacity":"","overlay-gradient":""}}},"product_brand":[],"product_cat":[999],"product_tag":[],"class_list":{"0":"post-13329","1":"product","2":"type-product","3":"status-publish","4":"has-post-thumbnail","6":"product_cat-sporting-goods","7":"pa_48199_p32qnhf0-gron","8":"pa_48199_p32qnhf0-rose","9":"pa_48199_p32qnhf0-svart","10":"pa_48199_p32qnhf0-vit","11":"desktop-align-left","12":"tablet-align-left","13":"mobile-align-left","15":"first","16":"instock","17":"shipping-taxable","18":"purchasable","19":"product-type-variable"},"_links":{"self":[{"href":"https:\/\/keluvo.com\/se\/wp-json\/wp\/v2\/product\/13329","targetHints":{"allow":["GET"]}}],"collection":[{"href":"https:\/\/keluvo.com\/se\/wp-json\/wp\/v2\/product"}],"about":[{"href":"https:\/\/keluvo.com\/se\/wp-json\/wp\/v2\/types\/product"}],"replies":[{"embeddable":true,"href":"https:\/\/keluvo.com\/se\/wp-json\/wp\/v2\/comments?post=13329"}],"wp:featuredmedia":[{"embeddable":true,"href":"https:\/\/keluvo.com\/se\/wp-json\/wp\/v2\/media\/13325"}],"wp:attachment":[{"href":"https:\/\/keluvo.com\/se\/wp-json\/wp\/v2\/media?parent=13329"}],"wp:term":[{"taxonomy":"product_brand","embeddable":true,"href":"https:\/\/keluvo.com\/se\/wp-json\/wp\/v2\/product_brand?post=13329"},{"taxonomy":"product_cat","embeddable":true,"href":"https:\/\/keluvo.com\/se\/wp-json\/wp\/v2\/product_cat?post=13329"},{"taxonomy":"product_tag","embeddable":true,"href":"https:\/\/keluvo.com\/se\/wp-json\/wp\/v2\/product_tag?post=13329"}],"curies":[{"name":"wp","href":"https:\/\/api.w.org\/{rel}","templated":true}]}}